{"id":5204,"date":"2025-07-18T20:27:57","date_gmt":"2025-07-18T19:27:57","guid":{"rendered":"https:\/\/babylove.se\/produkt\/liewood-strumpor-silas-rabbit-grey-melange\/"},"modified":"2026-04-08T08:15:32","modified_gmt":"2026-04-08T07:15:32","slug":"liewood-sokker-silas-rabbit-grey-melange","status":"publish","type":"product","link":"https:\/\/babylove.se\/no\/produkt\/liewood-sokker-silas-rabbit-grey-melange\/","title":{"rendered":"Liewood Str\u00f8mper Silas, Rabbit Grey Melange"},"content":{"rendered":"<p>Med disse fantastisk fine og myke sm\u00e5 sokkene fra danske Liewood, vil b\u00e5de du og ditt barn gj\u00f8re p\u00e5kledningen til et g\u00f8yalt \u00f8yeblikk. Disse lekne sokkene er elastiske, og dermed sv\u00e6rt komfortable for ditt barn \u00e5 ha p\u00e5 seg. M\u00f8nster i form av sm\u00e5 s\u00f8te kaninhoder gj\u00f8r dem sv\u00e6rt popul\u00e6re. Sokkene finnes i fem forskjellige st\u00f8rrelser som gj\u00f8r at du kan la dem vokse sammen med ditt barn. <\/p>\n<p>Finnes ogs\u00e5 i andre fine m\u00f8nstre og stiler, s\u00e5 du kan finne akkurat din favoritt. <\/p>\n<p>Designer: <a href=\"https:\/\/babylove.se\/varumarken\/liewood\"><u>Liewood<\/u><\/a><\/p>\n","protected":false},"excerpt":{"rendered":"<p>Med disse fantastisk fine og myke sm\u00e5 sokkene fra danske Liewood, vil b\u00e5de du og ditt barn gj\u00f8re p\u00e5kledningen til et g\u00f8yalt \u00f8yeblikk. Disse lekne sokkene er elastiske, og dermed sv\u00e6rt komfortable for ditt barn \u00e5 ha p\u00e5 seg. M\u00f8nster i form av sm\u00e5 s\u00f8te kaninhoder gj\u00f8r dem sv\u00e6rt popul\u00e6re. Sokkene finnes i fem forskjellige [&hellip;]<\/p>\n","protected":false},"featured_media":5206,"comment_status":"closed","ping_status":"closed","template":"","meta":{"_acf_changed":false},"product_brand":[282],"product_cat":[283,48,288],"product_tag":[],"class_list":{"0":"post-5204","1":"product","2":"type-product","3":"status-publish","4":"has-post-thumbnail","6":"product_brand-liewood","7":"product_cat-liewood","8":"product_cat-startside","9":"product_cat-stromper","10":"pa_storlek-19-21-1-ar","11":"pa_storlek-29-32-6-ar","13":"first","14":"outofstock","15":"taxable","16":"shipping-taxable","17":"purchasable","18":"product-type-variable"},"acf":[],"yoast_head":"<!-- This site is optimized with the Yoast SEO Premium plugin v25.8 (Yoast SEO v27.2) - https:\/\/yoast.com\/product\/yoast-seo-premium-wordpress\/ -->\n<title>Liewood Str\u00f8mper Silas, Rabbit Grey Melange - Babylove Norska<\/title>\n<meta name=\"robots\" content=\"noindex, follow, max-snippet:-1, max-image-preview:large, max-video-preview:-1\" \/>\n<meta property=\"og:locale\" content=\"nb_NO\" \/>\n<meta property=\"og:type\" content=\"article\" \/>\n<meta property=\"og:title\" content=\"Liewood Str\u00f8mper Silas, Rabbit Grey Melange\" \/>\n<meta property=\"og:description\" content=\"Med disse fantastisk fine og myke sm\u00e5 sokkene fra danske Liewood, vil b\u00e5de du og ditt barn gj\u00f8re p\u00e5kledningen til et g\u00f8yalt \u00f8yeblikk. Disse lekne sokkene er elastiske, og dermed sv\u00e6rt komfortable for ditt barn \u00e5 ha p\u00e5 seg. M\u00f8nster i form av sm\u00e5 s\u00f8te kaninhoder gj\u00f8r dem sv\u00e6rt popul\u00e6re. Sokkene finnes i fem forskjellige [&hellip;]\" \/>\n<meta property=\"og:url\" content=\"https:\/\/babylove.se\/no\/produkt\/liewood-sokker-silas-rabbit-grey-melange\/\" \/>\n<meta property=\"og:site_name\" content=\"Babylove Norska\" \/>\n<meta property=\"article:modified_time\" content=\"2026-04-08T07:15:32+00:00\" \/>\n<meta property=\"og:image\" content=\"https:\/\/babylove.se\/no\/wp-content\/uploads\/sites\/3\/2025\/07\/5a0ddcbdaa806.jpeg\" \/>\n\t<meta property=\"og:image:width\" content=\"600\" \/>\n\t<meta property=\"og:image:height\" content=\"600\" \/>\n\t<meta property=\"og:image:type\" content=\"image\/jpeg\" \/>\n<meta name=\"twitter:card\" content=\"summary_large_image\" \/>\n<meta name=\"twitter:label1\" content=\"Availability\" \/>\n\t<meta name=\"twitter:data1\" content=\"Out of stock\" \/>\n<script type=\"application\/ld+json\" class=\"yoast-schema-graph\">{\"@context\":\"https:\/\/schema.org\",\"@graph\":[{\"@type\":\"WebPage\",\"@id\":\"https:\/\/babylove.se\/no\/produkt\/liewood-sokker-silas-rabbit-grey-melange\/\",\"url\":\"https:\/\/babylove.se\/no\/produkt\/liewood-sokker-silas-rabbit-grey-melange\/\",\"name\":\"Liewood Str\u00f8mper Silas, Rabbit Grey Melange - Babylove Norska\",\"isPartOf\":{\"@id\":\"https:\/\/babylove.se\/no\/#website\"},\"primaryImageOfPage\":{\"@id\":\"https:\/\/babylove.se\/no\/produkt\/liewood-sokker-silas-rabbit-grey-melange\/#primaryimage\"},\"image\":{\"@id\":\"https:\/\/babylove.se\/no\/produkt\/liewood-sokker-silas-rabbit-grey-melange\/#primaryimage\"},\"thumbnailUrl\":\"https:\/\/babylove.se\/no\/wp-content\/uploads\/sites\/3\/2025\/07\/5a0ddcbdaa806.jpeg\",\"datePublished\":\"2025-07-18T19:27:57+00:00\",\"dateModified\":\"2026-04-08T07:15:32+00:00\",\"breadcrumb\":{\"@id\":\"https:\/\/babylove.se\/no\/produkt\/liewood-sokker-silas-rabbit-grey-melange\/#breadcrumb\"},\"inLanguage\":\"nb-NO\",\"potentialAction\":[{\"@type\":\"ReadAction\",\"target\":[\"https:\/\/babylove.se\/no\/produkt\/liewood-sokker-silas-rabbit-grey-melange\/\"]}]},{\"@type\":\"ImageObject\",\"inLanguage\":\"nb-NO\",\"@id\":\"https:\/\/babylove.se\/no\/produkt\/liewood-sokker-silas-rabbit-grey-melange\/#primaryimage\",\"url\":\"https:\/\/babylove.se\/no\/wp-content\/uploads\/sites\/3\/2025\/07\/5a0ddcbdaa806.jpeg\",\"contentUrl\":\"https:\/\/babylove.se\/no\/wp-content\/uploads\/sites\/3\/2025\/07\/5a0ddcbdaa806.jpeg\",\"width\":600,\"height\":600},{\"@type\":\"BreadcrumbList\",\"@id\":\"https:\/\/babylove.se\/no\/produkt\/liewood-sokker-silas-rabbit-grey-melange\/#breadcrumb\",\"itemListElement\":[{\"@type\":\"ListItem\",\"position\":1,\"name\":\"Hem\",\"item\":\"https:\/\/babylove.se\/no\/\"},{\"@type\":\"ListItem\",\"position\":2,\"name\":\"Butik\",\"item\":\"https:\/\/babylove.se\/no\/butik\/\"},{\"@type\":\"ListItem\",\"position\":3,\"name\":\"Liewood Str\u00f8mper Silas, Rabbit Grey Melange\"}]},{\"@type\":\"WebSite\",\"@id\":\"https:\/\/babylove.se\/no\/#website\",\"url\":\"https:\/\/babylove.se\/no\/\",\"name\":\"Babylove Norska\",\"description\":\"\",\"potentialAction\":[{\"@type\":\"SearchAction\",\"target\":{\"@type\":\"EntryPoint\",\"urlTemplate\":\"https:\/\/babylove.se\/no\/?s={search_term_string}\"},\"query-input\":{\"@type\":\"PropertyValueSpecification\",\"valueRequired\":true,\"valueName\":\"search_term_string\"}}],\"inLanguage\":\"nb-NO\"}]}<\/script>\n<meta property=\"product:brand\" content=\"Liewood\" \/>\n<meta property=\"og:availability\" content=\"out of stock\" \/>\n<meta property=\"product:availability\" content=\"out of stock\" \/>\n<meta property=\"product:retailer_item_id\" content=\"1921-1-\u00e5r-\" \/>\n<meta property=\"product:condition\" content=\"new\" \/>\n<!-- \/ Yoast SEO Premium plugin. -->","yoast_head_json":{"title":"Liewood Str\u00f8mper Silas, Rabbit Grey Melange - Babylove Norska","robots":{"index":"noindex","follow":"follow","max-snippet":"max-snippet:-1","max-image-preview":"max-image-preview:large","max-video-preview":"max-video-preview:-1"},"og_locale":"nb_NO","og_type":"article","og_title":"Liewood Str\u00f8mper Silas, Rabbit Grey Melange","og_description":"Med disse fantastisk fine og myke sm\u00e5 sokkene fra danske Liewood, vil b\u00e5de du og ditt barn gj\u00f8re p\u00e5kledningen til et g\u00f8yalt \u00f8yeblikk. Disse lekne sokkene er elastiske, og dermed sv\u00e6rt komfortable for ditt barn \u00e5 ha p\u00e5 seg. M\u00f8nster i form av sm\u00e5 s\u00f8te kaninhoder gj\u00f8r dem sv\u00e6rt popul\u00e6re. Sokkene finnes i fem forskjellige [&hellip;]","og_url":"https:\/\/babylove.se\/no\/produkt\/liewood-sokker-silas-rabbit-grey-melange\/","og_site_name":"Babylove Norska","article_modified_time":"2026-04-08T07:15:32+00:00","og_image":[{"width":600,"height":600,"url":"https:\/\/babylove.se\/no\/wp-content\/uploads\/sites\/3\/2025\/07\/5a0ddcbdaa806.jpeg","type":"image\/jpeg"}],"twitter_card":"summary_large_image","twitter_misc":{"Availability":"Out of stock"},"schema":{"@context":"https:\/\/schema.org","@graph":[{"@type":"WebPage","@id":"https:\/\/babylove.se\/no\/produkt\/liewood-sokker-silas-rabbit-grey-melange\/","url":"https:\/\/babylove.se\/no\/produkt\/liewood-sokker-silas-rabbit-grey-melange\/","name":"Liewood Str\u00f8mper Silas, Rabbit Grey Melange - Babylove Norska","isPartOf":{"@id":"https:\/\/babylove.se\/no\/#website"},"primaryImageOfPage":{"@id":"https:\/\/babylove.se\/no\/produkt\/liewood-sokker-silas-rabbit-grey-melange\/#primaryimage"},"image":{"@id":"https:\/\/babylove.se\/no\/produkt\/liewood-sokker-silas-rabbit-grey-melange\/#primaryimage"},"thumbnailUrl":"https:\/\/babylove.se\/no\/wp-content\/uploads\/sites\/3\/2025\/07\/5a0ddcbdaa806.jpeg","datePublished":"2025-07-18T19:27:57+00:00","dateModified":"2026-04-08T07:15:32+00:00","breadcrumb":{"@id":"https:\/\/babylove.se\/no\/produkt\/liewood-sokker-silas-rabbit-grey-melange\/#breadcrumb"},"inLanguage":"nb-NO","potentialAction":[{"@type":"ReadAction","target":["https:\/\/babylove.se\/no\/produkt\/liewood-sokker-silas-rabbit-grey-melange\/"]}]},{"@type":"ImageObject","inLanguage":"nb-NO","@id":"https:\/\/babylove.se\/no\/produkt\/liewood-sokker-silas-rabbit-grey-melange\/#primaryimage","url":"https:\/\/babylove.se\/no\/wp-content\/uploads\/sites\/3\/2025\/07\/5a0ddcbdaa806.jpeg","contentUrl":"https:\/\/babylove.se\/no\/wp-content\/uploads\/sites\/3\/2025\/07\/5a0ddcbdaa806.jpeg","width":600,"height":600},{"@type":"BreadcrumbList","@id":"https:\/\/babylove.se\/no\/produkt\/liewood-sokker-silas-rabbit-grey-melange\/#breadcrumb","itemListElement":[{"@type":"ListItem","position":1,"name":"Hem","item":"https:\/\/babylove.se\/no\/"},{"@type":"ListItem","position":2,"name":"Butik","item":"https:\/\/babylove.se\/no\/butik\/"},{"@type":"ListItem","position":3,"name":"Liewood Str\u00f8mper Silas, Rabbit Grey Melange"}]},{"@type":"WebSite","@id":"https:\/\/babylove.se\/no\/#website","url":"https:\/\/babylove.se\/no\/","name":"Babylove Norska","description":"","potentialAction":[{"@type":"SearchAction","target":{"@type":"EntryPoint","urlTemplate":"https:\/\/babylove.se\/no\/?s={search_term_string}"},"query-input":{"@type":"PropertyValueSpecification","valueRequired":true,"valueName":"search_term_string"}}],"inLanguage":"nb-NO"}]},"product_brand":"Liewood","og_availability":"out of stock","product_availability":"out of stock","product_retailer_item_id":"1921-1-\u00e5r-","product_condition":"new"},"_links":{"self":[{"href":"https:\/\/babylove.se\/no\/wp-json\/wp\/v2\/product\/5204","targetHints":{"allow":["GET"]}}],"collection":[{"href":"https:\/\/babylove.se\/no\/wp-json\/wp\/v2\/product"}],"about":[{"href":"https:\/\/babylove.se\/no\/wp-json\/wp\/v2\/types\/product"}],"replies":[{"embeddable":true,"href":"https:\/\/babylove.se\/no\/wp-json\/wp\/v2\/comments?post=5204"}],"wp:featuredmedia":[{"embeddable":true,"href":"https:\/\/babylove.se\/no\/wp-json\/wp\/v2\/media\/5206"}],"wp:attachment":[{"href":"https:\/\/babylove.se\/no\/wp-json\/wp\/v2\/media?parent=5204"}],"wp:term":[{"taxonomy":"product_brand","embeddable":true,"href":"https:\/\/babylove.se\/no\/wp-json\/wp\/v2\/product_brand?post=5204"},{"taxonomy":"product_cat","embeddable":true,"href":"https:\/\/babylove.se\/no\/wp-json\/wp\/v2\/product_cat?post=5204"},{"taxonomy":"product_tag","embeddable":true,"href":"https:\/\/babylove.se\/no\/wp-json\/wp\/v2\/product_tag?post=5204"}],"curies":[{"name":"wp","href":"https:\/\/api.w.org\/{rel}","templated":true}]}}