{"id":52075,"date":"2025-07-19T11:42:40","date_gmt":"2025-07-19T10:42:40","guid":{"rendered":"https:\/\/babylove.se\/produkt\/luftballong-frapp-10-cm-filibabba\/"},"modified":"2026-04-08T13:31:37","modified_gmt":"2026-04-08T12:31:37","slug":"luftballong-frapp-10-cm-filibabba","status":"publish","type":"product","link":"https:\/\/babylove.se\/no\/produkt\/luftballong-frapp-10-cm-filibabba\/","title":{"rendered":"Luftballong Frapp\u00e9, 10 cm, Filibabba"},"content":{"rendered":"<p>Vakker luftballong fra danske Filibabba for \u00e5 dekorere barnerommet. L\u00f8ft din barnerominnredning med dette fantastiske produktet og velg din egen favoritt ut fra mange fine farger. \\nLuftballongen leveres i en vakker oppbevaringsboks. Med luftballongen f\u00e5r du en nylontr\u00e5d som du kan henge den p\u00e5. Ballongen har en liten krok hvor du knyter tr\u00e5den p\u00e5. Behold gjerne den unike boksen til \u00e5 oppbevare leker, lego eller puslespill i. \\n \\n<strong>M\u00e5l<\/strong>: 10 cm diameter \\n \\n<strong>Material: <\/strong>Papier mach\u00e9 og 100 % bomull \\n \\nDesigner: <a href=\"https:\/\/babylove.se\/varumarken\/filibaba\"><u>Filibabba<\/u><\/a><\/p>\n","protected":false},"excerpt":{"rendered":"<p>Vakker luftballong fra danske Filibabba for \u00e5 dekorere barnerommet. L\u00f8ft din barnerominnredning med dette fantastiske produktet og velg din egen favoritt ut fra mange fine farger. \\nLuftballongen leveres i en vakker oppbevaringsboks. Med luftballongen f\u00e5r du en nylontr\u00e5d som du kan henge den p\u00e5. Ballongen har en liten krok hvor du knyter tr\u00e5den p\u00e5. Behold [&hellip;]<\/p>\n","protected":false},"featured_media":52077,"comment_status":"closed","ping_status":"closed","template":"","meta":{"_acf_changed":false},"product_brand":[249],"product_cat":[138,70,250,26,25,29],"product_tag":[],"class_list":{"0":"post-52075","1":"product","2":"type-product","3":"status-publish","4":"has-post-thumbnail","6":"product_brand-filibabba","7":"product_cat-ballonger","8":"product_cat-gaver","9":"product_cat-filibabba","10":"product_cat-kjop-produkter-som-ikke-bare-er-for-gutter","11":"product_cat-ikke-bare-jenter","12":"product_cat-veggdekorasjoner","14":"first","15":"outofstock","16":"taxable","17":"shipping-taxable","18":"purchasable","19":"product-type-simple"},"acf":[],"yoast_head":"<!-- This site is optimized with the Yoast SEO Premium plugin v25.8 (Yoast SEO v27.2) - https:\/\/yoast.com\/product\/yoast-seo-premium-wordpress\/ -->\n<title>Luftballong Frapp\u00e9, 10 cm, Filibabba - Babylove Norska<\/title>\n<meta name=\"description\" content=\"Luftballong Gr\u00f6n, 10 cm, Filibabba - skickas inom 24 timmar !\u00a0Inspirerande och vackra luftballonger f\u00f6r att dekorera barnrummet - k\u00f6p h\u00e4r-\" \/>\n<meta name=\"robots\" content=\"noindex, follow, max-snippet:-1, max-image-preview:large, max-video-preview:-1\" \/>\n<meta property=\"og:locale\" content=\"nb_NO\" \/>\n<meta property=\"og:type\" content=\"article\" \/>\n<meta property=\"og:title\" content=\"Luftballong Frapp\u00e9, 10 cm, Filibabba\" \/>\n<meta property=\"og:description\" content=\"Luftballong Gr\u00f6n, 10 cm, Filibabba - skickas inom 24 timmar !\u00a0Inspirerande och vackra luftballonger f\u00f6r att dekorera barnrummet - k\u00f6p h\u00e4r-\" \/>\n<meta property=\"og:url\" content=\"https:\/\/babylove.se\/no\/produkt\/luftballong-frapp-10-cm-filibabba\/\" \/>\n<meta property=\"og:site_name\" content=\"Babylove Norska\" \/>\n<meta property=\"article:modified_time\" content=\"2026-04-08T12:31:37+00:00\" \/>\n<meta property=\"og:image\" content=\"https:\/\/babylove.se\/no\/wp-content\/uploads\/sites\/3\/2025\/07\/644799ef99e25.jpeg\" \/>\n\t<meta property=\"og:image:width\" content=\"680\" \/>\n\t<meta property=\"og:image:height\" content=\"960\" \/>\n\t<meta property=\"og:image:type\" content=\"image\/jpeg\" \/>\n<meta name=\"twitter:card\" content=\"summary_large_image\" \/>\n<meta name=\"twitter:label1\" content=\"Price\" \/>\n\t<meta name=\"twitter:data1\" content=\"299,00&nbsp;&#107;&#114;\" \/>\n\t<meta name=\"twitter:label2\" content=\"Availability\" \/>\n\t<meta name=\"twitter:data2\" content=\"Out of stock\" \/>\n<script type=\"application\/ld+json\" class=\"yoast-schema-graph\">{\"@context\":\"https:\/\/schema.org\",\"@graph\":[{\"@type\":\"WebPage\",\"@id\":\"https:\/\/babylove.se\/no\/produkt\/luftballong-frapp-10-cm-filibabba\/\",\"url\":\"https:\/\/babylove.se\/no\/produkt\/luftballong-frapp-10-cm-filibabba\/\",\"name\":\"Luftballong Frapp\u00e9, 10 cm, Filibabba - Babylove Norska\",\"isPartOf\":{\"@id\":\"https:\/\/babylove.se\/no\/#website\"},\"primaryImageOfPage\":{\"@id\":\"https:\/\/babylove.se\/no\/produkt\/luftballong-frapp-10-cm-filibabba\/#primaryimage\"},\"image\":{\"@id\":\"https:\/\/babylove.se\/no\/produkt\/luftballong-frapp-10-cm-filibabba\/#primaryimage\"},\"thumbnailUrl\":\"https:\/\/babylove.se\/no\/wp-content\/uploads\/sites\/3\/2025\/07\/644799ef99e25.jpeg\",\"datePublished\":\"2025-07-19T10:42:40+00:00\",\"dateModified\":\"2026-04-08T12:31:37+00:00\",\"description\":\"Luftballong Gr\u00f6n, 10 cm, Filibabba - skickas inom 24 timmar !\u00a0Inspirerande och vackra luftballonger f\u00f6r att dekorera barnrummet - k\u00f6p h\u00e4r-\",\"breadcrumb\":{\"@id\":\"https:\/\/babylove.se\/no\/produkt\/luftballong-frapp-10-cm-filibabba\/#breadcrumb\"},\"inLanguage\":\"nb-NO\",\"potentialAction\":[{\"@type\":\"ReadAction\",\"target\":[\"https:\/\/babylove.se\/no\/produkt\/luftballong-frapp-10-cm-filibabba\/\"]}]},{\"@type\":\"ImageObject\",\"inLanguage\":\"nb-NO\",\"@id\":\"https:\/\/babylove.se\/no\/produkt\/luftballong-frapp-10-cm-filibabba\/#primaryimage\",\"url\":\"https:\/\/babylove.se\/no\/wp-content\/uploads\/sites\/3\/2025\/07\/644799ef99e25.jpeg\",\"contentUrl\":\"https:\/\/babylove.se\/no\/wp-content\/uploads\/sites\/3\/2025\/07\/644799ef99e25.jpeg\",\"width\":680,\"height\":960},{\"@type\":\"BreadcrumbList\",\"@id\":\"https:\/\/babylove.se\/no\/produkt\/luftballong-frapp-10-cm-filibabba\/#breadcrumb\",\"itemListElement\":[{\"@type\":\"ListItem\",\"position\":1,\"name\":\"Hem\",\"item\":\"https:\/\/babylove.se\/no\/\"},{\"@type\":\"ListItem\",\"position\":2,\"name\":\"Butik\",\"item\":\"https:\/\/babylove.se\/no\/butik\/\"},{\"@type\":\"ListItem\",\"position\":3,\"name\":\"Luftballong Frapp\u00e9, 10 cm, Filibabba\"}]},{\"@type\":\"WebSite\",\"@id\":\"https:\/\/babylove.se\/no\/#website\",\"url\":\"https:\/\/babylove.se\/no\/\",\"name\":\"Babylove Norska\",\"description\":\"\",\"potentialAction\":[{\"@type\":\"SearchAction\",\"target\":{\"@type\":\"EntryPoint\",\"urlTemplate\":\"https:\/\/babylove.se\/no\/?s={search_term_string}\"},\"query-input\":{\"@type\":\"PropertyValueSpecification\",\"valueRequired\":true,\"valueName\":\"search_term_string\"}}],\"inLanguage\":\"nb-NO\"}]}<\/script>\n<meta property=\"product:brand\" content=\"Filibabba\" \/>\n<meta property=\"product:price:amount\" content=\"299.00\" \/>\n<meta property=\"product:price:currency\" content=\"SEK\" \/>\n<meta property=\"og:availability\" content=\"out of stock\" \/>\n<meta property=\"product:availability\" content=\"out of stock\" \/>\n<meta property=\"product:retailer_item_id\" content=\"FI-02692\" \/>\n<meta property=\"product:condition\" content=\"new\" \/>\n<!-- \/ Yoast SEO Premium plugin. -->","yoast_head_json":{"title":"Luftballong Frapp\u00e9, 10 cm, Filibabba - Babylove Norska","description":"Luftballong Gr\u00f6n, 10 cm, Filibabba - skickas inom 24 timmar !\u00a0Inspirerande och vackra luftballonger f\u00f6r att dekorera barnrummet - k\u00f6p h\u00e4r-","robots":{"index":"noindex","follow":"follow","max-snippet":"max-snippet:-1","max-image-preview":"max-image-preview:large","max-video-preview":"max-video-preview:-1"},"og_locale":"nb_NO","og_type":"article","og_title":"Luftballong Frapp\u00e9, 10 cm, Filibabba","og_description":"Luftballong Gr\u00f6n, 10 cm, Filibabba - skickas inom 24 timmar !\u00a0Inspirerande och vackra luftballonger f\u00f6r att dekorera barnrummet - k\u00f6p h\u00e4r-","og_url":"https:\/\/babylove.se\/no\/produkt\/luftballong-frapp-10-cm-filibabba\/","og_site_name":"Babylove Norska","article_modified_time":"2026-04-08T12:31:37+00:00","og_image":[{"width":680,"height":960,"url":"https:\/\/babylove.se\/no\/wp-content\/uploads\/sites\/3\/2025\/07\/644799ef99e25.jpeg","type":"image\/jpeg"}],"twitter_card":"summary_large_image","twitter_misc":{"Price":"299,00&nbsp;&#107;&#114;","Availability":"Out of stock"},"schema":{"@context":"https:\/\/schema.org","@graph":[{"@type":"WebPage","@id":"https:\/\/babylove.se\/no\/produkt\/luftballong-frapp-10-cm-filibabba\/","url":"https:\/\/babylove.se\/no\/produkt\/luftballong-frapp-10-cm-filibabba\/","name":"Luftballong Frapp\u00e9, 10 cm, Filibabba - Babylove Norska","isPartOf":{"@id":"https:\/\/babylove.se\/no\/#website"},"primaryImageOfPage":{"@id":"https:\/\/babylove.se\/no\/produkt\/luftballong-frapp-10-cm-filibabba\/#primaryimage"},"image":{"@id":"https:\/\/babylove.se\/no\/produkt\/luftballong-frapp-10-cm-filibabba\/#primaryimage"},"thumbnailUrl":"https:\/\/babylove.se\/no\/wp-content\/uploads\/sites\/3\/2025\/07\/644799ef99e25.jpeg","datePublished":"2025-07-19T10:42:40+00:00","dateModified":"2026-04-08T12:31:37+00:00","description":"Luftballong Gr\u00f6n, 10 cm, Filibabba - skickas inom 24 timmar !\u00a0Inspirerande och vackra luftballonger f\u00f6r att dekorera barnrummet - k\u00f6p h\u00e4r-","breadcrumb":{"@id":"https:\/\/babylove.se\/no\/produkt\/luftballong-frapp-10-cm-filibabba\/#breadcrumb"},"inLanguage":"nb-NO","potentialAction":[{"@type":"ReadAction","target":["https:\/\/babylove.se\/no\/produkt\/luftballong-frapp-10-cm-filibabba\/"]}]},{"@type":"ImageObject","inLanguage":"nb-NO","@id":"https:\/\/babylove.se\/no\/produkt\/luftballong-frapp-10-cm-filibabba\/#primaryimage","url":"https:\/\/babylove.se\/no\/wp-content\/uploads\/sites\/3\/2025\/07\/644799ef99e25.jpeg","contentUrl":"https:\/\/babylove.se\/no\/wp-content\/uploads\/sites\/3\/2025\/07\/644799ef99e25.jpeg","width":680,"height":960},{"@type":"BreadcrumbList","@id":"https:\/\/babylove.se\/no\/produkt\/luftballong-frapp-10-cm-filibabba\/#breadcrumb","itemListElement":[{"@type":"ListItem","position":1,"name":"Hem","item":"https:\/\/babylove.se\/no\/"},{"@type":"ListItem","position":2,"name":"Butik","item":"https:\/\/babylove.se\/no\/butik\/"},{"@type":"ListItem","position":3,"name":"Luftballong Frapp\u00e9, 10 cm, Filibabba"}]},{"@type":"WebSite","@id":"https:\/\/babylove.se\/no\/#website","url":"https:\/\/babylove.se\/no\/","name":"Babylove Norska","description":"","potentialAction":[{"@type":"SearchAction","target":{"@type":"EntryPoint","urlTemplate":"https:\/\/babylove.se\/no\/?s={search_term_string}"},"query-input":{"@type":"PropertyValueSpecification","valueRequired":true,"valueName":"search_term_string"}}],"inLanguage":"nb-NO"}]},"product_brand":"Filibabba","product_price_amount":"299.00","product_price_currency":"SEK","og_availability":"out of stock","product_availability":"out of stock","product_retailer_item_id":"FI-02692","product_condition":"new"},"_links":{"self":[{"href":"https:\/\/babylove.se\/no\/wp-json\/wp\/v2\/product\/52075","targetHints":{"allow":["GET"]}}],"collection":[{"href":"https:\/\/babylove.se\/no\/wp-json\/wp\/v2\/product"}],"about":[{"href":"https:\/\/babylove.se\/no\/wp-json\/wp\/v2\/types\/product"}],"replies":[{"embeddable":true,"href":"https:\/\/babylove.se\/no\/wp-json\/wp\/v2\/comments?post=52075"}],"wp:featuredmedia":[{"embeddable":true,"href":"https:\/\/babylove.se\/no\/wp-json\/wp\/v2\/media\/52077"}],"wp:attachment":[{"href":"https:\/\/babylove.se\/no\/wp-json\/wp\/v2\/media?parent=52075"}],"wp:term":[{"taxonomy":"product_brand","embeddable":true,"href":"https:\/\/babylove.se\/no\/wp-json\/wp\/v2\/product_brand?post=52075"},{"taxonomy":"product_cat","embeddable":true,"href":"https:\/\/babylove.se\/no\/wp-json\/wp\/v2\/product_cat?post=52075"},{"taxonomy":"product_tag","embeddable":true,"href":"https:\/\/babylove.se\/no\/wp-json\/wp\/v2\/product_tag?post=52075"}],"curies":[{"name":"wp","href":"https:\/\/api.w.org\/{rel}","templated":true}]}}