{"id":52099,"date":"2025-07-19T11:42:55","date_gmt":"2025-07-19T10:42:55","guid":{"rendered":"https:\/\/babylove.se\/produkt\/babylove-vimpel-silver-stjarnor\/"},"modified":"2026-04-08T13:31:52","modified_gmt":"2026-04-08T12:31:52","slug":"babylove-vimpel-solv-stjerner","status":"publish","type":"product","link":"https:\/\/babylove.se\/no\/produkt\/babylove-vimpel-solv-stjerner\/","title":{"rendered":"Babylove, Vimpel s\u00f8lv stjerner"},"content":{"rendered":"<p>Ti stykker vakre skimrende stjerner er klare til \u00e5 raskt forvandle ditt barns rom p\u00e5 mange forskjellige m\u00e5ter. Vimpler h\u00f8rer til blant de mest effektive man kan bruke n\u00e5r det er p\u00e5 tide \u00e5 innrede barnerommet. I sin enkelhet gj\u00f8r den stort inntrykk ved vinduet, p\u00e5 en vegg, under en sengehimmel eller ved barnesengen. Uansett plassering vil disse stjernene forgylle hverdagen.&nbsp;<\/p>\n<p>Finnes i fargene: s\u00f8lv og gull.&nbsp;<\/p>\n<p><strong>M\u00e5l<\/strong>: girlandens lengde 185 cm&nbsp;<\/p>\n<p><strong>Materiale<\/strong>: 100 % polyester &nbsp;<\/p>\n","protected":false},"excerpt":{"rendered":"<p>Ti stykker vakre skimrende stjerner er klare til \u00e5 raskt forvandle ditt barns rom p\u00e5 mange forskjellige m\u00e5ter. Vimpler h\u00f8rer til blant de mest effektive man kan bruke n\u00e5r det er p\u00e5 tide \u00e5 innrede barnerommet. I sin enkelhet gj\u00f8r den stort inntrykk ved vinduet, p\u00e5 en vegg, under en sengehimmel eller ved barnesengen. Uansett [&hellip;]<\/p>\n","protected":false},"featured_media":52101,"comment_status":"closed","ping_status":"open","template":"","meta":{"_acf_changed":false},"product_brand":[22],"product_cat":[84,627,110,58],"product_tag":[],"class_list":{"0":"post-52099","1":"product","2":"type-product","3":"status-publish","4":"has-post-thumbnail","6":"product_brand-babylove","7":"product_cat-babylove","8":"product_cat-babylove-tekstiler","9":"product_cat-cyber-monday","10":"product_cat-vimpler","12":"first","13":"instock","14":"taxable","15":"shipping-taxable","16":"purchasable","17":"product-type-simple"},"acf":[],"yoast_head":"<!-- This site is optimized with the Yoast SEO Premium plugin v25.8 (Yoast SEO v27.2) - https:\/\/yoast.com\/product\/yoast-seo-premium-wordpress\/ -->\n<title>Babylove, Vimpel s\u00f8lv stjerner - Babylove Norska<\/title>\n<meta name=\"robots\" content=\"noindex, follow, max-snippet:-1, max-image-preview:large, max-video-preview:-1\" \/>\n<meta property=\"og:locale\" content=\"nb_NO\" \/>\n<meta property=\"og:type\" content=\"article\" \/>\n<meta property=\"og:title\" content=\"Babylove, Vimpel s\u00f8lv stjerner\" \/>\n<meta property=\"og:description\" content=\"Ti stykker vakre skimrende stjerner er klare til \u00e5 raskt forvandle ditt barns rom p\u00e5 mange forskjellige m\u00e5ter. Vimpler h\u00f8rer til blant de mest effektive man kan bruke n\u00e5r det er p\u00e5 tide \u00e5 innrede barnerommet. I sin enkelhet gj\u00f8r den stort inntrykk ved vinduet, p\u00e5 en vegg, under en sengehimmel eller ved barnesengen. Uansett [&hellip;]\" \/>\n<meta property=\"og:url\" content=\"https:\/\/babylove.se\/no\/produkt\/babylove-vimpel-solv-stjerner\/\" \/>\n<meta property=\"og:site_name\" content=\"Babylove Norska\" \/>\n<meta property=\"article:modified_time\" content=\"2026-04-08T12:31:52+00:00\" \/>\n<meta property=\"og:image\" content=\"https:\/\/babylove.se\/no\/wp-content\/uploads\/sites\/3\/2025\/07\/644a78b90c982.png\" \/>\n\t<meta property=\"og:image:width\" content=\"800\" \/>\n\t<meta property=\"og:image:height\" content=\"800\" \/>\n\t<meta property=\"og:image:type\" content=\"image\/png\" \/>\n<meta name=\"twitter:card\" content=\"summary_large_image\" \/>\n<meta name=\"twitter:label1\" content=\"Price\" \/>\n\t<meta name=\"twitter:data1\" content=\"249,00&nbsp;&#107;&#114;\" \/>\n\t<meta name=\"twitter:label2\" content=\"Availability\" \/>\n\t<meta name=\"twitter:data2\" content=\"In stock\" \/>\n<script type=\"application\/ld+json\" class=\"yoast-schema-graph\">{\"@context\":\"https:\/\/schema.org\",\"@graph\":[{\"@type\":\"WebPage\",\"@id\":\"https:\/\/babylove.se\/no\/produkt\/babylove-vimpel-solv-stjerner\/\",\"url\":\"https:\/\/babylove.se\/no\/produkt\/babylove-vimpel-solv-stjerner\/\",\"name\":\"Babylove, Vimpel s\u00f8lv stjerner - Babylove Norska\",\"isPartOf\":{\"@id\":\"https:\/\/babylove.se\/no\/#website\"},\"primaryImageOfPage\":{\"@id\":\"https:\/\/babylove.se\/no\/produkt\/babylove-vimpel-solv-stjerner\/#primaryimage\"},\"image\":{\"@id\":\"https:\/\/babylove.se\/no\/produkt\/babylove-vimpel-solv-stjerner\/#primaryimage\"},\"thumbnailUrl\":\"https:\/\/babylove.se\/no\/wp-content\/uploads\/sites\/3\/2025\/07\/644a78b90c982.png\",\"datePublished\":\"2025-07-19T10:42:55+00:00\",\"dateModified\":\"2026-04-08T12:31:52+00:00\",\"breadcrumb\":{\"@id\":\"https:\/\/babylove.se\/no\/produkt\/babylove-vimpel-solv-stjerner\/#breadcrumb\"},\"inLanguage\":\"nb-NO\",\"potentialAction\":[{\"@type\":\"ReadAction\",\"target\":[\"https:\/\/babylove.se\/no\/produkt\/babylove-vimpel-solv-stjerner\/\"]}]},{\"@type\":\"ImageObject\",\"inLanguage\":\"nb-NO\",\"@id\":\"https:\/\/babylove.se\/no\/produkt\/babylove-vimpel-solv-stjerner\/#primaryimage\",\"url\":\"https:\/\/babylove.se\/no\/wp-content\/uploads\/sites\/3\/2025\/07\/644a78b90c982.png\",\"contentUrl\":\"https:\/\/babylove.se\/no\/wp-content\/uploads\/sites\/3\/2025\/07\/644a78b90c982.png\",\"width\":800,\"height\":800},{\"@type\":\"BreadcrumbList\",\"@id\":\"https:\/\/babylove.se\/no\/produkt\/babylove-vimpel-solv-stjerner\/#breadcrumb\",\"itemListElement\":[{\"@type\":\"ListItem\",\"position\":1,\"name\":\"Hem\",\"item\":\"https:\/\/babylove.se\/no\/\"},{\"@type\":\"ListItem\",\"position\":2,\"name\":\"Butik\",\"item\":\"https:\/\/babylove.se\/no\/butik\/\"},{\"@type\":\"ListItem\",\"position\":3,\"name\":\"Babylove, Vimpel s\u00f8lv stjerner\"}]},{\"@type\":\"WebSite\",\"@id\":\"https:\/\/babylove.se\/no\/#website\",\"url\":\"https:\/\/babylove.se\/no\/\",\"name\":\"Babylove Norska\",\"description\":\"\",\"potentialAction\":[{\"@type\":\"SearchAction\",\"target\":{\"@type\":\"EntryPoint\",\"urlTemplate\":\"https:\/\/babylove.se\/no\/?s={search_term_string}\"},\"query-input\":{\"@type\":\"PropertyValueSpecification\",\"valueRequired\":true,\"valueName\":\"search_term_string\"}}],\"inLanguage\":\"nb-NO\"}]}<\/script>\n<meta property=\"product:brand\" content=\"Babylove\" \/>\n<meta property=\"product:price:amount\" content=\"249.00\" \/>\n<meta property=\"product:price:currency\" content=\"SEK\" \/>\n<meta property=\"og:availability\" content=\"instock\" \/>\n<meta property=\"product:availability\" content=\"instock\" \/>\n<meta property=\"product:retailer_item_id\" content=\"BB00003941\" \/>\n<meta property=\"product:condition\" content=\"new\" \/>\n<!-- \/ Yoast SEO Premium plugin. -->","yoast_head_json":{"title":"Babylove, Vimpel s\u00f8lv stjerner - Babylove Norska","robots":{"index":"noindex","follow":"follow","max-snippet":"max-snippet:-1","max-image-preview":"max-image-preview:large","max-video-preview":"max-video-preview:-1"},"og_locale":"nb_NO","og_type":"article","og_title":"Babylove, Vimpel s\u00f8lv stjerner","og_description":"Ti stykker vakre skimrende stjerner er klare til \u00e5 raskt forvandle ditt barns rom p\u00e5 mange forskjellige m\u00e5ter. Vimpler h\u00f8rer til blant de mest effektive man kan bruke n\u00e5r det er p\u00e5 tide \u00e5 innrede barnerommet. I sin enkelhet gj\u00f8r den stort inntrykk ved vinduet, p\u00e5 en vegg, under en sengehimmel eller ved barnesengen. Uansett [&hellip;]","og_url":"https:\/\/babylove.se\/no\/produkt\/babylove-vimpel-solv-stjerner\/","og_site_name":"Babylove Norska","article_modified_time":"2026-04-08T12:31:52+00:00","og_image":[{"width":800,"height":800,"url":"https:\/\/babylove.se\/no\/wp-content\/uploads\/sites\/3\/2025\/07\/644a78b90c982.png","type":"image\/png"}],"twitter_card":"summary_large_image","twitter_misc":{"Price":"249,00&nbsp;&#107;&#114;","Availability":"In stock"},"schema":{"@context":"https:\/\/schema.org","@graph":[{"@type":"WebPage","@id":"https:\/\/babylove.se\/no\/produkt\/babylove-vimpel-solv-stjerner\/","url":"https:\/\/babylove.se\/no\/produkt\/babylove-vimpel-solv-stjerner\/","name":"Babylove, Vimpel s\u00f8lv stjerner - Babylove Norska","isPartOf":{"@id":"https:\/\/babylove.se\/no\/#website"},"primaryImageOfPage":{"@id":"https:\/\/babylove.se\/no\/produkt\/babylove-vimpel-solv-stjerner\/#primaryimage"},"image":{"@id":"https:\/\/babylove.se\/no\/produkt\/babylove-vimpel-solv-stjerner\/#primaryimage"},"thumbnailUrl":"https:\/\/babylove.se\/no\/wp-content\/uploads\/sites\/3\/2025\/07\/644a78b90c982.png","datePublished":"2025-07-19T10:42:55+00:00","dateModified":"2026-04-08T12:31:52+00:00","breadcrumb":{"@id":"https:\/\/babylove.se\/no\/produkt\/babylove-vimpel-solv-stjerner\/#breadcrumb"},"inLanguage":"nb-NO","potentialAction":[{"@type":"ReadAction","target":["https:\/\/babylove.se\/no\/produkt\/babylove-vimpel-solv-stjerner\/"]}]},{"@type":"ImageObject","inLanguage":"nb-NO","@id":"https:\/\/babylove.se\/no\/produkt\/babylove-vimpel-solv-stjerner\/#primaryimage","url":"https:\/\/babylove.se\/no\/wp-content\/uploads\/sites\/3\/2025\/07\/644a78b90c982.png","contentUrl":"https:\/\/babylove.se\/no\/wp-content\/uploads\/sites\/3\/2025\/07\/644a78b90c982.png","width":800,"height":800},{"@type":"BreadcrumbList","@id":"https:\/\/babylove.se\/no\/produkt\/babylove-vimpel-solv-stjerner\/#breadcrumb","itemListElement":[{"@type":"ListItem","position":1,"name":"Hem","item":"https:\/\/babylove.se\/no\/"},{"@type":"ListItem","position":2,"name":"Butik","item":"https:\/\/babylove.se\/no\/butik\/"},{"@type":"ListItem","position":3,"name":"Babylove, Vimpel s\u00f8lv stjerner"}]},{"@type":"WebSite","@id":"https:\/\/babylove.se\/no\/#website","url":"https:\/\/babylove.se\/no\/","name":"Babylove Norska","description":"","potentialAction":[{"@type":"SearchAction","target":{"@type":"EntryPoint","urlTemplate":"https:\/\/babylove.se\/no\/?s={search_term_string}"},"query-input":{"@type":"PropertyValueSpecification","valueRequired":true,"valueName":"search_term_string"}}],"inLanguage":"nb-NO"}]},"product_brand":"Babylove","product_price_amount":"249.00","product_price_currency":"SEK","og_availability":"instock","product_availability":"instock","product_retailer_item_id":"BB00003941","product_condition":"new"},"_links":{"self":[{"href":"https:\/\/babylove.se\/no\/wp-json\/wp\/v2\/product\/52099","targetHints":{"allow":["GET"]}}],"collection":[{"href":"https:\/\/babylove.se\/no\/wp-json\/wp\/v2\/product"}],"about":[{"href":"https:\/\/babylove.se\/no\/wp-json\/wp\/v2\/types\/product"}],"replies":[{"embeddable":true,"href":"https:\/\/babylove.se\/no\/wp-json\/wp\/v2\/comments?post=52099"}],"wp:featuredmedia":[{"embeddable":true,"href":"https:\/\/babylove.se\/no\/wp-json\/wp\/v2\/media\/52101"}],"wp:attachment":[{"href":"https:\/\/babylove.se\/no\/wp-json\/wp\/v2\/media?parent=52099"}],"wp:term":[{"taxonomy":"product_brand","embeddable":true,"href":"https:\/\/babylove.se\/no\/wp-json\/wp\/v2\/product_brand?post=52099"},{"taxonomy":"product_cat","embeddable":true,"href":"https:\/\/babylove.se\/no\/wp-json\/wp\/v2\/product_cat?post=52099"},{"taxonomy":"product_tag","embeddable":true,"href":"https:\/\/babylove.se\/no\/wp-json\/wp\/v2\/product_tag?post=52099"}],"curies":[{"name":"wp","href":"https:\/\/api.w.org\/{rel}","templated":true}]}}