{"id":52277,"date":"2025-07-19T11:44:47","date_gmt":"2025-07-19T10:44:47","guid":{"rendered":"https:\/\/babylove.se\/produkt\/sang-till-barnrummet-box11\/"},"modified":"2026-04-08T13:33:18","modified_gmt":"2026-04-08T12:33:18","slug":"sang-til-barnerommet-box11","status":"publish","type":"product","link":"https:\/\/babylove.se\/no\/produkt\/sang-til-barnerommet-box11\/","title":{"rendered":"Seng til barnerommet, BOX11"},"content":{"rendered":"<p>Skyseng til barnerommet, i vakkert naturtre med fine detaljer. En vidunderlig barneseng i en herlig skandinavisk design som gir en deilig f\u00f8lelse til barnerommet. <\/p>\n<p>H\u00e5ndlaget seng av sertifisert furutre som oppfyller alle sikkerhetskrav. Match den smart med \u00f8vrig barneroms innredning for \u00e5 gi en unik f\u00f8lelse. <\/p>\n<p><strong>Info<\/strong>: <\/p>\n<ul>\n<li>Madrass er ikke inkludert. Merk at til disse sengene anbefales en 8-12 cm tykk skummadrass.<\/li>\n<li>Ristebunn er inkludert.<\/li>\n<li>Sengen kommer umontert men er enkel \u00e5 sette sammen.<\/li>\n<li>Sertifisert furutre som oppfyller alle sikkerhetskrav.<\/li>\n<li>Maks belastning: 90 kg.<\/li>\n<\/ul>\n<p><strong>M\u00e5l<\/strong>: <\/p>\n<ul>\n<li>Finnes i forskjellige st\u00f8rrelser.<\/li>\n<li>M\u00e5lene til venstre i listen gjelder st\u00f8rrelsen p\u00e5 madrassen som passer til sengen. M\u00e5lene i parentes (H\u00f8yde Bredde Lengde) gjelder den totale st\u00f8rrelsen p\u00e5 sengen.<\/li>\n<\/ul>\n<p><em><em><em><em><em><em>Sengen leveres umontert og b\u00f8r settes sammen i rommet den skal brukes i.<\/em><\/em><\/em><\/em><\/em><\/em> <\/p>\n<p><em>For senger i farge er leveringstiden to uker lengre enn den oppgitte informasjonen.<\/em><\/p>\n","protected":false},"excerpt":{"rendered":"<p>Skyseng til barnerommet, i vakkert naturtre med fine detaljer. En vidunderlig barneseng i en herlig skandinavisk design som gir en deilig f\u00f8lelse til barnerommet. H\u00e5ndlaget seng av sertifisert furutre som oppfyller alle sikkerhetskrav. Match den smart med \u00f8vrig barneroms innredning for \u00e5 gi en unik f\u00f8lelse. Info: Madrass er ikke inkludert. Merk at til disse [&hellip;]<\/p>\n","protected":false},"featured_media":52279,"comment_status":"open","ping_status":"closed","template":"","meta":{"_acf_changed":false},"product_brand":[384],"product_cat":[386,269,40],"product_tag":[1689],"class_list":{"0":"post-52277","1":"product","2":"type-product","3":"status-publish","4":"has-post-thumbnail","6":"product_brand-adeko","7":"product_cat-ad","8":"product_cat-juniorsenger","9":"product_cat-soverom-barn","10":"product_tag-bestillingsvaror","11":"pa_farg-gra","12":"pa_farg-vit","13":"pa_farg-natur","14":"pa_storlek-100x170-h40-l174-b104","15":"pa_storlek-100x180-h40-l184-b104","16":"pa_storlek-100x190-h40-l194-b104","17":"pa_storlek-100x200-h40-l204-b104","18":"pa_storlek-60x120-h40-l124-b64","19":"pa_storlek-70x140-h40-l144-b74","20":"pa_storlek-70x160-h40-l164-b74","21":"pa_storlek-80x140-h40-l144-b84","22":"pa_storlek-80x150-h40-l154-b84","23":"pa_storlek-80x160-h40-l164-b84","24":"pa_storlek-80x170-h40-l174-b84","25":"pa_storlek-80x180-h40-l184-b84","26":"pa_storlek-80x190-h40-l194-b84","27":"pa_storlek-80x200-h40-l204-b84","28":"pa_storlek-90x140-h40-l144-b94","29":"pa_storlek-90x150-h40-l154-b94","30":"pa_storlek-90x160-h40-l164-b94","31":"pa_storlek-90x170-h40-l174-b94","32":"pa_storlek-90x180-h40-l184-b94","33":"pa_storlek-90x190-h40-l194-b94","34":"pa_storlek-90x200-h40-l204-b94","36":"first","37":"instock","38":"taxable","39":"shipping-taxable","40":"purchasable","41":"product-type-variable"},"acf":[],"yoast_head":"<!-- This site is optimized with the Yoast SEO Premium plugin v25.8 (Yoast SEO v27.2) - https:\/\/yoast.com\/product\/yoast-seo-premium-wordpress\/ -->\n<title>Molns\u00e4ng till barnrummet - FRI FRAKT<\/title>\n<meta name=\"description\" content=\"Underbar molns\u00e4ng till barnrummet, i certifierat pinjetr\u00e4 med superfina detaljer. Klarna faktura - Fri Frakt - V\u00e4lkommen till Babylove.se\" \/>\n<meta name=\"robots\" content=\"noindex, follow, max-snippet:-1, max-image-preview:large, max-video-preview:-1\" \/>\n<meta property=\"og:locale\" content=\"nb_NO\" \/>\n<meta property=\"og:type\" content=\"article\" \/>\n<meta property=\"og:title\" content=\"Seng til barnerommet, BOX11\" \/>\n<meta property=\"og:description\" content=\"Underbar molns\u00e4ng till barnrummet, i certifierat pinjetr\u00e4 med superfina detaljer. Klarna faktura - Fri Frakt - V\u00e4lkommen till Babylove.se\" \/>\n<meta property=\"og:url\" content=\"https:\/\/babylove.se\/no\/produkt\/sang-til-barnerommet-box11\/\" \/>\n<meta property=\"og:site_name\" content=\"Babylove Norska\" \/>\n<meta property=\"article:modified_time\" content=\"2026-04-08T12:33:18+00:00\" \/>\n<meta property=\"og:image\" content=\"https:\/\/babylove.se\/no\/wp-content\/uploads\/sites\/3\/2025\/07\/645b568d77ba5.jpeg\" \/>\n\t<meta property=\"og:image:width\" content=\"1200\" \/>\n\t<meta property=\"og:image:height\" content=\"800\" \/>\n\t<meta property=\"og:image:type\" content=\"image\/jpeg\" \/>\n<meta name=\"twitter:card\" content=\"summary_large_image\" \/>\n<meta name=\"twitter:label1\" content=\"Availability\" \/>\n\t<meta name=\"twitter:data1\" content=\"In stock\" \/>\n<script type=\"application\/ld+json\" class=\"yoast-schema-graph\">{\"@context\":\"https:\/\/schema.org\",\"@graph\":[{\"@type\":\"WebPage\",\"@id\":\"https:\/\/babylove.se\/no\/produkt\/sang-til-barnerommet-box11\/\",\"url\":\"https:\/\/babylove.se\/no\/produkt\/sang-til-barnerommet-box11\/\",\"name\":\"Molns\u00e4ng till barnrummet - FRI FRAKT\",\"isPartOf\":{\"@id\":\"https:\/\/babylove.se\/no\/#website\"},\"primaryImageOfPage\":{\"@id\":\"https:\/\/babylove.se\/no\/produkt\/sang-til-barnerommet-box11\/#primaryimage\"},\"image\":{\"@id\":\"https:\/\/babylove.se\/no\/produkt\/sang-til-barnerommet-box11\/#primaryimage\"},\"thumbnailUrl\":\"https:\/\/babylove.se\/no\/wp-content\/uploads\/sites\/3\/2025\/07\/645b568d77ba5.jpeg\",\"datePublished\":\"2025-07-19T10:44:47+00:00\",\"dateModified\":\"2026-04-08T12:33:18+00:00\",\"description\":\"Underbar molns\u00e4ng till barnrummet, i certifierat pinjetr\u00e4 med superfina detaljer. Klarna faktura - Fri Frakt - V\u00e4lkommen till Babylove.se\",\"breadcrumb\":{\"@id\":\"https:\/\/babylove.se\/no\/produkt\/sang-til-barnerommet-box11\/#breadcrumb\"},\"inLanguage\":\"nb-NO\",\"potentialAction\":[{\"@type\":\"ReadAction\",\"target\":[\"https:\/\/babylove.se\/no\/produkt\/sang-til-barnerommet-box11\/\"]}]},{\"@type\":\"ImageObject\",\"inLanguage\":\"nb-NO\",\"@id\":\"https:\/\/babylove.se\/no\/produkt\/sang-til-barnerommet-box11\/#primaryimage\",\"url\":\"https:\/\/babylove.se\/no\/wp-content\/uploads\/sites\/3\/2025\/07\/645b568d77ba5.jpeg\",\"contentUrl\":\"https:\/\/babylove.se\/no\/wp-content\/uploads\/sites\/3\/2025\/07\/645b568d77ba5.jpeg\",\"width\":1200,\"height\":800},{\"@type\":\"BreadcrumbList\",\"@id\":\"https:\/\/babylove.se\/no\/produkt\/sang-til-barnerommet-box11\/#breadcrumb\",\"itemListElement\":[{\"@type\":\"ListItem\",\"position\":1,\"name\":\"Hem\",\"item\":\"https:\/\/babylove.se\/no\/\"},{\"@type\":\"ListItem\",\"position\":2,\"name\":\"Butik\",\"item\":\"https:\/\/babylove.se\/no\/butik\/\"},{\"@type\":\"ListItem\",\"position\":3,\"name\":\"Seng til barnerommet, BOX11\"}]},{\"@type\":\"WebSite\",\"@id\":\"https:\/\/babylove.se\/no\/#website\",\"url\":\"https:\/\/babylove.se\/no\/\",\"name\":\"Babylove Norska\",\"description\":\"\",\"potentialAction\":[{\"@type\":\"SearchAction\",\"target\":{\"@type\":\"EntryPoint\",\"urlTemplate\":\"https:\/\/babylove.se\/no\/?s={search_term_string}\"},\"query-input\":{\"@type\":\"PropertyValueSpecification\",\"valueRequired\":true,\"valueName\":\"search_term_string\"}}],\"inLanguage\":\"nb-NO\"}]}<\/script>\n<meta property=\"product:brand\" content=\"Adeko\" \/>\n<meta property=\"og:availability\" content=\"instock\" \/>\n<meta property=\"product:availability\" content=\"instock\" \/>\n<meta property=\"product:retailer_item_id\" content=\"B11-60120-natur\" \/>\n<meta property=\"product:condition\" content=\"new\" \/>\n<!-- \/ Yoast SEO Premium plugin. -->","yoast_head_json":{"title":"Molns\u00e4ng till barnrummet - FRI FRAKT","description":"Underbar molns\u00e4ng till barnrummet, i certifierat pinjetr\u00e4 med superfina detaljer. Klarna faktura - Fri Frakt - V\u00e4lkommen till Babylove.se","robots":{"index":"noindex","follow":"follow","max-snippet":"max-snippet:-1","max-image-preview":"max-image-preview:large","max-video-preview":"max-video-preview:-1"},"og_locale":"nb_NO","og_type":"article","og_title":"Seng til barnerommet, BOX11","og_description":"Underbar molns\u00e4ng till barnrummet, i certifierat pinjetr\u00e4 med superfina detaljer. Klarna faktura - Fri Frakt - V\u00e4lkommen till Babylove.se","og_url":"https:\/\/babylove.se\/no\/produkt\/sang-til-barnerommet-box11\/","og_site_name":"Babylove Norska","article_modified_time":"2026-04-08T12:33:18+00:00","og_image":[{"width":1200,"height":800,"url":"https:\/\/babylove.se\/no\/wp-content\/uploads\/sites\/3\/2025\/07\/645b568d77ba5.jpeg","type":"image\/jpeg"}],"twitter_card":"summary_large_image","twitter_misc":{"Availability":"In stock"},"schema":{"@context":"https:\/\/schema.org","@graph":[{"@type":"WebPage","@id":"https:\/\/babylove.se\/no\/produkt\/sang-til-barnerommet-box11\/","url":"https:\/\/babylove.se\/no\/produkt\/sang-til-barnerommet-box11\/","name":"Molns\u00e4ng till barnrummet - FRI FRAKT","isPartOf":{"@id":"https:\/\/babylove.se\/no\/#website"},"primaryImageOfPage":{"@id":"https:\/\/babylove.se\/no\/produkt\/sang-til-barnerommet-box11\/#primaryimage"},"image":{"@id":"https:\/\/babylove.se\/no\/produkt\/sang-til-barnerommet-box11\/#primaryimage"},"thumbnailUrl":"https:\/\/babylove.se\/no\/wp-content\/uploads\/sites\/3\/2025\/07\/645b568d77ba5.jpeg","datePublished":"2025-07-19T10:44:47+00:00","dateModified":"2026-04-08T12:33:18+00:00","description":"Underbar molns\u00e4ng till barnrummet, i certifierat pinjetr\u00e4 med superfina detaljer. Klarna faktura - Fri Frakt - V\u00e4lkommen till Babylove.se","breadcrumb":{"@id":"https:\/\/babylove.se\/no\/produkt\/sang-til-barnerommet-box11\/#breadcrumb"},"inLanguage":"nb-NO","potentialAction":[{"@type":"ReadAction","target":["https:\/\/babylove.se\/no\/produkt\/sang-til-barnerommet-box11\/"]}]},{"@type":"ImageObject","inLanguage":"nb-NO","@id":"https:\/\/babylove.se\/no\/produkt\/sang-til-barnerommet-box11\/#primaryimage","url":"https:\/\/babylove.se\/no\/wp-content\/uploads\/sites\/3\/2025\/07\/645b568d77ba5.jpeg","contentUrl":"https:\/\/babylove.se\/no\/wp-content\/uploads\/sites\/3\/2025\/07\/645b568d77ba5.jpeg","width":1200,"height":800},{"@type":"BreadcrumbList","@id":"https:\/\/babylove.se\/no\/produkt\/sang-til-barnerommet-box11\/#breadcrumb","itemListElement":[{"@type":"ListItem","position":1,"name":"Hem","item":"https:\/\/babylove.se\/no\/"},{"@type":"ListItem","position":2,"name":"Butik","item":"https:\/\/babylove.se\/no\/butik\/"},{"@type":"ListItem","position":3,"name":"Seng til barnerommet, BOX11"}]},{"@type":"WebSite","@id":"https:\/\/babylove.se\/no\/#website","url":"https:\/\/babylove.se\/no\/","name":"Babylove Norska","description":"","potentialAction":[{"@type":"SearchAction","target":{"@type":"EntryPoint","urlTemplate":"https:\/\/babylove.se\/no\/?s={search_term_string}"},"query-input":{"@type":"PropertyValueSpecification","valueRequired":true,"valueName":"search_term_string"}}],"inLanguage":"nb-NO"}]},"product_brand":"Adeko","og_availability":"instock","product_availability":"instock","product_retailer_item_id":"B11-60120-natur","product_condition":"new"},"_links":{"self":[{"href":"https:\/\/babylove.se\/no\/wp-json\/wp\/v2\/product\/52277","targetHints":{"allow":["GET"]}}],"collection":[{"href":"https:\/\/babylove.se\/no\/wp-json\/wp\/v2\/product"}],"about":[{"href":"https:\/\/babylove.se\/no\/wp-json\/wp\/v2\/types\/product"}],"replies":[{"embeddable":true,"href":"https:\/\/babylove.se\/no\/wp-json\/wp\/v2\/comments?post=52277"}],"wp:featuredmedia":[{"embeddable":true,"href":"https:\/\/babylove.se\/no\/wp-json\/wp\/v2\/media\/52279"}],"wp:attachment":[{"href":"https:\/\/babylove.se\/no\/wp-json\/wp\/v2\/media?parent=52277"}],"wp:term":[{"taxonomy":"product_brand","embeddable":true,"href":"https:\/\/babylove.se\/no\/wp-json\/wp\/v2\/product_brand?post=52277"},{"taxonomy":"product_cat","embeddable":true,"href":"https:\/\/babylove.se\/no\/wp-json\/wp\/v2\/product_cat?post=52277"},{"taxonomy":"product_tag","embeddable":true,"href":"https:\/\/babylove.se\/no\/wp-json\/wp\/v2\/product_tag?post=52277"}],"curies":[{"name":"wp","href":"https:\/\/api.w.org\/{rel}","templated":true}]}}