{"id":52481,"date":"2025-07-19T11:48:41","date_gmt":"2025-07-19T10:48:41","guid":{"rendered":"https:\/\/babylove.se\/produkt\/konges-slojd-floater-flytvast-med-armringar-lemon\/"},"modified":"2026-04-08T13:33:28","modified_gmt":"2026-04-08T12:33:28","slug":"konges-slojd-flyter-flytvest-med-armringer-lemon","status":"publish","type":"product","link":"https:\/\/babylove.se\/no\/produkt\/konges-slojd-flyter-flytvest-med-armringer-lemon\/","title":{"rendered":"Konges Sl\u00f8jd, floater flytevest med armringer, Lemon"},"content":{"rendered":"<p>Gj\u00f8r sommeren morsommere med dette vakre tredelte settet fra det velkjente danske merket Konges Sl\u00f8jd! <\/p>\n<p>Settet best\u00e5r av en flydevest med avtakbare armb\u00e5nd. <\/p>\n<p>Perfekt n\u00e5r barnet skal ta det f\u00f8rste dukket i bassenget. Sv\u00f8mmevesten er laget av n\u00f8ye utvalgte materialer og med h\u00f8yeste omhu. <\/p>\n<p><strong>Materiale<\/strong>: Neopren <\/p>\n<p><strong>St\u00f8rrelse<\/strong>: Finnes i to st\u00f8rrelser: <\/p>\n<ul>\n<li>Egnet for barn mellom 1 og 2 \u00e5r (11-15 kg)<\/li>\n<li>Egnet for barn mellom 2 og 4 \u00e5r (15-20 kg)<\/li>\n<\/ul>\n<p><em>OBS! La aldri barnet ditt v\u00e6re uten oppsyn i vannet! Skal kun b<em>rukes i vann der barnet n\u00e5r bunnen!<\/em><\/em> <\/p>\n<p>Designer: <a href=\"https:\/\/babylove.se\/varumarken\/konges-slojd\">Konges Sl\u00f8jd<\/a><\/p>\n","protected":false},"excerpt":{"rendered":"<p>Gj\u00f8r sommeren morsommere med dette vakre tredelte settet fra det velkjente danske merket Konges Sl\u00f8jd! Settet best\u00e5r av en flydevest med avtakbare armb\u00e5nd. Perfekt n\u00e5r barnet skal ta det f\u00f8rste dukket i bassenget. Sv\u00f8mmevesten er laget av n\u00f8ye utvalgte materialer og med h\u00f8yeste omhu. Materiale: Neopren St\u00f8rrelse: Finnes i to st\u00f8rrelser: Egnet for barn mellom [&hellip;]<\/p>\n","protected":false},"featured_media":52483,"comment_status":"closed","ping_status":"closed","template":"","meta":{"_acf_changed":false},"product_brand":[1579],"product_cat":[1580,1545,60,1775,753],"product_tag":[],"class_list":{"0":"post-52481","1":"product","2":"type-product","3":"status-publish","4":"has-post-thumbnail","6":"product_brand-konges-slajd","7":"product_cat-armpuffar","8":"product_cat-konges-slojd","9":"product_cat-sommer","10":"product_cat-uteleker","11":"product_cat-vannleker","12":"pa_storlek-1-2-ar-11-15-kg","13":"pa_storlek-2-4-ar-15-20-kg","15":"first","16":"outofstock","17":"taxable","18":"shipping-taxable","19":"purchasable","20":"product-type-variable"},"acf":[],"yoast_head":"<!-- This site is optimized with the Yoast SEO Premium plugin v25.8 (Yoast SEO v27.2) - https:\/\/yoast.com\/product\/yoast-seo-premium-wordpress\/ -->\n<title>Konges Sl\u00f8jd, floater flytevest med armringer, Lemon - Babylove Norska<\/title>\n<meta name=\"robots\" content=\"noindex, follow, max-snippet:-1, max-image-preview:large, max-video-preview:-1\" \/>\n<meta property=\"og:locale\" content=\"nb_NO\" \/>\n<meta property=\"og:type\" content=\"article\" \/>\n<meta property=\"og:title\" content=\"Konges Sl\u00f8jd, floater flytevest med armringer, Lemon\" \/>\n<meta property=\"og:description\" content=\"Gj\u00f8r sommeren morsommere med dette vakre tredelte settet fra det velkjente danske merket Konges Sl\u00f8jd! Settet best\u00e5r av en flydevest med avtakbare armb\u00e5nd. Perfekt n\u00e5r barnet skal ta det f\u00f8rste dukket i bassenget. Sv\u00f8mmevesten er laget av n\u00f8ye utvalgte materialer og med h\u00f8yeste omhu. Materiale: Neopren St\u00f8rrelse: Finnes i to st\u00f8rrelser: Egnet for barn mellom [&hellip;]\" \/>\n<meta property=\"og:url\" content=\"https:\/\/babylove.se\/no\/produkt\/konges-slojd-flyter-flytvest-med-armringer-lemon\/\" \/>\n<meta property=\"og:site_name\" content=\"Babylove Norska\" \/>\n<meta property=\"article:modified_time\" content=\"2026-04-08T12:33:28+00:00\" \/>\n<meta property=\"og:image\" content=\"https:\/\/babylove.se\/no\/wp-content\/uploads\/sites\/3\/2025\/07\/645caa118c1fb.jpeg\" \/>\n\t<meta property=\"og:image:width\" content=\"1613\" \/>\n\t<meta property=\"og:image:height\" content=\"1081\" \/>\n\t<meta property=\"og:image:type\" content=\"image\/jpeg\" \/>\n<meta name=\"twitter:card\" content=\"summary_large_image\" \/>\n<meta name=\"twitter:label1\" content=\"Availability\" \/>\n\t<meta name=\"twitter:data1\" content=\"Out of stock\" \/>\n<script type=\"application\/ld+json\" class=\"yoast-schema-graph\">{\"@context\":\"https:\/\/schema.org\",\"@graph\":[{\"@type\":\"WebPage\",\"@id\":\"https:\/\/babylove.se\/no\/produkt\/konges-slojd-flyter-flytvest-med-armringer-lemon\/\",\"url\":\"https:\/\/babylove.se\/no\/produkt\/konges-slojd-flyter-flytvest-med-armringer-lemon\/\",\"name\":\"Konges Sl\u00f8jd, floater flytevest med armringer, Lemon - Babylove Norska\",\"isPartOf\":{\"@id\":\"https:\/\/babylove.se\/no\/#website\"},\"primaryImageOfPage\":{\"@id\":\"https:\/\/babylove.se\/no\/produkt\/konges-slojd-flyter-flytvest-med-armringer-lemon\/#primaryimage\"},\"image\":{\"@id\":\"https:\/\/babylove.se\/no\/produkt\/konges-slojd-flyter-flytvest-med-armringer-lemon\/#primaryimage\"},\"thumbnailUrl\":\"https:\/\/babylove.se\/no\/wp-content\/uploads\/sites\/3\/2025\/07\/645caa118c1fb.jpeg\",\"datePublished\":\"2025-07-19T10:48:41+00:00\",\"dateModified\":\"2026-04-08T12:33:28+00:00\",\"breadcrumb\":{\"@id\":\"https:\/\/babylove.se\/no\/produkt\/konges-slojd-flyter-flytvest-med-armringer-lemon\/#breadcrumb\"},\"inLanguage\":\"nb-NO\",\"potentialAction\":[{\"@type\":\"ReadAction\",\"target\":[\"https:\/\/babylove.se\/no\/produkt\/konges-slojd-flyter-flytvest-med-armringer-lemon\/\"]}]},{\"@type\":\"ImageObject\",\"inLanguage\":\"nb-NO\",\"@id\":\"https:\/\/babylove.se\/no\/produkt\/konges-slojd-flyter-flytvest-med-armringer-lemon\/#primaryimage\",\"url\":\"https:\/\/babylove.se\/no\/wp-content\/uploads\/sites\/3\/2025\/07\/645caa118c1fb.jpeg\",\"contentUrl\":\"https:\/\/babylove.se\/no\/wp-content\/uploads\/sites\/3\/2025\/07\/645caa118c1fb.jpeg\",\"width\":1613,\"height\":1081},{\"@type\":\"BreadcrumbList\",\"@id\":\"https:\/\/babylove.se\/no\/produkt\/konges-slojd-flyter-flytvest-med-armringer-lemon\/#breadcrumb\",\"itemListElement\":[{\"@type\":\"ListItem\",\"position\":1,\"name\":\"Hem\",\"item\":\"https:\/\/babylove.se\/no\/\"},{\"@type\":\"ListItem\",\"position\":2,\"name\":\"Butik\",\"item\":\"https:\/\/babylove.se\/no\/butik\/\"},{\"@type\":\"ListItem\",\"position\":3,\"name\":\"Konges Sl\u00f8jd, floater flytevest med armringer, Lemon\"}]},{\"@type\":\"WebSite\",\"@id\":\"https:\/\/babylove.se\/no\/#website\",\"url\":\"https:\/\/babylove.se\/no\/\",\"name\":\"Babylove Norska\",\"description\":\"\",\"potentialAction\":[{\"@type\":\"SearchAction\",\"target\":{\"@type\":\"EntryPoint\",\"urlTemplate\":\"https:\/\/babylove.se\/no\/?s={search_term_string}\"},\"query-input\":{\"@type\":\"PropertyValueSpecification\",\"valueRequired\":true,\"valueName\":\"search_term_string\"}}],\"inLanguage\":\"nb-NO\"}]}<\/script>\n<meta property=\"product:brand\" content=\"Konges Sl\u00c3\u00b8jd\" \/>\n<meta property=\"og:availability\" content=\"out of stock\" \/>\n<meta property=\"product:availability\" content=\"out of stock\" \/>\n<meta property=\"product:retailer_item_id\" content=\"KS5372Lemon1-2\u00e5r\" \/>\n<meta property=\"product:condition\" content=\"new\" \/>\n<!-- \/ Yoast SEO Premium plugin. -->","yoast_head_json":{"title":"Konges Sl\u00f8jd, floater flytevest med armringer, Lemon - Babylove Norska","robots":{"index":"noindex","follow":"follow","max-snippet":"max-snippet:-1","max-image-preview":"max-image-preview:large","max-video-preview":"max-video-preview:-1"},"og_locale":"nb_NO","og_type":"article","og_title":"Konges Sl\u00f8jd, floater flytevest med armringer, Lemon","og_description":"Gj\u00f8r sommeren morsommere med dette vakre tredelte settet fra det velkjente danske merket Konges Sl\u00f8jd! Settet best\u00e5r av en flydevest med avtakbare armb\u00e5nd. Perfekt n\u00e5r barnet skal ta det f\u00f8rste dukket i bassenget. Sv\u00f8mmevesten er laget av n\u00f8ye utvalgte materialer og med h\u00f8yeste omhu. Materiale: Neopren St\u00f8rrelse: Finnes i to st\u00f8rrelser: Egnet for barn mellom [&hellip;]","og_url":"https:\/\/babylove.se\/no\/produkt\/konges-slojd-flyter-flytvest-med-armringer-lemon\/","og_site_name":"Babylove Norska","article_modified_time":"2026-04-08T12:33:28+00:00","og_image":[{"width":1613,"height":1081,"url":"https:\/\/babylove.se\/no\/wp-content\/uploads\/sites\/3\/2025\/07\/645caa118c1fb.jpeg","type":"image\/jpeg"}],"twitter_card":"summary_large_image","twitter_misc":{"Availability":"Out of stock"},"schema":{"@context":"https:\/\/schema.org","@graph":[{"@type":"WebPage","@id":"https:\/\/babylove.se\/no\/produkt\/konges-slojd-flyter-flytvest-med-armringer-lemon\/","url":"https:\/\/babylove.se\/no\/produkt\/konges-slojd-flyter-flytvest-med-armringer-lemon\/","name":"Konges Sl\u00f8jd, floater flytevest med armringer, Lemon - Babylove Norska","isPartOf":{"@id":"https:\/\/babylove.se\/no\/#website"},"primaryImageOfPage":{"@id":"https:\/\/babylove.se\/no\/produkt\/konges-slojd-flyter-flytvest-med-armringer-lemon\/#primaryimage"},"image":{"@id":"https:\/\/babylove.se\/no\/produkt\/konges-slojd-flyter-flytvest-med-armringer-lemon\/#primaryimage"},"thumbnailUrl":"https:\/\/babylove.se\/no\/wp-content\/uploads\/sites\/3\/2025\/07\/645caa118c1fb.jpeg","datePublished":"2025-07-19T10:48:41+00:00","dateModified":"2026-04-08T12:33:28+00:00","breadcrumb":{"@id":"https:\/\/babylove.se\/no\/produkt\/konges-slojd-flyter-flytvest-med-armringer-lemon\/#breadcrumb"},"inLanguage":"nb-NO","potentialAction":[{"@type":"ReadAction","target":["https:\/\/babylove.se\/no\/produkt\/konges-slojd-flyter-flytvest-med-armringer-lemon\/"]}]},{"@type":"ImageObject","inLanguage":"nb-NO","@id":"https:\/\/babylove.se\/no\/produkt\/konges-slojd-flyter-flytvest-med-armringer-lemon\/#primaryimage","url":"https:\/\/babylove.se\/no\/wp-content\/uploads\/sites\/3\/2025\/07\/645caa118c1fb.jpeg","contentUrl":"https:\/\/babylove.se\/no\/wp-content\/uploads\/sites\/3\/2025\/07\/645caa118c1fb.jpeg","width":1613,"height":1081},{"@type":"BreadcrumbList","@id":"https:\/\/babylove.se\/no\/produkt\/konges-slojd-flyter-flytvest-med-armringer-lemon\/#breadcrumb","itemListElement":[{"@type":"ListItem","position":1,"name":"Hem","item":"https:\/\/babylove.se\/no\/"},{"@type":"ListItem","position":2,"name":"Butik","item":"https:\/\/babylove.se\/no\/butik\/"},{"@type":"ListItem","position":3,"name":"Konges Sl\u00f8jd, floater flytevest med armringer, Lemon"}]},{"@type":"WebSite","@id":"https:\/\/babylove.se\/no\/#website","url":"https:\/\/babylove.se\/no\/","name":"Babylove Norska","description":"","potentialAction":[{"@type":"SearchAction","target":{"@type":"EntryPoint","urlTemplate":"https:\/\/babylove.se\/no\/?s={search_term_string}"},"query-input":{"@type":"PropertyValueSpecification","valueRequired":true,"valueName":"search_term_string"}}],"inLanguage":"nb-NO"}]},"product_brand":"Konges Sl\u00c3\u00b8jd","og_availability":"out of stock","product_availability":"out of stock","product_retailer_item_id":"KS5372Lemon1-2\u00e5r","product_condition":"new"},"_links":{"self":[{"href":"https:\/\/babylove.se\/no\/wp-json\/wp\/v2\/product\/52481","targetHints":{"allow":["GET"]}}],"collection":[{"href":"https:\/\/babylove.se\/no\/wp-json\/wp\/v2\/product"}],"about":[{"href":"https:\/\/babylove.se\/no\/wp-json\/wp\/v2\/types\/product"}],"replies":[{"embeddable":true,"href":"https:\/\/babylove.se\/no\/wp-json\/wp\/v2\/comments?post=52481"}],"wp:featuredmedia":[{"embeddable":true,"href":"https:\/\/babylove.se\/no\/wp-json\/wp\/v2\/media\/52483"}],"wp:attachment":[{"href":"https:\/\/babylove.se\/no\/wp-json\/wp\/v2\/media?parent=52481"}],"wp:term":[{"taxonomy":"product_brand","embeddable":true,"href":"https:\/\/babylove.se\/no\/wp-json\/wp\/v2\/product_brand?post=52481"},{"taxonomy":"product_cat","embeddable":true,"href":"https:\/\/babylove.se\/no\/wp-json\/wp\/v2\/product_cat?post=52481"},{"taxonomy":"product_tag","embeddable":true,"href":"https:\/\/babylove.se\/no\/wp-json\/wp\/v2\/product_tag?post=52481"}],"curies":[{"name":"wp","href":"https:\/\/api.w.org\/{rel}","templated":true}]}}