{"id":52496,"date":"2025-07-19T11:48:58","date_gmt":"2025-07-19T10:48:58","guid":{"rendered":"https:\/\/babylove.se\/produkt\/barnsang-med-forvaringsladaextrasang-mila-cpn\/"},"modified":"2026-04-08T13:33:36","modified_gmt":"2026-04-08T12:33:36","slug":"barnesang-med-oppbevaringsskuff-ekstraseng-mila-cpn","status":"publish","type":"product","link":"https:\/\/babylove.se\/no\/produkt\/barnesang-med-oppbevaringsskuff-ekstraseng-mila-cpn\/","title":{"rendered":"Barneseng med oppbevaringsboks\/ekstraseng, Mila CPN"},"content":{"rendered":"<p>Vi \u00f8nsker velkommen en av v\u00e5re nyheter: MILA CPN BARNESENG! <\/p>\n<p>Denne fantastiske juniorseng er helt h\u00e5ndlaget med stor lidenskap<em>, <\/em>av h\u00f8ykvalitets limlaminert tre.<br \/>\nLimlaminert tre har fordelen, sammenlignet med massivt tre, at de ikke sprekker og at det ikke finnes knaster som p\u00e5virker utseendet. <\/p>\n<p>En stabil og vakker seng av h\u00f8y kvalitet! <\/p>\n<p><strong>Tilvalg<\/strong>: <\/p>\n<ul>\n<li>Farge: natur, gr\u00e5 eller hvit<\/li>\n<li>Ekstra benh\u00f8yde: 10 cm eller 20 cm<\/li>\n<li>Oppbevaringsskuffe\/ekstra seng (hvis du velger oppbevaringsskuffe blir sengbeina 20 cm h\u00f8ye)<\/li>\n<\/ul>\n<p>Madrass er ikke inkludert, men ta gjerne en titt i v\u00e5rt store madrassutvalg. Vi anbefaler en skummadrass med tykkelse p\u00e5 ca 10-12 cm. <\/p>\n<p><strong>Info:<\/strong> <\/p>\n<ul>\n<li>P\u00e5 bildene sees standardben som er ca 5 cm.<\/li>\n<li>Maks vekt. 100 kg<\/li>\n<\/ul>\n<p><strong>M\u00e5l:<\/strong> <\/p>\n<ul>\n<li>Finnes i forskjellige st\u00f8rrelser. M\u00e5lene til venstre i listen gjelder reddm\u00e5l. M\u00e5lene innenfor parentesene (Bredde &amp; Lengde) gjelder den totale st\u00f8rrelsen p\u00e5 sengen.<\/li>\n<\/ul>\n<p><em>Sengen leveres umontert og b\u00f8r settes sammen i rommet den skal brukes i.<\/em> <\/p>\n<p><em>For senger i farge er leveringstiden to uker lengre enn den oppgitte informasjonen.<\/em><\/p>\n","protected":false},"excerpt":{"rendered":"<p>Vi \u00f8nsker velkommen en av v\u00e5re nyheter: MILA CPN BARNESENG! Denne fantastiske juniorseng er helt h\u00e5ndlaget med stor lidenskap, av h\u00f8ykvalitets limlaminert tre. Limlaminert tre har fordelen, sammenlignet med massivt tre, at de ikke sprekker og at det ikke finnes knaster som p\u00e5virker utseendet. En stabil og vakker seng av h\u00f8y kvalitet! Tilvalg: Farge: natur, [&hellip;]<\/p>\n","protected":false},"featured_media":52498,"comment_status":"open","ping_status":"closed","template":"","meta":{"_acf_changed":false},"product_brand":[384],"product_cat":[386,399,269,40],"product_tag":[1689],"class_list":{"0":"post-52496","1":"product","2":"type-product","3":"status-publish","4":"has-post-thumbnail","6":"product_brand-adeko","7":"product_cat-ad","8":"product_cat-store-familiesenger-og-barnesenger","9":"product_cat-juniorsenger","10":"product_cat-soverom-barn","11":"product_tag-bestillingsvaror","12":"pa_farg-gra","13":"pa_farg-vit","14":"pa_farg-natur","15":"pa_forvaringslada-extra-sang-med","16":"pa_forvaringslada-extra-sang-utan","17":"pa_storlek-100x180-b106-l189","18":"pa_storlek-100x190-b106-l199","19":"pa_storlek-100x200-b106-l209","20":"pa_storlek-120x180-b126-l189","21":"pa_storlek-120x190-b126-l199","22":"pa_storlek-120x200-b126-l209","23":"pa_storlek-135x190-b141-l199","24":"pa_storlek-140x190-b146-l199","25":"pa_storlek-140x200-b146-l209","26":"pa_storlek-70x140-b76-l149","27":"pa_storlek-70x160-b76-l169","28":"pa_storlek-80x140-b86-l149","29":"pa_storlek-80x160-b86-l169","30":"pa_storlek-80x180-b86-l189","31":"pa_storlek-80x190-b86-l199","32":"pa_storlek-80x200-b86-l209","33":"pa_storlek-90x140-b96-l149","34":"pa_storlek-90x160-b96-l169","35":"pa_storlek-90x180-b96-l189","36":"pa_storlek-90x190-b96-l199","37":"pa_storlek-90x200-b96-l209","39":"first","40":"instock","41":"taxable","42":"shipping-taxable","43":"purchasable","44":"product-type-variable"},"acf":[],"yoast_head":"<!-- This site is optimized with the Yoast SEO Premium plugin v25.8 (Yoast SEO v27.2) - https:\/\/yoast.com\/product\/yoast-seo-premium-wordpress\/ -->\n<title>Barneseng med oppbevaringsboks\/ekstraseng, Mila CPN - Babylove Norska<\/title>\n<meta name=\"robots\" content=\"noindex, follow, max-snippet:-1, max-image-preview:large, max-video-preview:-1\" \/>\n<meta property=\"og:locale\" content=\"nb_NO\" \/>\n<meta property=\"og:type\" content=\"article\" \/>\n<meta property=\"og:title\" content=\"Barneseng med oppbevaringsboks\/ekstraseng, Mila CPN\" \/>\n<meta property=\"og:description\" content=\"Vi \u00f8nsker velkommen en av v\u00e5re nyheter: MILA CPN BARNESENG! Denne fantastiske juniorseng er helt h\u00e5ndlaget med stor lidenskap, av h\u00f8ykvalitets limlaminert tre. Limlaminert tre har fordelen, sammenlignet med massivt tre, at de ikke sprekker og at det ikke finnes knaster som p\u00e5virker utseendet. En stabil og vakker seng av h\u00f8y kvalitet! Tilvalg: Farge: natur, [&hellip;]\" \/>\n<meta property=\"og:url\" content=\"https:\/\/babylove.se\/no\/produkt\/barnesang-med-oppbevaringsskuff-ekstraseng-mila-cpn\/\" \/>\n<meta property=\"og:site_name\" content=\"Babylove Norska\" \/>\n<meta property=\"article:modified_time\" content=\"2026-04-08T12:33:36+00:00\" \/>\n<meta property=\"og:image\" content=\"https:\/\/babylove.se\/no\/wp-content\/uploads\/sites\/3\/2025\/07\/645dcad30c928.jpeg\" \/>\n\t<meta property=\"og:image:width\" content=\"1200\" \/>\n\t<meta property=\"og:image:height\" content=\"800\" \/>\n\t<meta property=\"og:image:type\" content=\"image\/jpeg\" \/>\n<meta name=\"twitter:card\" content=\"summary_large_image\" \/>\n<meta name=\"twitter:label1\" content=\"Availability\" \/>\n\t<meta name=\"twitter:data1\" content=\"In stock\" \/>\n<script type=\"application\/ld+json\" class=\"yoast-schema-graph\">{\"@context\":\"https:\/\/schema.org\",\"@graph\":[{\"@type\":\"WebPage\",\"@id\":\"https:\/\/babylove.se\/no\/produkt\/barnesang-med-oppbevaringsskuff-ekstraseng-mila-cpn\/\",\"url\":\"https:\/\/babylove.se\/no\/produkt\/barnesang-med-oppbevaringsskuff-ekstraseng-mila-cpn\/\",\"name\":\"Barneseng med oppbevaringsboks\/ekstraseng, Mila CPN - Babylove Norska\",\"isPartOf\":{\"@id\":\"https:\/\/babylove.se\/no\/#website\"},\"primaryImageOfPage\":{\"@id\":\"https:\/\/babylove.se\/no\/produkt\/barnesang-med-oppbevaringsskuff-ekstraseng-mila-cpn\/#primaryimage\"},\"image\":{\"@id\":\"https:\/\/babylove.se\/no\/produkt\/barnesang-med-oppbevaringsskuff-ekstraseng-mila-cpn\/#primaryimage\"},\"thumbnailUrl\":\"https:\/\/babylove.se\/no\/wp-content\/uploads\/sites\/3\/2025\/07\/645dcad30c928.jpeg\",\"datePublished\":\"2025-07-19T10:48:58+00:00\",\"dateModified\":\"2026-04-08T12:33:36+00:00\",\"breadcrumb\":{\"@id\":\"https:\/\/babylove.se\/no\/produkt\/barnesang-med-oppbevaringsskuff-ekstraseng-mila-cpn\/#breadcrumb\"},\"inLanguage\":\"nb-NO\",\"potentialAction\":[{\"@type\":\"ReadAction\",\"target\":[\"https:\/\/babylove.se\/no\/produkt\/barnesang-med-oppbevaringsskuff-ekstraseng-mila-cpn\/\"]}]},{\"@type\":\"ImageObject\",\"inLanguage\":\"nb-NO\",\"@id\":\"https:\/\/babylove.se\/no\/produkt\/barnesang-med-oppbevaringsskuff-ekstraseng-mila-cpn\/#primaryimage\",\"url\":\"https:\/\/babylove.se\/no\/wp-content\/uploads\/sites\/3\/2025\/07\/645dcad30c928.jpeg\",\"contentUrl\":\"https:\/\/babylove.se\/no\/wp-content\/uploads\/sites\/3\/2025\/07\/645dcad30c928.jpeg\",\"width\":1200,\"height\":800},{\"@type\":\"BreadcrumbList\",\"@id\":\"https:\/\/babylove.se\/no\/produkt\/barnesang-med-oppbevaringsskuff-ekstraseng-mila-cpn\/#breadcrumb\",\"itemListElement\":[{\"@type\":\"ListItem\",\"position\":1,\"name\":\"Hem\",\"item\":\"https:\/\/babylove.se\/no\/\"},{\"@type\":\"ListItem\",\"position\":2,\"name\":\"Butik\",\"item\":\"https:\/\/babylove.se\/no\/butik\/\"},{\"@type\":\"ListItem\",\"position\":3,\"name\":\"Barneseng med oppbevaringsboks\/ekstraseng, Mila CPN\"}]},{\"@type\":\"WebSite\",\"@id\":\"https:\/\/babylove.se\/no\/#website\",\"url\":\"https:\/\/babylove.se\/no\/\",\"name\":\"Babylove Norska\",\"description\":\"\",\"potentialAction\":[{\"@type\":\"SearchAction\",\"target\":{\"@type\":\"EntryPoint\",\"urlTemplate\":\"https:\/\/babylove.se\/no\/?s={search_term_string}\"},\"query-input\":{\"@type\":\"PropertyValueSpecification\",\"valueRequired\":true,\"valueName\":\"search_term_string\"}}],\"inLanguage\":\"nb-NO\"}]}<\/script>\n<meta property=\"product:brand\" content=\"Adeko\" \/>\n<meta property=\"og:availability\" content=\"instock\" \/>\n<meta property=\"product:availability\" content=\"instock\" \/>\n<meta property=\"product:retailer_item_id\" content=\"CPN-70140-Natur-Utan\" \/>\n<meta property=\"product:condition\" content=\"new\" \/>\n<!-- \/ Yoast SEO Premium plugin. -->","yoast_head_json":{"title":"Barneseng med oppbevaringsboks\/ekstraseng, Mila CPN - Babylove Norska","robots":{"index":"noindex","follow":"follow","max-snippet":"max-snippet:-1","max-image-preview":"max-image-preview:large","max-video-preview":"max-video-preview:-1"},"og_locale":"nb_NO","og_type":"article","og_title":"Barneseng med oppbevaringsboks\/ekstraseng, Mila CPN","og_description":"Vi \u00f8nsker velkommen en av v\u00e5re nyheter: MILA CPN BARNESENG! Denne fantastiske juniorseng er helt h\u00e5ndlaget med stor lidenskap, av h\u00f8ykvalitets limlaminert tre. Limlaminert tre har fordelen, sammenlignet med massivt tre, at de ikke sprekker og at det ikke finnes knaster som p\u00e5virker utseendet. En stabil og vakker seng av h\u00f8y kvalitet! Tilvalg: Farge: natur, [&hellip;]","og_url":"https:\/\/babylove.se\/no\/produkt\/barnesang-med-oppbevaringsskuff-ekstraseng-mila-cpn\/","og_site_name":"Babylove Norska","article_modified_time":"2026-04-08T12:33:36+00:00","og_image":[{"width":1200,"height":800,"url":"https:\/\/babylove.se\/no\/wp-content\/uploads\/sites\/3\/2025\/07\/645dcad30c928.jpeg","type":"image\/jpeg"}],"twitter_card":"summary_large_image","twitter_misc":{"Availability":"In stock"},"schema":{"@context":"https:\/\/schema.org","@graph":[{"@type":"WebPage","@id":"https:\/\/babylove.se\/no\/produkt\/barnesang-med-oppbevaringsskuff-ekstraseng-mila-cpn\/","url":"https:\/\/babylove.se\/no\/produkt\/barnesang-med-oppbevaringsskuff-ekstraseng-mila-cpn\/","name":"Barneseng med oppbevaringsboks\/ekstraseng, Mila CPN - Babylove Norska","isPartOf":{"@id":"https:\/\/babylove.se\/no\/#website"},"primaryImageOfPage":{"@id":"https:\/\/babylove.se\/no\/produkt\/barnesang-med-oppbevaringsskuff-ekstraseng-mila-cpn\/#primaryimage"},"image":{"@id":"https:\/\/babylove.se\/no\/produkt\/barnesang-med-oppbevaringsskuff-ekstraseng-mila-cpn\/#primaryimage"},"thumbnailUrl":"https:\/\/babylove.se\/no\/wp-content\/uploads\/sites\/3\/2025\/07\/645dcad30c928.jpeg","datePublished":"2025-07-19T10:48:58+00:00","dateModified":"2026-04-08T12:33:36+00:00","breadcrumb":{"@id":"https:\/\/babylove.se\/no\/produkt\/barnesang-med-oppbevaringsskuff-ekstraseng-mila-cpn\/#breadcrumb"},"inLanguage":"nb-NO","potentialAction":[{"@type":"ReadAction","target":["https:\/\/babylove.se\/no\/produkt\/barnesang-med-oppbevaringsskuff-ekstraseng-mila-cpn\/"]}]},{"@type":"ImageObject","inLanguage":"nb-NO","@id":"https:\/\/babylove.se\/no\/produkt\/barnesang-med-oppbevaringsskuff-ekstraseng-mila-cpn\/#primaryimage","url":"https:\/\/babylove.se\/no\/wp-content\/uploads\/sites\/3\/2025\/07\/645dcad30c928.jpeg","contentUrl":"https:\/\/babylove.se\/no\/wp-content\/uploads\/sites\/3\/2025\/07\/645dcad30c928.jpeg","width":1200,"height":800},{"@type":"BreadcrumbList","@id":"https:\/\/babylove.se\/no\/produkt\/barnesang-med-oppbevaringsskuff-ekstraseng-mila-cpn\/#breadcrumb","itemListElement":[{"@type":"ListItem","position":1,"name":"Hem","item":"https:\/\/babylove.se\/no\/"},{"@type":"ListItem","position":2,"name":"Butik","item":"https:\/\/babylove.se\/no\/butik\/"},{"@type":"ListItem","position":3,"name":"Barneseng med oppbevaringsboks\/ekstraseng, Mila CPN"}]},{"@type":"WebSite","@id":"https:\/\/babylove.se\/no\/#website","url":"https:\/\/babylove.se\/no\/","name":"Babylove Norska","description":"","potentialAction":[{"@type":"SearchAction","target":{"@type":"EntryPoint","urlTemplate":"https:\/\/babylove.se\/no\/?s={search_term_string}"},"query-input":{"@type":"PropertyValueSpecification","valueRequired":true,"valueName":"search_term_string"}}],"inLanguage":"nb-NO"}]},"product_brand":"Adeko","og_availability":"instock","product_availability":"instock","product_retailer_item_id":"CPN-70140-Natur-Utan","product_condition":"new"},"_links":{"self":[{"href":"https:\/\/babylove.se\/no\/wp-json\/wp\/v2\/product\/52496","targetHints":{"allow":["GET"]}}],"collection":[{"href":"https:\/\/babylove.se\/no\/wp-json\/wp\/v2\/product"}],"about":[{"href":"https:\/\/babylove.se\/no\/wp-json\/wp\/v2\/types\/product"}],"replies":[{"embeddable":true,"href":"https:\/\/babylove.se\/no\/wp-json\/wp\/v2\/comments?post=52496"}],"wp:featuredmedia":[{"embeddable":true,"href":"https:\/\/babylove.se\/no\/wp-json\/wp\/v2\/media\/52498"}],"wp:attachment":[{"href":"https:\/\/babylove.se\/no\/wp-json\/wp\/v2\/media?parent=52496"}],"wp:term":[{"taxonomy":"product_brand","embeddable":true,"href":"https:\/\/babylove.se\/no\/wp-json\/wp\/v2\/product_brand?post=52496"},{"taxonomy":"product_cat","embeddable":true,"href":"https:\/\/babylove.se\/no\/wp-json\/wp\/v2\/product_cat?post=52496"},{"taxonomy":"product_tag","embeddable":true,"href":"https:\/\/babylove.se\/no\/wp-json\/wp\/v2\/product_tag?post=52496"}],"curies":[{"name":"wp","href":"https:\/\/api.w.org\/{rel}","templated":true}]}}