{"id":5258,"date":"2025-07-18T20:28:17","date_gmt":"2025-07-18T19:28:17","guid":{"rendered":"https:\/\/babylove.se\/produkt\/liewood-snuttefilt-hannah-cat-sweet-rose-2-pack\/"},"modified":"2026-04-08T08:16:11","modified_gmt":"2026-04-08T07:16:11","slug":"liewood-snuteteppe-hannah-cat-sweet-rose-2-pack","status":"publish","type":"product","link":"https:\/\/babylove.se\/no\/produkt\/liewood-snuteteppe-hannah-cat-sweet-rose-2-pack\/","title":{"rendered":"Liewood snuteteppe Hannah Cat Sweet Rose &#8211; 2 pack"},"content":{"rendered":"<p><strong>Liewood snuteklut Hannah Cat Sweet Rose &#8211; 2 pack &#8211; sendes innen 24 timer ! <\/strong> <\/p>\n<p>Et mykt og s\u00f8tt lite teppe fra det danske selskapet Liewood som du vil kunne bruke til de fleste situasjoner. Bruk det som snuteklut, eller hvorfor ikke p\u00e5 skulderen din n\u00e5r du skal rappe din lille baby etter maten. Kommer i et 2-pack i valgt farge, s\u00e5 du har alltid en tilgjengelig. En meget popul\u00e6r og verdsatt snuteklut. <\/p>\n<p>M\u00e5l: 70 x 70 cm (2 stk.) <\/p>\n<p>Materiale: 100 % organisk bomull <\/p>\n<p>Designer: <a href=\"https:\/\/babylove.se\/varumarken\/liewood\"><u>Liewood<\/u><\/a><\/p>\n","protected":false},"excerpt":{"rendered":"<p>Liewood snuteklut Hannah Cat Sweet Rose &#8211; 2 pack &#8211; sendes innen 24 timer ! Et mykt og s\u00f8tt lite teppe fra det danske selskapet Liewood som du vil kunne bruke til de fleste situasjoner. Bruk det som snuteklut, eller hvorfor ikke p\u00e5 skulderen din n\u00e5r du skal rappe din lille baby etter maten. Kommer [&hellip;]<\/p>\n","protected":false},"featured_media":5260,"comment_status":"closed","ping_status":"closed","template":"","meta":{"_acf_changed":false},"product_brand":[282],"product_cat":[283,49,48],"product_tag":[],"class_list":{"0":"post-5258","1":"product","2":"type-product","3":"status-publish","4":"has-post-thumbnail","6":"product_brand-liewood","7":"product_cat-liewood","8":"product_cat-snutetepper","9":"product_cat-startside","11":"first","12":"outofstock","13":"taxable","14":"shipping-taxable","15":"purchasable","16":"product-type-simple"},"acf":[],"yoast_head":"<!-- This site is optimized with the Yoast SEO Premium plugin v25.8 (Yoast SEO v27.2) - https:\/\/yoast.com\/product\/yoast-seo-premium-wordpress\/ -->\n<title>Liewood snuteteppe Hannah Cat Sweet Rose - 2 pack - Babylove Norska<\/title>\n<meta name=\"robots\" content=\"noindex, follow, max-snippet:-1, max-image-preview:large, max-video-preview:-1\" \/>\n<meta property=\"og:locale\" content=\"nb_NO\" \/>\n<meta property=\"og:type\" content=\"article\" \/>\n<meta property=\"og:title\" content=\"Liewood snuteteppe Hannah Cat Sweet Rose - 2 pack\" \/>\n<meta property=\"og:description\" content=\"Liewood snuteklut Hannah Cat Sweet Rose &#8211; 2 pack &#8211; sendes innen 24 timer ! Et mykt og s\u00f8tt lite teppe fra det danske selskapet Liewood som du vil kunne bruke til de fleste situasjoner. Bruk det som snuteklut, eller hvorfor ikke p\u00e5 skulderen din n\u00e5r du skal rappe din lille baby etter maten. Kommer [&hellip;]\" \/>\n<meta property=\"og:url\" content=\"https:\/\/babylove.se\/no\/produkt\/liewood-snuteteppe-hannah-cat-sweet-rose-2-pack\/\" \/>\n<meta property=\"og:site_name\" content=\"Babylove Norska\" \/>\n<meta property=\"article:modified_time\" content=\"2026-04-08T07:16:11+00:00\" \/>\n<meta property=\"og:image\" content=\"https:\/\/babylove.se\/no\/wp-content\/uploads\/sites\/3\/2025\/07\/5a0de2ecf38e1.jpeg\" \/>\n\t<meta property=\"og:image:width\" content=\"600\" \/>\n\t<meta property=\"og:image:height\" content=\"600\" \/>\n\t<meta property=\"og:image:type\" content=\"image\/jpeg\" \/>\n<meta name=\"twitter:card\" content=\"summary_large_image\" \/>\n<meta name=\"twitter:label1\" content=\"Price\" \/>\n\t<meta name=\"twitter:data1\" content=\"159,00&nbsp;&#107;&#114;\" \/>\n\t<meta name=\"twitter:label2\" content=\"Availability\" \/>\n\t<meta name=\"twitter:data2\" content=\"Out of stock\" \/>\n<script type=\"application\/ld+json\" class=\"yoast-schema-graph\">{\"@context\":\"https:\/\/schema.org\",\"@graph\":[{\"@type\":\"WebPage\",\"@id\":\"https:\/\/babylove.se\/no\/produkt\/liewood-snuteteppe-hannah-cat-sweet-rose-2-pack\/\",\"url\":\"https:\/\/babylove.se\/no\/produkt\/liewood-snuteteppe-hannah-cat-sweet-rose-2-pack\/\",\"name\":\"Liewood snuteteppe Hannah Cat Sweet Rose - 2 pack - Babylove Norska\",\"isPartOf\":{\"@id\":\"https:\/\/babylove.se\/no\/#website\"},\"primaryImageOfPage\":{\"@id\":\"https:\/\/babylove.se\/no\/produkt\/liewood-snuteteppe-hannah-cat-sweet-rose-2-pack\/#primaryimage\"},\"image\":{\"@id\":\"https:\/\/babylove.se\/no\/produkt\/liewood-snuteteppe-hannah-cat-sweet-rose-2-pack\/#primaryimage\"},\"thumbnailUrl\":\"https:\/\/babylove.se\/no\/wp-content\/uploads\/sites\/3\/2025\/07\/5a0de2ecf38e1.jpeg\",\"datePublished\":\"2025-07-18T19:28:17+00:00\",\"dateModified\":\"2026-04-08T07:16:11+00:00\",\"breadcrumb\":{\"@id\":\"https:\/\/babylove.se\/no\/produkt\/liewood-snuteteppe-hannah-cat-sweet-rose-2-pack\/#breadcrumb\"},\"inLanguage\":\"nb-NO\",\"potentialAction\":[{\"@type\":\"ReadAction\",\"target\":[\"https:\/\/babylove.se\/no\/produkt\/liewood-snuteteppe-hannah-cat-sweet-rose-2-pack\/\"]}]},{\"@type\":\"ImageObject\",\"inLanguage\":\"nb-NO\",\"@id\":\"https:\/\/babylove.se\/no\/produkt\/liewood-snuteteppe-hannah-cat-sweet-rose-2-pack\/#primaryimage\",\"url\":\"https:\/\/babylove.se\/no\/wp-content\/uploads\/sites\/3\/2025\/07\/5a0de2ecf38e1.jpeg\",\"contentUrl\":\"https:\/\/babylove.se\/no\/wp-content\/uploads\/sites\/3\/2025\/07\/5a0de2ecf38e1.jpeg\",\"width\":600,\"height\":600},{\"@type\":\"BreadcrumbList\",\"@id\":\"https:\/\/babylove.se\/no\/produkt\/liewood-snuteteppe-hannah-cat-sweet-rose-2-pack\/#breadcrumb\",\"itemListElement\":[{\"@type\":\"ListItem\",\"position\":1,\"name\":\"Hem\",\"item\":\"https:\/\/babylove.se\/no\/\"},{\"@type\":\"ListItem\",\"position\":2,\"name\":\"Butik\",\"item\":\"https:\/\/babylove.se\/no\/butik\/\"},{\"@type\":\"ListItem\",\"position\":3,\"name\":\"Liewood snuteteppe Hannah Cat Sweet Rose &#8211; 2 pack\"}]},{\"@type\":\"WebSite\",\"@id\":\"https:\/\/babylove.se\/no\/#website\",\"url\":\"https:\/\/babylove.se\/no\/\",\"name\":\"Babylove Norska\",\"description\":\"\",\"potentialAction\":[{\"@type\":\"SearchAction\",\"target\":{\"@type\":\"EntryPoint\",\"urlTemplate\":\"https:\/\/babylove.se\/no\/?s={search_term_string}\"},\"query-input\":{\"@type\":\"PropertyValueSpecification\",\"valueRequired\":true,\"valueName\":\"search_term_string\"}}],\"inLanguage\":\"nb-NO\"}]}<\/script>\n<meta property=\"product:brand\" content=\"Liewood\" \/>\n<meta property=\"product:price:amount\" content=\"159.00\" \/>\n<meta property=\"product:price:currency\" content=\"SEK\" \/>\n<meta property=\"og:availability\" content=\"out of stock\" \/>\n<meta property=\"product:availability\" content=\"out of stock\" \/>\n<meta property=\"product:retailer_item_id\" content=\"1612\" \/>\n<meta property=\"product:condition\" content=\"new\" \/>\n<!-- \/ Yoast SEO Premium plugin. -->","yoast_head_json":{"title":"Liewood snuteteppe Hannah Cat Sweet Rose - 2 pack - Babylove Norska","robots":{"index":"noindex","follow":"follow","max-snippet":"max-snippet:-1","max-image-preview":"max-image-preview:large","max-video-preview":"max-video-preview:-1"},"og_locale":"nb_NO","og_type":"article","og_title":"Liewood snuteteppe Hannah Cat Sweet Rose - 2 pack","og_description":"Liewood snuteklut Hannah Cat Sweet Rose &#8211; 2 pack &#8211; sendes innen 24 timer ! Et mykt og s\u00f8tt lite teppe fra det danske selskapet Liewood som du vil kunne bruke til de fleste situasjoner. Bruk det som snuteklut, eller hvorfor ikke p\u00e5 skulderen din n\u00e5r du skal rappe din lille baby etter maten. Kommer [&hellip;]","og_url":"https:\/\/babylove.se\/no\/produkt\/liewood-snuteteppe-hannah-cat-sweet-rose-2-pack\/","og_site_name":"Babylove Norska","article_modified_time":"2026-04-08T07:16:11+00:00","og_image":[{"width":600,"height":600,"url":"https:\/\/babylove.se\/no\/wp-content\/uploads\/sites\/3\/2025\/07\/5a0de2ecf38e1.jpeg","type":"image\/jpeg"}],"twitter_card":"summary_large_image","twitter_misc":{"Price":"159,00&nbsp;&#107;&#114;","Availability":"Out of stock"},"schema":{"@context":"https:\/\/schema.org","@graph":[{"@type":"WebPage","@id":"https:\/\/babylove.se\/no\/produkt\/liewood-snuteteppe-hannah-cat-sweet-rose-2-pack\/","url":"https:\/\/babylove.se\/no\/produkt\/liewood-snuteteppe-hannah-cat-sweet-rose-2-pack\/","name":"Liewood snuteteppe Hannah Cat Sweet Rose - 2 pack - Babylove Norska","isPartOf":{"@id":"https:\/\/babylove.se\/no\/#website"},"primaryImageOfPage":{"@id":"https:\/\/babylove.se\/no\/produkt\/liewood-snuteteppe-hannah-cat-sweet-rose-2-pack\/#primaryimage"},"image":{"@id":"https:\/\/babylove.se\/no\/produkt\/liewood-snuteteppe-hannah-cat-sweet-rose-2-pack\/#primaryimage"},"thumbnailUrl":"https:\/\/babylove.se\/no\/wp-content\/uploads\/sites\/3\/2025\/07\/5a0de2ecf38e1.jpeg","datePublished":"2025-07-18T19:28:17+00:00","dateModified":"2026-04-08T07:16:11+00:00","breadcrumb":{"@id":"https:\/\/babylove.se\/no\/produkt\/liewood-snuteteppe-hannah-cat-sweet-rose-2-pack\/#breadcrumb"},"inLanguage":"nb-NO","potentialAction":[{"@type":"ReadAction","target":["https:\/\/babylove.se\/no\/produkt\/liewood-snuteteppe-hannah-cat-sweet-rose-2-pack\/"]}]},{"@type":"ImageObject","inLanguage":"nb-NO","@id":"https:\/\/babylove.se\/no\/produkt\/liewood-snuteteppe-hannah-cat-sweet-rose-2-pack\/#primaryimage","url":"https:\/\/babylove.se\/no\/wp-content\/uploads\/sites\/3\/2025\/07\/5a0de2ecf38e1.jpeg","contentUrl":"https:\/\/babylove.se\/no\/wp-content\/uploads\/sites\/3\/2025\/07\/5a0de2ecf38e1.jpeg","width":600,"height":600},{"@type":"BreadcrumbList","@id":"https:\/\/babylove.se\/no\/produkt\/liewood-snuteteppe-hannah-cat-sweet-rose-2-pack\/#breadcrumb","itemListElement":[{"@type":"ListItem","position":1,"name":"Hem","item":"https:\/\/babylove.se\/no\/"},{"@type":"ListItem","position":2,"name":"Butik","item":"https:\/\/babylove.se\/no\/butik\/"},{"@type":"ListItem","position":3,"name":"Liewood snuteteppe Hannah Cat Sweet Rose &#8211; 2 pack"}]},{"@type":"WebSite","@id":"https:\/\/babylove.se\/no\/#website","url":"https:\/\/babylove.se\/no\/","name":"Babylove Norska","description":"","potentialAction":[{"@type":"SearchAction","target":{"@type":"EntryPoint","urlTemplate":"https:\/\/babylove.se\/no\/?s={search_term_string}"},"query-input":{"@type":"PropertyValueSpecification","valueRequired":true,"valueName":"search_term_string"}}],"inLanguage":"nb-NO"}]},"product_brand":"Liewood","product_price_amount":"159.00","product_price_currency":"SEK","og_availability":"out of stock","product_availability":"out of stock","product_retailer_item_id":"1612","product_condition":"new"},"_links":{"self":[{"href":"https:\/\/babylove.se\/no\/wp-json\/wp\/v2\/product\/5258","targetHints":{"allow":["GET"]}}],"collection":[{"href":"https:\/\/babylove.se\/no\/wp-json\/wp\/v2\/product"}],"about":[{"href":"https:\/\/babylove.se\/no\/wp-json\/wp\/v2\/types\/product"}],"replies":[{"embeddable":true,"href":"https:\/\/babylove.se\/no\/wp-json\/wp\/v2\/comments?post=5258"}],"wp:featuredmedia":[{"embeddable":true,"href":"https:\/\/babylove.se\/no\/wp-json\/wp\/v2\/media\/5260"}],"wp:attachment":[{"href":"https:\/\/babylove.se\/no\/wp-json\/wp\/v2\/media?parent=5258"}],"wp:term":[{"taxonomy":"product_brand","embeddable":true,"href":"https:\/\/babylove.se\/no\/wp-json\/wp\/v2\/product_brand?post=5258"},{"taxonomy":"product_cat","embeddable":true,"href":"https:\/\/babylove.se\/no\/wp-json\/wp\/v2\/product_cat?post=5258"},{"taxonomy":"product_tag","embeddable":true,"href":"https:\/\/babylove.se\/no\/wp-json\/wp\/v2\/product_tag?post=5258"}],"curies":[{"name":"wp","href":"https:\/\/api.w.org\/{rel}","templated":true}]}}