{"id":52793,"date":"2025-07-19T11:56:27","date_gmt":"2025-07-19T10:56:27","guid":{"rendered":"https:\/\/babylove.se\/produkt\/meow-hjalpa-till-pall-svartnatur\/"},"modified":"2026-04-08T13:34:20","modified_gmt":"2026-04-08T12:34:20","slug":"hjelpe-til-pall-svartnatur","status":"publish","type":"product","link":"https:\/\/babylove.se\/no\/produkt\/hjelpe-til-pall-svartnatur\/","title":{"rendered":"Meow, Hjelpe til krakk, svart\/natur"},"content":{"rendered":"<p>Aldri f\u00f8r har det v\u00e6rt enklere \u00e5 p\u00e5 en sikker (og stilsikker) m\u00e5te la stjernekokker ta plass p\u00e5 kj\u00f8kkenet!<\/p>\n<p>Fungerer like bra for minisnekkeren, maleren, eller hvor man m\u00e5tte tenkes \u00e5 hjelpe til men ikke helt n\u00e5r opp.<\/p>\n<p>Fotsteget kan justeres i h\u00f8yde for p\u00e5 en smidig m\u00e5te f\u00f8lge med n\u00e5r barnet vokser.<\/p>\n<p><strong>M\u00e5l<\/strong>:&nbsp;<\/p>\n<ul>\n<li>H\u00f8yde 90 cm. Bredde 39 cm.&nbsp;<\/li>\n<li>Fotsteg h\u00f8yde: 20, 33 eller 46 cm fra gulvet.<\/li>\n<\/ul>\n<p><strong>Material<\/strong>: Plywood<\/p>\n<p>Designer: <a href=\"https:\/\/babylove.se\/varumarken\/meow\">Meow<\/a><\/p>\n","protected":false},"excerpt":{"rendered":"<p>Aldri f\u00f8r har det v\u00e6rt enklere \u00e5 p\u00e5 en sikker (og stilsikker) m\u00e5te la stjernekokker ta plass p\u00e5 kj\u00f8kkenet! Fungerer like bra for minisnekkeren, maleren, eller hvor man m\u00e5tte tenkes \u00e5 hjelpe til men ikke helt n\u00e5r opp. Fotsteget kan justeres i h\u00f8yde for p\u00e5 en smidig m\u00e5te f\u00f8lge med n\u00e5r barnet vokser. M\u00e5l:&nbsp; H\u00f8yde [&hellip;]<\/p>\n","protected":false},"featured_media":52795,"comment_status":"closed","ping_status":"open","template":"","meta":{"_acf_changed":false},"product_brand":[774],"product_cat":[911,775],"product_tag":[1689],"class_list":{"0":"post-52793","1":"product","2":"type-product","3":"status-publish","4":"has-post-thumbnail","6":"product_brand-meow","7":"product_cat-hjelpe-til-pall","8":"product_cat-meow","9":"product_tag-bestillingsvaror","11":"first","12":"outofstock","13":"taxable","14":"shipping-taxable","15":"purchasable","16":"product-type-simple"},"acf":[],"yoast_head":"<!-- This site is optimized with the Yoast SEO Premium plugin v25.8 (Yoast SEO v27.2) - https:\/\/yoast.com\/product\/yoast-seo-premium-wordpress\/ -->\n<title>Meow, Hjelpe til krakk, svart\/natur - Babylove Norska<\/title>\n<meta name=\"robots\" content=\"noindex, follow, max-snippet:-1, max-image-preview:large, max-video-preview:-1\" \/>\n<meta property=\"og:locale\" content=\"nb_NO\" \/>\n<meta property=\"og:type\" content=\"article\" \/>\n<meta property=\"og:title\" content=\"Meow, Hjelpe til krakk, svart\/natur\" \/>\n<meta property=\"og:description\" content=\"Aldri f\u00f8r har det v\u00e6rt enklere \u00e5 p\u00e5 en sikker (og stilsikker) m\u00e5te la stjernekokker ta plass p\u00e5 kj\u00f8kkenet! Fungerer like bra for minisnekkeren, maleren, eller hvor man m\u00e5tte tenkes \u00e5 hjelpe til men ikke helt n\u00e5r opp. Fotsteget kan justeres i h\u00f8yde for p\u00e5 en smidig m\u00e5te f\u00f8lge med n\u00e5r barnet vokser. M\u00e5l:&nbsp; H\u00f8yde [&hellip;]\" \/>\n<meta property=\"og:url\" content=\"https:\/\/babylove.se\/no\/produkt\/hjelpe-til-pall-svartnatur\/\" \/>\n<meta property=\"og:site_name\" content=\"Babylove Norska\" \/>\n<meta property=\"article:modified_time\" content=\"2026-04-08T12:34:20+00:00\" \/>\n<meta property=\"og:image\" content=\"https:\/\/babylove.se\/no\/wp-content\/uploads\/sites\/3\/2025\/07\/6486dad5d213a.jpeg\" \/>\n\t<meta property=\"og:image:width\" content=\"1080\" \/>\n\t<meta property=\"og:image:height\" content=\"1080\" \/>\n\t<meta property=\"og:image:type\" content=\"image\/jpeg\" \/>\n<meta name=\"twitter:card\" content=\"summary_large_image\" \/>\n<meta name=\"twitter:label1\" content=\"Price\" \/>\n\t<meta name=\"twitter:data1\" content=\"1 779,00&nbsp;&#107;&#114;\" \/>\n\t<meta name=\"twitter:label2\" content=\"Availability\" \/>\n\t<meta name=\"twitter:data2\" content=\"Out of stock\" \/>\n<script type=\"application\/ld+json\" class=\"yoast-schema-graph\">{\"@context\":\"https:\/\/schema.org\",\"@graph\":[{\"@type\":\"WebPage\",\"@id\":\"https:\/\/babylove.se\/no\/produkt\/hjelpe-til-pall-svartnatur\/\",\"url\":\"https:\/\/babylove.se\/no\/produkt\/hjelpe-til-pall-svartnatur\/\",\"name\":\"Meow, Hjelpe til krakk, svart\/natur - Babylove Norska\",\"isPartOf\":{\"@id\":\"https:\/\/babylove.se\/no\/#website\"},\"primaryImageOfPage\":{\"@id\":\"https:\/\/babylove.se\/no\/produkt\/hjelpe-til-pall-svartnatur\/#primaryimage\"},\"image\":{\"@id\":\"https:\/\/babylove.se\/no\/produkt\/hjelpe-til-pall-svartnatur\/#primaryimage\"},\"thumbnailUrl\":\"https:\/\/babylove.se\/no\/wp-content\/uploads\/sites\/3\/2025\/07\/6486dad5d213a.jpeg\",\"datePublished\":\"2025-07-19T10:56:27+00:00\",\"dateModified\":\"2026-04-08T12:34:20+00:00\",\"breadcrumb\":{\"@id\":\"https:\/\/babylove.se\/no\/produkt\/hjelpe-til-pall-svartnatur\/#breadcrumb\"},\"inLanguage\":\"nb-NO\",\"potentialAction\":[{\"@type\":\"ReadAction\",\"target\":[\"https:\/\/babylove.se\/no\/produkt\/hjelpe-til-pall-svartnatur\/\"]}]},{\"@type\":\"ImageObject\",\"inLanguage\":\"nb-NO\",\"@id\":\"https:\/\/babylove.se\/no\/produkt\/hjelpe-til-pall-svartnatur\/#primaryimage\",\"url\":\"https:\/\/babylove.se\/no\/wp-content\/uploads\/sites\/3\/2025\/07\/6486dad5d213a.jpeg\",\"contentUrl\":\"https:\/\/babylove.se\/no\/wp-content\/uploads\/sites\/3\/2025\/07\/6486dad5d213a.jpeg\",\"width\":1080,\"height\":1080},{\"@type\":\"BreadcrumbList\",\"@id\":\"https:\/\/babylove.se\/no\/produkt\/hjelpe-til-pall-svartnatur\/#breadcrumb\",\"itemListElement\":[{\"@type\":\"ListItem\",\"position\":1,\"name\":\"Hem\",\"item\":\"https:\/\/babylove.se\/no\/\"},{\"@type\":\"ListItem\",\"position\":2,\"name\":\"Butik\",\"item\":\"https:\/\/babylove.se\/no\/butik\/\"},{\"@type\":\"ListItem\",\"position\":3,\"name\":\"Meow, Hjelpe til krakk, svart\/natur\"}]},{\"@type\":\"WebSite\",\"@id\":\"https:\/\/babylove.se\/no\/#website\",\"url\":\"https:\/\/babylove.se\/no\/\",\"name\":\"Babylove Norska\",\"description\":\"\",\"potentialAction\":[{\"@type\":\"SearchAction\",\"target\":{\"@type\":\"EntryPoint\",\"urlTemplate\":\"https:\/\/babylove.se\/no\/?s={search_term_string}\"},\"query-input\":{\"@type\":\"PropertyValueSpecification\",\"valueRequired\":true,\"valueName\":\"search_term_string\"}}],\"inLanguage\":\"nb-NO\"}]}<\/script>\n<meta property=\"product:brand\" content=\"Meow\" \/>\n<meta property=\"product:price:amount\" content=\"1779.00\" \/>\n<meta property=\"product:price:currency\" content=\"SEK\" \/>\n<meta property=\"og:availability\" content=\"out of stock\" \/>\n<meta property=\"product:availability\" content=\"out of stock\" \/>\n<meta property=\"product:retailer_item_id\" content=\"KH01011CMIE\" \/>\n<meta property=\"product:condition\" content=\"new\" \/>\n<!-- \/ Yoast SEO Premium plugin. -->","yoast_head_json":{"title":"Meow, Hjelpe til krakk, svart\/natur - Babylove Norska","robots":{"index":"noindex","follow":"follow","max-snippet":"max-snippet:-1","max-image-preview":"max-image-preview:large","max-video-preview":"max-video-preview:-1"},"og_locale":"nb_NO","og_type":"article","og_title":"Meow, Hjelpe til krakk, svart\/natur","og_description":"Aldri f\u00f8r har det v\u00e6rt enklere \u00e5 p\u00e5 en sikker (og stilsikker) m\u00e5te la stjernekokker ta plass p\u00e5 kj\u00f8kkenet! Fungerer like bra for minisnekkeren, maleren, eller hvor man m\u00e5tte tenkes \u00e5 hjelpe til men ikke helt n\u00e5r opp. Fotsteget kan justeres i h\u00f8yde for p\u00e5 en smidig m\u00e5te f\u00f8lge med n\u00e5r barnet vokser. M\u00e5l:&nbsp; H\u00f8yde [&hellip;]","og_url":"https:\/\/babylove.se\/no\/produkt\/hjelpe-til-pall-svartnatur\/","og_site_name":"Babylove Norska","article_modified_time":"2026-04-08T12:34:20+00:00","og_image":[{"width":1080,"height":1080,"url":"https:\/\/babylove.se\/no\/wp-content\/uploads\/sites\/3\/2025\/07\/6486dad5d213a.jpeg","type":"image\/jpeg"}],"twitter_card":"summary_large_image","twitter_misc":{"Price":"1 779,00&nbsp;&#107;&#114;","Availability":"Out of stock"},"schema":{"@context":"https:\/\/schema.org","@graph":[{"@type":"WebPage","@id":"https:\/\/babylove.se\/no\/produkt\/hjelpe-til-pall-svartnatur\/","url":"https:\/\/babylove.se\/no\/produkt\/hjelpe-til-pall-svartnatur\/","name":"Meow, Hjelpe til krakk, svart\/natur - Babylove Norska","isPartOf":{"@id":"https:\/\/babylove.se\/no\/#website"},"primaryImageOfPage":{"@id":"https:\/\/babylove.se\/no\/produkt\/hjelpe-til-pall-svartnatur\/#primaryimage"},"image":{"@id":"https:\/\/babylove.se\/no\/produkt\/hjelpe-til-pall-svartnatur\/#primaryimage"},"thumbnailUrl":"https:\/\/babylove.se\/no\/wp-content\/uploads\/sites\/3\/2025\/07\/6486dad5d213a.jpeg","datePublished":"2025-07-19T10:56:27+00:00","dateModified":"2026-04-08T12:34:20+00:00","breadcrumb":{"@id":"https:\/\/babylove.se\/no\/produkt\/hjelpe-til-pall-svartnatur\/#breadcrumb"},"inLanguage":"nb-NO","potentialAction":[{"@type":"ReadAction","target":["https:\/\/babylove.se\/no\/produkt\/hjelpe-til-pall-svartnatur\/"]}]},{"@type":"ImageObject","inLanguage":"nb-NO","@id":"https:\/\/babylove.se\/no\/produkt\/hjelpe-til-pall-svartnatur\/#primaryimage","url":"https:\/\/babylove.se\/no\/wp-content\/uploads\/sites\/3\/2025\/07\/6486dad5d213a.jpeg","contentUrl":"https:\/\/babylove.se\/no\/wp-content\/uploads\/sites\/3\/2025\/07\/6486dad5d213a.jpeg","width":1080,"height":1080},{"@type":"BreadcrumbList","@id":"https:\/\/babylove.se\/no\/produkt\/hjelpe-til-pall-svartnatur\/#breadcrumb","itemListElement":[{"@type":"ListItem","position":1,"name":"Hem","item":"https:\/\/babylove.se\/no\/"},{"@type":"ListItem","position":2,"name":"Butik","item":"https:\/\/babylove.se\/no\/butik\/"},{"@type":"ListItem","position":3,"name":"Meow, Hjelpe til krakk, svart\/natur"}]},{"@type":"WebSite","@id":"https:\/\/babylove.se\/no\/#website","url":"https:\/\/babylove.se\/no\/","name":"Babylove Norska","description":"","potentialAction":[{"@type":"SearchAction","target":{"@type":"EntryPoint","urlTemplate":"https:\/\/babylove.se\/no\/?s={search_term_string}"},"query-input":{"@type":"PropertyValueSpecification","valueRequired":true,"valueName":"search_term_string"}}],"inLanguage":"nb-NO"}]},"product_brand":"Meow","product_price_amount":"1779.00","product_price_currency":"SEK","og_availability":"out of stock","product_availability":"out of stock","product_retailer_item_id":"KH01011CMIE","product_condition":"new"},"_links":{"self":[{"href":"https:\/\/babylove.se\/no\/wp-json\/wp\/v2\/product\/52793","targetHints":{"allow":["GET"]}}],"collection":[{"href":"https:\/\/babylove.se\/no\/wp-json\/wp\/v2\/product"}],"about":[{"href":"https:\/\/babylove.se\/no\/wp-json\/wp\/v2\/types\/product"}],"replies":[{"embeddable":true,"href":"https:\/\/babylove.se\/no\/wp-json\/wp\/v2\/comments?post=52793"}],"wp:featuredmedia":[{"embeddable":true,"href":"https:\/\/babylove.se\/no\/wp-json\/wp\/v2\/media\/52795"}],"wp:attachment":[{"href":"https:\/\/babylove.se\/no\/wp-json\/wp\/v2\/media?parent=52793"}],"wp:term":[{"taxonomy":"product_brand","embeddable":true,"href":"https:\/\/babylove.se\/no\/wp-json\/wp\/v2\/product_brand?post=52793"},{"taxonomy":"product_cat","embeddable":true,"href":"https:\/\/babylove.se\/no\/wp-json\/wp\/v2\/product_cat?post=52793"},{"taxonomy":"product_tag","embeddable":true,"href":"https:\/\/babylove.se\/no\/wp-json\/wp\/v2\/product_tag?post=52793"}],"curies":[{"name":"wp","href":"https:\/\/api.w.org\/{rel}","templated":true}]}}