{"id":52827,"date":"2025-07-19T11:56:59","date_gmt":"2025-07-19T10:56:59","guid":{"rendered":"https:\/\/babylove.se\/produkt\/moi-mili-lekmatta-bil-jeans\/"},"modified":"2026-05-11T13:02:37","modified_gmt":"2026-05-11T12:02:37","slug":"moi-mili-lekematte-bil-jeans","status":"publish","type":"product","link":"https:\/\/babylove.se\/no\/produkt\/moi-mili-lekematte-bil-jeans\/","title":{"rendered":"Moi Mili, lekematte bil, Jeans"},"content":{"rendered":"<p>Steg inn i bilenes dr\u00f8mmeverden med dette leketet fra Moi Milis nye kolleksjon <em>Dreams on wheels<\/em>! <\/p>\n<p>Lekematta er en fantastisk interi\u00f8rdetalj for barnerommet, men kan ogs\u00e5 brukes utend\u00f8rs p\u00e5 balkongen eller i hagen! Ekstra omtanke er lagt ned p\u00e5 den i\u00f8ynefallende designen med h\u00e5ndbroderier som gj\u00f8r hver matte unik. <\/p>\n<p><span style=\"background-color: initial; text-align: initial;\">Utviklet med barnenes beste i tankene, og er derfor laget bare av n\u00f8ye utvalgt bomull av h\u00f8y kvalitet.<\/span> Perfekt for barn \u00e5 leke og v\u00e6re p\u00e5. <\/p>\n<p>Du holder den enkelt ren da den kan vaskes i 30 grader. <\/p>\n<p><strong>M\u00e5l<\/strong>: 120cm x 85cm <\/p>\n<p><strong>Material<\/strong>: 100 % bomull. <\/p>\n<p>Designer: <a href=\"https:\/\/babylove.se\/varumarken\/moi-mili\">Moi Mili<\/a><\/p>\n","protected":false},"excerpt":{"rendered":"<p>Steg inn i bilenes dr\u00f8mmeverden med dette leketet fra Moi Milis nye kolleksjon Dreams on wheels! Lekematta er en fantastisk interi\u00f8rdetalj for barnerommet, men kan ogs\u00e5 brukes utend\u00f8rs p\u00e5 balkongen eller i hagen! Ekstra omtanke er lagt ned p\u00e5 den i\u00f8ynefallende designen med h\u00e5ndbroderier som gj\u00f8r hver matte unik. Utviklet med barnenes beste i tankene, [&hellip;]<\/p>\n","protected":false},"featured_media":52829,"comment_status":"closed","ping_status":"closed","template":"","meta":{"_acf_changed":false},"product_brand":[912],"product_cat":[1714,52,913,135],"product_tag":[1689],"class_list":{"0":"post-52827","1":"product","2":"type-product","3":"status-publish","4":"has-post-thumbnail","6":"product_brand-moi-mili","7":"product_cat-biler","8":"product_cat-lekematter","9":"product_cat-moi-mili","10":"product_cat-tepper","11":"product_tag-bestillingsvaror","13":"first","14":"instock","15":"taxable","16":"shipping-taxable","17":"purchasable","18":"product-type-simple"},"acf":[],"yoast_head":"<!-- This site is optimized with the Yoast SEO Premium plugin v25.8 (Yoast SEO v27.2) - https:\/\/yoast.com\/product\/yoast-seo-premium-wordpress\/ -->\n<title>Moi Mili, lekematte bil, Jeans - Babylove Norska<\/title>\n<meta name=\"robots\" content=\"noindex, follow, max-snippet:-1, max-image-preview:large, max-video-preview:-1\" \/>\n<meta property=\"og:locale\" content=\"nb_NO\" \/>\n<meta property=\"og:type\" content=\"article\" \/>\n<meta property=\"og:title\" content=\"Moi Mili, lekematte bil, Jeans\" \/>\n<meta property=\"og:description\" content=\"Steg inn i bilenes dr\u00f8mmeverden med dette leketet fra Moi Milis nye kolleksjon Dreams on wheels! Lekematta er en fantastisk interi\u00f8rdetalj for barnerommet, men kan ogs\u00e5 brukes utend\u00f8rs p\u00e5 balkongen eller i hagen! Ekstra omtanke er lagt ned p\u00e5 den i\u00f8ynefallende designen med h\u00e5ndbroderier som gj\u00f8r hver matte unik. Utviklet med barnenes beste i tankene, [&hellip;]\" \/>\n<meta property=\"og:url\" content=\"https:\/\/babylove.se\/no\/produkt\/moi-mili-lekematte-bil-jeans\/\" \/>\n<meta property=\"og:site_name\" content=\"Babylove Norska\" \/>\n<meta property=\"article:modified_time\" content=\"2026-05-11T12:02:37+00:00\" \/>\n<meta property=\"og:image\" content=\"https:\/\/babylove.se\/no\/wp-content\/uploads\/sites\/3\/2025\/07\/648839a60c070.jpeg\" \/>\n\t<meta property=\"og:image:width\" content=\"577\" \/>\n\t<meta property=\"og:image:height\" content=\"768\" \/>\n\t<meta property=\"og:image:type\" content=\"image\/jpeg\" \/>\n<meta name=\"twitter:card\" content=\"summary_large_image\" \/>\n<meta name=\"twitter:label1\" content=\"Price\" \/>\n\t<meta name=\"twitter:data1\" content=\"2 519,00&nbsp;&#107;&#114;\" \/>\n\t<meta name=\"twitter:label2\" content=\"Availability\" \/>\n\t<meta name=\"twitter:data2\" content=\"In stock\" \/>\n<script type=\"application\/ld+json\" class=\"yoast-schema-graph\">{\"@context\":\"https:\/\/schema.org\",\"@graph\":[{\"@type\":\"WebPage\",\"@id\":\"https:\/\/babylove.se\/no\/produkt\/moi-mili-lekematte-bil-jeans\/\",\"url\":\"https:\/\/babylove.se\/no\/produkt\/moi-mili-lekematte-bil-jeans\/\",\"name\":\"Moi Mili, lekematte bil, Jeans - Babylove Norska\",\"isPartOf\":{\"@id\":\"https:\/\/babylove.se\/no\/#website\"},\"primaryImageOfPage\":{\"@id\":\"https:\/\/babylove.se\/no\/produkt\/moi-mili-lekematte-bil-jeans\/#primaryimage\"},\"image\":{\"@id\":\"https:\/\/babylove.se\/no\/produkt\/moi-mili-lekematte-bil-jeans\/#primaryimage\"},\"thumbnailUrl\":\"https:\/\/babylove.se\/no\/wp-content\/uploads\/sites\/3\/2025\/07\/648839a60c070.jpeg\",\"datePublished\":\"2025-07-19T10:56:59+00:00\",\"dateModified\":\"2026-05-11T12:02:37+00:00\",\"breadcrumb\":{\"@id\":\"https:\/\/babylove.se\/no\/produkt\/moi-mili-lekematte-bil-jeans\/#breadcrumb\"},\"inLanguage\":\"nb-NO\",\"potentialAction\":[{\"@type\":\"ReadAction\",\"target\":[\"https:\/\/babylove.se\/no\/produkt\/moi-mili-lekematte-bil-jeans\/\"]}]},{\"@type\":\"ImageObject\",\"inLanguage\":\"nb-NO\",\"@id\":\"https:\/\/babylove.se\/no\/produkt\/moi-mili-lekematte-bil-jeans\/#primaryimage\",\"url\":\"https:\/\/babylove.se\/no\/wp-content\/uploads\/sites\/3\/2025\/07\/648839a60c070.jpeg\",\"contentUrl\":\"https:\/\/babylove.se\/no\/wp-content\/uploads\/sites\/3\/2025\/07\/648839a60c070.jpeg\",\"width\":577,\"height\":768},{\"@type\":\"BreadcrumbList\",\"@id\":\"https:\/\/babylove.se\/no\/produkt\/moi-mili-lekematte-bil-jeans\/#breadcrumb\",\"itemListElement\":[{\"@type\":\"ListItem\",\"position\":1,\"name\":\"Hem\",\"item\":\"https:\/\/babylove.se\/no\/\"},{\"@type\":\"ListItem\",\"position\":2,\"name\":\"Butik\",\"item\":\"https:\/\/babylove.se\/no\/butik\/\"},{\"@type\":\"ListItem\",\"position\":3,\"name\":\"Moi Mili, lekematte bil, Jeans\"}]},{\"@type\":\"WebSite\",\"@id\":\"https:\/\/babylove.se\/no\/#website\",\"url\":\"https:\/\/babylove.se\/no\/\",\"name\":\"Babylove Norska\",\"description\":\"\",\"potentialAction\":[{\"@type\":\"SearchAction\",\"target\":{\"@type\":\"EntryPoint\",\"urlTemplate\":\"https:\/\/babylove.se\/no\/?s={search_term_string}\"},\"query-input\":{\"@type\":\"PropertyValueSpecification\",\"valueRequired\":true,\"valueName\":\"search_term_string\"}}],\"inLanguage\":\"nb-NO\"}]}<\/script>\n<meta property=\"product:brand\" content=\"Moi Mili\" \/>\n<meta property=\"product:price:amount\" content=\"2519.00\" \/>\n<meta property=\"product:price:currency\" content=\"NOK\" \/>\n<meta property=\"og:availability\" content=\"instock\" \/>\n<meta property=\"product:availability\" content=\"instock\" \/>\n<meta property=\"product:retailer_item_id\" content=\"5904119247804\" \/>\n<meta property=\"product:condition\" content=\"new\" \/>\n<!-- \/ Yoast SEO Premium plugin. -->","yoast_head_json":{"title":"Moi Mili, lekematte bil, Jeans - Babylove Norska","robots":{"index":"noindex","follow":"follow","max-snippet":"max-snippet:-1","max-image-preview":"max-image-preview:large","max-video-preview":"max-video-preview:-1"},"og_locale":"nb_NO","og_type":"article","og_title":"Moi Mili, lekematte bil, Jeans","og_description":"Steg inn i bilenes dr\u00f8mmeverden med dette leketet fra Moi Milis nye kolleksjon Dreams on wheels! Lekematta er en fantastisk interi\u00f8rdetalj for barnerommet, men kan ogs\u00e5 brukes utend\u00f8rs p\u00e5 balkongen eller i hagen! Ekstra omtanke er lagt ned p\u00e5 den i\u00f8ynefallende designen med h\u00e5ndbroderier som gj\u00f8r hver matte unik. Utviklet med barnenes beste i tankene, [&hellip;]","og_url":"https:\/\/babylove.se\/no\/produkt\/moi-mili-lekematte-bil-jeans\/","og_site_name":"Babylove Norska","article_modified_time":"2026-05-11T12:02:37+00:00","og_image":[{"width":577,"height":768,"url":"https:\/\/babylove.se\/no\/wp-content\/uploads\/sites\/3\/2025\/07\/648839a60c070.jpeg","type":"image\/jpeg"}],"twitter_card":"summary_large_image","twitter_misc":{"Price":"2 519,00&nbsp;&#107;&#114;","Availability":"In stock"},"schema":{"@context":"https:\/\/schema.org","@graph":[{"@type":"WebPage","@id":"https:\/\/babylove.se\/no\/produkt\/moi-mili-lekematte-bil-jeans\/","url":"https:\/\/babylove.se\/no\/produkt\/moi-mili-lekematte-bil-jeans\/","name":"Moi Mili, lekematte bil, Jeans - Babylove Norska","isPartOf":{"@id":"https:\/\/babylove.se\/no\/#website"},"primaryImageOfPage":{"@id":"https:\/\/babylove.se\/no\/produkt\/moi-mili-lekematte-bil-jeans\/#primaryimage"},"image":{"@id":"https:\/\/babylove.se\/no\/produkt\/moi-mili-lekematte-bil-jeans\/#primaryimage"},"thumbnailUrl":"https:\/\/babylove.se\/no\/wp-content\/uploads\/sites\/3\/2025\/07\/648839a60c070.jpeg","datePublished":"2025-07-19T10:56:59+00:00","dateModified":"2026-05-11T12:02:37+00:00","breadcrumb":{"@id":"https:\/\/babylove.se\/no\/produkt\/moi-mili-lekematte-bil-jeans\/#breadcrumb"},"inLanguage":"nb-NO","potentialAction":[{"@type":"ReadAction","target":["https:\/\/babylove.se\/no\/produkt\/moi-mili-lekematte-bil-jeans\/"]}]},{"@type":"ImageObject","inLanguage":"nb-NO","@id":"https:\/\/babylove.se\/no\/produkt\/moi-mili-lekematte-bil-jeans\/#primaryimage","url":"https:\/\/babylove.se\/no\/wp-content\/uploads\/sites\/3\/2025\/07\/648839a60c070.jpeg","contentUrl":"https:\/\/babylove.se\/no\/wp-content\/uploads\/sites\/3\/2025\/07\/648839a60c070.jpeg","width":577,"height":768},{"@type":"BreadcrumbList","@id":"https:\/\/babylove.se\/no\/produkt\/moi-mili-lekematte-bil-jeans\/#breadcrumb","itemListElement":[{"@type":"ListItem","position":1,"name":"Hem","item":"https:\/\/babylove.se\/no\/"},{"@type":"ListItem","position":2,"name":"Butik","item":"https:\/\/babylove.se\/no\/butik\/"},{"@type":"ListItem","position":3,"name":"Moi Mili, lekematte bil, Jeans"}]},{"@type":"WebSite","@id":"https:\/\/babylove.se\/no\/#website","url":"https:\/\/babylove.se\/no\/","name":"Babylove Norska","description":"","potentialAction":[{"@type":"SearchAction","target":{"@type":"EntryPoint","urlTemplate":"https:\/\/babylove.se\/no\/?s={search_term_string}"},"query-input":{"@type":"PropertyValueSpecification","valueRequired":true,"valueName":"search_term_string"}}],"inLanguage":"nb-NO"}]},"product_brand":"Moi Mili","product_price_amount":"2519.00","product_price_currency":"NOK","og_availability":"instock","product_availability":"instock","product_retailer_item_id":"5904119247804","product_condition":"new"},"_links":{"self":[{"href":"https:\/\/babylove.se\/no\/wp-json\/wp\/v2\/product\/52827","targetHints":{"allow":["GET"]}}],"collection":[{"href":"https:\/\/babylove.se\/no\/wp-json\/wp\/v2\/product"}],"about":[{"href":"https:\/\/babylove.se\/no\/wp-json\/wp\/v2\/types\/product"}],"replies":[{"embeddable":true,"href":"https:\/\/babylove.se\/no\/wp-json\/wp\/v2\/comments?post=52827"}],"wp:featuredmedia":[{"embeddable":true,"href":"https:\/\/babylove.se\/no\/wp-json\/wp\/v2\/media\/52829"}],"wp:attachment":[{"href":"https:\/\/babylove.se\/no\/wp-json\/wp\/v2\/media?parent=52827"}],"wp:term":[{"taxonomy":"product_brand","embeddable":true,"href":"https:\/\/babylove.se\/no\/wp-json\/wp\/v2\/product_brand?post=52827"},{"taxonomy":"product_cat","embeddable":true,"href":"https:\/\/babylove.se\/no\/wp-json\/wp\/v2\/product_cat?post=52827"},{"taxonomy":"product_tag","embeddable":true,"href":"https:\/\/babylove.se\/no\/wp-json\/wp\/v2\/product_tag?post=52827"}],"curies":[{"name":"wp","href":"https:\/\/api.w.org\/{rel}","templated":true}]}}