{"id":52834,"date":"2025-07-19T11:56:59","date_gmt":"2025-07-19T10:56:59","guid":{"rendered":"https:\/\/babylove.se\/produkt\/moi-mili-kudde-bil-powder-mint\/"},"modified":"2026-04-08T13:34:41","modified_gmt":"2026-04-08T12:34:41","slug":"moi-mili-pute-bil-pulver-mynte","status":"publish","type":"product","link":"https:\/\/babylove.se\/no\/produkt\/moi-mili-pute-bil-pulver-mynte\/","title":{"rendered":"Moi Mili, pute bil, Powder Mint"},"content":{"rendered":"<p>Steg inn i bilenes dr\u00f8mmeverden med denne vidunderlige puten fra Moi Milis nye kolleksjon <em>Dreams on wheels<\/em>! <\/p>\n<p>En fantastisk skapelse laget av n\u00f8ye utvalgt bomull som kommer i ulike pastellfarger. Det vakre utf\u00f8relsen er \u00e9n ting, men de vidunderlige materialvalgene gj\u00f8r det ogs\u00e5 til en klemfavoritt hos barna. Ekstra omtanke har blitt lagt ned p\u00e5 den i\u00f8ynefallende designen med h\u00e5ndbroderier som gj\u00f8r hver pute unik. <\/p>\n<p><strong>M\u00e5l:<\/strong><br \/>\n55cm x 40cm <\/p>\n<p><strong>Materiale<\/strong>: 100 % bomull. Vaskbar p\u00e5 30 grader. <\/p>\n<p>Designer: <a href=\"https:\/\/babylove.se\/varumarken\/moi-mili\">Moi Mili <\/a><\/p>\n","protected":false},"excerpt":{"rendered":"<p>Steg inn i bilenes dr\u00f8mmeverden med denne vidunderlige puten fra Moi Milis nye kolleksjon Dreams on wheels! En fantastisk skapelse laget av n\u00f8ye utvalgt bomull som kommer i ulike pastellfarger. Det vakre utf\u00f8relsen er \u00e9n ting, men de vidunderlige materialvalgene gj\u00f8r det ogs\u00e5 til en klemfavoritt hos barna. Ekstra omtanke har blitt lagt ned p\u00e5 [&hellip;]<\/p>\n","protected":false},"featured_media":52836,"comment_status":"closed","ping_status":"closed","template":"","meta":{"_acf_changed":false},"product_brand":[912],"product_cat":[1714,913,105,40],"product_tag":[1689],"class_list":{"0":"post-52834","1":"product","2":"type-product","3":"status-publish","4":"has-post-thumbnail","6":"product_brand-moi-mili","7":"product_cat-biler","8":"product_cat-moi-mili","9":"product_cat-puter","10":"product_cat-soverom-barn","11":"product_tag-bestillingsvaror","13":"first","14":"instock","15":"taxable","16":"shipping-taxable","17":"purchasable","18":"product-type-simple"},"acf":[],"yoast_head":"<!-- This site is optimized with the Yoast SEO Premium plugin v25.8 (Yoast SEO v27.2) - https:\/\/yoast.com\/product\/yoast-seo-premium-wordpress\/ -->\n<title>Moi Mili, pute bil, Powder Mint - Babylove Norska<\/title>\n<meta name=\"robots\" content=\"noindex, follow, max-snippet:-1, max-image-preview:large, max-video-preview:-1\" \/>\n<meta property=\"og:locale\" content=\"nb_NO\" \/>\n<meta property=\"og:type\" content=\"article\" \/>\n<meta property=\"og:title\" content=\"Moi Mili, pute bil, Powder Mint\" \/>\n<meta property=\"og:description\" content=\"Steg inn i bilenes dr\u00f8mmeverden med denne vidunderlige puten fra Moi Milis nye kolleksjon Dreams on wheels! En fantastisk skapelse laget av n\u00f8ye utvalgt bomull som kommer i ulike pastellfarger. Det vakre utf\u00f8relsen er \u00e9n ting, men de vidunderlige materialvalgene gj\u00f8r det ogs\u00e5 til en klemfavoritt hos barna. Ekstra omtanke har blitt lagt ned p\u00e5 [&hellip;]\" \/>\n<meta property=\"og:url\" content=\"https:\/\/babylove.se\/no\/produkt\/moi-mili-pute-bil-pulver-mynte\/\" \/>\n<meta property=\"og:site_name\" content=\"Babylove Norska\" \/>\n<meta property=\"article:modified_time\" content=\"2026-04-08T12:34:41+00:00\" \/>\n<meta property=\"og:image\" content=\"https:\/\/babylove.se\/no\/wp-content\/uploads\/sites\/3\/2025\/07\/64883efe0b332.jpeg\" \/>\n\t<meta property=\"og:image:width\" content=\"555\" \/>\n\t<meta property=\"og:image:height\" content=\"738\" \/>\n\t<meta property=\"og:image:type\" content=\"image\/jpeg\" \/>\n<meta name=\"twitter:card\" content=\"summary_large_image\" \/>\n<meta name=\"twitter:label1\" content=\"Price\" \/>\n\t<meta name=\"twitter:data1\" content=\"699,00&nbsp;&#107;&#114;\" \/>\n\t<meta name=\"twitter:label2\" content=\"Availability\" \/>\n\t<meta name=\"twitter:data2\" content=\"In stock\" \/>\n<script type=\"application\/ld+json\" class=\"yoast-schema-graph\">{\"@context\":\"https:\/\/schema.org\",\"@graph\":[{\"@type\":\"WebPage\",\"@id\":\"https:\/\/babylove.se\/no\/produkt\/moi-mili-pute-bil-pulver-mynte\/\",\"url\":\"https:\/\/babylove.se\/no\/produkt\/moi-mili-pute-bil-pulver-mynte\/\",\"name\":\"Moi Mili, pute bil, Powder Mint - Babylove Norska\",\"isPartOf\":{\"@id\":\"https:\/\/babylove.se\/no\/#website\"},\"primaryImageOfPage\":{\"@id\":\"https:\/\/babylove.se\/no\/produkt\/moi-mili-pute-bil-pulver-mynte\/#primaryimage\"},\"image\":{\"@id\":\"https:\/\/babylove.se\/no\/produkt\/moi-mili-pute-bil-pulver-mynte\/#primaryimage\"},\"thumbnailUrl\":\"https:\/\/babylove.se\/no\/wp-content\/uploads\/sites\/3\/2025\/07\/64883efe0b332.jpeg\",\"datePublished\":\"2025-07-19T10:56:59+00:00\",\"dateModified\":\"2026-04-08T12:34:41+00:00\",\"breadcrumb\":{\"@id\":\"https:\/\/babylove.se\/no\/produkt\/moi-mili-pute-bil-pulver-mynte\/#breadcrumb\"},\"inLanguage\":\"nb-NO\",\"potentialAction\":[{\"@type\":\"ReadAction\",\"target\":[\"https:\/\/babylove.se\/no\/produkt\/moi-mili-pute-bil-pulver-mynte\/\"]}]},{\"@type\":\"ImageObject\",\"inLanguage\":\"nb-NO\",\"@id\":\"https:\/\/babylove.se\/no\/produkt\/moi-mili-pute-bil-pulver-mynte\/#primaryimage\",\"url\":\"https:\/\/babylove.se\/no\/wp-content\/uploads\/sites\/3\/2025\/07\/64883efe0b332.jpeg\",\"contentUrl\":\"https:\/\/babylove.se\/no\/wp-content\/uploads\/sites\/3\/2025\/07\/64883efe0b332.jpeg\",\"width\":555,\"height\":738},{\"@type\":\"BreadcrumbList\",\"@id\":\"https:\/\/babylove.se\/no\/produkt\/moi-mili-pute-bil-pulver-mynte\/#breadcrumb\",\"itemListElement\":[{\"@type\":\"ListItem\",\"position\":1,\"name\":\"Hem\",\"item\":\"https:\/\/babylove.se\/no\/\"},{\"@type\":\"ListItem\",\"position\":2,\"name\":\"Butik\",\"item\":\"https:\/\/babylove.se\/no\/butik\/\"},{\"@type\":\"ListItem\",\"position\":3,\"name\":\"Moi Mili, pute bil, Powder Mint\"}]},{\"@type\":\"WebSite\",\"@id\":\"https:\/\/babylove.se\/no\/#website\",\"url\":\"https:\/\/babylove.se\/no\/\",\"name\":\"Babylove Norska\",\"description\":\"\",\"potentialAction\":[{\"@type\":\"SearchAction\",\"target\":{\"@type\":\"EntryPoint\",\"urlTemplate\":\"https:\/\/babylove.se\/no\/?s={search_term_string}\"},\"query-input\":{\"@type\":\"PropertyValueSpecification\",\"valueRequired\":true,\"valueName\":\"search_term_string\"}}],\"inLanguage\":\"nb-NO\"}]}<\/script>\n<meta property=\"product:brand\" content=\"Moi Mili\" \/>\n<meta property=\"product:price:amount\" content=\"699.00\" \/>\n<meta property=\"product:price:currency\" content=\"SEK\" \/>\n<meta property=\"og:availability\" content=\"instock\" \/>\n<meta property=\"product:availability\" content=\"instock\" \/>\n<meta property=\"product:retailer_item_id\" content=\"5904119247781\" \/>\n<meta property=\"product:condition\" content=\"new\" \/>\n<!-- \/ Yoast SEO Premium plugin. -->","yoast_head_json":{"title":"Moi Mili, pute bil, Powder Mint - Babylove Norska","robots":{"index":"noindex","follow":"follow","max-snippet":"max-snippet:-1","max-image-preview":"max-image-preview:large","max-video-preview":"max-video-preview:-1"},"og_locale":"nb_NO","og_type":"article","og_title":"Moi Mili, pute bil, Powder Mint","og_description":"Steg inn i bilenes dr\u00f8mmeverden med denne vidunderlige puten fra Moi Milis nye kolleksjon Dreams on wheels! En fantastisk skapelse laget av n\u00f8ye utvalgt bomull som kommer i ulike pastellfarger. Det vakre utf\u00f8relsen er \u00e9n ting, men de vidunderlige materialvalgene gj\u00f8r det ogs\u00e5 til en klemfavoritt hos barna. Ekstra omtanke har blitt lagt ned p\u00e5 [&hellip;]","og_url":"https:\/\/babylove.se\/no\/produkt\/moi-mili-pute-bil-pulver-mynte\/","og_site_name":"Babylove Norska","article_modified_time":"2026-04-08T12:34:41+00:00","og_image":[{"width":555,"height":738,"url":"https:\/\/babylove.se\/no\/wp-content\/uploads\/sites\/3\/2025\/07\/64883efe0b332.jpeg","type":"image\/jpeg"}],"twitter_card":"summary_large_image","twitter_misc":{"Price":"699,00&nbsp;&#107;&#114;","Availability":"In stock"},"schema":{"@context":"https:\/\/schema.org","@graph":[{"@type":"WebPage","@id":"https:\/\/babylove.se\/no\/produkt\/moi-mili-pute-bil-pulver-mynte\/","url":"https:\/\/babylove.se\/no\/produkt\/moi-mili-pute-bil-pulver-mynte\/","name":"Moi Mili, pute bil, Powder Mint - Babylove Norska","isPartOf":{"@id":"https:\/\/babylove.se\/no\/#website"},"primaryImageOfPage":{"@id":"https:\/\/babylove.se\/no\/produkt\/moi-mili-pute-bil-pulver-mynte\/#primaryimage"},"image":{"@id":"https:\/\/babylove.se\/no\/produkt\/moi-mili-pute-bil-pulver-mynte\/#primaryimage"},"thumbnailUrl":"https:\/\/babylove.se\/no\/wp-content\/uploads\/sites\/3\/2025\/07\/64883efe0b332.jpeg","datePublished":"2025-07-19T10:56:59+00:00","dateModified":"2026-04-08T12:34:41+00:00","breadcrumb":{"@id":"https:\/\/babylove.se\/no\/produkt\/moi-mili-pute-bil-pulver-mynte\/#breadcrumb"},"inLanguage":"nb-NO","potentialAction":[{"@type":"ReadAction","target":["https:\/\/babylove.se\/no\/produkt\/moi-mili-pute-bil-pulver-mynte\/"]}]},{"@type":"ImageObject","inLanguage":"nb-NO","@id":"https:\/\/babylove.se\/no\/produkt\/moi-mili-pute-bil-pulver-mynte\/#primaryimage","url":"https:\/\/babylove.se\/no\/wp-content\/uploads\/sites\/3\/2025\/07\/64883efe0b332.jpeg","contentUrl":"https:\/\/babylove.se\/no\/wp-content\/uploads\/sites\/3\/2025\/07\/64883efe0b332.jpeg","width":555,"height":738},{"@type":"BreadcrumbList","@id":"https:\/\/babylove.se\/no\/produkt\/moi-mili-pute-bil-pulver-mynte\/#breadcrumb","itemListElement":[{"@type":"ListItem","position":1,"name":"Hem","item":"https:\/\/babylove.se\/no\/"},{"@type":"ListItem","position":2,"name":"Butik","item":"https:\/\/babylove.se\/no\/butik\/"},{"@type":"ListItem","position":3,"name":"Moi Mili, pute bil, Powder Mint"}]},{"@type":"WebSite","@id":"https:\/\/babylove.se\/no\/#website","url":"https:\/\/babylove.se\/no\/","name":"Babylove Norska","description":"","potentialAction":[{"@type":"SearchAction","target":{"@type":"EntryPoint","urlTemplate":"https:\/\/babylove.se\/no\/?s={search_term_string}"},"query-input":{"@type":"PropertyValueSpecification","valueRequired":true,"valueName":"search_term_string"}}],"inLanguage":"nb-NO"}]},"product_brand":"Moi Mili","product_price_amount":"699.00","product_price_currency":"SEK","og_availability":"instock","product_availability":"instock","product_retailer_item_id":"5904119247781","product_condition":"new"},"_links":{"self":[{"href":"https:\/\/babylove.se\/no\/wp-json\/wp\/v2\/product\/52834","targetHints":{"allow":["GET"]}}],"collection":[{"href":"https:\/\/babylove.se\/no\/wp-json\/wp\/v2\/product"}],"about":[{"href":"https:\/\/babylove.se\/no\/wp-json\/wp\/v2\/types\/product"}],"replies":[{"embeddable":true,"href":"https:\/\/babylove.se\/no\/wp-json\/wp\/v2\/comments?post=52834"}],"wp:featuredmedia":[{"embeddable":true,"href":"https:\/\/babylove.se\/no\/wp-json\/wp\/v2\/media\/52836"}],"wp:attachment":[{"href":"https:\/\/babylove.se\/no\/wp-json\/wp\/v2\/media?parent=52834"}],"wp:term":[{"taxonomy":"product_brand","embeddable":true,"href":"https:\/\/babylove.se\/no\/wp-json\/wp\/v2\/product_brand?post=52834"},{"taxonomy":"product_cat","embeddable":true,"href":"https:\/\/babylove.se\/no\/wp-json\/wp\/v2\/product_cat?post=52834"},{"taxonomy":"product_tag","embeddable":true,"href":"https:\/\/babylove.se\/no\/wp-json\/wp\/v2\/product_tag?post=52834"}],"curies":[{"name":"wp","href":"https:\/\/api.w.org\/{rel}","templated":true}]}}