{"id":52849,"date":"2025-07-19T11:56:59","date_gmt":"2025-07-19T10:56:59","guid":{"rendered":"https:\/\/babylove.se\/produkt\/moi-mili-kudde-bil-jeans\/"},"modified":"2026-04-08T13:34:47","modified_gmt":"2026-04-08T12:34:47","slug":"moi-mili-pute-bil-jeans","status":"publish","type":"product","link":"https:\/\/babylove.se\/no\/produkt\/moi-mili-pute-bil-jeans\/","title":{"rendered":"Moi Moli, pute bil, Jeans"},"content":{"rendered":"<p>Kom inn i bilenes dr\u00f8mmeverden med denne fantastiske puten fra Moi Milis nye kolleksjon <em>Dreams on wheels<\/em>! <\/p>\n<p>En fantastisk skapelse laget av n\u00f8ye utvalgt bomull som kommer i forskjellige pastellfarger. Det vakre utf\u00f8relsen er en ting, men de fantastiske materialvalgene gj\u00f8r det ogs\u00e5 til en klemfavoritt hos barna. Ekstra omtanke er lagt ned p\u00e5 den i\u00f8ynefallende designen med h\u00e5ndbroderier som gj\u00f8r hver pute unik. <\/p>\n<p><strong>M\u00e5l:<\/strong><br \/>\n55cm x 40cm <\/p>\n<p><strong>Materiale<\/strong>: 100 % bomull. Vaskbar p\u00e5 30 grader. <\/p>\n<p>Designer: <a href=\"https:\/\/babylove.se\/varumarken\/moi-mili\">Moi Mili <\/a><\/p>\n","protected":false},"excerpt":{"rendered":"<p>Kom inn i bilenes dr\u00f8mmeverden med denne fantastiske puten fra Moi Milis nye kolleksjon Dreams on wheels! En fantastisk skapelse laget av n\u00f8ye utvalgt bomull som kommer i forskjellige pastellfarger. Det vakre utf\u00f8relsen er en ting, men de fantastiske materialvalgene gj\u00f8r det ogs\u00e5 til en klemfavoritt hos barna. Ekstra omtanke er lagt ned p\u00e5 den [&hellip;]<\/p>\n","protected":false},"featured_media":52851,"comment_status":"closed","ping_status":"closed","template":"","meta":{"_acf_changed":false},"product_brand":[912],"product_cat":[1714,913,105,40],"product_tag":[1689],"class_list":{"0":"post-52849","1":"product","2":"type-product","3":"status-publish","4":"has-post-thumbnail","6":"product_brand-moi-mili","7":"product_cat-biler","8":"product_cat-moi-mili","9":"product_cat-puter","10":"product_cat-soverom-barn","11":"product_tag-bestillingsvaror","13":"first","14":"instock","15":"taxable","16":"shipping-taxable","17":"purchasable","18":"product-type-simple"},"acf":[],"yoast_head":"<!-- This site is optimized with the Yoast SEO Premium plugin v25.8 (Yoast SEO v27.2) - https:\/\/yoast.com\/product\/yoast-seo-premium-wordpress\/ -->\n<title>Moi Moli, pute bil, Jeans - Babylove Norska<\/title>\n<meta name=\"robots\" content=\"noindex, follow, max-snippet:-1, max-image-preview:large, max-video-preview:-1\" \/>\n<meta property=\"og:locale\" content=\"nb_NO\" \/>\n<meta property=\"og:type\" content=\"article\" \/>\n<meta property=\"og:title\" content=\"Moi Moli, pute bil, Jeans\" \/>\n<meta property=\"og:description\" content=\"Kom inn i bilenes dr\u00f8mmeverden med denne fantastiske puten fra Moi Milis nye kolleksjon Dreams on wheels! En fantastisk skapelse laget av n\u00f8ye utvalgt bomull som kommer i forskjellige pastellfarger. Det vakre utf\u00f8relsen er en ting, men de fantastiske materialvalgene gj\u00f8r det ogs\u00e5 til en klemfavoritt hos barna. Ekstra omtanke er lagt ned p\u00e5 den [&hellip;]\" \/>\n<meta property=\"og:url\" content=\"https:\/\/babylove.se\/no\/produkt\/moi-mili-pute-bil-jeans\/\" \/>\n<meta property=\"og:site_name\" content=\"Babylove Norska\" \/>\n<meta property=\"article:modified_time\" content=\"2026-04-08T12:34:47+00:00\" \/>\n<meta property=\"og:image\" content=\"https:\/\/babylove.se\/no\/wp-content\/uploads\/sites\/3\/2025\/07\/6488438676a4a.jpeg\" \/>\n\t<meta property=\"og:image:width\" content=\"615\" \/>\n\t<meta property=\"og:image:height\" content=\"820\" \/>\n\t<meta property=\"og:image:type\" content=\"image\/jpeg\" \/>\n<meta name=\"twitter:card\" content=\"summary_large_image\" \/>\n<meta name=\"twitter:label1\" content=\"Price\" \/>\n\t<meta name=\"twitter:data1\" content=\"699,00&nbsp;&#107;&#114;\" \/>\n\t<meta name=\"twitter:label2\" content=\"Availability\" \/>\n\t<meta name=\"twitter:data2\" content=\"In stock\" \/>\n<script type=\"application\/ld+json\" class=\"yoast-schema-graph\">{\"@context\":\"https:\/\/schema.org\",\"@graph\":[{\"@type\":\"WebPage\",\"@id\":\"https:\/\/babylove.se\/no\/produkt\/moi-mili-pute-bil-jeans\/\",\"url\":\"https:\/\/babylove.se\/no\/produkt\/moi-mili-pute-bil-jeans\/\",\"name\":\"Moi Moli, pute bil, Jeans - Babylove Norska\",\"isPartOf\":{\"@id\":\"https:\/\/babylove.se\/no\/#website\"},\"primaryImageOfPage\":{\"@id\":\"https:\/\/babylove.se\/no\/produkt\/moi-mili-pute-bil-jeans\/#primaryimage\"},\"image\":{\"@id\":\"https:\/\/babylove.se\/no\/produkt\/moi-mili-pute-bil-jeans\/#primaryimage\"},\"thumbnailUrl\":\"https:\/\/babylove.se\/no\/wp-content\/uploads\/sites\/3\/2025\/07\/6488438676a4a.jpeg\",\"datePublished\":\"2025-07-19T10:56:59+00:00\",\"dateModified\":\"2026-04-08T12:34:47+00:00\",\"breadcrumb\":{\"@id\":\"https:\/\/babylove.se\/no\/produkt\/moi-mili-pute-bil-jeans\/#breadcrumb\"},\"inLanguage\":\"nb-NO\",\"potentialAction\":[{\"@type\":\"ReadAction\",\"target\":[\"https:\/\/babylove.se\/no\/produkt\/moi-mili-pute-bil-jeans\/\"]}]},{\"@type\":\"ImageObject\",\"inLanguage\":\"nb-NO\",\"@id\":\"https:\/\/babylove.se\/no\/produkt\/moi-mili-pute-bil-jeans\/#primaryimage\",\"url\":\"https:\/\/babylove.se\/no\/wp-content\/uploads\/sites\/3\/2025\/07\/6488438676a4a.jpeg\",\"contentUrl\":\"https:\/\/babylove.se\/no\/wp-content\/uploads\/sites\/3\/2025\/07\/6488438676a4a.jpeg\",\"width\":615,\"height\":820},{\"@type\":\"BreadcrumbList\",\"@id\":\"https:\/\/babylove.se\/no\/produkt\/moi-mili-pute-bil-jeans\/#breadcrumb\",\"itemListElement\":[{\"@type\":\"ListItem\",\"position\":1,\"name\":\"Hem\",\"item\":\"https:\/\/babylove.se\/no\/\"},{\"@type\":\"ListItem\",\"position\":2,\"name\":\"Butik\",\"item\":\"https:\/\/babylove.se\/no\/butik\/\"},{\"@type\":\"ListItem\",\"position\":3,\"name\":\"Moi Moli, pute bil, Jeans\"}]},{\"@type\":\"WebSite\",\"@id\":\"https:\/\/babylove.se\/no\/#website\",\"url\":\"https:\/\/babylove.se\/no\/\",\"name\":\"Babylove Norska\",\"description\":\"\",\"potentialAction\":[{\"@type\":\"SearchAction\",\"target\":{\"@type\":\"EntryPoint\",\"urlTemplate\":\"https:\/\/babylove.se\/no\/?s={search_term_string}\"},\"query-input\":{\"@type\":\"PropertyValueSpecification\",\"valueRequired\":true,\"valueName\":\"search_term_string\"}}],\"inLanguage\":\"nb-NO\"}]}<\/script>\n<meta property=\"product:brand\" content=\"Moi Mili\" \/>\n<meta property=\"product:price:amount\" content=\"699.00\" \/>\n<meta property=\"product:price:currency\" content=\"SEK\" \/>\n<meta property=\"og:availability\" content=\"instock\" \/>\n<meta property=\"product:availability\" content=\"instock\" \/>\n<meta property=\"product:retailer_item_id\" content=\"5904119247057\" \/>\n<meta property=\"product:condition\" content=\"new\" \/>\n<!-- \/ Yoast SEO Premium plugin. -->","yoast_head_json":{"title":"Moi Moli, pute bil, Jeans - Babylove Norska","robots":{"index":"noindex","follow":"follow","max-snippet":"max-snippet:-1","max-image-preview":"max-image-preview:large","max-video-preview":"max-video-preview:-1"},"og_locale":"nb_NO","og_type":"article","og_title":"Moi Moli, pute bil, Jeans","og_description":"Kom inn i bilenes dr\u00f8mmeverden med denne fantastiske puten fra Moi Milis nye kolleksjon Dreams on wheels! En fantastisk skapelse laget av n\u00f8ye utvalgt bomull som kommer i forskjellige pastellfarger. Det vakre utf\u00f8relsen er en ting, men de fantastiske materialvalgene gj\u00f8r det ogs\u00e5 til en klemfavoritt hos barna. Ekstra omtanke er lagt ned p\u00e5 den [&hellip;]","og_url":"https:\/\/babylove.se\/no\/produkt\/moi-mili-pute-bil-jeans\/","og_site_name":"Babylove Norska","article_modified_time":"2026-04-08T12:34:47+00:00","og_image":[{"width":615,"height":820,"url":"https:\/\/babylove.se\/no\/wp-content\/uploads\/sites\/3\/2025\/07\/6488438676a4a.jpeg","type":"image\/jpeg"}],"twitter_card":"summary_large_image","twitter_misc":{"Price":"699,00&nbsp;&#107;&#114;","Availability":"In stock"},"schema":{"@context":"https:\/\/schema.org","@graph":[{"@type":"WebPage","@id":"https:\/\/babylove.se\/no\/produkt\/moi-mili-pute-bil-jeans\/","url":"https:\/\/babylove.se\/no\/produkt\/moi-mili-pute-bil-jeans\/","name":"Moi Moli, pute bil, Jeans - Babylove Norska","isPartOf":{"@id":"https:\/\/babylove.se\/no\/#website"},"primaryImageOfPage":{"@id":"https:\/\/babylove.se\/no\/produkt\/moi-mili-pute-bil-jeans\/#primaryimage"},"image":{"@id":"https:\/\/babylove.se\/no\/produkt\/moi-mili-pute-bil-jeans\/#primaryimage"},"thumbnailUrl":"https:\/\/babylove.se\/no\/wp-content\/uploads\/sites\/3\/2025\/07\/6488438676a4a.jpeg","datePublished":"2025-07-19T10:56:59+00:00","dateModified":"2026-04-08T12:34:47+00:00","breadcrumb":{"@id":"https:\/\/babylove.se\/no\/produkt\/moi-mili-pute-bil-jeans\/#breadcrumb"},"inLanguage":"nb-NO","potentialAction":[{"@type":"ReadAction","target":["https:\/\/babylove.se\/no\/produkt\/moi-mili-pute-bil-jeans\/"]}]},{"@type":"ImageObject","inLanguage":"nb-NO","@id":"https:\/\/babylove.se\/no\/produkt\/moi-mili-pute-bil-jeans\/#primaryimage","url":"https:\/\/babylove.se\/no\/wp-content\/uploads\/sites\/3\/2025\/07\/6488438676a4a.jpeg","contentUrl":"https:\/\/babylove.se\/no\/wp-content\/uploads\/sites\/3\/2025\/07\/6488438676a4a.jpeg","width":615,"height":820},{"@type":"BreadcrumbList","@id":"https:\/\/babylove.se\/no\/produkt\/moi-mili-pute-bil-jeans\/#breadcrumb","itemListElement":[{"@type":"ListItem","position":1,"name":"Hem","item":"https:\/\/babylove.se\/no\/"},{"@type":"ListItem","position":2,"name":"Butik","item":"https:\/\/babylove.se\/no\/butik\/"},{"@type":"ListItem","position":3,"name":"Moi Moli, pute bil, Jeans"}]},{"@type":"WebSite","@id":"https:\/\/babylove.se\/no\/#website","url":"https:\/\/babylove.se\/no\/","name":"Babylove Norska","description":"","potentialAction":[{"@type":"SearchAction","target":{"@type":"EntryPoint","urlTemplate":"https:\/\/babylove.se\/no\/?s={search_term_string}"},"query-input":{"@type":"PropertyValueSpecification","valueRequired":true,"valueName":"search_term_string"}}],"inLanguage":"nb-NO"}]},"product_brand":"Moi Mili","product_price_amount":"699.00","product_price_currency":"SEK","og_availability":"instock","product_availability":"instock","product_retailer_item_id":"5904119247057","product_condition":"new"},"_links":{"self":[{"href":"https:\/\/babylove.se\/no\/wp-json\/wp\/v2\/product\/52849","targetHints":{"allow":["GET"]}}],"collection":[{"href":"https:\/\/babylove.se\/no\/wp-json\/wp\/v2\/product"}],"about":[{"href":"https:\/\/babylove.se\/no\/wp-json\/wp\/v2\/types\/product"}],"replies":[{"embeddable":true,"href":"https:\/\/babylove.se\/no\/wp-json\/wp\/v2\/comments?post=52849"}],"wp:featuredmedia":[{"embeddable":true,"href":"https:\/\/babylove.se\/no\/wp-json\/wp\/v2\/media\/52851"}],"wp:attachment":[{"href":"https:\/\/babylove.se\/no\/wp-json\/wp\/v2\/media?parent=52849"}],"wp:term":[{"taxonomy":"product_brand","embeddable":true,"href":"https:\/\/babylove.se\/no\/wp-json\/wp\/v2\/product_brand?post=52849"},{"taxonomy":"product_cat","embeddable":true,"href":"https:\/\/babylove.se\/no\/wp-json\/wp\/v2\/product_cat?post=52849"},{"taxonomy":"product_tag","embeddable":true,"href":"https:\/\/babylove.se\/no\/wp-json\/wp\/v2\/product_tag?post=52849"}],"curies":[{"name":"wp","href":"https:\/\/api.w.org\/{rel}","templated":true}]}}