{"id":52918,"date":"2025-07-19T11:57:45","date_gmt":"2025-07-19T10:57:45","guid":{"rendered":"https:\/\/babylove.se\/produkt\/hussang-montessori-alex-90x190-cm\/"},"modified":"2026-04-08T13:35:15","modified_gmt":"2026-04-08T12:35:15","slug":"hussang-montessori-alex-90x190-cm","status":"publish","type":"product","link":"https:\/\/babylove.se\/no\/produkt\/hussang-montessori-alex-90x190-cm\/","title":{"rendered":"Husseng montessori Alex 90&#215;190 cm"},"content":{"rendered":"<p>Denne fantastiske husseng er helt h\u00e5ndlaget med stor lidenskap<em>, <\/em>av h\u00f8ykvalitativ limlaminat. \\nLimlaminat har fordelen, sammenlignet med massivt tre, at de ikke sprekker og at det ikke finnes kvist som p\u00e5virker utseendet. \\n \\nEn stabil og vakker seng av h\u00f8y kvalitet! \\n \\n<strong>Fakta<\/strong>: \\n<\/p>\n<ul> \\n \\t<\/p>\n<li>Natur farget (ubehandlet)<\/li>\n<p> \\n \\t<\/p>\n<li>Benh\u00f8yde ca 1 cm for ventilasjon<\/li>\n<p> \\n \\t<\/p>\n<li>Madrass f\u00f8lger ikke med, men se gjerne i v\u00e5rt store madrassutvalg. Vi anbefaler en skummadrass med tykkelse p\u00e5 ca 10-12 cm.<\/li>\n<p> \\n \\t<\/p>\n<li>Maksimumsvekt 100 kg<\/li>\n<p> \\n \\t<\/p>\n<li>Avtakbar st\u00f8tteplate<\/li>\n<p> \\n \\t<\/p>\n<li>St\u00f8tteplate monteres p\u00e5 valgfri side<\/li>\n<p> \\n<\/ul>\n<p> \\n<strong>M\u00e5l:<\/strong> \\n<\/p>\n<ul> \\n \\t<\/p>\n<li>Totalh\u00f8yde 140 cm<\/li>\n<p> \\n \\t<\/p>\n<li>Totalbredde 99 cm<\/li>\n<p> \\n \\t<\/p>\n<li>Totallengde 199 cm<\/li>\n<p> \\n \\t<\/p>\n<li>H\u00f8yde p\u00e5 rekkverk er 23 cm. 5cm mellom spilene.<\/li>\n<p> \\n<\/ul>\n<p> \\n<strong>Material<\/strong>: 100% h\u00f8ykvalitativ limlaminat \\n \\n<em>OBS! Dette er en seng produsert og tilpasset for barn. <em>Sengen leveres umontert og b\u00f8r settes sammen i rommet den skal brukes i.<\/em><\/em><\/p>\n","protected":false},"excerpt":{"rendered":"<p>Denne fantastiske husseng er helt h\u00e5ndlaget med stor lidenskap, av h\u00f8ykvalitativ limlaminat. \\nLimlaminat har fordelen, sammenlignet med massivt tre, at de ikke sprekker og at det ikke finnes kvist som p\u00e5virker utseendet. \\n \\nEn stabil og vakker seng av h\u00f8y kvalitet! \\n \\nFakta: \\n \\n \\t Natur farget (ubehandlet) \\n \\t Benh\u00f8yde ca 1 cm [&hellip;]<\/p>\n","protected":false},"featured_media":52920,"comment_status":"closed","ping_status":"closed","template":"","meta":{"_acf_changed":false},"product_brand":[600],"product_cat":[602,217,269,940,86,280,40],"product_tag":[1689],"class_list":{"0":"post-52918","1":"product","2":"type-product","3":"status-publish","4":"has-post-thumbnail","6":"product_brand-luletto","7":"product_cat-babylove-lul","8":"product_cat-sengesanger","9":"product_cat-juniorsenger","10":"product_cat-luletto-rask-levering","11":"product_cat-produktliste","12":"product_cat-senger-med-rask-levering","13":"product_cat-soverom-barn","14":"product_tag-bestillingsvaror","16":"first","17":"instock","18":"taxable","19":"shipping-taxable","20":"purchasable","21":"product-type-simple"},"acf":[],"yoast_head":"<!-- This site is optimized with the Yoast SEO Premium plugin v25.8 (Yoast SEO v27.2) - https:\/\/yoast.com\/product\/yoast-seo-premium-wordpress\/ -->\n<title>Huss\u00e4ng Alex Duo | Huss\u00e4ng | Babylove.se<\/title>\n<meta name=\"description\" content=\"Fantastisk Huss\u00e4ng i Tr\u00e4 i olika varianter ! - H\u00f6g Kvalitet - FRI Frakt \u00f6ver 999 kr - Snabba Leveranser - Betala med Klarna Faktura - V\u00e4lkommen!\" \/>\n<meta name=\"robots\" content=\"noindex, follow, max-snippet:-1, max-image-preview:large, max-video-preview:-1\" \/>\n<meta property=\"og:locale\" content=\"nb_NO\" \/>\n<meta property=\"og:type\" content=\"article\" \/>\n<meta property=\"og:title\" content=\"Husseng montessori Alex 90x190 cm\" \/>\n<meta property=\"og:description\" content=\"Fantastisk Huss\u00e4ng i Tr\u00e4 i olika varianter ! - H\u00f6g Kvalitet - FRI Frakt \u00f6ver 999 kr - Snabba Leveranser - Betala med Klarna Faktura - V\u00e4lkommen!\" \/>\n<meta property=\"og:url\" content=\"https:\/\/babylove.se\/no\/produkt\/hussang-montessori-alex-90x190-cm\/\" \/>\n<meta property=\"og:site_name\" content=\"Babylove Norska\" \/>\n<meta property=\"article:modified_time\" content=\"2026-04-08T12:35:15+00:00\" \/>\n<meta property=\"og:image\" content=\"https:\/\/babylove.se\/no\/wp-content\/uploads\/sites\/3\/2025\/07\/6490b0569f8ec.jpeg\" \/>\n\t<meta property=\"og:image:width\" content=\"2047\" \/>\n\t<meta property=\"og:image:height\" content=\"2047\" \/>\n\t<meta property=\"og:image:type\" content=\"image\/jpeg\" \/>\n<meta name=\"twitter:card\" content=\"summary_large_image\" \/>\n<meta name=\"twitter:label1\" content=\"Price\" \/>\n\t<meta name=\"twitter:data1\" content=\"3 999,00&nbsp;&#107;&#114;\" \/>\n\t<meta name=\"twitter:label2\" content=\"Availability\" \/>\n\t<meta name=\"twitter:data2\" content=\"In stock\" \/>\n<script type=\"application\/ld+json\" class=\"yoast-schema-graph\">{\"@context\":\"https:\/\/schema.org\",\"@graph\":[{\"@type\":\"WebPage\",\"@id\":\"https:\/\/babylove.se\/no\/produkt\/hussang-montessori-alex-90x190-cm\/\",\"url\":\"https:\/\/babylove.se\/no\/produkt\/hussang-montessori-alex-90x190-cm\/\",\"name\":\"Huss\u00e4ng Alex Duo | Huss\u00e4ng | Babylove.se\",\"isPartOf\":{\"@id\":\"https:\/\/babylove.se\/no\/#website\"},\"primaryImageOfPage\":{\"@id\":\"https:\/\/babylove.se\/no\/produkt\/hussang-montessori-alex-90x190-cm\/#primaryimage\"},\"image\":{\"@id\":\"https:\/\/babylove.se\/no\/produkt\/hussang-montessori-alex-90x190-cm\/#primaryimage\"},\"thumbnailUrl\":\"https:\/\/babylove.se\/no\/wp-content\/uploads\/sites\/3\/2025\/07\/6490b0569f8ec.jpeg\",\"datePublished\":\"2025-07-19T10:57:45+00:00\",\"dateModified\":\"2026-04-08T12:35:15+00:00\",\"description\":\"Fantastisk Huss\u00e4ng i Tr\u00e4 i olika varianter ! - H\u00f6g Kvalitet - FRI Frakt \u00f6ver 999 kr - Snabba Leveranser - Betala med Klarna Faktura - V\u00e4lkommen!\",\"breadcrumb\":{\"@id\":\"https:\/\/babylove.se\/no\/produkt\/hussang-montessori-alex-90x190-cm\/#breadcrumb\"},\"inLanguage\":\"nb-NO\",\"potentialAction\":[{\"@type\":\"ReadAction\",\"target\":[\"https:\/\/babylove.se\/no\/produkt\/hussang-montessori-alex-90x190-cm\/\"]}]},{\"@type\":\"ImageObject\",\"inLanguage\":\"nb-NO\",\"@id\":\"https:\/\/babylove.se\/no\/produkt\/hussang-montessori-alex-90x190-cm\/#primaryimage\",\"url\":\"https:\/\/babylove.se\/no\/wp-content\/uploads\/sites\/3\/2025\/07\/6490b0569f8ec.jpeg\",\"contentUrl\":\"https:\/\/babylove.se\/no\/wp-content\/uploads\/sites\/3\/2025\/07\/6490b0569f8ec.jpeg\",\"width\":2047,\"height\":2047},{\"@type\":\"BreadcrumbList\",\"@id\":\"https:\/\/babylove.se\/no\/produkt\/hussang-montessori-alex-90x190-cm\/#breadcrumb\",\"itemListElement\":[{\"@type\":\"ListItem\",\"position\":1,\"name\":\"Hem\",\"item\":\"https:\/\/babylove.se\/no\/\"},{\"@type\":\"ListItem\",\"position\":2,\"name\":\"Butik\",\"item\":\"https:\/\/babylove.se\/no\/butik\/\"},{\"@type\":\"ListItem\",\"position\":3,\"name\":\"Husseng montessori Alex 90&#215;190 cm\"}]},{\"@type\":\"WebSite\",\"@id\":\"https:\/\/babylove.se\/no\/#website\",\"url\":\"https:\/\/babylove.se\/no\/\",\"name\":\"Babylove Norska\",\"description\":\"\",\"potentialAction\":[{\"@type\":\"SearchAction\",\"target\":{\"@type\":\"EntryPoint\",\"urlTemplate\":\"https:\/\/babylove.se\/no\/?s={search_term_string}\"},\"query-input\":{\"@type\":\"PropertyValueSpecification\",\"valueRequired\":true,\"valueName\":\"search_term_string\"}}],\"inLanguage\":\"nb-NO\"}]}<\/script>\n<meta property=\"product:brand\" content=\"Luletto\" \/>\n<meta property=\"product:price:amount\" content=\"3999.00\" \/>\n<meta property=\"product:price:currency\" content=\"SEK\" \/>\n<meta property=\"og:availability\" content=\"instock\" \/>\n<meta property=\"product:availability\" content=\"instock\" \/>\n<meta property=\"product:retailer_item_id\" content=\"53A6-7067E\" \/>\n<meta property=\"product:condition\" content=\"new\" \/>\n<!-- \/ Yoast SEO Premium plugin. -->","yoast_head_json":{"title":"Huss\u00e4ng Alex Duo | Huss\u00e4ng | Babylove.se","description":"Fantastisk Huss\u00e4ng i Tr\u00e4 i olika varianter ! - H\u00f6g Kvalitet - FRI Frakt \u00f6ver 999 kr - Snabba Leveranser - Betala med Klarna Faktura - V\u00e4lkommen!","robots":{"index":"noindex","follow":"follow","max-snippet":"max-snippet:-1","max-image-preview":"max-image-preview:large","max-video-preview":"max-video-preview:-1"},"og_locale":"nb_NO","og_type":"article","og_title":"Husseng montessori Alex 90x190 cm","og_description":"Fantastisk Huss\u00e4ng i Tr\u00e4 i olika varianter ! - H\u00f6g Kvalitet - FRI Frakt \u00f6ver 999 kr - Snabba Leveranser - Betala med Klarna Faktura - V\u00e4lkommen!","og_url":"https:\/\/babylove.se\/no\/produkt\/hussang-montessori-alex-90x190-cm\/","og_site_name":"Babylove Norska","article_modified_time":"2026-04-08T12:35:15+00:00","og_image":[{"width":2047,"height":2047,"url":"https:\/\/babylove.se\/no\/wp-content\/uploads\/sites\/3\/2025\/07\/6490b0569f8ec.jpeg","type":"image\/jpeg"}],"twitter_card":"summary_large_image","twitter_misc":{"Price":"3 999,00&nbsp;&#107;&#114;","Availability":"In stock"},"schema":{"@context":"https:\/\/schema.org","@graph":[{"@type":"WebPage","@id":"https:\/\/babylove.se\/no\/produkt\/hussang-montessori-alex-90x190-cm\/","url":"https:\/\/babylove.se\/no\/produkt\/hussang-montessori-alex-90x190-cm\/","name":"Huss\u00e4ng Alex Duo | Huss\u00e4ng | Babylove.se","isPartOf":{"@id":"https:\/\/babylove.se\/no\/#website"},"primaryImageOfPage":{"@id":"https:\/\/babylove.se\/no\/produkt\/hussang-montessori-alex-90x190-cm\/#primaryimage"},"image":{"@id":"https:\/\/babylove.se\/no\/produkt\/hussang-montessori-alex-90x190-cm\/#primaryimage"},"thumbnailUrl":"https:\/\/babylove.se\/no\/wp-content\/uploads\/sites\/3\/2025\/07\/6490b0569f8ec.jpeg","datePublished":"2025-07-19T10:57:45+00:00","dateModified":"2026-04-08T12:35:15+00:00","description":"Fantastisk Huss\u00e4ng i Tr\u00e4 i olika varianter ! - H\u00f6g Kvalitet - FRI Frakt \u00f6ver 999 kr - Snabba Leveranser - Betala med Klarna Faktura - V\u00e4lkommen!","breadcrumb":{"@id":"https:\/\/babylove.se\/no\/produkt\/hussang-montessori-alex-90x190-cm\/#breadcrumb"},"inLanguage":"nb-NO","potentialAction":[{"@type":"ReadAction","target":["https:\/\/babylove.se\/no\/produkt\/hussang-montessori-alex-90x190-cm\/"]}]},{"@type":"ImageObject","inLanguage":"nb-NO","@id":"https:\/\/babylove.se\/no\/produkt\/hussang-montessori-alex-90x190-cm\/#primaryimage","url":"https:\/\/babylove.se\/no\/wp-content\/uploads\/sites\/3\/2025\/07\/6490b0569f8ec.jpeg","contentUrl":"https:\/\/babylove.se\/no\/wp-content\/uploads\/sites\/3\/2025\/07\/6490b0569f8ec.jpeg","width":2047,"height":2047},{"@type":"BreadcrumbList","@id":"https:\/\/babylove.se\/no\/produkt\/hussang-montessori-alex-90x190-cm\/#breadcrumb","itemListElement":[{"@type":"ListItem","position":1,"name":"Hem","item":"https:\/\/babylove.se\/no\/"},{"@type":"ListItem","position":2,"name":"Butik","item":"https:\/\/babylove.se\/no\/butik\/"},{"@type":"ListItem","position":3,"name":"Husseng montessori Alex 90&#215;190 cm"}]},{"@type":"WebSite","@id":"https:\/\/babylove.se\/no\/#website","url":"https:\/\/babylove.se\/no\/","name":"Babylove Norska","description":"","potentialAction":[{"@type":"SearchAction","target":{"@type":"EntryPoint","urlTemplate":"https:\/\/babylove.se\/no\/?s={search_term_string}"},"query-input":{"@type":"PropertyValueSpecification","valueRequired":true,"valueName":"search_term_string"}}],"inLanguage":"nb-NO"}]},"product_brand":"Luletto","product_price_amount":"3999.00","product_price_currency":"SEK","og_availability":"instock","product_availability":"instock","product_retailer_item_id":"53A6-7067E","product_condition":"new"},"_links":{"self":[{"href":"https:\/\/babylove.se\/no\/wp-json\/wp\/v2\/product\/52918","targetHints":{"allow":["GET"]}}],"collection":[{"href":"https:\/\/babylove.se\/no\/wp-json\/wp\/v2\/product"}],"about":[{"href":"https:\/\/babylove.se\/no\/wp-json\/wp\/v2\/types\/product"}],"replies":[{"embeddable":true,"href":"https:\/\/babylove.se\/no\/wp-json\/wp\/v2\/comments?post=52918"}],"wp:featuredmedia":[{"embeddable":true,"href":"https:\/\/babylove.se\/no\/wp-json\/wp\/v2\/media\/52920"}],"wp:attachment":[{"href":"https:\/\/babylove.se\/no\/wp-json\/wp\/v2\/media?parent=52918"}],"wp:term":[{"taxonomy":"product_brand","embeddable":true,"href":"https:\/\/babylove.se\/no\/wp-json\/wp\/v2\/product_brand?post=52918"},{"taxonomy":"product_cat","embeddable":true,"href":"https:\/\/babylove.se\/no\/wp-json\/wp\/v2\/product_cat?post=52918"},{"taxonomy":"product_tag","embeddable":true,"href":"https:\/\/babylove.se\/no\/wp-json\/wp\/v2\/product_tag?post=52918"}],"curies":[{"name":"wp","href":"https:\/\/api.w.org\/{rel}","templated":true}]}}