{"id":52921,"date":"2025-07-19T11:58:03","date_gmt":"2025-07-19T10:58:03","guid":{"rendered":"https:\/\/babylove.se\/produkt\/vit-montessori-hussang-90x200-cm\/"},"modified":"2026-04-08T13:35:18","modified_gmt":"2026-04-08T12:35:18","slug":"hvit-montessori-husseng-90x200-cm","status":"publish","type":"product","link":"https:\/\/babylove.se\/no\/produkt\/hvit-montessori-husseng-90x200-cm\/","title":{"rendered":"Hvit Montessori husseng 90&#215;200 cm"},"content":{"rendered":"<p>En superfin hvit husseng til barnerommet som ogs\u00e5 fungerer \u00e5 bruke som en hytte, og n\u00e5r det er tid \u00e5 sove er det den ultimate soveplassen for ditt barn. <\/p>\n<p>Hussangen kommer umontert med en enkel instruksjon. Madras inng\u00e5r ikke men du kan kj\u00f8pe den hos oss. <\/p>\n<p><span style=\"background-color: initial; font-weight: bold; text-align: initial;\">Info: <\/span> <\/p>\n<ul>\n<li>Sengbunn inng\u00e5r<\/li>\n<li>Madrassen inng\u00e5r ikke, ta gjerne en titt i v\u00e5rt store madrassutvalg.<\/li>\n<li>Maksbelastning: 100 kg<\/li>\n<\/ul>\n<p><strong>M\u00e5l:<\/strong> <\/p>\n<ul>\n<li>Total h\u00f8yde: 141 cm<\/li>\n<li>Total dybde: 97 cm<\/li>\n<li>Total lengde: 206 cm<\/li>\n<li>Sengem\u00e5l: 90&#215;200 cm<\/li>\n<\/ul>\n<p><em>Obs!<\/em><br \/>\n<em>Sengen leveres umontert og b\u00f8r settes sammen i rommet den skal brukes i.<\/em><\/p>\n","protected":false},"excerpt":{"rendered":"<p>En superfin hvit husseng til barnerommet som ogs\u00e5 fungerer \u00e5 bruke som en hytte, og n\u00e5r det er tid \u00e5 sove er det den ultimate soveplassen for ditt barn. Hussangen kommer umontert med en enkel instruksjon. Madras inng\u00e5r ikke men du kan kj\u00f8pe den hos oss. Info: Sengbunn inng\u00e5r Madrassen inng\u00e5r ikke, ta gjerne en [&hellip;]<\/p>\n","protected":false},"featured_media":83188,"comment_status":"closed","ping_status":"closed","template":"","meta":{"_acf_changed":false},"product_brand":[671],"product_cat":[672,217,280],"product_tag":[1689],"class_list":{"0":"post-52921","1":"product","2":"type-product","3":"status-publish","4":"has-post-thumbnail","6":"product_brand-homestyle4u","7":"product_cat-hm","8":"product_cat-sengesanger","9":"product_cat-senger-med-rask-levering","10":"product_tag-bestillingsvaror","12":"first","13":"instock","14":"taxable","15":"shipping-taxable","16":"purchasable","17":"product-type-simple"},"acf":[],"yoast_head":"<!-- This site is optimized with the Yoast SEO Premium plugin v25.8 (Yoast SEO v27.2) - https:\/\/yoast.com\/product\/yoast-seo-premium-wordpress\/ -->\n<title>Hvit Montessori husseng 90x200 cm - Babylove Norska<\/title>\n<meta name=\"robots\" content=\"noindex, follow, max-snippet:-1, max-image-preview:large, max-video-preview:-1\" \/>\n<meta property=\"og:locale\" content=\"nb_NO\" \/>\n<meta property=\"og:type\" content=\"article\" \/>\n<meta property=\"og:title\" content=\"Hvit Montessori husseng 90x200 cm\" \/>\n<meta property=\"og:description\" content=\"En superfin hvit husseng til barnerommet som ogs\u00e5 fungerer \u00e5 bruke som en hytte, og n\u00e5r det er tid \u00e5 sove er det den ultimate soveplassen for ditt barn. Hussangen kommer umontert med en enkel instruksjon. Madras inng\u00e5r ikke men du kan kj\u00f8pe den hos oss. Info: Sengbunn inng\u00e5r Madrassen inng\u00e5r ikke, ta gjerne en [&hellip;]\" \/>\n<meta property=\"og:url\" content=\"https:\/\/babylove.se\/no\/produkt\/hvit-montessori-husseng-90x200-cm\/\" \/>\n<meta property=\"og:site_name\" content=\"Babylove Norska\" \/>\n<meta property=\"article:modified_time\" content=\"2026-04-08T12:35:18+00:00\" \/>\n<meta property=\"og:image\" content=\"https:\/\/babylove.se\/no\/wp-content\/uploads\/sites\/3\/2025\/07\/Skarmavbild-2025-11-27-kl.-15.02.34.png\" \/>\n\t<meta property=\"og:image:width\" content=\"1068\" \/>\n\t<meta property=\"og:image:height\" content=\"1006\" \/>\n\t<meta property=\"og:image:type\" content=\"image\/png\" \/>\n<meta name=\"twitter:card\" content=\"summary_large_image\" \/>\n<meta name=\"twitter:label1\" content=\"Price\" \/>\n\t<meta name=\"twitter:data1\" content=\"2 699,00&nbsp;&#107;&#114;\" \/>\n\t<meta name=\"twitter:label2\" content=\"Availability\" \/>\n\t<meta name=\"twitter:data2\" content=\"In stock\" \/>\n<script type=\"application\/ld+json\" class=\"yoast-schema-graph\">{\"@context\":\"https:\/\/schema.org\",\"@graph\":[{\"@type\":\"WebPage\",\"@id\":\"https:\/\/babylove.se\/no\/produkt\/hvit-montessori-husseng-90x200-cm\/\",\"url\":\"https:\/\/babylove.se\/no\/produkt\/hvit-montessori-husseng-90x200-cm\/\",\"name\":\"Hvit Montessori husseng 90x200 cm - Babylove Norska\",\"isPartOf\":{\"@id\":\"https:\/\/babylove.se\/no\/#website\"},\"primaryImageOfPage\":{\"@id\":\"https:\/\/babylove.se\/no\/produkt\/hvit-montessori-husseng-90x200-cm\/#primaryimage\"},\"image\":{\"@id\":\"https:\/\/babylove.se\/no\/produkt\/hvit-montessori-husseng-90x200-cm\/#primaryimage\"},\"thumbnailUrl\":\"https:\/\/babylove.se\/no\/wp-content\/uploads\/sites\/3\/2025\/07\/Skarmavbild-2025-11-27-kl.-15.02.34.png\",\"datePublished\":\"2025-07-19T10:58:03+00:00\",\"dateModified\":\"2026-04-08T12:35:18+00:00\",\"breadcrumb\":{\"@id\":\"https:\/\/babylove.se\/no\/produkt\/hvit-montessori-husseng-90x200-cm\/#breadcrumb\"},\"inLanguage\":\"nb-NO\",\"potentialAction\":[{\"@type\":\"ReadAction\",\"target\":[\"https:\/\/babylove.se\/no\/produkt\/hvit-montessori-husseng-90x200-cm\/\"]}]},{\"@type\":\"ImageObject\",\"inLanguage\":\"nb-NO\",\"@id\":\"https:\/\/babylove.se\/no\/produkt\/hvit-montessori-husseng-90x200-cm\/#primaryimage\",\"url\":\"https:\/\/babylove.se\/no\/wp-content\/uploads\/sites\/3\/2025\/07\/Skarmavbild-2025-11-27-kl.-15.02.34.png\",\"contentUrl\":\"https:\/\/babylove.se\/no\/wp-content\/uploads\/sites\/3\/2025\/07\/Skarmavbild-2025-11-27-kl.-15.02.34.png\",\"width\":1068,\"height\":1006},{\"@type\":\"BreadcrumbList\",\"@id\":\"https:\/\/babylove.se\/no\/produkt\/hvit-montessori-husseng-90x200-cm\/#breadcrumb\",\"itemListElement\":[{\"@type\":\"ListItem\",\"position\":1,\"name\":\"Hem\",\"item\":\"https:\/\/babylove.se\/no\/\"},{\"@type\":\"ListItem\",\"position\":2,\"name\":\"Butik\",\"item\":\"https:\/\/babylove.se\/no\/butik\/\"},{\"@type\":\"ListItem\",\"position\":3,\"name\":\"Hvit Montessori husseng 90&#215;200 cm\"}]},{\"@type\":\"WebSite\",\"@id\":\"https:\/\/babylove.se\/no\/#website\",\"url\":\"https:\/\/babylove.se\/no\/\",\"name\":\"Babylove Norska\",\"description\":\"\",\"potentialAction\":[{\"@type\":\"SearchAction\",\"target\":{\"@type\":\"EntryPoint\",\"urlTemplate\":\"https:\/\/babylove.se\/no\/?s={search_term_string}\"},\"query-input\":{\"@type\":\"PropertyValueSpecification\",\"valueRequired\":true,\"valueName\":\"search_term_string\"}}],\"inLanguage\":\"nb-NO\"}]}<\/script>\n<meta property=\"product:brand\" content=\"Homestyle4u\" \/>\n<meta property=\"product:price:amount\" content=\"2699.00\" \/>\n<meta property=\"product:price:currency\" content=\"SEK\" \/>\n<meta property=\"og:availability\" content=\"instock\" \/>\n<meta property=\"product:availability\" content=\"instock\" \/>\n<meta property=\"product:retailer_item_id\" content=\"2385\" \/>\n<meta property=\"product:condition\" content=\"new\" \/>\n<!-- \/ Yoast SEO Premium plugin. -->","yoast_head_json":{"title":"Hvit Montessori husseng 90x200 cm - Babylove Norska","robots":{"index":"noindex","follow":"follow","max-snippet":"max-snippet:-1","max-image-preview":"max-image-preview:large","max-video-preview":"max-video-preview:-1"},"og_locale":"nb_NO","og_type":"article","og_title":"Hvit Montessori husseng 90x200 cm","og_description":"En superfin hvit husseng til barnerommet som ogs\u00e5 fungerer \u00e5 bruke som en hytte, og n\u00e5r det er tid \u00e5 sove er det den ultimate soveplassen for ditt barn. Hussangen kommer umontert med en enkel instruksjon. Madras inng\u00e5r ikke men du kan kj\u00f8pe den hos oss. Info: Sengbunn inng\u00e5r Madrassen inng\u00e5r ikke, ta gjerne en [&hellip;]","og_url":"https:\/\/babylove.se\/no\/produkt\/hvit-montessori-husseng-90x200-cm\/","og_site_name":"Babylove Norska","article_modified_time":"2026-04-08T12:35:18+00:00","og_image":[{"width":1068,"height":1006,"url":"https:\/\/babylove.se\/no\/wp-content\/uploads\/sites\/3\/2025\/07\/Skarmavbild-2025-11-27-kl.-15.02.34.png","type":"image\/png"}],"twitter_card":"summary_large_image","twitter_misc":{"Price":"2 699,00&nbsp;&#107;&#114;","Availability":"In stock"},"schema":{"@context":"https:\/\/schema.org","@graph":[{"@type":"WebPage","@id":"https:\/\/babylove.se\/no\/produkt\/hvit-montessori-husseng-90x200-cm\/","url":"https:\/\/babylove.se\/no\/produkt\/hvit-montessori-husseng-90x200-cm\/","name":"Hvit Montessori husseng 90x200 cm - Babylove Norska","isPartOf":{"@id":"https:\/\/babylove.se\/no\/#website"},"primaryImageOfPage":{"@id":"https:\/\/babylove.se\/no\/produkt\/hvit-montessori-husseng-90x200-cm\/#primaryimage"},"image":{"@id":"https:\/\/babylove.se\/no\/produkt\/hvit-montessori-husseng-90x200-cm\/#primaryimage"},"thumbnailUrl":"https:\/\/babylove.se\/no\/wp-content\/uploads\/sites\/3\/2025\/07\/Skarmavbild-2025-11-27-kl.-15.02.34.png","datePublished":"2025-07-19T10:58:03+00:00","dateModified":"2026-04-08T12:35:18+00:00","breadcrumb":{"@id":"https:\/\/babylove.se\/no\/produkt\/hvit-montessori-husseng-90x200-cm\/#breadcrumb"},"inLanguage":"nb-NO","potentialAction":[{"@type":"ReadAction","target":["https:\/\/babylove.se\/no\/produkt\/hvit-montessori-husseng-90x200-cm\/"]}]},{"@type":"ImageObject","inLanguage":"nb-NO","@id":"https:\/\/babylove.se\/no\/produkt\/hvit-montessori-husseng-90x200-cm\/#primaryimage","url":"https:\/\/babylove.se\/no\/wp-content\/uploads\/sites\/3\/2025\/07\/Skarmavbild-2025-11-27-kl.-15.02.34.png","contentUrl":"https:\/\/babylove.se\/no\/wp-content\/uploads\/sites\/3\/2025\/07\/Skarmavbild-2025-11-27-kl.-15.02.34.png","width":1068,"height":1006},{"@type":"BreadcrumbList","@id":"https:\/\/babylove.se\/no\/produkt\/hvit-montessori-husseng-90x200-cm\/#breadcrumb","itemListElement":[{"@type":"ListItem","position":1,"name":"Hem","item":"https:\/\/babylove.se\/no\/"},{"@type":"ListItem","position":2,"name":"Butik","item":"https:\/\/babylove.se\/no\/butik\/"},{"@type":"ListItem","position":3,"name":"Hvit Montessori husseng 90&#215;200 cm"}]},{"@type":"WebSite","@id":"https:\/\/babylove.se\/no\/#website","url":"https:\/\/babylove.se\/no\/","name":"Babylove Norska","description":"","potentialAction":[{"@type":"SearchAction","target":{"@type":"EntryPoint","urlTemplate":"https:\/\/babylove.se\/no\/?s={search_term_string}"},"query-input":{"@type":"PropertyValueSpecification","valueRequired":true,"valueName":"search_term_string"}}],"inLanguage":"nb-NO"}]},"product_brand":"Homestyle4u","product_price_amount":"2699.00","product_price_currency":"SEK","og_availability":"instock","product_availability":"instock","product_retailer_item_id":"2385","product_condition":"new"},"_links":{"self":[{"href":"https:\/\/babylove.se\/no\/wp-json\/wp\/v2\/product\/52921","targetHints":{"allow":["GET"]}}],"collection":[{"href":"https:\/\/babylove.se\/no\/wp-json\/wp\/v2\/product"}],"about":[{"href":"https:\/\/babylove.se\/no\/wp-json\/wp\/v2\/types\/product"}],"replies":[{"embeddable":true,"href":"https:\/\/babylove.se\/no\/wp-json\/wp\/v2\/comments?post=52921"}],"wp:featuredmedia":[{"embeddable":true,"href":"https:\/\/babylove.se\/no\/wp-json\/wp\/v2\/media\/83188"}],"wp:attachment":[{"href":"https:\/\/babylove.se\/no\/wp-json\/wp\/v2\/media?parent=52921"}],"wp:term":[{"taxonomy":"product_brand","embeddable":true,"href":"https:\/\/babylove.se\/no\/wp-json\/wp\/v2\/product_brand?post=52921"},{"taxonomy":"product_cat","embeddable":true,"href":"https:\/\/babylove.se\/no\/wp-json\/wp\/v2\/product_cat?post=52921"},{"taxonomy":"product_tag","embeddable":true,"href":"https:\/\/babylove.se\/no\/wp-json\/wp\/v2\/product_tag?post=52921"}],"curies":[{"name":"wp","href":"https:\/\/api.w.org\/{rel}","templated":true}]}}