{"id":52964,"date":"2025-07-19T11:58:19","date_gmt":"2025-07-19T10:58:19","guid":{"rendered":"https:\/\/babylove.se\/produkt\/babylove-byggbara-klossar-rainbow-pastell\/"},"modified":"2026-04-08T13:35:41","modified_gmt":"2026-04-08T12:35:41","slug":"babylove-byggbare-klosser-rainbow-pastell","status":"publish","type":"product","link":"https:\/\/babylove.se\/no\/produkt\/babylove-byggbare-klosser-rainbow-pastell\/","title":{"rendered":"Babylove, Byggbare klosser Rainbow, pastell"},"content":{"rendered":"<p>En fantastisk konstellasjon av store byggeklosser i form av en regnbue. Meget verdsatt av de sm\u00e5, da byggeleken vil bli ekstra morsom og kreativ.&nbsp;<\/p>\n<p>Superbra produkt for \u00e5 trene barnets motorikk, balanse og kreativitet p\u00e5 samme tid gjennom aktiv lek. Klossene kan settes sammen til en hinderl\u00f8ype for sm\u00e5rollingene. Snu p\u00e5 det og simsalabim s\u00e5 har du en huske eller et balansebrett.&nbsp;<\/p>\n<p>Putene er selvf\u00f8lgelig myke, slik at barnet ditt skal kunne ha ordentlig moro med dem, uten harde, slemme kanter som kan \u00f8delegge leken. En bonus for deg som forelder er at de er meget enkle \u00e5 rengj\u00f8re.<\/p>\n<p><strong>M\u00e5l<\/strong>: Sees enklest p\u00e5 ett av produktbildene, da det er flere deler med forskjellig st\u00f8rrelse.<\/p>\n<p><strong>Materiale<\/strong>: \u00d8kologisk kunstl\u00e6r med antiallergisk fylling av skum.&nbsp;<\/p>\n","protected":false},"excerpt":{"rendered":"<p>En fantastisk konstellasjon av store byggeklosser i form av en regnbue. Meget verdsatt av de sm\u00e5, da byggeleken vil bli ekstra morsom og kreativ.&nbsp; Superbra produkt for \u00e5 trene barnets motorikk, balanse og kreativitet p\u00e5 samme tid gjennom aktiv lek. Klossene kan settes sammen til en hinderl\u00f8ype for sm\u00e5rollingene. Snu p\u00e5 det og simsalabim s\u00e5 [&hellip;]<\/p>\n","protected":false},"featured_media":52966,"comment_status":"closed","ping_status":"open","template":"","meta":{"_acf_changed":false},"product_brand":[375],"product_cat":[204,376],"product_tag":[1689],"class_list":{"0":"post-52964","1":"product","2":"type-product","3":"status-publish","4":"has-post-thumbnail","6":"product_brand-pqp-ttm","7":"product_cat-motoriske-barnmobler","8":"product_cat-pp","9":"product_tag-bestillingsvaror","11":"first","12":"instock","13":"taxable","14":"shipping-taxable","15":"purchasable","16":"product-type-simple"},"acf":[],"yoast_head":"<!-- This site is optimized with the Yoast SEO Premium plugin v25.8 (Yoast SEO v27.2) - https:\/\/yoast.com\/product\/yoast-seo-premium-wordpress\/ -->\n<title>Babylove, Byggbare klosser Rainbow, pastell - Babylove Norska<\/title>\n<meta name=\"robots\" content=\"noindex, follow, max-snippet:-1, max-image-preview:large, max-video-preview:-1\" \/>\n<meta property=\"og:locale\" content=\"nb_NO\" \/>\n<meta property=\"og:type\" content=\"article\" \/>\n<meta property=\"og:title\" content=\"Babylove, Byggbare klosser Rainbow, pastell\" \/>\n<meta property=\"og:description\" content=\"En fantastisk konstellasjon av store byggeklosser i form av en regnbue. Meget verdsatt av de sm\u00e5, da byggeleken vil bli ekstra morsom og kreativ.&nbsp; Superbra produkt for \u00e5 trene barnets motorikk, balanse og kreativitet p\u00e5 samme tid gjennom aktiv lek. Klossene kan settes sammen til en hinderl\u00f8ype for sm\u00e5rollingene. Snu p\u00e5 det og simsalabim s\u00e5 [&hellip;]\" \/>\n<meta property=\"og:url\" content=\"https:\/\/babylove.se\/no\/produkt\/babylove-byggbare-klosser-rainbow-pastell\/\" \/>\n<meta property=\"og:site_name\" content=\"Babylove Norska\" \/>\n<meta property=\"article:modified_time\" content=\"2026-04-08T12:35:41+00:00\" \/>\n<meta property=\"og:image\" content=\"https:\/\/babylove.se\/no\/wp-content\/uploads\/sites\/3\/2025\/07\/649e824d77e74.png\" \/>\n\t<meta property=\"og:image:width\" content=\"480\" \/>\n\t<meta property=\"og:image:height\" content=\"480\" \/>\n\t<meta property=\"og:image:type\" content=\"image\/png\" \/>\n<meta name=\"twitter:card\" content=\"summary_large_image\" \/>\n<meta name=\"twitter:label1\" content=\"Price\" \/>\n\t<meta name=\"twitter:data1\" content=\"1 999,00&nbsp;&#107;&#114;\" \/>\n\t<meta name=\"twitter:label2\" content=\"Availability\" \/>\n\t<meta name=\"twitter:data2\" content=\"In stock\" \/>\n<script type=\"application\/ld+json\" class=\"yoast-schema-graph\">{\"@context\":\"https:\/\/schema.org\",\"@graph\":[{\"@type\":\"WebPage\",\"@id\":\"https:\/\/babylove.se\/no\/produkt\/babylove-byggbare-klosser-rainbow-pastell\/\",\"url\":\"https:\/\/babylove.se\/no\/produkt\/babylove-byggbare-klosser-rainbow-pastell\/\",\"name\":\"Babylove, Byggbare klosser Rainbow, pastell - Babylove Norska\",\"isPartOf\":{\"@id\":\"https:\/\/babylove.se\/no\/#website\"},\"primaryImageOfPage\":{\"@id\":\"https:\/\/babylove.se\/no\/produkt\/babylove-byggbare-klosser-rainbow-pastell\/#primaryimage\"},\"image\":{\"@id\":\"https:\/\/babylove.se\/no\/produkt\/babylove-byggbare-klosser-rainbow-pastell\/#primaryimage\"},\"thumbnailUrl\":\"https:\/\/babylove.se\/no\/wp-content\/uploads\/sites\/3\/2025\/07\/649e824d77e74.png\",\"datePublished\":\"2025-07-19T10:58:19+00:00\",\"dateModified\":\"2026-04-08T12:35:41+00:00\",\"breadcrumb\":{\"@id\":\"https:\/\/babylove.se\/no\/produkt\/babylove-byggbare-klosser-rainbow-pastell\/#breadcrumb\"},\"inLanguage\":\"nb-NO\",\"potentialAction\":[{\"@type\":\"ReadAction\",\"target\":[\"https:\/\/babylove.se\/no\/produkt\/babylove-byggbare-klosser-rainbow-pastell\/\"]}]},{\"@type\":\"ImageObject\",\"inLanguage\":\"nb-NO\",\"@id\":\"https:\/\/babylove.se\/no\/produkt\/babylove-byggbare-klosser-rainbow-pastell\/#primaryimage\",\"url\":\"https:\/\/babylove.se\/no\/wp-content\/uploads\/sites\/3\/2025\/07\/649e824d77e74.png\",\"contentUrl\":\"https:\/\/babylove.se\/no\/wp-content\/uploads\/sites\/3\/2025\/07\/649e824d77e74.png\",\"width\":480,\"height\":480},{\"@type\":\"BreadcrumbList\",\"@id\":\"https:\/\/babylove.se\/no\/produkt\/babylove-byggbare-klosser-rainbow-pastell\/#breadcrumb\",\"itemListElement\":[{\"@type\":\"ListItem\",\"position\":1,\"name\":\"Hem\",\"item\":\"https:\/\/babylove.se\/no\/\"},{\"@type\":\"ListItem\",\"position\":2,\"name\":\"Butik\",\"item\":\"https:\/\/babylove.se\/no\/butik\/\"},{\"@type\":\"ListItem\",\"position\":3,\"name\":\"Babylove, Byggbare klosser Rainbow, pastell\"}]},{\"@type\":\"WebSite\",\"@id\":\"https:\/\/babylove.se\/no\/#website\",\"url\":\"https:\/\/babylove.se\/no\/\",\"name\":\"Babylove Norska\",\"description\":\"\",\"potentialAction\":[{\"@type\":\"SearchAction\",\"target\":{\"@type\":\"EntryPoint\",\"urlTemplate\":\"https:\/\/babylove.se\/no\/?s={search_term_string}\"},\"query-input\":{\"@type\":\"PropertyValueSpecification\",\"valueRequired\":true,\"valueName\":\"search_term_string\"}}],\"inLanguage\":\"nb-NO\"}]}<\/script>\n<meta property=\"product:brand\" content=\"PQP\/TTM\" \/>\n<meta property=\"product:price:amount\" content=\"1999.00\" \/>\n<meta property=\"product:price:currency\" content=\"SEK\" \/>\n<meta property=\"og:availability\" content=\"instock\" \/>\n<meta property=\"product:availability\" content=\"instock\" \/>\n<meta property=\"product:retailer_item_id\" content=\"24240.20k.21k.22k\" \/>\n<meta property=\"product:condition\" content=\"new\" \/>\n<!-- \/ Yoast SEO Premium plugin. -->","yoast_head_json":{"title":"Babylove, Byggbare klosser Rainbow, pastell - Babylove Norska","robots":{"index":"noindex","follow":"follow","max-snippet":"max-snippet:-1","max-image-preview":"max-image-preview:large","max-video-preview":"max-video-preview:-1"},"og_locale":"nb_NO","og_type":"article","og_title":"Babylove, Byggbare klosser Rainbow, pastell","og_description":"En fantastisk konstellasjon av store byggeklosser i form av en regnbue. Meget verdsatt av de sm\u00e5, da byggeleken vil bli ekstra morsom og kreativ.&nbsp; Superbra produkt for \u00e5 trene barnets motorikk, balanse og kreativitet p\u00e5 samme tid gjennom aktiv lek. Klossene kan settes sammen til en hinderl\u00f8ype for sm\u00e5rollingene. Snu p\u00e5 det og simsalabim s\u00e5 [&hellip;]","og_url":"https:\/\/babylove.se\/no\/produkt\/babylove-byggbare-klosser-rainbow-pastell\/","og_site_name":"Babylove Norska","article_modified_time":"2026-04-08T12:35:41+00:00","og_image":[{"width":480,"height":480,"url":"https:\/\/babylove.se\/no\/wp-content\/uploads\/sites\/3\/2025\/07\/649e824d77e74.png","type":"image\/png"}],"twitter_card":"summary_large_image","twitter_misc":{"Price":"1 999,00&nbsp;&#107;&#114;","Availability":"In stock"},"schema":{"@context":"https:\/\/schema.org","@graph":[{"@type":"WebPage","@id":"https:\/\/babylove.se\/no\/produkt\/babylove-byggbare-klosser-rainbow-pastell\/","url":"https:\/\/babylove.se\/no\/produkt\/babylove-byggbare-klosser-rainbow-pastell\/","name":"Babylove, Byggbare klosser Rainbow, pastell - Babylove Norska","isPartOf":{"@id":"https:\/\/babylove.se\/no\/#website"},"primaryImageOfPage":{"@id":"https:\/\/babylove.se\/no\/produkt\/babylove-byggbare-klosser-rainbow-pastell\/#primaryimage"},"image":{"@id":"https:\/\/babylove.se\/no\/produkt\/babylove-byggbare-klosser-rainbow-pastell\/#primaryimage"},"thumbnailUrl":"https:\/\/babylove.se\/no\/wp-content\/uploads\/sites\/3\/2025\/07\/649e824d77e74.png","datePublished":"2025-07-19T10:58:19+00:00","dateModified":"2026-04-08T12:35:41+00:00","breadcrumb":{"@id":"https:\/\/babylove.se\/no\/produkt\/babylove-byggbare-klosser-rainbow-pastell\/#breadcrumb"},"inLanguage":"nb-NO","potentialAction":[{"@type":"ReadAction","target":["https:\/\/babylove.se\/no\/produkt\/babylove-byggbare-klosser-rainbow-pastell\/"]}]},{"@type":"ImageObject","inLanguage":"nb-NO","@id":"https:\/\/babylove.se\/no\/produkt\/babylove-byggbare-klosser-rainbow-pastell\/#primaryimage","url":"https:\/\/babylove.se\/no\/wp-content\/uploads\/sites\/3\/2025\/07\/649e824d77e74.png","contentUrl":"https:\/\/babylove.se\/no\/wp-content\/uploads\/sites\/3\/2025\/07\/649e824d77e74.png","width":480,"height":480},{"@type":"BreadcrumbList","@id":"https:\/\/babylove.se\/no\/produkt\/babylove-byggbare-klosser-rainbow-pastell\/#breadcrumb","itemListElement":[{"@type":"ListItem","position":1,"name":"Hem","item":"https:\/\/babylove.se\/no\/"},{"@type":"ListItem","position":2,"name":"Butik","item":"https:\/\/babylove.se\/no\/butik\/"},{"@type":"ListItem","position":3,"name":"Babylove, Byggbare klosser Rainbow, pastell"}]},{"@type":"WebSite","@id":"https:\/\/babylove.se\/no\/#website","url":"https:\/\/babylove.se\/no\/","name":"Babylove Norska","description":"","potentialAction":[{"@type":"SearchAction","target":{"@type":"EntryPoint","urlTemplate":"https:\/\/babylove.se\/no\/?s={search_term_string}"},"query-input":{"@type":"PropertyValueSpecification","valueRequired":true,"valueName":"search_term_string"}}],"inLanguage":"nb-NO"}]},"product_brand":"PQP\/TTM","product_price_amount":"1999.00","product_price_currency":"SEK","og_availability":"instock","product_availability":"instock","product_retailer_item_id":"24240.20k.21k.22k","product_condition":"new"},"_links":{"self":[{"href":"https:\/\/babylove.se\/no\/wp-json\/wp\/v2\/product\/52964","targetHints":{"allow":["GET"]}}],"collection":[{"href":"https:\/\/babylove.se\/no\/wp-json\/wp\/v2\/product"}],"about":[{"href":"https:\/\/babylove.se\/no\/wp-json\/wp\/v2\/types\/product"}],"replies":[{"embeddable":true,"href":"https:\/\/babylove.se\/no\/wp-json\/wp\/v2\/comments?post=52964"}],"wp:featuredmedia":[{"embeddable":true,"href":"https:\/\/babylove.se\/no\/wp-json\/wp\/v2\/media\/52966"}],"wp:attachment":[{"href":"https:\/\/babylove.se\/no\/wp-json\/wp\/v2\/media?parent=52964"}],"wp:term":[{"taxonomy":"product_brand","embeddable":true,"href":"https:\/\/babylove.se\/no\/wp-json\/wp\/v2\/product_brand?post=52964"},{"taxonomy":"product_cat","embeddable":true,"href":"https:\/\/babylove.se\/no\/wp-json\/wp\/v2\/product_cat?post=52964"},{"taxonomy":"product_tag","embeddable":true,"href":"https:\/\/babylove.se\/no\/wp-json\/wp\/v2\/product_tag?post=52964"}],"curies":[{"name":"wp","href":"https:\/\/api.w.org\/{rel}","templated":true}]}}