{"id":52982,"date":"2025-07-19T11:58:37","date_gmt":"2025-07-19T10:58:37","guid":{"rendered":"https:\/\/babylove.se\/produkt\/babylove-byggbara-klossar-rainbow\/"},"modified":"2026-04-08T13:35:49","modified_gmt":"2026-04-08T12:35:49","slug":"babylove-byggbare-klosser-rainbow","status":"publish","type":"product","link":"https:\/\/babylove.se\/no\/produkt\/babylove-byggbare-klosser-rainbow\/","title":{"rendered":"Babylove, Byggbare klosser Rainbow"},"content":{"rendered":"<p>En fantastisk konstellasjon av store byggeklosser i form av en regnbue. Meget verdsatt av de sm\u00e5, da byggeleken kommer til \u00e5 bli ekstra morsom og kreativ.&nbsp;<\/p>\n<p>Superbra produkt for \u00e5 trene barnets ditt motorikk, balanse og kreativitet p\u00e5 samme tid gjennom aktiv lek. Klossene kan settes sammen til en hinderbane for de minste. Snu p\u00e5 det og simsalabim s\u00e5 har du en huske eller et balansefj\u00f8l.&nbsp;<\/p>\n<p>Putene er selvsagt myke, slik at barnet ditt skal kunne ha det virkelig g\u00f8y med dem, uten harde, slemme kanter som kan \u00f8delegge leken. En bonus for deg som forelder er at de er meget enkle \u00e5 rengj\u00f8re.<\/p>\n<p><strong>M\u00e5l<\/strong>: Sees enklest p\u00e5 et av produktbildene, da det er flere deler med forskjellig st\u00f8rrelse.<\/p>\n<p><strong>Materiale<\/strong>: \u00d8kologisk kunstl\u00e6r med antiallergisk fylling av skum.&nbsp;<\/p>\n","protected":false},"excerpt":{"rendered":"<p>En fantastisk konstellasjon av store byggeklosser i form av en regnbue. Meget verdsatt av de sm\u00e5, da byggeleken kommer til \u00e5 bli ekstra morsom og kreativ.&nbsp; Superbra produkt for \u00e5 trene barnets ditt motorikk, balanse og kreativitet p\u00e5 samme tid gjennom aktiv lek. Klossene kan settes sammen til en hinderbane for de minste. Snu p\u00e5 [&hellip;]<\/p>\n","protected":false},"featured_media":52984,"comment_status":"closed","ping_status":"open","template":"","meta":{"_acf_changed":false},"product_brand":[375],"product_cat":[204,376],"product_tag":[1689],"class_list":{"0":"post-52982","1":"product","2":"type-product","3":"status-publish","4":"has-post-thumbnail","6":"product_brand-pqp-ttm","7":"product_cat-motoriske-barnmobler","8":"product_cat-pp","9":"product_tag-bestillingsvaror","11":"first","12":"instock","13":"taxable","14":"shipping-taxable","15":"purchasable","16":"product-type-simple"},"acf":[],"yoast_head":"<!-- This site is optimized with the Yoast SEO Premium plugin v25.8 (Yoast SEO v27.2) - https:\/\/yoast.com\/product\/yoast-seo-premium-wordpress\/ -->\n<title>Babylove, Byggbare klosser Rainbow - Babylove Norska<\/title>\n<meta name=\"robots\" content=\"noindex, follow, max-snippet:-1, max-image-preview:large, max-video-preview:-1\" \/>\n<meta property=\"og:locale\" content=\"nb_NO\" \/>\n<meta property=\"og:type\" content=\"article\" \/>\n<meta property=\"og:title\" content=\"Babylove, Byggbare klosser Rainbow\" \/>\n<meta property=\"og:description\" content=\"En fantastisk konstellasjon av store byggeklosser i form av en regnbue. Meget verdsatt av de sm\u00e5, da byggeleken kommer til \u00e5 bli ekstra morsom og kreativ.&nbsp; Superbra produkt for \u00e5 trene barnets ditt motorikk, balanse og kreativitet p\u00e5 samme tid gjennom aktiv lek. Klossene kan settes sammen til en hinderbane for de minste. Snu p\u00e5 [&hellip;]\" \/>\n<meta property=\"og:url\" content=\"https:\/\/babylove.se\/no\/produkt\/babylove-byggbare-klosser-rainbow\/\" \/>\n<meta property=\"og:site_name\" content=\"Babylove Norska\" \/>\n<meta property=\"article:modified_time\" content=\"2026-04-08T12:35:49+00:00\" \/>\n<meta property=\"og:image\" content=\"https:\/\/babylove.se\/no\/wp-content\/uploads\/sites\/3\/2025\/07\/649e8461df505.png\" \/>\n\t<meta property=\"og:image:width\" content=\"480\" \/>\n\t<meta property=\"og:image:height\" content=\"480\" \/>\n\t<meta property=\"og:image:type\" content=\"image\/png\" \/>\n<meta name=\"twitter:card\" content=\"summary_large_image\" \/>\n<meta name=\"twitter:label1\" content=\"Price\" \/>\n\t<meta name=\"twitter:data1\" content=\"1 999,00&nbsp;&#107;&#114;\" \/>\n\t<meta name=\"twitter:label2\" content=\"Availability\" \/>\n\t<meta name=\"twitter:data2\" content=\"In stock\" \/>\n<script type=\"application\/ld+json\" class=\"yoast-schema-graph\">{\"@context\":\"https:\/\/schema.org\",\"@graph\":[{\"@type\":\"WebPage\",\"@id\":\"https:\/\/babylove.se\/no\/produkt\/babylove-byggbare-klosser-rainbow\/\",\"url\":\"https:\/\/babylove.se\/no\/produkt\/babylove-byggbare-klosser-rainbow\/\",\"name\":\"Babylove, Byggbare klosser Rainbow - Babylove Norska\",\"isPartOf\":{\"@id\":\"https:\/\/babylove.se\/no\/#website\"},\"primaryImageOfPage\":{\"@id\":\"https:\/\/babylove.se\/no\/produkt\/babylove-byggbare-klosser-rainbow\/#primaryimage\"},\"image\":{\"@id\":\"https:\/\/babylove.se\/no\/produkt\/babylove-byggbare-klosser-rainbow\/#primaryimage\"},\"thumbnailUrl\":\"https:\/\/babylove.se\/no\/wp-content\/uploads\/sites\/3\/2025\/07\/649e8461df505.png\",\"datePublished\":\"2025-07-19T10:58:37+00:00\",\"dateModified\":\"2026-04-08T12:35:49+00:00\",\"breadcrumb\":{\"@id\":\"https:\/\/babylove.se\/no\/produkt\/babylove-byggbare-klosser-rainbow\/#breadcrumb\"},\"inLanguage\":\"nb-NO\",\"potentialAction\":[{\"@type\":\"ReadAction\",\"target\":[\"https:\/\/babylove.se\/no\/produkt\/babylove-byggbare-klosser-rainbow\/\"]}]},{\"@type\":\"ImageObject\",\"inLanguage\":\"nb-NO\",\"@id\":\"https:\/\/babylove.se\/no\/produkt\/babylove-byggbare-klosser-rainbow\/#primaryimage\",\"url\":\"https:\/\/babylove.se\/no\/wp-content\/uploads\/sites\/3\/2025\/07\/649e8461df505.png\",\"contentUrl\":\"https:\/\/babylove.se\/no\/wp-content\/uploads\/sites\/3\/2025\/07\/649e8461df505.png\",\"width\":480,\"height\":480},{\"@type\":\"BreadcrumbList\",\"@id\":\"https:\/\/babylove.se\/no\/produkt\/babylove-byggbare-klosser-rainbow\/#breadcrumb\",\"itemListElement\":[{\"@type\":\"ListItem\",\"position\":1,\"name\":\"Hem\",\"item\":\"https:\/\/babylove.se\/no\/\"},{\"@type\":\"ListItem\",\"position\":2,\"name\":\"Butik\",\"item\":\"https:\/\/babylove.se\/no\/butik\/\"},{\"@type\":\"ListItem\",\"position\":3,\"name\":\"Babylove, Byggbare klosser Rainbow\"}]},{\"@type\":\"WebSite\",\"@id\":\"https:\/\/babylove.se\/no\/#website\",\"url\":\"https:\/\/babylove.se\/no\/\",\"name\":\"Babylove Norska\",\"description\":\"\",\"potentialAction\":[{\"@type\":\"SearchAction\",\"target\":{\"@type\":\"EntryPoint\",\"urlTemplate\":\"https:\/\/babylove.se\/no\/?s={search_term_string}\"},\"query-input\":{\"@type\":\"PropertyValueSpecification\",\"valueRequired\":true,\"valueName\":\"search_term_string\"}}],\"inLanguage\":\"nb-NO\"}]}<\/script>\n<meta property=\"product:brand\" content=\"PQP\/TTM\" \/>\n<meta property=\"product:price:amount\" content=\"1999.00\" \/>\n<meta property=\"product:price:currency\" content=\"SEK\" \/>\n<meta property=\"og:availability\" content=\"instock\" \/>\n<meta property=\"product:availability\" content=\"instock\" \/>\n<meta property=\"product:retailer_item_id\" content=\"24240.2.5.4\" \/>\n<meta property=\"product:condition\" content=\"new\" \/>\n<!-- \/ Yoast SEO Premium plugin. -->","yoast_head_json":{"title":"Babylove, Byggbare klosser Rainbow - Babylove Norska","robots":{"index":"noindex","follow":"follow","max-snippet":"max-snippet:-1","max-image-preview":"max-image-preview:large","max-video-preview":"max-video-preview:-1"},"og_locale":"nb_NO","og_type":"article","og_title":"Babylove, Byggbare klosser Rainbow","og_description":"En fantastisk konstellasjon av store byggeklosser i form av en regnbue. Meget verdsatt av de sm\u00e5, da byggeleken kommer til \u00e5 bli ekstra morsom og kreativ.&nbsp; Superbra produkt for \u00e5 trene barnets ditt motorikk, balanse og kreativitet p\u00e5 samme tid gjennom aktiv lek. Klossene kan settes sammen til en hinderbane for de minste. Snu p\u00e5 [&hellip;]","og_url":"https:\/\/babylove.se\/no\/produkt\/babylove-byggbare-klosser-rainbow\/","og_site_name":"Babylove Norska","article_modified_time":"2026-04-08T12:35:49+00:00","og_image":[{"width":480,"height":480,"url":"https:\/\/babylove.se\/no\/wp-content\/uploads\/sites\/3\/2025\/07\/649e8461df505.png","type":"image\/png"}],"twitter_card":"summary_large_image","twitter_misc":{"Price":"1 999,00&nbsp;&#107;&#114;","Availability":"In stock"},"schema":{"@context":"https:\/\/schema.org","@graph":[{"@type":"WebPage","@id":"https:\/\/babylove.se\/no\/produkt\/babylove-byggbare-klosser-rainbow\/","url":"https:\/\/babylove.se\/no\/produkt\/babylove-byggbare-klosser-rainbow\/","name":"Babylove, Byggbare klosser Rainbow - Babylove Norska","isPartOf":{"@id":"https:\/\/babylove.se\/no\/#website"},"primaryImageOfPage":{"@id":"https:\/\/babylove.se\/no\/produkt\/babylove-byggbare-klosser-rainbow\/#primaryimage"},"image":{"@id":"https:\/\/babylove.se\/no\/produkt\/babylove-byggbare-klosser-rainbow\/#primaryimage"},"thumbnailUrl":"https:\/\/babylove.se\/no\/wp-content\/uploads\/sites\/3\/2025\/07\/649e8461df505.png","datePublished":"2025-07-19T10:58:37+00:00","dateModified":"2026-04-08T12:35:49+00:00","breadcrumb":{"@id":"https:\/\/babylove.se\/no\/produkt\/babylove-byggbare-klosser-rainbow\/#breadcrumb"},"inLanguage":"nb-NO","potentialAction":[{"@type":"ReadAction","target":["https:\/\/babylove.se\/no\/produkt\/babylove-byggbare-klosser-rainbow\/"]}]},{"@type":"ImageObject","inLanguage":"nb-NO","@id":"https:\/\/babylove.se\/no\/produkt\/babylove-byggbare-klosser-rainbow\/#primaryimage","url":"https:\/\/babylove.se\/no\/wp-content\/uploads\/sites\/3\/2025\/07\/649e8461df505.png","contentUrl":"https:\/\/babylove.se\/no\/wp-content\/uploads\/sites\/3\/2025\/07\/649e8461df505.png","width":480,"height":480},{"@type":"BreadcrumbList","@id":"https:\/\/babylove.se\/no\/produkt\/babylove-byggbare-klosser-rainbow\/#breadcrumb","itemListElement":[{"@type":"ListItem","position":1,"name":"Hem","item":"https:\/\/babylove.se\/no\/"},{"@type":"ListItem","position":2,"name":"Butik","item":"https:\/\/babylove.se\/no\/butik\/"},{"@type":"ListItem","position":3,"name":"Babylove, Byggbare klosser Rainbow"}]},{"@type":"WebSite","@id":"https:\/\/babylove.se\/no\/#website","url":"https:\/\/babylove.se\/no\/","name":"Babylove Norska","description":"","potentialAction":[{"@type":"SearchAction","target":{"@type":"EntryPoint","urlTemplate":"https:\/\/babylove.se\/no\/?s={search_term_string}"},"query-input":{"@type":"PropertyValueSpecification","valueRequired":true,"valueName":"search_term_string"}}],"inLanguage":"nb-NO"}]},"product_brand":"PQP\/TTM","product_price_amount":"1999.00","product_price_currency":"SEK","og_availability":"instock","product_availability":"instock","product_retailer_item_id":"24240.2.5.4","product_condition":"new"},"_links":{"self":[{"href":"https:\/\/babylove.se\/no\/wp-json\/wp\/v2\/product\/52982","targetHints":{"allow":["GET"]}}],"collection":[{"href":"https:\/\/babylove.se\/no\/wp-json\/wp\/v2\/product"}],"about":[{"href":"https:\/\/babylove.se\/no\/wp-json\/wp\/v2\/types\/product"}],"replies":[{"embeddable":true,"href":"https:\/\/babylove.se\/no\/wp-json\/wp\/v2\/comments?post=52982"}],"wp:featuredmedia":[{"embeddable":true,"href":"https:\/\/babylove.se\/no\/wp-json\/wp\/v2\/media\/52984"}],"wp:attachment":[{"href":"https:\/\/babylove.se\/no\/wp-json\/wp\/v2\/media?parent=52982"}],"wp:term":[{"taxonomy":"product_brand","embeddable":true,"href":"https:\/\/babylove.se\/no\/wp-json\/wp\/v2\/product_brand?post=52982"},{"taxonomy":"product_cat","embeddable":true,"href":"https:\/\/babylove.se\/no\/wp-json\/wp\/v2\/product_cat?post=52982"},{"taxonomy":"product_tag","embeddable":true,"href":"https:\/\/babylove.se\/no\/wp-json\/wp\/v2\/product_tag?post=52982"}],"curies":[{"name":"wp","href":"https:\/\/api.w.org\/{rel}","templated":true}]}}