{"id":52988,"date":"2025-07-19T11:58:37","date_gmt":"2025-07-19T10:58:37","guid":{"rendered":"https:\/\/babylove.se\/produkt\/maileg-dockhus-house-of-miniature\/"},"modified":"2026-04-08T13:35:52","modified_gmt":"2026-04-08T12:35:52","slug":"maileg-dukkehus-house-of-miniature","status":"publish","type":"product","link":"https:\/\/babylove.se\/no\/produkt\/maileg-dukkehus-house-of-miniature\/","title":{"rendered":"Maileg, dukkehus House of Miniature"},"content":{"rendered":"<p>Et tidl\u00f8st og fantastisk dukkehus med vakre vegger fra danske Maileg som ditt barn kommer til \u00e5 elske fra f\u00f8rste \u00f8yeblikk. Dukkehuset best\u00e5r av fire rom samt en loftsrom med superfine vinduer. Dette dukkehuset kommer, i tillegg til \u00e5 bli ditt barns favoritt, til \u00e5 bidra til en underbar barneromsinredning. <\/p>\n<p>Dukkehuset leveres nedpakket og er enkelt \u00e5 montere sammen. <\/p>\n<p>Husk \u00e5 komplettere med Maileg kaniner, mus eller innredning i st\u00f8rrelsen Miniature. <\/p>\n<p>M\u00e5l: <\/p>\n<ul>\n<li>80 x 72 cm<\/li>\n<\/ul>\n<p>Materiale: Tre <\/p>\n<p>Designer: <a href=\"https:\/\/babylove.se\/varumarken\/maileg\">Maileg<\/a> <\/p>\n<p><em>Obs! Kaniner, mus, m\u00f8bler eller tilbeh\u00f8r<\/em><em> inng\u00e5r ikke. <\/em><\/p>\n","protected":false},"excerpt":{"rendered":"<p>Et tidl\u00f8st og fantastisk dukkehus med vakre vegger fra danske Maileg som ditt barn kommer til \u00e5 elske fra f\u00f8rste \u00f8yeblikk. Dukkehuset best\u00e5r av fire rom samt en loftsrom med superfine vinduer. Dette dukkehuset kommer, i tillegg til \u00e5 bli ditt barns favoritt, til \u00e5 bidra til en underbar barneromsinredning. Dukkehuset leveres nedpakket og er [&hellip;]<\/p>\n","protected":false},"featured_media":52990,"comment_status":"closed","ping_status":"closed","template":"","meta":{"_acf_changed":false},"product_brand":[662],"product_cat":[89,72,68,663],"product_tag":[],"class_list":{"0":"post-52988","1":"product","2":"type-product","3":"status-publish","4":"has-post-thumbnail","6":"product_brand-maileg","7":"product_cat-dukkehus","8":"product_cat-julegaver","9":"product_cat-leker","10":"product_cat-maileg","12":"first","13":"outofstock","14":"taxable","15":"shipping-taxable","16":"purchasable","17":"product-type-simple"},"acf":[],"yoast_head":"<!-- This site is optimized with the Yoast SEO Premium plugin v25.8 (Yoast SEO v27.2) - https:\/\/yoast.com\/product\/yoast-seo-premium-wordpress\/ -->\n<title>Maileg, dukkehus House of Miniature - Babylove Norska<\/title>\n<meta name=\"robots\" content=\"noindex, follow, max-snippet:-1, max-image-preview:large, max-video-preview:-1\" \/>\n<meta property=\"og:locale\" content=\"nb_NO\" \/>\n<meta property=\"og:type\" content=\"article\" \/>\n<meta property=\"og:title\" content=\"Maileg, dukkehus House of Miniature\" \/>\n<meta property=\"og:description\" content=\"Et tidl\u00f8st og fantastisk dukkehus med vakre vegger fra danske Maileg som ditt barn kommer til \u00e5 elske fra f\u00f8rste \u00f8yeblikk. Dukkehuset best\u00e5r av fire rom samt en loftsrom med superfine vinduer. Dette dukkehuset kommer, i tillegg til \u00e5 bli ditt barns favoritt, til \u00e5 bidra til en underbar barneromsinredning. Dukkehuset leveres nedpakket og er [&hellip;]\" \/>\n<meta property=\"og:url\" content=\"https:\/\/babylove.se\/no\/produkt\/maileg-dukkehus-house-of-miniature\/\" \/>\n<meta property=\"og:site_name\" content=\"Babylove Norska\" \/>\n<meta property=\"article:modified_time\" content=\"2026-04-08T12:35:52+00:00\" \/>\n<meta property=\"og:image\" content=\"https:\/\/babylove.se\/no\/wp-content\/uploads\/sites\/3\/2025\/07\/64a265ad0d278.webp\" \/>\n\t<meta property=\"og:image:width\" content=\"800\" \/>\n\t<meta property=\"og:image:height\" content=\"667\" \/>\n\t<meta property=\"og:image:type\" content=\"image\/webp\" \/>\n<meta name=\"twitter:card\" content=\"summary_large_image\" \/>\n<meta name=\"twitter:label1\" content=\"Price\" \/>\n\t<meta name=\"twitter:data1\" content=\"2 349,00&nbsp;&#107;&#114;\" \/>\n\t<meta name=\"twitter:label2\" content=\"Availability\" \/>\n\t<meta name=\"twitter:data2\" content=\"Out of stock\" \/>\n<script type=\"application\/ld+json\" class=\"yoast-schema-graph\">{\"@context\":\"https:\/\/schema.org\",\"@graph\":[{\"@type\":\"WebPage\",\"@id\":\"https:\/\/babylove.se\/no\/produkt\/maileg-dukkehus-house-of-miniature\/\",\"url\":\"https:\/\/babylove.se\/no\/produkt\/maileg-dukkehus-house-of-miniature\/\",\"name\":\"Maileg, dukkehus House of Miniature - Babylove Norska\",\"isPartOf\":{\"@id\":\"https:\/\/babylove.se\/no\/#website\"},\"primaryImageOfPage\":{\"@id\":\"https:\/\/babylove.se\/no\/produkt\/maileg-dukkehus-house-of-miniature\/#primaryimage\"},\"image\":{\"@id\":\"https:\/\/babylove.se\/no\/produkt\/maileg-dukkehus-house-of-miniature\/#primaryimage\"},\"thumbnailUrl\":\"https:\/\/babylove.se\/no\/wp-content\/uploads\/sites\/3\/2025\/07\/64a265ad0d278.webp\",\"datePublished\":\"2025-07-19T10:58:37+00:00\",\"dateModified\":\"2026-04-08T12:35:52+00:00\",\"breadcrumb\":{\"@id\":\"https:\/\/babylove.se\/no\/produkt\/maileg-dukkehus-house-of-miniature\/#breadcrumb\"},\"inLanguage\":\"nb-NO\",\"potentialAction\":[{\"@type\":\"ReadAction\",\"target\":[\"https:\/\/babylove.se\/no\/produkt\/maileg-dukkehus-house-of-miniature\/\"]}]},{\"@type\":\"ImageObject\",\"inLanguage\":\"nb-NO\",\"@id\":\"https:\/\/babylove.se\/no\/produkt\/maileg-dukkehus-house-of-miniature\/#primaryimage\",\"url\":\"https:\/\/babylove.se\/no\/wp-content\/uploads\/sites\/3\/2025\/07\/64a265ad0d278.webp\",\"contentUrl\":\"https:\/\/babylove.se\/no\/wp-content\/uploads\/sites\/3\/2025\/07\/64a265ad0d278.webp\",\"width\":800,\"height\":667},{\"@type\":\"BreadcrumbList\",\"@id\":\"https:\/\/babylove.se\/no\/produkt\/maileg-dukkehus-house-of-miniature\/#breadcrumb\",\"itemListElement\":[{\"@type\":\"ListItem\",\"position\":1,\"name\":\"Hem\",\"item\":\"https:\/\/babylove.se\/no\/\"},{\"@type\":\"ListItem\",\"position\":2,\"name\":\"Butik\",\"item\":\"https:\/\/babylove.se\/no\/butik\/\"},{\"@type\":\"ListItem\",\"position\":3,\"name\":\"Maileg, dukkehus House of Miniature\"}]},{\"@type\":\"WebSite\",\"@id\":\"https:\/\/babylove.se\/no\/#website\",\"url\":\"https:\/\/babylove.se\/no\/\",\"name\":\"Babylove Norska\",\"description\":\"\",\"potentialAction\":[{\"@type\":\"SearchAction\",\"target\":{\"@type\":\"EntryPoint\",\"urlTemplate\":\"https:\/\/babylove.se\/no\/?s={search_term_string}\"},\"query-input\":{\"@type\":\"PropertyValueSpecification\",\"valueRequired\":true,\"valueName\":\"search_term_string\"}}],\"inLanguage\":\"nb-NO\"}]}<\/script>\n<meta property=\"product:brand\" content=\"Maileg\" \/>\n<meta property=\"product:price:amount\" content=\"2349.00\" \/>\n<meta property=\"product:price:currency\" content=\"SEK\" \/>\n<meta property=\"og:availability\" content=\"out of stock\" \/>\n<meta property=\"product:availability\" content=\"out of stock\" \/>\n<meta property=\"product:retailer_item_id\" content=\"11-3000-00\" \/>\n<meta property=\"product:condition\" content=\"new\" \/>\n<!-- \/ Yoast SEO Premium plugin. -->","yoast_head_json":{"title":"Maileg, dukkehus House of Miniature - Babylove Norska","robots":{"index":"noindex","follow":"follow","max-snippet":"max-snippet:-1","max-image-preview":"max-image-preview:large","max-video-preview":"max-video-preview:-1"},"og_locale":"nb_NO","og_type":"article","og_title":"Maileg, dukkehus House of Miniature","og_description":"Et tidl\u00f8st og fantastisk dukkehus med vakre vegger fra danske Maileg som ditt barn kommer til \u00e5 elske fra f\u00f8rste \u00f8yeblikk. Dukkehuset best\u00e5r av fire rom samt en loftsrom med superfine vinduer. Dette dukkehuset kommer, i tillegg til \u00e5 bli ditt barns favoritt, til \u00e5 bidra til en underbar barneromsinredning. Dukkehuset leveres nedpakket og er [&hellip;]","og_url":"https:\/\/babylove.se\/no\/produkt\/maileg-dukkehus-house-of-miniature\/","og_site_name":"Babylove Norska","article_modified_time":"2026-04-08T12:35:52+00:00","og_image":[{"width":800,"height":667,"url":"https:\/\/babylove.se\/no\/wp-content\/uploads\/sites\/3\/2025\/07\/64a265ad0d278.webp","type":"image\/webp"}],"twitter_card":"summary_large_image","twitter_misc":{"Price":"2 349,00&nbsp;&#107;&#114;","Availability":"Out of stock"},"schema":{"@context":"https:\/\/schema.org","@graph":[{"@type":"WebPage","@id":"https:\/\/babylove.se\/no\/produkt\/maileg-dukkehus-house-of-miniature\/","url":"https:\/\/babylove.se\/no\/produkt\/maileg-dukkehus-house-of-miniature\/","name":"Maileg, dukkehus House of Miniature - Babylove Norska","isPartOf":{"@id":"https:\/\/babylove.se\/no\/#website"},"primaryImageOfPage":{"@id":"https:\/\/babylove.se\/no\/produkt\/maileg-dukkehus-house-of-miniature\/#primaryimage"},"image":{"@id":"https:\/\/babylove.se\/no\/produkt\/maileg-dukkehus-house-of-miniature\/#primaryimage"},"thumbnailUrl":"https:\/\/babylove.se\/no\/wp-content\/uploads\/sites\/3\/2025\/07\/64a265ad0d278.webp","datePublished":"2025-07-19T10:58:37+00:00","dateModified":"2026-04-08T12:35:52+00:00","breadcrumb":{"@id":"https:\/\/babylove.se\/no\/produkt\/maileg-dukkehus-house-of-miniature\/#breadcrumb"},"inLanguage":"nb-NO","potentialAction":[{"@type":"ReadAction","target":["https:\/\/babylove.se\/no\/produkt\/maileg-dukkehus-house-of-miniature\/"]}]},{"@type":"ImageObject","inLanguage":"nb-NO","@id":"https:\/\/babylove.se\/no\/produkt\/maileg-dukkehus-house-of-miniature\/#primaryimage","url":"https:\/\/babylove.se\/no\/wp-content\/uploads\/sites\/3\/2025\/07\/64a265ad0d278.webp","contentUrl":"https:\/\/babylove.se\/no\/wp-content\/uploads\/sites\/3\/2025\/07\/64a265ad0d278.webp","width":800,"height":667},{"@type":"BreadcrumbList","@id":"https:\/\/babylove.se\/no\/produkt\/maileg-dukkehus-house-of-miniature\/#breadcrumb","itemListElement":[{"@type":"ListItem","position":1,"name":"Hem","item":"https:\/\/babylove.se\/no\/"},{"@type":"ListItem","position":2,"name":"Butik","item":"https:\/\/babylove.se\/no\/butik\/"},{"@type":"ListItem","position":3,"name":"Maileg, dukkehus House of Miniature"}]},{"@type":"WebSite","@id":"https:\/\/babylove.se\/no\/#website","url":"https:\/\/babylove.se\/no\/","name":"Babylove Norska","description":"","potentialAction":[{"@type":"SearchAction","target":{"@type":"EntryPoint","urlTemplate":"https:\/\/babylove.se\/no\/?s={search_term_string}"},"query-input":{"@type":"PropertyValueSpecification","valueRequired":true,"valueName":"search_term_string"}}],"inLanguage":"nb-NO"}]},"product_brand":"Maileg","product_price_amount":"2349.00","product_price_currency":"SEK","og_availability":"out of stock","product_availability":"out of stock","product_retailer_item_id":"11-3000-00","product_condition":"new"},"_links":{"self":[{"href":"https:\/\/babylove.se\/no\/wp-json\/wp\/v2\/product\/52988","targetHints":{"allow":["GET"]}}],"collection":[{"href":"https:\/\/babylove.se\/no\/wp-json\/wp\/v2\/product"}],"about":[{"href":"https:\/\/babylove.se\/no\/wp-json\/wp\/v2\/types\/product"}],"replies":[{"embeddable":true,"href":"https:\/\/babylove.se\/no\/wp-json\/wp\/v2\/comments?post=52988"}],"wp:featuredmedia":[{"embeddable":true,"href":"https:\/\/babylove.se\/no\/wp-json\/wp\/v2\/media\/52990"}],"wp:attachment":[{"href":"https:\/\/babylove.se\/no\/wp-json\/wp\/v2\/media?parent=52988"}],"wp:term":[{"taxonomy":"product_brand","embeddable":true,"href":"https:\/\/babylove.se\/no\/wp-json\/wp\/v2\/product_brand?post=52988"},{"taxonomy":"product_cat","embeddable":true,"href":"https:\/\/babylove.se\/no\/wp-json\/wp\/v2\/product_cat?post=52988"},{"taxonomy":"product_tag","embeddable":true,"href":"https:\/\/babylove.se\/no\/wp-json\/wp\/v2\/product_tag?post=52988"}],"curies":[{"name":"wp","href":"https:\/\/api.w.org\/{rel}","templated":true}]}}