{"id":5302,"date":"2025-07-18T20:28:29","date_gmt":"2025-07-18T19:28:29","guid":{"rendered":"https:\/\/babylove.se\/produkt\/kudde-lyxigt-ljusbla-plyschhjarta-fayne\/"},"modified":"2026-04-08T08:16:40","modified_gmt":"2026-04-08T07:16:40","slug":"pute-luksuriost-lyseblatt-plyshjerte-fayne","status":"publish","type":"product","link":"https:\/\/babylove.se\/no\/produkt\/pute-luksuriost-lyseblatt-plyshjerte-fayne\/","title":{"rendered":"Pute, luksuri\u00f8st lysebl\u00e5tt plyshjerte, Fayne"},"content":{"rendered":"<p>En underfullt vakker og fin pute i form av et hjerte. En fantastisk skapelse laget av en n\u00f8ye utvalgt og sv\u00e6rt myk plysj som kommer i forskjellige pastellfarger. Det vakre utf\u00f8relsen er \u00e9n ting, men de underfull materialvalgene gj\u00f8r det ogs\u00e5 til en kramfavoritt hos barna. Optimal sammen med et plysjpledd fra samme kolleksjon. Hvis du bare skal kj\u00f8pe ett interi\u00f8rprodukt til barnerommet, er dette det du skal kj\u00f8pe! Laget av spansk plysj av h\u00f8yeste kvalitet.<\/p>\n<p>M\u00e5l: 45 \u00d7 45 cm<\/p>\n<p>Designer: <a href=\"https:\/\/babylove.se\/varumarken\/fayne\"><u>Fayne<\/u><\/a><\/p>\n","protected":false},"excerpt":{"rendered":"<p>En underfullt vakker og fin pute i form av et hjerte. En fantastisk skapelse laget av en n\u00f8ye utvalgt og sv\u00e6rt myk plysj som kommer i forskjellige pastellfarger. Det vakre utf\u00f8relsen er \u00e9n ting, men de underfull materialvalgene gj\u00f8r det ogs\u00e5 til en kramfavoritt hos barna. Optimal sammen med et plysjpledd fra samme kolleksjon. Hvis [&hellip;]<\/p>\n","protected":false},"featured_media":5304,"comment_status":"closed","ping_status":"open","template":"","meta":{"_acf_changed":false},"product_brand":[295],"product_cat":[296,105,40,48],"product_tag":[1689],"class_list":{"0":"post-5302","1":"product","2":"type-product","3":"status-publish","4":"has-post-thumbnail","6":"product_brand-fayne","7":"product_cat-fayne","8":"product_cat-puter","9":"product_cat-soverom-barn","10":"product_cat-startside","11":"product_tag-bestillingsvaror","13":"first","14":"outofstock","15":"taxable","16":"shipping-taxable","17":"purchasable","18":"product-type-simple"},"acf":[],"yoast_head":"<!-- This site is optimized with the Yoast SEO Premium plugin v25.8 (Yoast SEO v27.2) - https:\/\/yoast.com\/product\/yoast-seo-premium-wordpress\/ -->\n<title>Pute, luksuri\u00f8st lysebl\u00e5tt plyshjerte, Fayne - Babylove Norska<\/title>\n<meta name=\"robots\" content=\"noindex, follow, max-snippet:-1, max-image-preview:large, max-video-preview:-1\" \/>\n<meta property=\"og:locale\" content=\"nb_NO\" \/>\n<meta property=\"og:type\" content=\"article\" \/>\n<meta property=\"og:title\" content=\"Pute, luksuri\u00f8st lysebl\u00e5tt plyshjerte, Fayne\" \/>\n<meta property=\"og:description\" content=\"En underfullt vakker og fin pute i form av et hjerte. En fantastisk skapelse laget av en n\u00f8ye utvalgt og sv\u00e6rt myk plysj som kommer i forskjellige pastellfarger. Det vakre utf\u00f8relsen er \u00e9n ting, men de underfull materialvalgene gj\u00f8r det ogs\u00e5 til en kramfavoritt hos barna. Optimal sammen med et plysjpledd fra samme kolleksjon. Hvis [&hellip;]\" \/>\n<meta property=\"og:url\" content=\"https:\/\/babylove.se\/no\/produkt\/pute-luksuriost-lyseblatt-plyshjerte-fayne\/\" \/>\n<meta property=\"og:site_name\" content=\"Babylove Norska\" \/>\n<meta property=\"article:modified_time\" content=\"2026-04-08T07:16:40+00:00\" \/>\n<meta property=\"og:image\" content=\"https:\/\/babylove.se\/no\/wp-content\/uploads\/sites\/3\/2025\/07\/5a0de93770813.jpeg\" \/>\n\t<meta property=\"og:image:width\" content=\"476\" \/>\n\t<meta property=\"og:image:height\" content=\"500\" \/>\n\t<meta property=\"og:image:type\" content=\"image\/jpeg\" \/>\n<meta name=\"twitter:card\" content=\"summary_large_image\" \/>\n<meta name=\"twitter:label1\" content=\"Price\" \/>\n\t<meta name=\"twitter:data1\" content=\"399,00&nbsp;&#107;&#114;\" \/>\n\t<meta name=\"twitter:label2\" content=\"Availability\" \/>\n\t<meta name=\"twitter:data2\" content=\"Out of stock\" \/>\n<script type=\"application\/ld+json\" class=\"yoast-schema-graph\">{\"@context\":\"https:\/\/schema.org\",\"@graph\":[{\"@type\":\"WebPage\",\"@id\":\"https:\/\/babylove.se\/no\/produkt\/pute-luksuriost-lyseblatt-plyshjerte-fayne\/\",\"url\":\"https:\/\/babylove.se\/no\/produkt\/pute-luksuriost-lyseblatt-plyshjerte-fayne\/\",\"name\":\"Pute, luksuri\u00f8st lysebl\u00e5tt plyshjerte, Fayne - Babylove Norska\",\"isPartOf\":{\"@id\":\"https:\/\/babylove.se\/no\/#website\"},\"primaryImageOfPage\":{\"@id\":\"https:\/\/babylove.se\/no\/produkt\/pute-luksuriost-lyseblatt-plyshjerte-fayne\/#primaryimage\"},\"image\":{\"@id\":\"https:\/\/babylove.se\/no\/produkt\/pute-luksuriost-lyseblatt-plyshjerte-fayne\/#primaryimage\"},\"thumbnailUrl\":\"https:\/\/babylove.se\/no\/wp-content\/uploads\/sites\/3\/2025\/07\/5a0de93770813.jpeg\",\"datePublished\":\"2025-07-18T19:28:29+00:00\",\"dateModified\":\"2026-04-08T07:16:40+00:00\",\"breadcrumb\":{\"@id\":\"https:\/\/babylove.se\/no\/produkt\/pute-luksuriost-lyseblatt-plyshjerte-fayne\/#breadcrumb\"},\"inLanguage\":\"nb-NO\",\"potentialAction\":[{\"@type\":\"ReadAction\",\"target\":[\"https:\/\/babylove.se\/no\/produkt\/pute-luksuriost-lyseblatt-plyshjerte-fayne\/\"]}]},{\"@type\":\"ImageObject\",\"inLanguage\":\"nb-NO\",\"@id\":\"https:\/\/babylove.se\/no\/produkt\/pute-luksuriost-lyseblatt-plyshjerte-fayne\/#primaryimage\",\"url\":\"https:\/\/babylove.se\/no\/wp-content\/uploads\/sites\/3\/2025\/07\/5a0de93770813.jpeg\",\"contentUrl\":\"https:\/\/babylove.se\/no\/wp-content\/uploads\/sites\/3\/2025\/07\/5a0de93770813.jpeg\",\"width\":476,\"height\":500},{\"@type\":\"BreadcrumbList\",\"@id\":\"https:\/\/babylove.se\/no\/produkt\/pute-luksuriost-lyseblatt-plyshjerte-fayne\/#breadcrumb\",\"itemListElement\":[{\"@type\":\"ListItem\",\"position\":1,\"name\":\"Hem\",\"item\":\"https:\/\/babylove.se\/no\/\"},{\"@type\":\"ListItem\",\"position\":2,\"name\":\"Butik\",\"item\":\"https:\/\/babylove.se\/no\/butik\/\"},{\"@type\":\"ListItem\",\"position\":3,\"name\":\"Pute, luksuri\u00f8st lysebl\u00e5tt plyshjerte, Fayne\"}]},{\"@type\":\"WebSite\",\"@id\":\"https:\/\/babylove.se\/no\/#website\",\"url\":\"https:\/\/babylove.se\/no\/\",\"name\":\"Babylove Norska\",\"description\":\"\",\"potentialAction\":[{\"@type\":\"SearchAction\",\"target\":{\"@type\":\"EntryPoint\",\"urlTemplate\":\"https:\/\/babylove.se\/no\/?s={search_term_string}\"},\"query-input\":{\"@type\":\"PropertyValueSpecification\",\"valueRequired\":true,\"valueName\":\"search_term_string\"}}],\"inLanguage\":\"nb-NO\"}]}<\/script>\n<meta property=\"product:brand\" content=\"Fayne\" \/>\n<meta property=\"product:price:amount\" content=\"399.00\" \/>\n<meta property=\"product:price:currency\" content=\"SEK\" \/>\n<meta property=\"og:availability\" content=\"out of stock\" \/>\n<meta property=\"product:availability\" content=\"out of stock\" \/>\n<meta property=\"product:retailer_item_id\" content=\"1625\" \/>\n<meta property=\"product:condition\" content=\"new\" \/>\n<!-- \/ Yoast SEO Premium plugin. -->","yoast_head_json":{"title":"Pute, luksuri\u00f8st lysebl\u00e5tt plyshjerte, Fayne - Babylove Norska","robots":{"index":"noindex","follow":"follow","max-snippet":"max-snippet:-1","max-image-preview":"max-image-preview:large","max-video-preview":"max-video-preview:-1"},"og_locale":"nb_NO","og_type":"article","og_title":"Pute, luksuri\u00f8st lysebl\u00e5tt plyshjerte, Fayne","og_description":"En underfullt vakker og fin pute i form av et hjerte. En fantastisk skapelse laget av en n\u00f8ye utvalgt og sv\u00e6rt myk plysj som kommer i forskjellige pastellfarger. Det vakre utf\u00f8relsen er \u00e9n ting, men de underfull materialvalgene gj\u00f8r det ogs\u00e5 til en kramfavoritt hos barna. Optimal sammen med et plysjpledd fra samme kolleksjon. Hvis [&hellip;]","og_url":"https:\/\/babylove.se\/no\/produkt\/pute-luksuriost-lyseblatt-plyshjerte-fayne\/","og_site_name":"Babylove Norska","article_modified_time":"2026-04-08T07:16:40+00:00","og_image":[{"width":476,"height":500,"url":"https:\/\/babylove.se\/no\/wp-content\/uploads\/sites\/3\/2025\/07\/5a0de93770813.jpeg","type":"image\/jpeg"}],"twitter_card":"summary_large_image","twitter_misc":{"Price":"399,00&nbsp;&#107;&#114;","Availability":"Out of stock"},"schema":{"@context":"https:\/\/schema.org","@graph":[{"@type":"WebPage","@id":"https:\/\/babylove.se\/no\/produkt\/pute-luksuriost-lyseblatt-plyshjerte-fayne\/","url":"https:\/\/babylove.se\/no\/produkt\/pute-luksuriost-lyseblatt-plyshjerte-fayne\/","name":"Pute, luksuri\u00f8st lysebl\u00e5tt plyshjerte, Fayne - Babylove Norska","isPartOf":{"@id":"https:\/\/babylove.se\/no\/#website"},"primaryImageOfPage":{"@id":"https:\/\/babylove.se\/no\/produkt\/pute-luksuriost-lyseblatt-plyshjerte-fayne\/#primaryimage"},"image":{"@id":"https:\/\/babylove.se\/no\/produkt\/pute-luksuriost-lyseblatt-plyshjerte-fayne\/#primaryimage"},"thumbnailUrl":"https:\/\/babylove.se\/no\/wp-content\/uploads\/sites\/3\/2025\/07\/5a0de93770813.jpeg","datePublished":"2025-07-18T19:28:29+00:00","dateModified":"2026-04-08T07:16:40+00:00","breadcrumb":{"@id":"https:\/\/babylove.se\/no\/produkt\/pute-luksuriost-lyseblatt-plyshjerte-fayne\/#breadcrumb"},"inLanguage":"nb-NO","potentialAction":[{"@type":"ReadAction","target":["https:\/\/babylove.se\/no\/produkt\/pute-luksuriost-lyseblatt-plyshjerte-fayne\/"]}]},{"@type":"ImageObject","inLanguage":"nb-NO","@id":"https:\/\/babylove.se\/no\/produkt\/pute-luksuriost-lyseblatt-plyshjerte-fayne\/#primaryimage","url":"https:\/\/babylove.se\/no\/wp-content\/uploads\/sites\/3\/2025\/07\/5a0de93770813.jpeg","contentUrl":"https:\/\/babylove.se\/no\/wp-content\/uploads\/sites\/3\/2025\/07\/5a0de93770813.jpeg","width":476,"height":500},{"@type":"BreadcrumbList","@id":"https:\/\/babylove.se\/no\/produkt\/pute-luksuriost-lyseblatt-plyshjerte-fayne\/#breadcrumb","itemListElement":[{"@type":"ListItem","position":1,"name":"Hem","item":"https:\/\/babylove.se\/no\/"},{"@type":"ListItem","position":2,"name":"Butik","item":"https:\/\/babylove.se\/no\/butik\/"},{"@type":"ListItem","position":3,"name":"Pute, luksuri\u00f8st lysebl\u00e5tt plyshjerte, Fayne"}]},{"@type":"WebSite","@id":"https:\/\/babylove.se\/no\/#website","url":"https:\/\/babylove.se\/no\/","name":"Babylove Norska","description":"","potentialAction":[{"@type":"SearchAction","target":{"@type":"EntryPoint","urlTemplate":"https:\/\/babylove.se\/no\/?s={search_term_string}"},"query-input":{"@type":"PropertyValueSpecification","valueRequired":true,"valueName":"search_term_string"}}],"inLanguage":"nb-NO"}]},"product_brand":"Fayne","product_price_amount":"399.00","product_price_currency":"SEK","og_availability":"out of stock","product_availability":"out of stock","product_retailer_item_id":"1625","product_condition":"new"},"_links":{"self":[{"href":"https:\/\/babylove.se\/no\/wp-json\/wp\/v2\/product\/5302","targetHints":{"allow":["GET"]}}],"collection":[{"href":"https:\/\/babylove.se\/no\/wp-json\/wp\/v2\/product"}],"about":[{"href":"https:\/\/babylove.se\/no\/wp-json\/wp\/v2\/types\/product"}],"replies":[{"embeddable":true,"href":"https:\/\/babylove.se\/no\/wp-json\/wp\/v2\/comments?post=5302"}],"wp:featuredmedia":[{"embeddable":true,"href":"https:\/\/babylove.se\/no\/wp-json\/wp\/v2\/media\/5304"}],"wp:attachment":[{"href":"https:\/\/babylove.se\/no\/wp-json\/wp\/v2\/media?parent=5302"}],"wp:term":[{"taxonomy":"product_brand","embeddable":true,"href":"https:\/\/babylove.se\/no\/wp-json\/wp\/v2\/product_brand?post=5302"},{"taxonomy":"product_cat","embeddable":true,"href":"https:\/\/babylove.se\/no\/wp-json\/wp\/v2\/product_cat?post=5302"},{"taxonomy":"product_tag","embeddable":true,"href":"https:\/\/babylove.se\/no\/wp-json\/wp\/v2\/product_tag?post=5302"}],"curies":[{"name":"wp","href":"https:\/\/api.w.org\/{rel}","templated":true}]}}