{"id":53105,"date":"2025-07-19T11:59:42","date_gmt":"2025-07-19T10:59:42","guid":{"rendered":"https:\/\/babylove.se\/produkt\/hussang-dante-90x200-cm-gra-fast\/"},"modified":"2026-04-08T13:37:06","modified_gmt":"2026-04-08T12:37:06","slug":"hussang-dante-90x200-cm-gra-fast","status":"publish","type":"product","link":"https:\/\/babylove.se\/no\/produkt\/hussang-dante-90x200-cm-gra-fast\/","title":{"rendered":"Hausseng Dante 90&#215;200 cm gr\u00e5"},"content":{"rendered":"<p>Fantastisk husseng som kommer til \u00e5 oppfylle ditt barns alle forventninger! \\n \\nEn stabil barneseng i stilsikker design, for mange \u00e5r med s\u00f8te dr\u00f8mmer! Sengen er laget av massiv furu som gj\u00f8r den stabil og solid. Ideell \u00e5 b\u00e5de leke og sove i. \\n \\nVi lover at sengen kommer til \u00e5 bli ditt barns favoritt, og ikke bare for \u00e5 sove i da den med enkle midler kan bli et virkelig godt myshj\u00f8rne. Mange dekorerer med sengehimler, vimpler eller lysslynger, bare din kreativitet setter stopp. \\n \\n<strong>Info:<\/strong> \\n<\/p>\n<ul> \\n \\t<\/p>\n<li>100% FSC-sertifisert furutre som sikrer at t\u00f8mmeret kommer fra ansvarlig skogbruk.<\/li>\n<p> \\n \\t<\/p>\n<li>St\u00f8ttebordet kan monteres p\u00e5 valgfri side. Avstand mellom spilene 6,5 cm.<\/li>\n<p> \\n \\t<\/p>\n<li>St\u00f8ttebordets h\u00f8yde n\u00e5r det er montert: 25 cm.<\/li>\n<p> \\n \\t<\/p>\n<li>Sengens totale h\u00f8yde: 132,5 cm.<\/li>\n<p> \\n \\t<\/p>\n<li>Oppbevaringsskuffer (2 stk) f\u00f8lger med<\/li>\n<p> \\n \\t<\/p>\n<li>Maks vekt: 100 kg.<\/li>\n<p> \\n<\/ul>\n<p> \\n<strong>M\u00e5l: <\/strong> \\n<\/p>\n<ul> \\n \\t<\/p>\n<li>Sengem\u00e5l 90&#215;200 cm<\/li>\n<p> \\n \\t<\/p>\n<li>Totalt Bredde :97 cm<\/li>\n<p> \\n \\t<\/p>\n<li>Totalt lengde :208 cm<\/li>\n<p> \\n<\/ul>\n<p> \\nMadrass f\u00f8lger ikke med, men ta gjerne en titt p\u00e5 v\u00e5rt store madrassutvalg. Vi anbefaler en skummadrass med tykkelse p\u00e5 ca 10-12 cm. \\n \\nSengene produseres i henhold til standarden EN-747-1: 2012 + A1: 2015 i v\u00e5r fabrikk i Europa som har de h\u00f8yeste sikkerhetsstandardene for produksjon av barnesenger. og kontrollerer hvert steg fra t\u00f8mmeret kommer inn i fabrikken til et ferdig produkt forlater. Sengene lakkeres tre ganger med \u00f8kologisk, milj\u00f8vennlig og vannbasert maling som f\u00f8lger normen EN 71-3:2019. \\n \\n<em>Dette er en seng produsert og tilpasset for barn. <em><em><em>Sengen leveres umontert og b\u00f8r settes sammen i rommet den skal brukes i.<\/em><\/em><\/em><\/em><\/p>\n","protected":false},"excerpt":{"rendered":"<p>Fantastisk husseng som kommer til \u00e5 oppfylle ditt barns alle forventninger! \\n \\nEn stabil barneseng i stilsikker design, for mange \u00e5r med s\u00f8te dr\u00f8mmer! Sengen er laget av massiv furu som gj\u00f8r den stabil og solid. Ideell \u00e5 b\u00e5de leke og sove i. \\n \\nVi lover at sengen kommer til \u00e5 bli ditt barns favoritt, [&hellip;]<\/p>\n","protected":false},"featured_media":53107,"comment_status":"closed","ping_status":"closed","template":"","meta":{"_acf_changed":false},"product_brand":[1319],"product_cat":[217,1320,280],"product_tag":[1689],"class_list":{"0":"post-53105","1":"product","2":"type-product","3":"status-publish","4":"has-post-thumbnail","6":"product_brand-lano","7":"product_cat-sengesanger","8":"product_cat-lano","9":"product_cat-senger-med-rask-levering","10":"product_tag-bestillingsvaror","12":"first","13":"instock","14":"taxable","15":"shipping-taxable","16":"purchasable","17":"product-type-simple"},"acf":[],"yoast_head":"<!-- This site is optimized with the Yoast SEO Premium plugin v25.8 (Yoast SEO v27.2) - https:\/\/yoast.com\/product\/yoast-seo-premium-wordpress\/ -->\n<title>Hausseng Dante 90x200 cm gr\u00e5 - Babylove Norska<\/title>\n<meta name=\"robots\" content=\"noindex, follow, max-snippet:-1, max-image-preview:large, max-video-preview:-1\" \/>\n<meta property=\"og:locale\" content=\"nb_NO\" \/>\n<meta property=\"og:type\" content=\"article\" \/>\n<meta property=\"og:title\" content=\"Hausseng Dante 90x200 cm gr\u00e5\" \/>\n<meta property=\"og:description\" content=\"Fantastisk husseng som kommer til \u00e5 oppfylle ditt barns alle forventninger! n nEn stabil barneseng i stilsikker design, for mange \u00e5r med s\u00f8te dr\u00f8mmer! Sengen er laget av massiv furu som gj\u00f8r den stabil og solid. Ideell \u00e5 b\u00e5de leke og sove i. n nVi lover at sengen kommer til \u00e5 bli ditt barns favoritt, [&hellip;]\" \/>\n<meta property=\"og:url\" content=\"https:\/\/babylove.se\/no\/produkt\/hussang-dante-90x200-cm-gra-fast\/\" \/>\n<meta property=\"og:site_name\" content=\"Babylove Norska\" \/>\n<meta property=\"article:modified_time\" content=\"2026-04-08T12:37:06+00:00\" \/>\n<meta property=\"og:image\" content=\"https:\/\/babylove.se\/no\/wp-content\/uploads\/sites\/3\/2025\/07\/64aed92bdcf74.png\" \/>\n\t<meta property=\"og:image:width\" content=\"800\" \/>\n\t<meta property=\"og:image:height\" content=\"800\" \/>\n\t<meta property=\"og:image:type\" content=\"image\/png\" \/>\n<meta name=\"twitter:card\" content=\"summary_large_image\" \/>\n<meta name=\"twitter:label1\" content=\"Price\" \/>\n\t<meta name=\"twitter:data1\" content=\"4 899,00&nbsp;&#107;&#114;\" \/>\n\t<meta name=\"twitter:label2\" content=\"Availability\" \/>\n\t<meta name=\"twitter:data2\" content=\"In stock\" \/>\n<script type=\"application\/ld+json\" class=\"yoast-schema-graph\">{\"@context\":\"https:\/\/schema.org\",\"@graph\":[{\"@type\":\"WebPage\",\"@id\":\"https:\/\/babylove.se\/no\/produkt\/hussang-dante-90x200-cm-gra-fast\/\",\"url\":\"https:\/\/babylove.se\/no\/produkt\/hussang-dante-90x200-cm-gra-fast\/\",\"name\":\"Hausseng Dante 90x200 cm gr\u00e5 - Babylove Norska\",\"isPartOf\":{\"@id\":\"https:\/\/babylove.se\/no\/#website\"},\"primaryImageOfPage\":{\"@id\":\"https:\/\/babylove.se\/no\/produkt\/hussang-dante-90x200-cm-gra-fast\/#primaryimage\"},\"image\":{\"@id\":\"https:\/\/babylove.se\/no\/produkt\/hussang-dante-90x200-cm-gra-fast\/#primaryimage\"},\"thumbnailUrl\":\"https:\/\/babylove.se\/no\/wp-content\/uploads\/sites\/3\/2025\/07\/64aed92bdcf74.png\",\"datePublished\":\"2025-07-19T10:59:42+00:00\",\"dateModified\":\"2026-04-08T12:37:06+00:00\",\"breadcrumb\":{\"@id\":\"https:\/\/babylove.se\/no\/produkt\/hussang-dante-90x200-cm-gra-fast\/#breadcrumb\"},\"inLanguage\":\"nb-NO\",\"potentialAction\":[{\"@type\":\"ReadAction\",\"target\":[\"https:\/\/babylove.se\/no\/produkt\/hussang-dante-90x200-cm-gra-fast\/\"]}]},{\"@type\":\"ImageObject\",\"inLanguage\":\"nb-NO\",\"@id\":\"https:\/\/babylove.se\/no\/produkt\/hussang-dante-90x200-cm-gra-fast\/#primaryimage\",\"url\":\"https:\/\/babylove.se\/no\/wp-content\/uploads\/sites\/3\/2025\/07\/64aed92bdcf74.png\",\"contentUrl\":\"https:\/\/babylove.se\/no\/wp-content\/uploads\/sites\/3\/2025\/07\/64aed92bdcf74.png\",\"width\":800,\"height\":800},{\"@type\":\"BreadcrumbList\",\"@id\":\"https:\/\/babylove.se\/no\/produkt\/hussang-dante-90x200-cm-gra-fast\/#breadcrumb\",\"itemListElement\":[{\"@type\":\"ListItem\",\"position\":1,\"name\":\"Hem\",\"item\":\"https:\/\/babylove.se\/no\/\"},{\"@type\":\"ListItem\",\"position\":2,\"name\":\"Butik\",\"item\":\"https:\/\/babylove.se\/no\/butik\/\"},{\"@type\":\"ListItem\",\"position\":3,\"name\":\"Hausseng Dante 90&#215;200 cm gr\u00e5\"}]},{\"@type\":\"WebSite\",\"@id\":\"https:\/\/babylove.se\/no\/#website\",\"url\":\"https:\/\/babylove.se\/no\/\",\"name\":\"Babylove Norska\",\"description\":\"\",\"potentialAction\":[{\"@type\":\"SearchAction\",\"target\":{\"@type\":\"EntryPoint\",\"urlTemplate\":\"https:\/\/babylove.se\/no\/?s={search_term_string}\"},\"query-input\":{\"@type\":\"PropertyValueSpecification\",\"valueRequired\":true,\"valueName\":\"search_term_string\"}}],\"inLanguage\":\"nb-NO\"}]}<\/script>\n<meta property=\"product:brand\" content=\"LANO\" \/>\n<meta property=\"product:price:amount\" content=\"4899.00\" \/>\n<meta property=\"product:price:currency\" content=\"SEK\" \/>\n<meta property=\"og:availability\" content=\"instock\" \/>\n<meta property=\"product:availability\" content=\"instock\" \/>\n<meta property=\"product:retailer_item_id\" content=\"7599\" \/>\n<meta property=\"product:condition\" content=\"new\" \/>\n<!-- \/ Yoast SEO Premium plugin. -->","yoast_head_json":{"title":"Hausseng Dante 90x200 cm gr\u00e5 - Babylove Norska","robots":{"index":"noindex","follow":"follow","max-snippet":"max-snippet:-1","max-image-preview":"max-image-preview:large","max-video-preview":"max-video-preview:-1"},"og_locale":"nb_NO","og_type":"article","og_title":"Hausseng Dante 90x200 cm gr\u00e5","og_description":"Fantastisk husseng som kommer til \u00e5 oppfylle ditt barns alle forventninger! n nEn stabil barneseng i stilsikker design, for mange \u00e5r med s\u00f8te dr\u00f8mmer! Sengen er laget av massiv furu som gj\u00f8r den stabil og solid. Ideell \u00e5 b\u00e5de leke og sove i. n nVi lover at sengen kommer til \u00e5 bli ditt barns favoritt, [&hellip;]","og_url":"https:\/\/babylove.se\/no\/produkt\/hussang-dante-90x200-cm-gra-fast\/","og_site_name":"Babylove Norska","article_modified_time":"2026-04-08T12:37:06+00:00","og_image":[{"width":800,"height":800,"url":"https:\/\/babylove.se\/no\/wp-content\/uploads\/sites\/3\/2025\/07\/64aed92bdcf74.png","type":"image\/png"}],"twitter_card":"summary_large_image","twitter_misc":{"Price":"4 899,00&nbsp;&#107;&#114;","Availability":"In stock"},"schema":{"@context":"https:\/\/schema.org","@graph":[{"@type":"WebPage","@id":"https:\/\/babylove.se\/no\/produkt\/hussang-dante-90x200-cm-gra-fast\/","url":"https:\/\/babylove.se\/no\/produkt\/hussang-dante-90x200-cm-gra-fast\/","name":"Hausseng Dante 90x200 cm gr\u00e5 - Babylove Norska","isPartOf":{"@id":"https:\/\/babylove.se\/no\/#website"},"primaryImageOfPage":{"@id":"https:\/\/babylove.se\/no\/produkt\/hussang-dante-90x200-cm-gra-fast\/#primaryimage"},"image":{"@id":"https:\/\/babylove.se\/no\/produkt\/hussang-dante-90x200-cm-gra-fast\/#primaryimage"},"thumbnailUrl":"https:\/\/babylove.se\/no\/wp-content\/uploads\/sites\/3\/2025\/07\/64aed92bdcf74.png","datePublished":"2025-07-19T10:59:42+00:00","dateModified":"2026-04-08T12:37:06+00:00","breadcrumb":{"@id":"https:\/\/babylove.se\/no\/produkt\/hussang-dante-90x200-cm-gra-fast\/#breadcrumb"},"inLanguage":"nb-NO","potentialAction":[{"@type":"ReadAction","target":["https:\/\/babylove.se\/no\/produkt\/hussang-dante-90x200-cm-gra-fast\/"]}]},{"@type":"ImageObject","inLanguage":"nb-NO","@id":"https:\/\/babylove.se\/no\/produkt\/hussang-dante-90x200-cm-gra-fast\/#primaryimage","url":"https:\/\/babylove.se\/no\/wp-content\/uploads\/sites\/3\/2025\/07\/64aed92bdcf74.png","contentUrl":"https:\/\/babylove.se\/no\/wp-content\/uploads\/sites\/3\/2025\/07\/64aed92bdcf74.png","width":800,"height":800},{"@type":"BreadcrumbList","@id":"https:\/\/babylove.se\/no\/produkt\/hussang-dante-90x200-cm-gra-fast\/#breadcrumb","itemListElement":[{"@type":"ListItem","position":1,"name":"Hem","item":"https:\/\/babylove.se\/no\/"},{"@type":"ListItem","position":2,"name":"Butik","item":"https:\/\/babylove.se\/no\/butik\/"},{"@type":"ListItem","position":3,"name":"Hausseng Dante 90&#215;200 cm gr\u00e5"}]},{"@type":"WebSite","@id":"https:\/\/babylove.se\/no\/#website","url":"https:\/\/babylove.se\/no\/","name":"Babylove Norska","description":"","potentialAction":[{"@type":"SearchAction","target":{"@type":"EntryPoint","urlTemplate":"https:\/\/babylove.se\/no\/?s={search_term_string}"},"query-input":{"@type":"PropertyValueSpecification","valueRequired":true,"valueName":"search_term_string"}}],"inLanguage":"nb-NO"}]},"product_brand":"LANO","product_price_amount":"4899.00","product_price_currency":"SEK","og_availability":"instock","product_availability":"instock","product_retailer_item_id":"7599","product_condition":"new"},"_links":{"self":[{"href":"https:\/\/babylove.se\/no\/wp-json\/wp\/v2\/product\/53105","targetHints":{"allow":["GET"]}}],"collection":[{"href":"https:\/\/babylove.se\/no\/wp-json\/wp\/v2\/product"}],"about":[{"href":"https:\/\/babylove.se\/no\/wp-json\/wp\/v2\/types\/product"}],"replies":[{"embeddable":true,"href":"https:\/\/babylove.se\/no\/wp-json\/wp\/v2\/comments?post=53105"}],"wp:featuredmedia":[{"embeddable":true,"href":"https:\/\/babylove.se\/no\/wp-json\/wp\/v2\/media\/53107"}],"wp:attachment":[{"href":"https:\/\/babylove.se\/no\/wp-json\/wp\/v2\/media?parent=53105"}],"wp:term":[{"taxonomy":"product_brand","embeddable":true,"href":"https:\/\/babylove.se\/no\/wp-json\/wp\/v2\/product_brand?post=53105"},{"taxonomy":"product_cat","embeddable":true,"href":"https:\/\/babylove.se\/no\/wp-json\/wp\/v2\/product_cat?post=53105"},{"taxonomy":"product_tag","embeddable":true,"href":"https:\/\/babylove.se\/no\/wp-json\/wp\/v2\/product_tag?post=53105"}],"curies":[{"name":"wp","href":"https:\/\/api.w.org\/{rel}","templated":true}]}}