{"id":5327,"date":"2025-07-18T20:28:29","date_gmt":"2025-07-18T19:28:29","guid":{"rendered":"https:\/\/babylove.se\/produkt\/saccosack-rosa-m-fayne\/"},"modified":"2026-04-08T08:16:54","modified_gmt":"2026-04-08T07:16:54","slug":"saccosack-rosa-m-fayne","status":"publish","type":"product","link":"https:\/\/babylove.se\/no\/produkt\/saccosack-rosa-m-fayne\/","title":{"rendered":"Sittsekk rosa, Fayne"},"content":{"rendered":"<p>Denne rosa saccosekken for b\u00e5de barn og voksne er meget popul\u00e6r i Norge og finnes n\u00e5 i Sverige hvor den ogs\u00e5 raskt har blitt et popul\u00e6rt produkt. Et vakkert produkt som vil bidra til ditt barneroms innredning p\u00e5 beste m\u00e5te. Den passer dessuten like godt i ditt barns rom som i stuen. Se frem til masse koselige stunder for boklesing sammen med ditt barn, eller en avslappende stund for deg med en kopp te, n\u00e5r ditt barn har sovnet. Sittepuffen er laget av en underbar fl\u00f8yelsbomull som gir en deilig f\u00f8lelse n\u00e5r du sitter i den. Fyllingen best\u00e5r av 100 % giftfrie EPS-perler.<\/p>\n<p>Du velger selv din favorittfarge som du synes passer best hjemme hos deg.<\/p>\n<p>Stoffet er avtakbart, noe som gj\u00f8r at du kan vaske det og holde saccosekken ren og frisk.<\/p>\n<p><strong>M\u00e5l<\/strong>: 120 x 80 cm  <\/p>\n<p>Designer: <a href=\"https:\/\/babylove.se\/varumarken\/fayne\"><u>Fayne<\/u><\/a><\/p>\n","protected":false},"excerpt":{"rendered":"<p>Denne rosa saccosekken for b\u00e5de barn og voksne er meget popul\u00e6r i Norge og finnes n\u00e5 i Sverige hvor den ogs\u00e5 raskt har blitt et popul\u00e6rt produkt. Et vakkert produkt som vil bidra til ditt barneroms innredning p\u00e5 beste m\u00e5te. Den passer dessuten like godt i ditt barns rom som i stuen. Se frem til [&hellip;]<\/p>\n","protected":false},"featured_media":5329,"comment_status":"closed","ping_status":"open","template":"","meta":{"_acf_changed":false},"product_brand":[295],"product_cat":[70,296,200,86,44,48],"product_tag":[1689],"class_list":{"0":"post-5327","1":"product","2":"type-product","3":"status-publish","4":"has-post-thumbnail","6":"product_brand-fayne","7":"product_cat-gaver","8":"product_cat-fayne","9":"product_cat-floyel","10":"product_cat-produktliste","11":"product_cat-sitteputfer-saccosekker","12":"product_cat-startside","13":"product_tag-bestillingsvaror","15":"first","16":"outofstock","17":"taxable","18":"shipping-taxable","19":"purchasable","20":"product-type-simple"},"acf":[],"yoast_head":"<!-- This site is optimized with the Yoast SEO Premium plugin v25.8 (Yoast SEO v27.2) - https:\/\/yoast.com\/product\/yoast-seo-premium-wordpress\/ -->\n<title>Sittsekk rosa, Fayne - Babylove Norska<\/title>\n<meta name=\"robots\" content=\"noindex, follow, max-snippet:-1, max-image-preview:large, max-video-preview:-1\" \/>\n<meta property=\"og:locale\" content=\"nb_NO\" \/>\n<meta property=\"og:type\" content=\"article\" \/>\n<meta property=\"og:title\" content=\"Sittsekk rosa, Fayne\" \/>\n<meta property=\"og:description\" content=\"Denne rosa saccosekken for b\u00e5de barn og voksne er meget popul\u00e6r i Norge og finnes n\u00e5 i Sverige hvor den ogs\u00e5 raskt har blitt et popul\u00e6rt produkt. Et vakkert produkt som vil bidra til ditt barneroms innredning p\u00e5 beste m\u00e5te. Den passer dessuten like godt i ditt barns rom som i stuen. Se frem til [&hellip;]\" \/>\n<meta property=\"og:url\" content=\"https:\/\/babylove.se\/no\/produkt\/saccosack-rosa-m-fayne\/\" \/>\n<meta property=\"og:site_name\" content=\"Babylove Norska\" \/>\n<meta property=\"article:modified_time\" content=\"2026-04-08T07:16:54+00:00\" \/>\n<meta property=\"og:image\" content=\"https:\/\/babylove.se\/no\/wp-content\/uploads\/sites\/3\/2025\/07\/5e0e6910065e0.jpeg\" \/>\n\t<meta property=\"og:image:width\" content=\"400\" \/>\n\t<meta property=\"og:image:height\" content=\"376\" \/>\n\t<meta property=\"og:image:type\" content=\"image\/jpeg\" \/>\n<meta name=\"twitter:card\" content=\"summary_large_image\" \/>\n<meta name=\"twitter:label1\" content=\"Price\" \/>\n\t<meta name=\"twitter:data1\" content=\"1 799,00&nbsp;&#107;&#114;\" \/>\n\t<meta name=\"twitter:label2\" content=\"Availability\" \/>\n\t<meta name=\"twitter:data2\" content=\"Out of stock\" \/>\n<script type=\"application\/ld+json\" class=\"yoast-schema-graph\">{\"@context\":\"https:\/\/schema.org\",\"@graph\":[{\"@type\":\"WebPage\",\"@id\":\"https:\/\/babylove.se\/no\/produkt\/saccosack-rosa-m-fayne\/\",\"url\":\"https:\/\/babylove.se\/no\/produkt\/saccosack-rosa-m-fayne\/\",\"name\":\"Sittsekk rosa, Fayne - Babylove Norska\",\"isPartOf\":{\"@id\":\"https:\/\/babylove.se\/no\/#website\"},\"primaryImageOfPage\":{\"@id\":\"https:\/\/babylove.se\/no\/produkt\/saccosack-rosa-m-fayne\/#primaryimage\"},\"image\":{\"@id\":\"https:\/\/babylove.se\/no\/produkt\/saccosack-rosa-m-fayne\/#primaryimage\"},\"thumbnailUrl\":\"https:\/\/babylove.se\/no\/wp-content\/uploads\/sites\/3\/2025\/07\/5e0e6910065e0.jpeg\",\"datePublished\":\"2025-07-18T19:28:29+00:00\",\"dateModified\":\"2026-04-08T07:16:54+00:00\",\"breadcrumb\":{\"@id\":\"https:\/\/babylove.se\/no\/produkt\/saccosack-rosa-m-fayne\/#breadcrumb\"},\"inLanguage\":\"nb-NO\",\"potentialAction\":[{\"@type\":\"ReadAction\",\"target\":[\"https:\/\/babylove.se\/no\/produkt\/saccosack-rosa-m-fayne\/\"]}]},{\"@type\":\"ImageObject\",\"inLanguage\":\"nb-NO\",\"@id\":\"https:\/\/babylove.se\/no\/produkt\/saccosack-rosa-m-fayne\/#primaryimage\",\"url\":\"https:\/\/babylove.se\/no\/wp-content\/uploads\/sites\/3\/2025\/07\/5e0e6910065e0.jpeg\",\"contentUrl\":\"https:\/\/babylove.se\/no\/wp-content\/uploads\/sites\/3\/2025\/07\/5e0e6910065e0.jpeg\",\"width\":400,\"height\":376},{\"@type\":\"BreadcrumbList\",\"@id\":\"https:\/\/babylove.se\/no\/produkt\/saccosack-rosa-m-fayne\/#breadcrumb\",\"itemListElement\":[{\"@type\":\"ListItem\",\"position\":1,\"name\":\"Hem\",\"item\":\"https:\/\/babylove.se\/no\/\"},{\"@type\":\"ListItem\",\"position\":2,\"name\":\"Butik\",\"item\":\"https:\/\/babylove.se\/no\/butik\/\"},{\"@type\":\"ListItem\",\"position\":3,\"name\":\"Sittsekk rosa, Fayne\"}]},{\"@type\":\"WebSite\",\"@id\":\"https:\/\/babylove.se\/no\/#website\",\"url\":\"https:\/\/babylove.se\/no\/\",\"name\":\"Babylove Norska\",\"description\":\"\",\"potentialAction\":[{\"@type\":\"SearchAction\",\"target\":{\"@type\":\"EntryPoint\",\"urlTemplate\":\"https:\/\/babylove.se\/no\/?s={search_term_string}\"},\"query-input\":{\"@type\":\"PropertyValueSpecification\",\"valueRequired\":true,\"valueName\":\"search_term_string\"}}],\"inLanguage\":\"nb-NO\"}]}<\/script>\n<meta property=\"product:brand\" content=\"Fayne\" \/>\n<meta property=\"product:price:amount\" content=\"1799.00\" \/>\n<meta property=\"product:price:currency\" content=\"SEK\" \/>\n<meta property=\"og:availability\" content=\"out of stock\" \/>\n<meta property=\"product:availability\" content=\"out of stock\" \/>\n<meta property=\"product:retailer_item_id\" content=\"274B-2097B_20181227095109\" \/>\n<meta property=\"product:condition\" content=\"new\" \/>\n<!-- \/ Yoast SEO Premium plugin. -->","yoast_head_json":{"title":"Sittsekk rosa, Fayne - Babylove Norska","robots":{"index":"noindex","follow":"follow","max-snippet":"max-snippet:-1","max-image-preview":"max-image-preview:large","max-video-preview":"max-video-preview:-1"},"og_locale":"nb_NO","og_type":"article","og_title":"Sittsekk rosa, Fayne","og_description":"Denne rosa saccosekken for b\u00e5de barn og voksne er meget popul\u00e6r i Norge og finnes n\u00e5 i Sverige hvor den ogs\u00e5 raskt har blitt et popul\u00e6rt produkt. Et vakkert produkt som vil bidra til ditt barneroms innredning p\u00e5 beste m\u00e5te. Den passer dessuten like godt i ditt barns rom som i stuen. Se frem til [&hellip;]","og_url":"https:\/\/babylove.se\/no\/produkt\/saccosack-rosa-m-fayne\/","og_site_name":"Babylove Norska","article_modified_time":"2026-04-08T07:16:54+00:00","og_image":[{"width":400,"height":376,"url":"https:\/\/babylove.se\/no\/wp-content\/uploads\/sites\/3\/2025\/07\/5e0e6910065e0.jpeg","type":"image\/jpeg"}],"twitter_card":"summary_large_image","twitter_misc":{"Price":"1 799,00&nbsp;&#107;&#114;","Availability":"Out of stock"},"schema":{"@context":"https:\/\/schema.org","@graph":[{"@type":"WebPage","@id":"https:\/\/babylove.se\/no\/produkt\/saccosack-rosa-m-fayne\/","url":"https:\/\/babylove.se\/no\/produkt\/saccosack-rosa-m-fayne\/","name":"Sittsekk rosa, Fayne - Babylove Norska","isPartOf":{"@id":"https:\/\/babylove.se\/no\/#website"},"primaryImageOfPage":{"@id":"https:\/\/babylove.se\/no\/produkt\/saccosack-rosa-m-fayne\/#primaryimage"},"image":{"@id":"https:\/\/babylove.se\/no\/produkt\/saccosack-rosa-m-fayne\/#primaryimage"},"thumbnailUrl":"https:\/\/babylove.se\/no\/wp-content\/uploads\/sites\/3\/2025\/07\/5e0e6910065e0.jpeg","datePublished":"2025-07-18T19:28:29+00:00","dateModified":"2026-04-08T07:16:54+00:00","breadcrumb":{"@id":"https:\/\/babylove.se\/no\/produkt\/saccosack-rosa-m-fayne\/#breadcrumb"},"inLanguage":"nb-NO","potentialAction":[{"@type":"ReadAction","target":["https:\/\/babylove.se\/no\/produkt\/saccosack-rosa-m-fayne\/"]}]},{"@type":"ImageObject","inLanguage":"nb-NO","@id":"https:\/\/babylove.se\/no\/produkt\/saccosack-rosa-m-fayne\/#primaryimage","url":"https:\/\/babylove.se\/no\/wp-content\/uploads\/sites\/3\/2025\/07\/5e0e6910065e0.jpeg","contentUrl":"https:\/\/babylove.se\/no\/wp-content\/uploads\/sites\/3\/2025\/07\/5e0e6910065e0.jpeg","width":400,"height":376},{"@type":"BreadcrumbList","@id":"https:\/\/babylove.se\/no\/produkt\/saccosack-rosa-m-fayne\/#breadcrumb","itemListElement":[{"@type":"ListItem","position":1,"name":"Hem","item":"https:\/\/babylove.se\/no\/"},{"@type":"ListItem","position":2,"name":"Butik","item":"https:\/\/babylove.se\/no\/butik\/"},{"@type":"ListItem","position":3,"name":"Sittsekk rosa, Fayne"}]},{"@type":"WebSite","@id":"https:\/\/babylove.se\/no\/#website","url":"https:\/\/babylove.se\/no\/","name":"Babylove Norska","description":"","potentialAction":[{"@type":"SearchAction","target":{"@type":"EntryPoint","urlTemplate":"https:\/\/babylove.se\/no\/?s={search_term_string}"},"query-input":{"@type":"PropertyValueSpecification","valueRequired":true,"valueName":"search_term_string"}}],"inLanguage":"nb-NO"}]},"product_brand":"Fayne","product_price_amount":"1799.00","product_price_currency":"SEK","og_availability":"out of stock","product_availability":"out of stock","product_retailer_item_id":"274B-2097B_20181227095109","product_condition":"new"},"_links":{"self":[{"href":"https:\/\/babylove.se\/no\/wp-json\/wp\/v2\/product\/5327","targetHints":{"allow":["GET"]}}],"collection":[{"href":"https:\/\/babylove.se\/no\/wp-json\/wp\/v2\/product"}],"about":[{"href":"https:\/\/babylove.se\/no\/wp-json\/wp\/v2\/types\/product"}],"replies":[{"embeddable":true,"href":"https:\/\/babylove.se\/no\/wp-json\/wp\/v2\/comments?post=5327"}],"wp:featuredmedia":[{"embeddable":true,"href":"https:\/\/babylove.se\/no\/wp-json\/wp\/v2\/media\/5329"}],"wp:attachment":[{"href":"https:\/\/babylove.se\/no\/wp-json\/wp\/v2\/media?parent=5327"}],"wp:term":[{"taxonomy":"product_brand","embeddable":true,"href":"https:\/\/babylove.se\/no\/wp-json\/wp\/v2\/product_brand?post=5327"},{"taxonomy":"product_cat","embeddable":true,"href":"https:\/\/babylove.se\/no\/wp-json\/wp\/v2\/product_cat?post=5327"},{"taxonomy":"product_tag","embeddable":true,"href":"https:\/\/babylove.se\/no\/wp-json\/wp\/v2\/product_tag?post=5327"}],"curies":[{"name":"wp","href":"https:\/\/api.w.org\/{rel}","templated":true}]}}