{"id":5333,"date":"2025-07-18T20:28:29","date_gmt":"2025-07-18T19:28:29","guid":{"rendered":"https:\/\/babylove.se\/produkt\/saccosack-gra-fayne\/"},"modified":"2026-04-08T08:16:56","modified_gmt":"2026-04-08T07:16:56","slug":"saccosack-gra-fayne","status":"publish","type":"product","link":"https:\/\/babylove.se\/no\/produkt\/saccosack-gra-fayne\/","title":{"rendered":"Sittesekk gr\u00e5, Fayne"},"content":{"rendered":"<p>Denne gr\u00e5 saccosekken for b\u00e5de barn og voksne er meget popul\u00e6r i Norge og finnes n\u00e5 i Sverige hvor den ogs\u00e5 raskt har blitt et popul\u00e6rt produkt. Et vakkert produkt som vil bidra til ditt barneroms innredning p\u00e5 beste m\u00e5te. Den passer dessuten like godt i ditt barns rom som i stuen. Se frem til masse koselige stunder for boklesing sammen med ditt barn, eller en avslappende stund for deg med en kopp te, n\u00e5r ditt barn har sovnet. Sitteputen er laget av en herlig fl\u00f8yelsbomull som gir en deilig f\u00f8lelse n\u00e5r du sitter i den. Fyllet best\u00e5r av 100 % giftfrie EPS-perler.<\/p>\n<p>Du velger selv din favorittfarge som du synes passer best hjemme hos deg.<\/p>\n<p>Stoffet er avtakbart, noe som gj\u00f8r at du kan vaske det og holde saccosekken ren og frisk.<\/p>\n<p><strong>M\u00e5l<\/strong>: 120 x 80 cm  <\/p>\n<p>Designer: <a href=\"https:\/\/babylove.se\/varumarken\/fayne\"><u>Fayne<\/u><\/a><\/p>\n","protected":false},"excerpt":{"rendered":"<p>Denne gr\u00e5 saccosekken for b\u00e5de barn og voksne er meget popul\u00e6r i Norge og finnes n\u00e5 i Sverige hvor den ogs\u00e5 raskt har blitt et popul\u00e6rt produkt. Et vakkert produkt som vil bidra til ditt barneroms innredning p\u00e5 beste m\u00e5te. Den passer dessuten like godt i ditt barns rom som i stuen. Se frem til [&hellip;]<\/p>\n","protected":false},"featured_media":5335,"comment_status":"closed","ping_status":"open","template":"","meta":{"_acf_changed":false},"product_brand":[295],"product_cat":[70,296,200,44,48],"product_tag":[1689],"class_list":{"0":"post-5333","1":"product","2":"type-product","3":"status-publish","4":"has-post-thumbnail","6":"product_brand-fayne","7":"product_cat-gaver","8":"product_cat-fayne","9":"product_cat-floyel","10":"product_cat-sitteputfer-saccosekker","11":"product_cat-startside","12":"product_tag-bestillingsvaror","14":"first","15":"outofstock","16":"taxable","17":"shipping-taxable","18":"purchasable","19":"product-type-simple"},"acf":[],"yoast_head":"<!-- This site is optimized with the Yoast SEO Premium plugin v25.8 (Yoast SEO v27.2) - https:\/\/yoast.com\/product\/yoast-seo-premium-wordpress\/ -->\n<title>Sittesekk gr\u00e5, Fayne - Babylove Norska<\/title>\n<meta name=\"robots\" content=\"noindex, follow, max-snippet:-1, max-image-preview:large, max-video-preview:-1\" \/>\n<meta property=\"og:locale\" content=\"nb_NO\" \/>\n<meta property=\"og:type\" content=\"article\" \/>\n<meta property=\"og:title\" content=\"Sittesekk gr\u00e5, Fayne\" \/>\n<meta property=\"og:description\" content=\"Denne gr\u00e5 saccosekken for b\u00e5de barn og voksne er meget popul\u00e6r i Norge og finnes n\u00e5 i Sverige hvor den ogs\u00e5 raskt har blitt et popul\u00e6rt produkt. Et vakkert produkt som vil bidra til ditt barneroms innredning p\u00e5 beste m\u00e5te. Den passer dessuten like godt i ditt barns rom som i stuen. Se frem til [&hellip;]\" \/>\n<meta property=\"og:url\" content=\"https:\/\/babylove.se\/no\/produkt\/saccosack-gra-fayne\/\" \/>\n<meta property=\"og:site_name\" content=\"Babylove Norska\" \/>\n<meta property=\"article:modified_time\" content=\"2026-04-08T07:16:56+00:00\" \/>\n<meta property=\"og:image\" content=\"https:\/\/babylove.se\/no\/wp-content\/uploads\/sites\/3\/2025\/07\/5a0deed28718a.jpeg\" \/>\n\t<meta property=\"og:image:width\" content=\"500\" \/>\n\t<meta property=\"og:image:height\" content=\"500\" \/>\n\t<meta property=\"og:image:type\" content=\"image\/jpeg\" \/>\n<meta name=\"twitter:card\" content=\"summary_large_image\" \/>\n<meta name=\"twitter:label1\" content=\"Price\" \/>\n\t<meta name=\"twitter:data1\" content=\"1 799,00&nbsp;&#107;&#114;\" \/>\n\t<meta name=\"twitter:label2\" content=\"Availability\" \/>\n\t<meta name=\"twitter:data2\" content=\"Out of stock\" \/>\n<script type=\"application\/ld+json\" class=\"yoast-schema-graph\">{\"@context\":\"https:\/\/schema.org\",\"@graph\":[{\"@type\":\"WebPage\",\"@id\":\"https:\/\/babylove.se\/no\/produkt\/saccosack-gra-fayne\/\",\"url\":\"https:\/\/babylove.se\/no\/produkt\/saccosack-gra-fayne\/\",\"name\":\"Sittesekk gr\u00e5, Fayne - Babylove Norska\",\"isPartOf\":{\"@id\":\"https:\/\/babylove.se\/no\/#website\"},\"primaryImageOfPage\":{\"@id\":\"https:\/\/babylove.se\/no\/produkt\/saccosack-gra-fayne\/#primaryimage\"},\"image\":{\"@id\":\"https:\/\/babylove.se\/no\/produkt\/saccosack-gra-fayne\/#primaryimage\"},\"thumbnailUrl\":\"https:\/\/babylove.se\/no\/wp-content\/uploads\/sites\/3\/2025\/07\/5a0deed28718a.jpeg\",\"datePublished\":\"2025-07-18T19:28:29+00:00\",\"dateModified\":\"2026-04-08T07:16:56+00:00\",\"breadcrumb\":{\"@id\":\"https:\/\/babylove.se\/no\/produkt\/saccosack-gra-fayne\/#breadcrumb\"},\"inLanguage\":\"nb-NO\",\"potentialAction\":[{\"@type\":\"ReadAction\",\"target\":[\"https:\/\/babylove.se\/no\/produkt\/saccosack-gra-fayne\/\"]}]},{\"@type\":\"ImageObject\",\"inLanguage\":\"nb-NO\",\"@id\":\"https:\/\/babylove.se\/no\/produkt\/saccosack-gra-fayne\/#primaryimage\",\"url\":\"https:\/\/babylove.se\/no\/wp-content\/uploads\/sites\/3\/2025\/07\/5a0deed28718a.jpeg\",\"contentUrl\":\"https:\/\/babylove.se\/no\/wp-content\/uploads\/sites\/3\/2025\/07\/5a0deed28718a.jpeg\",\"width\":500,\"height\":500},{\"@type\":\"BreadcrumbList\",\"@id\":\"https:\/\/babylove.se\/no\/produkt\/saccosack-gra-fayne\/#breadcrumb\",\"itemListElement\":[{\"@type\":\"ListItem\",\"position\":1,\"name\":\"Hem\",\"item\":\"https:\/\/babylove.se\/no\/\"},{\"@type\":\"ListItem\",\"position\":2,\"name\":\"Butik\",\"item\":\"https:\/\/babylove.se\/no\/butik\/\"},{\"@type\":\"ListItem\",\"position\":3,\"name\":\"Sittesekk gr\u00e5, Fayne\"}]},{\"@type\":\"WebSite\",\"@id\":\"https:\/\/babylove.se\/no\/#website\",\"url\":\"https:\/\/babylove.se\/no\/\",\"name\":\"Babylove Norska\",\"description\":\"\",\"potentialAction\":[{\"@type\":\"SearchAction\",\"target\":{\"@type\":\"EntryPoint\",\"urlTemplate\":\"https:\/\/babylove.se\/no\/?s={search_term_string}\"},\"query-input\":{\"@type\":\"PropertyValueSpecification\",\"valueRequired\":true,\"valueName\":\"search_term_string\"}}],\"inLanguage\":\"nb-NO\"}]}<\/script>\n<meta property=\"product:brand\" content=\"Fayne\" \/>\n<meta property=\"product:price:amount\" content=\"1799.00\" \/>\n<meta property=\"product:price:currency\" content=\"SEK\" \/>\n<meta property=\"og:availability\" content=\"out of stock\" \/>\n<meta property=\"product:availability\" content=\"out of stock\" \/>\n<meta property=\"product:retailer_item_id\" content=\"274B-2097B_20181227101804\" \/>\n<meta property=\"product:condition\" content=\"new\" \/>\n<!-- \/ Yoast SEO Premium plugin. -->","yoast_head_json":{"title":"Sittesekk gr\u00e5, Fayne - Babylove Norska","robots":{"index":"noindex","follow":"follow","max-snippet":"max-snippet:-1","max-image-preview":"max-image-preview:large","max-video-preview":"max-video-preview:-1"},"og_locale":"nb_NO","og_type":"article","og_title":"Sittesekk gr\u00e5, Fayne","og_description":"Denne gr\u00e5 saccosekken for b\u00e5de barn og voksne er meget popul\u00e6r i Norge og finnes n\u00e5 i Sverige hvor den ogs\u00e5 raskt har blitt et popul\u00e6rt produkt. Et vakkert produkt som vil bidra til ditt barneroms innredning p\u00e5 beste m\u00e5te. Den passer dessuten like godt i ditt barns rom som i stuen. Se frem til [&hellip;]","og_url":"https:\/\/babylove.se\/no\/produkt\/saccosack-gra-fayne\/","og_site_name":"Babylove Norska","article_modified_time":"2026-04-08T07:16:56+00:00","og_image":[{"width":500,"height":500,"url":"https:\/\/babylove.se\/no\/wp-content\/uploads\/sites\/3\/2025\/07\/5a0deed28718a.jpeg","type":"image\/jpeg"}],"twitter_card":"summary_large_image","twitter_misc":{"Price":"1 799,00&nbsp;&#107;&#114;","Availability":"Out of stock"},"schema":{"@context":"https:\/\/schema.org","@graph":[{"@type":"WebPage","@id":"https:\/\/babylove.se\/no\/produkt\/saccosack-gra-fayne\/","url":"https:\/\/babylove.se\/no\/produkt\/saccosack-gra-fayne\/","name":"Sittesekk gr\u00e5, Fayne - Babylove Norska","isPartOf":{"@id":"https:\/\/babylove.se\/no\/#website"},"primaryImageOfPage":{"@id":"https:\/\/babylove.se\/no\/produkt\/saccosack-gra-fayne\/#primaryimage"},"image":{"@id":"https:\/\/babylove.se\/no\/produkt\/saccosack-gra-fayne\/#primaryimage"},"thumbnailUrl":"https:\/\/babylove.se\/no\/wp-content\/uploads\/sites\/3\/2025\/07\/5a0deed28718a.jpeg","datePublished":"2025-07-18T19:28:29+00:00","dateModified":"2026-04-08T07:16:56+00:00","breadcrumb":{"@id":"https:\/\/babylove.se\/no\/produkt\/saccosack-gra-fayne\/#breadcrumb"},"inLanguage":"nb-NO","potentialAction":[{"@type":"ReadAction","target":["https:\/\/babylove.se\/no\/produkt\/saccosack-gra-fayne\/"]}]},{"@type":"ImageObject","inLanguage":"nb-NO","@id":"https:\/\/babylove.se\/no\/produkt\/saccosack-gra-fayne\/#primaryimage","url":"https:\/\/babylove.se\/no\/wp-content\/uploads\/sites\/3\/2025\/07\/5a0deed28718a.jpeg","contentUrl":"https:\/\/babylove.se\/no\/wp-content\/uploads\/sites\/3\/2025\/07\/5a0deed28718a.jpeg","width":500,"height":500},{"@type":"BreadcrumbList","@id":"https:\/\/babylove.se\/no\/produkt\/saccosack-gra-fayne\/#breadcrumb","itemListElement":[{"@type":"ListItem","position":1,"name":"Hem","item":"https:\/\/babylove.se\/no\/"},{"@type":"ListItem","position":2,"name":"Butik","item":"https:\/\/babylove.se\/no\/butik\/"},{"@type":"ListItem","position":3,"name":"Sittesekk gr\u00e5, Fayne"}]},{"@type":"WebSite","@id":"https:\/\/babylove.se\/no\/#website","url":"https:\/\/babylove.se\/no\/","name":"Babylove Norska","description":"","potentialAction":[{"@type":"SearchAction","target":{"@type":"EntryPoint","urlTemplate":"https:\/\/babylove.se\/no\/?s={search_term_string}"},"query-input":{"@type":"PropertyValueSpecification","valueRequired":true,"valueName":"search_term_string"}}],"inLanguage":"nb-NO"}]},"product_brand":"Fayne","product_price_amount":"1799.00","product_price_currency":"SEK","og_availability":"out of stock","product_availability":"out of stock","product_retailer_item_id":"274B-2097B_20181227101804","product_condition":"new"},"_links":{"self":[{"href":"https:\/\/babylove.se\/no\/wp-json\/wp\/v2\/product\/5333","targetHints":{"allow":["GET"]}}],"collection":[{"href":"https:\/\/babylove.se\/no\/wp-json\/wp\/v2\/product"}],"about":[{"href":"https:\/\/babylove.se\/no\/wp-json\/wp\/v2\/types\/product"}],"replies":[{"embeddable":true,"href":"https:\/\/babylove.se\/no\/wp-json\/wp\/v2\/comments?post=5333"}],"wp:featuredmedia":[{"embeddable":true,"href":"https:\/\/babylove.se\/no\/wp-json\/wp\/v2\/media\/5335"}],"wp:attachment":[{"href":"https:\/\/babylove.se\/no\/wp-json\/wp\/v2\/media?parent=5333"}],"wp:term":[{"taxonomy":"product_brand","embeddable":true,"href":"https:\/\/babylove.se\/no\/wp-json\/wp\/v2\/product_brand?post=5333"},{"taxonomy":"product_cat","embeddable":true,"href":"https:\/\/babylove.se\/no\/wp-json\/wp\/v2\/product_cat?post=5333"},{"taxonomy":"product_tag","embeddable":true,"href":"https:\/\/babylove.se\/no\/wp-json\/wp\/v2\/product_tag?post=5333"}],"curies":[{"name":"wp","href":"https:\/\/api.w.org\/{rel}","templated":true}]}}