{"id":53431,"date":"2025-07-19T12:08:09","date_gmt":"2025-07-19T11:08:09","guid":{"rendered":"https:\/\/babylove.se\/produkt\/meow-byggbart-mobelset-med-barnsoffa-gra\/"},"modified":"2026-04-08T13:37:55","modified_gmt":"2026-04-08T12:37:55","slug":"meow-byggbart-mobelsett-med-barnesofa-gra","status":"publish","type":"product","link":"https:\/\/babylove.se\/no\/produkt\/meow-byggbart-mobelsett-med-barnesofa-gra\/","title":{"rendered":"Meow, Byggbart m\u00f8belsett med barnesofa, gr\u00e5"},"content":{"rendered":"<p>Disse t\u00f8ffe skumm\u00f8blene fra Meow kommer til \u00e5 skape masse muligheter for deg til \u00e5 gj\u00f8re barnerommet s\u00e5 bra som du vil ha det. Perfekt for barnet ditt n\u00e5r de vil leke eller slappe av, eller kanskje ha sin egen teselskap i barnerommet?<\/p>\n<p>M\u00f8belsettet er bygget opp av en byggbar sofa med to sm\u00e5 sitteputere. Barnesofaen kan brettes ut for \u00e5 lage en seng n\u00e5r barnet ditt vil ta en lur eller har venner p\u00e5 bes\u00f8k.<\/p>\n<p>Trekket er laget i mykt materiale som er deilig \u00e5 sitte p\u00e5, men ogs\u00e5 enkelt \u00e5 rengj\u00f8re.&nbsp;<\/p>\n<p data-empty=\"true\"><strong>M\u00e5l sofa<\/strong>:&nbsp;<\/p>\n<ul>\n<li>Totaldybde 50 cm<\/li>\n<li>Totallengde 96 cm<\/li>\n<li>Totalh\u00f8yde 40 cm<\/li>\n<li>Sitteh\u00f8yde 20 cm<\/li>\n<\/ul>\n<p data-empty=\"true\">Designer: <a href=\"https:\/\/babylove.se\/varumarken\/meow\">Meow<\/a><\/p>\n","protected":false},"excerpt":{"rendered":"<p>Disse t\u00f8ffe skumm\u00f8blene fra Meow kommer til \u00e5 skape masse muligheter for deg til \u00e5 gj\u00f8re barnerommet s\u00e5 bra som du vil ha det. Perfekt for barnet ditt n\u00e5r de vil leke eller slappe av, eller kanskje ha sin egen teselskap i barnerommet? M\u00f8belsettet er bygget opp av en byggbar sofa med to sm\u00e5 sitteputere. [&hellip;]<\/p>\n","protected":false},"featured_media":53433,"comment_status":"closed","ping_status":"open","template":"","meta":{"_acf_changed":false},"product_brand":[774],"product_cat":[79,775,80],"product_tag":[1689],"class_list":{"0":"post-53431","1":"product","2":"type-product","3":"status-publish","4":"has-post-thumbnail","6":"product_brand-meow","7":"product_cat-barnemobler","8":"product_cat-meow","9":"product_cat-stoler","10":"product_tag-bestillingsvaror","12":"first","13":"outofstock","14":"taxable","15":"shipping-taxable","16":"purchasable","17":"product-type-simple"},"acf":[],"yoast_head":"<!-- This site is optimized with the Yoast SEO Premium plugin v25.8 (Yoast SEO v27.2) - https:\/\/yoast.com\/product\/yoast-seo-premium-wordpress\/ -->\n<title>Meow, Byggbart m\u00f8belsett med barnesofa, gr\u00e5 - Babylove Norska<\/title>\n<meta name=\"robots\" content=\"noindex, follow, max-snippet:-1, max-image-preview:large, max-video-preview:-1\" \/>\n<meta property=\"og:locale\" content=\"nb_NO\" \/>\n<meta property=\"og:type\" content=\"article\" \/>\n<meta property=\"og:title\" content=\"Meow, Byggbart m\u00f8belsett med barnesofa, gr\u00e5\" \/>\n<meta property=\"og:description\" content=\"Disse t\u00f8ffe skumm\u00f8blene fra Meow kommer til \u00e5 skape masse muligheter for deg til \u00e5 gj\u00f8re barnerommet s\u00e5 bra som du vil ha det. Perfekt for barnet ditt n\u00e5r de vil leke eller slappe av, eller kanskje ha sin egen teselskap i barnerommet? M\u00f8belsettet er bygget opp av en byggbar sofa med to sm\u00e5 sitteputere. [&hellip;]\" \/>\n<meta property=\"og:url\" content=\"https:\/\/babylove.se\/no\/produkt\/meow-byggbart-mobelsett-med-barnesofa-gra\/\" \/>\n<meta property=\"og:site_name\" content=\"Babylove Norska\" \/>\n<meta property=\"article:modified_time\" content=\"2026-04-08T12:37:55+00:00\" \/>\n<meta property=\"og:image\" content=\"https:\/\/babylove.se\/no\/wp-content\/uploads\/sites\/3\/2025\/07\/64be2d789b636.jpeg\" \/>\n\t<meta property=\"og:image:width\" content=\"800\" \/>\n\t<meta property=\"og:image:height\" content=\"800\" \/>\n\t<meta property=\"og:image:type\" content=\"image\/jpeg\" \/>\n<meta name=\"twitter:card\" content=\"summary_large_image\" \/>\n<meta name=\"twitter:label1\" content=\"Price\" \/>\n\t<meta name=\"twitter:data1\" content=\"2 079,00&nbsp;&#107;&#114;\" \/>\n\t<meta name=\"twitter:label2\" content=\"Availability\" \/>\n\t<meta name=\"twitter:data2\" content=\"Out of stock\" \/>\n<script type=\"application\/ld+json\" class=\"yoast-schema-graph\">{\"@context\":\"https:\/\/schema.org\",\"@graph\":[{\"@type\":\"WebPage\",\"@id\":\"https:\/\/babylove.se\/no\/produkt\/meow-byggbart-mobelsett-med-barnesofa-gra\/\",\"url\":\"https:\/\/babylove.se\/no\/produkt\/meow-byggbart-mobelsett-med-barnesofa-gra\/\",\"name\":\"Meow, Byggbart m\u00f8belsett med barnesofa, gr\u00e5 - Babylove Norska\",\"isPartOf\":{\"@id\":\"https:\/\/babylove.se\/no\/#website\"},\"primaryImageOfPage\":{\"@id\":\"https:\/\/babylove.se\/no\/produkt\/meow-byggbart-mobelsett-med-barnesofa-gra\/#primaryimage\"},\"image\":{\"@id\":\"https:\/\/babylove.se\/no\/produkt\/meow-byggbart-mobelsett-med-barnesofa-gra\/#primaryimage\"},\"thumbnailUrl\":\"https:\/\/babylove.se\/no\/wp-content\/uploads\/sites\/3\/2025\/07\/64be2d789b636.jpeg\",\"datePublished\":\"2025-07-19T11:08:09+00:00\",\"dateModified\":\"2026-04-08T12:37:55+00:00\",\"breadcrumb\":{\"@id\":\"https:\/\/babylove.se\/no\/produkt\/meow-byggbart-mobelsett-med-barnesofa-gra\/#breadcrumb\"},\"inLanguage\":\"nb-NO\",\"potentialAction\":[{\"@type\":\"ReadAction\",\"target\":[\"https:\/\/babylove.se\/no\/produkt\/meow-byggbart-mobelsett-med-barnesofa-gra\/\"]}]},{\"@type\":\"ImageObject\",\"inLanguage\":\"nb-NO\",\"@id\":\"https:\/\/babylove.se\/no\/produkt\/meow-byggbart-mobelsett-med-barnesofa-gra\/#primaryimage\",\"url\":\"https:\/\/babylove.se\/no\/wp-content\/uploads\/sites\/3\/2025\/07\/64be2d789b636.jpeg\",\"contentUrl\":\"https:\/\/babylove.se\/no\/wp-content\/uploads\/sites\/3\/2025\/07\/64be2d789b636.jpeg\",\"width\":800,\"height\":800},{\"@type\":\"BreadcrumbList\",\"@id\":\"https:\/\/babylove.se\/no\/produkt\/meow-byggbart-mobelsett-med-barnesofa-gra\/#breadcrumb\",\"itemListElement\":[{\"@type\":\"ListItem\",\"position\":1,\"name\":\"Hem\",\"item\":\"https:\/\/babylove.se\/no\/\"},{\"@type\":\"ListItem\",\"position\":2,\"name\":\"Butik\",\"item\":\"https:\/\/babylove.se\/no\/butik\/\"},{\"@type\":\"ListItem\",\"position\":3,\"name\":\"Meow, Byggbart m\u00f8belsett med barnesofa, gr\u00e5\"}]},{\"@type\":\"WebSite\",\"@id\":\"https:\/\/babylove.se\/no\/#website\",\"url\":\"https:\/\/babylove.se\/no\/\",\"name\":\"Babylove Norska\",\"description\":\"\",\"potentialAction\":[{\"@type\":\"SearchAction\",\"target\":{\"@type\":\"EntryPoint\",\"urlTemplate\":\"https:\/\/babylove.se\/no\/?s={search_term_string}\"},\"query-input\":{\"@type\":\"PropertyValueSpecification\",\"valueRequired\":true,\"valueName\":\"search_term_string\"}}],\"inLanguage\":\"nb-NO\"}]}<\/script>\n<meta property=\"product:brand\" content=\"Meow\" \/>\n<meta property=\"product:price:amount\" content=\"2079.00\" \/>\n<meta property=\"product:price:currency\" content=\"SEK\" \/>\n<meta property=\"og:availability\" content=\"out of stock\" \/>\n<meta property=\"product:availability\" content=\"out of stock\" \/>\n<meta property=\"product:retailer_item_id\" content=\"SDST01IE\" \/>\n<meta property=\"product:condition\" content=\"new\" \/>\n<!-- \/ Yoast SEO Premium plugin. -->","yoast_head_json":{"title":"Meow, Byggbart m\u00f8belsett med barnesofa, gr\u00e5 - Babylove Norska","robots":{"index":"noindex","follow":"follow","max-snippet":"max-snippet:-1","max-image-preview":"max-image-preview:large","max-video-preview":"max-video-preview:-1"},"og_locale":"nb_NO","og_type":"article","og_title":"Meow, Byggbart m\u00f8belsett med barnesofa, gr\u00e5","og_description":"Disse t\u00f8ffe skumm\u00f8blene fra Meow kommer til \u00e5 skape masse muligheter for deg til \u00e5 gj\u00f8re barnerommet s\u00e5 bra som du vil ha det. Perfekt for barnet ditt n\u00e5r de vil leke eller slappe av, eller kanskje ha sin egen teselskap i barnerommet? M\u00f8belsettet er bygget opp av en byggbar sofa med to sm\u00e5 sitteputere. [&hellip;]","og_url":"https:\/\/babylove.se\/no\/produkt\/meow-byggbart-mobelsett-med-barnesofa-gra\/","og_site_name":"Babylove Norska","article_modified_time":"2026-04-08T12:37:55+00:00","og_image":[{"width":800,"height":800,"url":"https:\/\/babylove.se\/no\/wp-content\/uploads\/sites\/3\/2025\/07\/64be2d789b636.jpeg","type":"image\/jpeg"}],"twitter_card":"summary_large_image","twitter_misc":{"Price":"2 079,00&nbsp;&#107;&#114;","Availability":"Out of stock"},"schema":{"@context":"https:\/\/schema.org","@graph":[{"@type":"WebPage","@id":"https:\/\/babylove.se\/no\/produkt\/meow-byggbart-mobelsett-med-barnesofa-gra\/","url":"https:\/\/babylove.se\/no\/produkt\/meow-byggbart-mobelsett-med-barnesofa-gra\/","name":"Meow, Byggbart m\u00f8belsett med barnesofa, gr\u00e5 - Babylove Norska","isPartOf":{"@id":"https:\/\/babylove.se\/no\/#website"},"primaryImageOfPage":{"@id":"https:\/\/babylove.se\/no\/produkt\/meow-byggbart-mobelsett-med-barnesofa-gra\/#primaryimage"},"image":{"@id":"https:\/\/babylove.se\/no\/produkt\/meow-byggbart-mobelsett-med-barnesofa-gra\/#primaryimage"},"thumbnailUrl":"https:\/\/babylove.se\/no\/wp-content\/uploads\/sites\/3\/2025\/07\/64be2d789b636.jpeg","datePublished":"2025-07-19T11:08:09+00:00","dateModified":"2026-04-08T12:37:55+00:00","breadcrumb":{"@id":"https:\/\/babylove.se\/no\/produkt\/meow-byggbart-mobelsett-med-barnesofa-gra\/#breadcrumb"},"inLanguage":"nb-NO","potentialAction":[{"@type":"ReadAction","target":["https:\/\/babylove.se\/no\/produkt\/meow-byggbart-mobelsett-med-barnesofa-gra\/"]}]},{"@type":"ImageObject","inLanguage":"nb-NO","@id":"https:\/\/babylove.se\/no\/produkt\/meow-byggbart-mobelsett-med-barnesofa-gra\/#primaryimage","url":"https:\/\/babylove.se\/no\/wp-content\/uploads\/sites\/3\/2025\/07\/64be2d789b636.jpeg","contentUrl":"https:\/\/babylove.se\/no\/wp-content\/uploads\/sites\/3\/2025\/07\/64be2d789b636.jpeg","width":800,"height":800},{"@type":"BreadcrumbList","@id":"https:\/\/babylove.se\/no\/produkt\/meow-byggbart-mobelsett-med-barnesofa-gra\/#breadcrumb","itemListElement":[{"@type":"ListItem","position":1,"name":"Hem","item":"https:\/\/babylove.se\/no\/"},{"@type":"ListItem","position":2,"name":"Butik","item":"https:\/\/babylove.se\/no\/butik\/"},{"@type":"ListItem","position":3,"name":"Meow, Byggbart m\u00f8belsett med barnesofa, gr\u00e5"}]},{"@type":"WebSite","@id":"https:\/\/babylove.se\/no\/#website","url":"https:\/\/babylove.se\/no\/","name":"Babylove Norska","description":"","potentialAction":[{"@type":"SearchAction","target":{"@type":"EntryPoint","urlTemplate":"https:\/\/babylove.se\/no\/?s={search_term_string}"},"query-input":{"@type":"PropertyValueSpecification","valueRequired":true,"valueName":"search_term_string"}}],"inLanguage":"nb-NO"}]},"product_brand":"Meow","product_price_amount":"2079.00","product_price_currency":"SEK","og_availability":"out of stock","product_availability":"out of stock","product_retailer_item_id":"SDST01IE","product_condition":"new"},"_links":{"self":[{"href":"https:\/\/babylove.se\/no\/wp-json\/wp\/v2\/product\/53431","targetHints":{"allow":["GET"]}}],"collection":[{"href":"https:\/\/babylove.se\/no\/wp-json\/wp\/v2\/product"}],"about":[{"href":"https:\/\/babylove.se\/no\/wp-json\/wp\/v2\/types\/product"}],"replies":[{"embeddable":true,"href":"https:\/\/babylove.se\/no\/wp-json\/wp\/v2\/comments?post=53431"}],"wp:featuredmedia":[{"embeddable":true,"href":"https:\/\/babylove.se\/no\/wp-json\/wp\/v2\/media\/53433"}],"wp:attachment":[{"href":"https:\/\/babylove.se\/no\/wp-json\/wp\/v2\/media?parent=53431"}],"wp:term":[{"taxonomy":"product_brand","embeddable":true,"href":"https:\/\/babylove.se\/no\/wp-json\/wp\/v2\/product_brand?post=53431"},{"taxonomy":"product_cat","embeddable":true,"href":"https:\/\/babylove.se\/no\/wp-json\/wp\/v2\/product_cat?post=53431"},{"taxonomy":"product_tag","embeddable":true,"href":"https:\/\/babylove.se\/no\/wp-json\/wp\/v2\/product_tag?post=53431"}],"curies":[{"name":"wp","href":"https:\/\/api.w.org\/{rel}","templated":true}]}}