{"id":53510,"date":"2025-07-19T12:09:05","date_gmt":"2025-07-19T11:09:05","guid":{"rendered":"https:\/\/babylove.se\/produkt\/skotbord-till-barnrummet-vitnatur\/"},"modified":"2026-04-08T13:38:46","modified_gmt":"2026-04-08T12:38:46","slug":"skotbord-til-barnerommet-hvitnatur","status":"publish","type":"product","link":"https:\/\/babylove.se\/no\/produkt\/skotbord-til-barnerommet-hvitnatur\/","title":{"rendered":"Stellebord til barnerommet, hvit\/natur"},"content":{"rendered":"<p>Et fint og pent stellebord til barnerommet.<\/p>\n<p>Stellebordet har en praktisk hylle slik at du har bleier, babykrem og annet som du trenger n\u00e6r for h\u00e5nden ved bleieskift.<\/p>\n<p>Bordet kommer umontert, men du monterer selv enkelt sammen det for h\u00e5nd, alt er forberedt.<\/p>\n<p><strong>M\u00e5l<\/strong>: 75 x 55 cm. H\u00f8yde 117 cm.&nbsp;<\/p>\n<p><strong>Materiale<\/strong>: MDF og furu.<\/p>\n","protected":false},"excerpt":{"rendered":"<p>Et fint og pent stellebord til barnerommet. Stellebordet har en praktisk hylle slik at du har bleier, babykrem og annet som du trenger n\u00e6r for h\u00e5nden ved bleieskift. Bordet kommer umontert, men du monterer selv enkelt sammen det for h\u00e5nd, alt er forberedt. M\u00e5l: 75 x 55 cm. H\u00f8yde 117 cm.&nbsp; Materiale: MDF og furu.<\/p>\n","protected":false},"featured_media":53512,"comment_status":"closed","ping_status":"open","template":"","meta":{"_acf_changed":false},"product_brand":[972],"product_cat":[973,57],"product_tag":[],"class_list":{"0":"post-53510","1":"product","2":"type-product","3":"status-publish","4":"has-post-thumbnail","6":"product_brand-atmosphera","7":"product_cat-atmosphera","8":"product_cat-skobadder","10":"first","11":"instock","12":"taxable","13":"shipping-taxable","14":"purchasable","15":"product-type-simple"},"acf":[],"yoast_head":"<!-- This site is optimized with the Yoast SEO Premium plugin v25.8 (Yoast SEO v27.2) - https:\/\/yoast.com\/product\/yoast-seo-premium-wordpress\/ -->\n<title>Stellebord til barnerommet, hvit\/natur - Babylove Norska<\/title>\n<meta name=\"robots\" content=\"noindex, follow, max-snippet:-1, max-image-preview:large, max-video-preview:-1\" \/>\n<meta property=\"og:locale\" content=\"nb_NO\" \/>\n<meta property=\"og:type\" content=\"article\" \/>\n<meta property=\"og:title\" content=\"Stellebord til barnerommet, hvit\/natur\" \/>\n<meta property=\"og:description\" content=\"Et fint og pent stellebord til barnerommet. Stellebordet har en praktisk hylle slik at du har bleier, babykrem og annet som du trenger n\u00e6r for h\u00e5nden ved bleieskift. Bordet kommer umontert, men du monterer selv enkelt sammen det for h\u00e5nd, alt er forberedt. M\u00e5l: 75 x 55 cm. H\u00f8yde 117 cm.&nbsp; Materiale: MDF og furu.\" \/>\n<meta property=\"og:url\" content=\"https:\/\/babylove.se\/no\/produkt\/skotbord-til-barnerommet-hvitnatur\/\" \/>\n<meta property=\"og:site_name\" content=\"Babylove Norska\" \/>\n<meta property=\"article:modified_time\" content=\"2026-04-08T12:38:46+00:00\" \/>\n<meta property=\"og:image\" content=\"https:\/\/babylove.se\/no\/wp-content\/uploads\/sites\/3\/2025\/07\/64c9f2dcb9ae0.jpeg\" \/>\n\t<meta property=\"og:image:width\" content=\"1200\" \/>\n\t<meta property=\"og:image:height\" content=\"1200\" \/>\n\t<meta property=\"og:image:type\" content=\"image\/jpeg\" \/>\n<meta name=\"twitter:card\" content=\"summary_large_image\" \/>\n<meta name=\"twitter:label1\" content=\"Price\" \/>\n\t<meta name=\"twitter:data1\" content=\"1 899,00&nbsp;&#107;&#114;\" \/>\n\t<meta name=\"twitter:label2\" content=\"Availability\" \/>\n\t<meta name=\"twitter:data2\" content=\"In stock\" \/>\n<script type=\"application\/ld+json\" class=\"yoast-schema-graph\">{\"@context\":\"https:\/\/schema.org\",\"@graph\":[{\"@type\":\"WebPage\",\"@id\":\"https:\/\/babylove.se\/no\/produkt\/skotbord-til-barnerommet-hvitnatur\/\",\"url\":\"https:\/\/babylove.se\/no\/produkt\/skotbord-til-barnerommet-hvitnatur\/\",\"name\":\"Stellebord til barnerommet, hvit\/natur - Babylove Norska\",\"isPartOf\":{\"@id\":\"https:\/\/babylove.se\/no\/#website\"},\"primaryImageOfPage\":{\"@id\":\"https:\/\/babylove.se\/no\/produkt\/skotbord-til-barnerommet-hvitnatur\/#primaryimage\"},\"image\":{\"@id\":\"https:\/\/babylove.se\/no\/produkt\/skotbord-til-barnerommet-hvitnatur\/#primaryimage\"},\"thumbnailUrl\":\"https:\/\/babylove.se\/no\/wp-content\/uploads\/sites\/3\/2025\/07\/64c9f2dcb9ae0.jpeg\",\"datePublished\":\"2025-07-19T11:09:05+00:00\",\"dateModified\":\"2026-04-08T12:38:46+00:00\",\"breadcrumb\":{\"@id\":\"https:\/\/babylove.se\/no\/produkt\/skotbord-til-barnerommet-hvitnatur\/#breadcrumb\"},\"inLanguage\":\"nb-NO\",\"potentialAction\":[{\"@type\":\"ReadAction\",\"target\":[\"https:\/\/babylove.se\/no\/produkt\/skotbord-til-barnerommet-hvitnatur\/\"]}]},{\"@type\":\"ImageObject\",\"inLanguage\":\"nb-NO\",\"@id\":\"https:\/\/babylove.se\/no\/produkt\/skotbord-til-barnerommet-hvitnatur\/#primaryimage\",\"url\":\"https:\/\/babylove.se\/no\/wp-content\/uploads\/sites\/3\/2025\/07\/64c9f2dcb9ae0.jpeg\",\"contentUrl\":\"https:\/\/babylove.se\/no\/wp-content\/uploads\/sites\/3\/2025\/07\/64c9f2dcb9ae0.jpeg\",\"width\":1200,\"height\":1200},{\"@type\":\"BreadcrumbList\",\"@id\":\"https:\/\/babylove.se\/no\/produkt\/skotbord-til-barnerommet-hvitnatur\/#breadcrumb\",\"itemListElement\":[{\"@type\":\"ListItem\",\"position\":1,\"name\":\"Hem\",\"item\":\"https:\/\/babylove.se\/no\/\"},{\"@type\":\"ListItem\",\"position\":2,\"name\":\"Butik\",\"item\":\"https:\/\/babylove.se\/no\/butik\/\"},{\"@type\":\"ListItem\",\"position\":3,\"name\":\"Stellebord til barnerommet, hvit\/natur\"}]},{\"@type\":\"WebSite\",\"@id\":\"https:\/\/babylove.se\/no\/#website\",\"url\":\"https:\/\/babylove.se\/no\/\",\"name\":\"Babylove Norska\",\"description\":\"\",\"potentialAction\":[{\"@type\":\"SearchAction\",\"target\":{\"@type\":\"EntryPoint\",\"urlTemplate\":\"https:\/\/babylove.se\/no\/?s={search_term_string}\"},\"query-input\":{\"@type\":\"PropertyValueSpecification\",\"valueRequired\":true,\"valueName\":\"search_term_string\"}}],\"inLanguage\":\"nb-NO\"}]}<\/script>\n<meta property=\"product:brand\" content=\"Atmosphera\" \/>\n<meta property=\"product:price:amount\" content=\"1899.00\" \/>\n<meta property=\"product:price:currency\" content=\"SEK\" \/>\n<meta property=\"og:availability\" content=\"instock\" \/>\n<meta property=\"product:availability\" content=\"instock\" \/>\n<meta property=\"product:retailer_item_id\" content=\"193911\" \/>\n<meta property=\"product:condition\" content=\"new\" \/>\n<!-- \/ Yoast SEO Premium plugin. -->","yoast_head_json":{"title":"Stellebord til barnerommet, hvit\/natur - Babylove Norska","robots":{"index":"noindex","follow":"follow","max-snippet":"max-snippet:-1","max-image-preview":"max-image-preview:large","max-video-preview":"max-video-preview:-1"},"og_locale":"nb_NO","og_type":"article","og_title":"Stellebord til barnerommet, hvit\/natur","og_description":"Et fint og pent stellebord til barnerommet. Stellebordet har en praktisk hylle slik at du har bleier, babykrem og annet som du trenger n\u00e6r for h\u00e5nden ved bleieskift. Bordet kommer umontert, men du monterer selv enkelt sammen det for h\u00e5nd, alt er forberedt. M\u00e5l: 75 x 55 cm. H\u00f8yde 117 cm.&nbsp; Materiale: MDF og furu.","og_url":"https:\/\/babylove.se\/no\/produkt\/skotbord-til-barnerommet-hvitnatur\/","og_site_name":"Babylove Norska","article_modified_time":"2026-04-08T12:38:46+00:00","og_image":[{"width":1200,"height":1200,"url":"https:\/\/babylove.se\/no\/wp-content\/uploads\/sites\/3\/2025\/07\/64c9f2dcb9ae0.jpeg","type":"image\/jpeg"}],"twitter_card":"summary_large_image","twitter_misc":{"Price":"1 899,00&nbsp;&#107;&#114;","Availability":"In stock"},"schema":{"@context":"https:\/\/schema.org","@graph":[{"@type":"WebPage","@id":"https:\/\/babylove.se\/no\/produkt\/skotbord-til-barnerommet-hvitnatur\/","url":"https:\/\/babylove.se\/no\/produkt\/skotbord-til-barnerommet-hvitnatur\/","name":"Stellebord til barnerommet, hvit\/natur - Babylove Norska","isPartOf":{"@id":"https:\/\/babylove.se\/no\/#website"},"primaryImageOfPage":{"@id":"https:\/\/babylove.se\/no\/produkt\/skotbord-til-barnerommet-hvitnatur\/#primaryimage"},"image":{"@id":"https:\/\/babylove.se\/no\/produkt\/skotbord-til-barnerommet-hvitnatur\/#primaryimage"},"thumbnailUrl":"https:\/\/babylove.se\/no\/wp-content\/uploads\/sites\/3\/2025\/07\/64c9f2dcb9ae0.jpeg","datePublished":"2025-07-19T11:09:05+00:00","dateModified":"2026-04-08T12:38:46+00:00","breadcrumb":{"@id":"https:\/\/babylove.se\/no\/produkt\/skotbord-til-barnerommet-hvitnatur\/#breadcrumb"},"inLanguage":"nb-NO","potentialAction":[{"@type":"ReadAction","target":["https:\/\/babylove.se\/no\/produkt\/skotbord-til-barnerommet-hvitnatur\/"]}]},{"@type":"ImageObject","inLanguage":"nb-NO","@id":"https:\/\/babylove.se\/no\/produkt\/skotbord-til-barnerommet-hvitnatur\/#primaryimage","url":"https:\/\/babylove.se\/no\/wp-content\/uploads\/sites\/3\/2025\/07\/64c9f2dcb9ae0.jpeg","contentUrl":"https:\/\/babylove.se\/no\/wp-content\/uploads\/sites\/3\/2025\/07\/64c9f2dcb9ae0.jpeg","width":1200,"height":1200},{"@type":"BreadcrumbList","@id":"https:\/\/babylove.se\/no\/produkt\/skotbord-til-barnerommet-hvitnatur\/#breadcrumb","itemListElement":[{"@type":"ListItem","position":1,"name":"Hem","item":"https:\/\/babylove.se\/no\/"},{"@type":"ListItem","position":2,"name":"Butik","item":"https:\/\/babylove.se\/no\/butik\/"},{"@type":"ListItem","position":3,"name":"Stellebord til barnerommet, hvit\/natur"}]},{"@type":"WebSite","@id":"https:\/\/babylove.se\/no\/#website","url":"https:\/\/babylove.se\/no\/","name":"Babylove Norska","description":"","potentialAction":[{"@type":"SearchAction","target":{"@type":"EntryPoint","urlTemplate":"https:\/\/babylove.se\/no\/?s={search_term_string}"},"query-input":{"@type":"PropertyValueSpecification","valueRequired":true,"valueName":"search_term_string"}}],"inLanguage":"nb-NO"}]},"product_brand":"Atmosphera","product_price_amount":"1899.00","product_price_currency":"SEK","og_availability":"instock","product_availability":"instock","product_retailer_item_id":"193911","product_condition":"new"},"_links":{"self":[{"href":"https:\/\/babylove.se\/no\/wp-json\/wp\/v2\/product\/53510","targetHints":{"allow":["GET"]}}],"collection":[{"href":"https:\/\/babylove.se\/no\/wp-json\/wp\/v2\/product"}],"about":[{"href":"https:\/\/babylove.se\/no\/wp-json\/wp\/v2\/types\/product"}],"replies":[{"embeddable":true,"href":"https:\/\/babylove.se\/no\/wp-json\/wp\/v2\/comments?post=53510"}],"wp:featuredmedia":[{"embeddable":true,"href":"https:\/\/babylove.se\/no\/wp-json\/wp\/v2\/media\/53512"}],"wp:attachment":[{"href":"https:\/\/babylove.se\/no\/wp-json\/wp\/v2\/media?parent=53510"}],"wp:term":[{"taxonomy":"product_brand","embeddable":true,"href":"https:\/\/babylove.se\/no\/wp-json\/wp\/v2\/product_brand?post=53510"},{"taxonomy":"product_cat","embeddable":true,"href":"https:\/\/babylove.se\/no\/wp-json\/wp\/v2\/product_cat?post=53510"},{"taxonomy":"product_tag","embeddable":true,"href":"https:\/\/babylove.se\/no\/wp-json\/wp\/v2\/product_tag?post=53510"}],"curies":[{"name":"wp","href":"https:\/\/api.w.org\/{rel}","templated":true}]}}