{"id":53524,"date":"2025-07-19T12:09:18","date_gmt":"2025-07-19T11:09:18","guid":{"rendered":"https:\/\/babylove.se\/produkt\/kudde-tuftad-regnbage\/"},"modified":"2026-04-08T13:38:55","modified_gmt":"2026-04-08T12:38:55","slug":"pute-tuftet-regnbue","status":"publish","type":"product","link":"https:\/\/babylove.se\/no\/produkt\/pute-tuftet-regnbue\/","title":{"rendered":"Pute tuftet, Regnbue"},"content":{"rendered":"<p>En fantastisk pute med motiv av en regnbue!<\/p>\n<p>Det vakre utf\u00f8relsen er \u00e9n ting, men de underverdige materialvalgene gj\u00f8r det ogs\u00e5 til en klemfavoritt hos barna. Hvis du bare skal kj\u00f8pe ett interi\u00f8rprodukt til barnerommet, er dette det du skal kj\u00f8pe!&nbsp;<\/p>\n<p>Puten kommer komplett med fyll.&nbsp;<\/p>\n<p><strong>M\u00e5l<\/strong>: 38 x 38 cm<\/p>\n<p><strong>Materiale<\/strong>: Bomull<\/p>\n","protected":false},"excerpt":{"rendered":"<p>En fantastisk pute med motiv av en regnbue! Det vakre utf\u00f8relsen er \u00e9n ting, men de underverdige materialvalgene gj\u00f8r det ogs\u00e5 til en klemfavoritt hos barna. Hvis du bare skal kj\u00f8pe ett interi\u00f8rprodukt til barnerommet, er dette det du skal kj\u00f8pe!&nbsp; Puten kommer komplett med fyll.&nbsp; M\u00e5l: 38 x 38 cm Materiale: Bomull<\/p>\n","protected":false},"featured_media":53526,"comment_status":"closed","ping_status":"open","template":"","meta":{"_acf_changed":false},"product_brand":[972],"product_cat":[973,105,40],"product_tag":[],"class_list":{"0":"post-53524","1":"product","2":"type-product","3":"status-publish","4":"has-post-thumbnail","6":"product_brand-atmosphera","7":"product_cat-atmosphera","8":"product_cat-puter","9":"product_cat-soverom-barn","11":"first","12":"instock","13":"taxable","14":"shipping-taxable","15":"purchasable","16":"product-type-simple"},"acf":[],"yoast_head":"<!-- This site is optimized with the Yoast SEO Premium plugin v25.8 (Yoast SEO v27.2) - https:\/\/yoast.com\/product\/yoast-seo-premium-wordpress\/ -->\n<title>Pute tuftet, Regnbue - Babylove Norska<\/title>\n<meta name=\"robots\" content=\"noindex, follow, max-snippet:-1, max-image-preview:large, max-video-preview:-1\" \/>\n<meta property=\"og:locale\" content=\"nb_NO\" \/>\n<meta property=\"og:type\" content=\"article\" \/>\n<meta property=\"og:title\" content=\"Pute tuftet, Regnbue\" \/>\n<meta property=\"og:description\" content=\"En fantastisk pute med motiv av en regnbue! Det vakre utf\u00f8relsen er \u00e9n ting, men de underverdige materialvalgene gj\u00f8r det ogs\u00e5 til en klemfavoritt hos barna. Hvis du bare skal kj\u00f8pe ett interi\u00f8rprodukt til barnerommet, er dette det du skal kj\u00f8pe!&nbsp; Puten kommer komplett med fyll.&nbsp; M\u00e5l: 38 x 38 cm Materiale: Bomull\" \/>\n<meta property=\"og:url\" content=\"https:\/\/babylove.se\/no\/produkt\/pute-tuftet-regnbue\/\" \/>\n<meta property=\"og:site_name\" content=\"Babylove Norska\" \/>\n<meta property=\"article:modified_time\" content=\"2026-04-08T12:38:55+00:00\" \/>\n<meta property=\"og:image\" content=\"https:\/\/babylove.se\/no\/wp-content\/uploads\/sites\/3\/2025\/07\/64c9fb8149de1.jpeg\" \/>\n\t<meta property=\"og:image:width\" content=\"519\" \/>\n\t<meta property=\"og:image:height\" content=\"519\" \/>\n\t<meta property=\"og:image:type\" content=\"image\/jpeg\" \/>\n<meta name=\"twitter:card\" content=\"summary_large_image\" \/>\n<meta name=\"twitter:label1\" content=\"Price\" \/>\n\t<meta name=\"twitter:data1\" content=\"249,00&nbsp;&#107;&#114;\" \/>\n\t<meta name=\"twitter:label2\" content=\"Availability\" \/>\n\t<meta name=\"twitter:data2\" content=\"In stock\" \/>\n<script type=\"application\/ld+json\" class=\"yoast-schema-graph\">{\"@context\":\"https:\/\/schema.org\",\"@graph\":[{\"@type\":\"WebPage\",\"@id\":\"https:\/\/babylove.se\/no\/produkt\/pute-tuftet-regnbue\/\",\"url\":\"https:\/\/babylove.se\/no\/produkt\/pute-tuftet-regnbue\/\",\"name\":\"Pute tuftet, Regnbue - Babylove Norska\",\"isPartOf\":{\"@id\":\"https:\/\/babylove.se\/no\/#website\"},\"primaryImageOfPage\":{\"@id\":\"https:\/\/babylove.se\/no\/produkt\/pute-tuftet-regnbue\/#primaryimage\"},\"image\":{\"@id\":\"https:\/\/babylove.se\/no\/produkt\/pute-tuftet-regnbue\/#primaryimage\"},\"thumbnailUrl\":\"https:\/\/babylove.se\/no\/wp-content\/uploads\/sites\/3\/2025\/07\/64c9fb8149de1.jpeg\",\"datePublished\":\"2025-07-19T11:09:18+00:00\",\"dateModified\":\"2026-04-08T12:38:55+00:00\",\"breadcrumb\":{\"@id\":\"https:\/\/babylove.se\/no\/produkt\/pute-tuftet-regnbue\/#breadcrumb\"},\"inLanguage\":\"nb-NO\",\"potentialAction\":[{\"@type\":\"ReadAction\",\"target\":[\"https:\/\/babylove.se\/no\/produkt\/pute-tuftet-regnbue\/\"]}]},{\"@type\":\"ImageObject\",\"inLanguage\":\"nb-NO\",\"@id\":\"https:\/\/babylove.se\/no\/produkt\/pute-tuftet-regnbue\/#primaryimage\",\"url\":\"https:\/\/babylove.se\/no\/wp-content\/uploads\/sites\/3\/2025\/07\/64c9fb8149de1.jpeg\",\"contentUrl\":\"https:\/\/babylove.se\/no\/wp-content\/uploads\/sites\/3\/2025\/07\/64c9fb8149de1.jpeg\",\"width\":519,\"height\":519},{\"@type\":\"BreadcrumbList\",\"@id\":\"https:\/\/babylove.se\/no\/produkt\/pute-tuftet-regnbue\/#breadcrumb\",\"itemListElement\":[{\"@type\":\"ListItem\",\"position\":1,\"name\":\"Hem\",\"item\":\"https:\/\/babylove.se\/no\/\"},{\"@type\":\"ListItem\",\"position\":2,\"name\":\"Butik\",\"item\":\"https:\/\/babylove.se\/no\/butik\/\"},{\"@type\":\"ListItem\",\"position\":3,\"name\":\"Pute tuftet, Regnbue\"}]},{\"@type\":\"WebSite\",\"@id\":\"https:\/\/babylove.se\/no\/#website\",\"url\":\"https:\/\/babylove.se\/no\/\",\"name\":\"Babylove Norska\",\"description\":\"\",\"potentialAction\":[{\"@type\":\"SearchAction\",\"target\":{\"@type\":\"EntryPoint\",\"urlTemplate\":\"https:\/\/babylove.se\/no\/?s={search_term_string}\"},\"query-input\":{\"@type\":\"PropertyValueSpecification\",\"valueRequired\":true,\"valueName\":\"search_term_string\"}}],\"inLanguage\":\"nb-NO\"}]}<\/script>\n<meta property=\"product:brand\" content=\"Atmosphera\" \/>\n<meta property=\"product:price:amount\" content=\"249.00\" \/>\n<meta property=\"product:price:currency\" content=\"SEK\" \/>\n<meta property=\"og:availability\" content=\"instock\" \/>\n<meta property=\"product:availability\" content=\"instock\" \/>\n<meta property=\"product:retailer_item_id\" content=\"194013\" \/>\n<meta property=\"product:condition\" content=\"new\" \/>\n<!-- \/ Yoast SEO Premium plugin. -->","yoast_head_json":{"title":"Pute tuftet, Regnbue - Babylove Norska","robots":{"index":"noindex","follow":"follow","max-snippet":"max-snippet:-1","max-image-preview":"max-image-preview:large","max-video-preview":"max-video-preview:-1"},"og_locale":"nb_NO","og_type":"article","og_title":"Pute tuftet, Regnbue","og_description":"En fantastisk pute med motiv av en regnbue! Det vakre utf\u00f8relsen er \u00e9n ting, men de underverdige materialvalgene gj\u00f8r det ogs\u00e5 til en klemfavoritt hos barna. Hvis du bare skal kj\u00f8pe ett interi\u00f8rprodukt til barnerommet, er dette det du skal kj\u00f8pe!&nbsp; Puten kommer komplett med fyll.&nbsp; M\u00e5l: 38 x 38 cm Materiale: Bomull","og_url":"https:\/\/babylove.se\/no\/produkt\/pute-tuftet-regnbue\/","og_site_name":"Babylove Norska","article_modified_time":"2026-04-08T12:38:55+00:00","og_image":[{"width":519,"height":519,"url":"https:\/\/babylove.se\/no\/wp-content\/uploads\/sites\/3\/2025\/07\/64c9fb8149de1.jpeg","type":"image\/jpeg"}],"twitter_card":"summary_large_image","twitter_misc":{"Price":"249,00&nbsp;&#107;&#114;","Availability":"In stock"},"schema":{"@context":"https:\/\/schema.org","@graph":[{"@type":"WebPage","@id":"https:\/\/babylove.se\/no\/produkt\/pute-tuftet-regnbue\/","url":"https:\/\/babylove.se\/no\/produkt\/pute-tuftet-regnbue\/","name":"Pute tuftet, Regnbue - Babylove Norska","isPartOf":{"@id":"https:\/\/babylove.se\/no\/#website"},"primaryImageOfPage":{"@id":"https:\/\/babylove.se\/no\/produkt\/pute-tuftet-regnbue\/#primaryimage"},"image":{"@id":"https:\/\/babylove.se\/no\/produkt\/pute-tuftet-regnbue\/#primaryimage"},"thumbnailUrl":"https:\/\/babylove.se\/no\/wp-content\/uploads\/sites\/3\/2025\/07\/64c9fb8149de1.jpeg","datePublished":"2025-07-19T11:09:18+00:00","dateModified":"2026-04-08T12:38:55+00:00","breadcrumb":{"@id":"https:\/\/babylove.se\/no\/produkt\/pute-tuftet-regnbue\/#breadcrumb"},"inLanguage":"nb-NO","potentialAction":[{"@type":"ReadAction","target":["https:\/\/babylove.se\/no\/produkt\/pute-tuftet-regnbue\/"]}]},{"@type":"ImageObject","inLanguage":"nb-NO","@id":"https:\/\/babylove.se\/no\/produkt\/pute-tuftet-regnbue\/#primaryimage","url":"https:\/\/babylove.se\/no\/wp-content\/uploads\/sites\/3\/2025\/07\/64c9fb8149de1.jpeg","contentUrl":"https:\/\/babylove.se\/no\/wp-content\/uploads\/sites\/3\/2025\/07\/64c9fb8149de1.jpeg","width":519,"height":519},{"@type":"BreadcrumbList","@id":"https:\/\/babylove.se\/no\/produkt\/pute-tuftet-regnbue\/#breadcrumb","itemListElement":[{"@type":"ListItem","position":1,"name":"Hem","item":"https:\/\/babylove.se\/no\/"},{"@type":"ListItem","position":2,"name":"Butik","item":"https:\/\/babylove.se\/no\/butik\/"},{"@type":"ListItem","position":3,"name":"Pute tuftet, Regnbue"}]},{"@type":"WebSite","@id":"https:\/\/babylove.se\/no\/#website","url":"https:\/\/babylove.se\/no\/","name":"Babylove Norska","description":"","potentialAction":[{"@type":"SearchAction","target":{"@type":"EntryPoint","urlTemplate":"https:\/\/babylove.se\/no\/?s={search_term_string}"},"query-input":{"@type":"PropertyValueSpecification","valueRequired":true,"valueName":"search_term_string"}}],"inLanguage":"nb-NO"}]},"product_brand":"Atmosphera","product_price_amount":"249.00","product_price_currency":"SEK","og_availability":"instock","product_availability":"instock","product_retailer_item_id":"194013","product_condition":"new"},"_links":{"self":[{"href":"https:\/\/babylove.se\/no\/wp-json\/wp\/v2\/product\/53524","targetHints":{"allow":["GET"]}}],"collection":[{"href":"https:\/\/babylove.se\/no\/wp-json\/wp\/v2\/product"}],"about":[{"href":"https:\/\/babylove.se\/no\/wp-json\/wp\/v2\/types\/product"}],"replies":[{"embeddable":true,"href":"https:\/\/babylove.se\/no\/wp-json\/wp\/v2\/comments?post=53524"}],"wp:featuredmedia":[{"embeddable":true,"href":"https:\/\/babylove.se\/no\/wp-json\/wp\/v2\/media\/53526"}],"wp:attachment":[{"href":"https:\/\/babylove.se\/no\/wp-json\/wp\/v2\/media?parent=53524"}],"wp:term":[{"taxonomy":"product_brand","embeddable":true,"href":"https:\/\/babylove.se\/no\/wp-json\/wp\/v2\/product_brand?post=53524"},{"taxonomy":"product_cat","embeddable":true,"href":"https:\/\/babylove.se\/no\/wp-json\/wp\/v2\/product_cat?post=53524"},{"taxonomy":"product_tag","embeddable":true,"href":"https:\/\/babylove.se\/no\/wp-json\/wp\/v2\/product_tag?post=53524"}],"curies":[{"name":"wp","href":"https:\/\/api.w.org\/{rel}","templated":true}]}}