{"id":53599,"date":"2025-07-19T12:10:06","date_gmt":"2025-07-19T11:10:06","guid":{"rendered":"https:\/\/babylove.se\/produkt\/spegelbord-med-pall-till-barnrummet-antikrosa\/"},"modified":"2026-05-11T13:02:40","modified_gmt":"2026-05-11T12:02:40","slug":"speilbord-med-krakk-til-barnerommet-antikreosa","status":"publish","type":"product","link":"https:\/\/babylove.se\/no\/produkt\/speilbord-med-krakk-til-barnerommet-antikreosa\/","title":{"rendered":"Speilbord med krakk til barnerommet, antikkrosa"},"content":{"rendered":"<p>Luksuri\u00f8st rosa sminkebord med speil og tilh\u00f8rende krakk i antikk design og sjarmerende gylne detaljer!<\/p>\n<p>Perfekt n\u00e5r det er p\u00e5 tide \u00e5 style h\u00e5ret eller sminke seg. Kan ogs\u00e5 brukes som arbeidsbord for lekselesing og pyssel. Speilbordet har en praktisk skuff hvor barnet ditt kan oppbevare smykker, sminke eller penner.&nbsp;<\/p>\n<p>M\u00f8belsettet kommer umontert, men du monterer enkelt sammen for h\u00e5nd selv, alt er forberedt.<\/p>\n<p><strong>M\u00e5l<\/strong>: 59,5 cm x 29 cm. H\u00f8yde 99 cm.<\/p>\n<p><strong>Materiale<\/strong>:&nbsp;<\/p>\n<ul>\n<li>Bord og krakk: MDF<\/li>\n<li>Speil: glass<\/li>\n<\/ul>\n","protected":false},"excerpt":{"rendered":"<p>Luksuri\u00f8st rosa sminkebord med speil og tilh\u00f8rende krakk i antikk design og sjarmerende gylne detaljer! Perfekt n\u00e5r det er p\u00e5 tide \u00e5 style h\u00e5ret eller sminke seg. Kan ogs\u00e5 brukes som arbeidsbord for lekselesing og pyssel. Speilbordet har en praktisk skuff hvor barnet ditt kan oppbevare smykker, sminke eller penner.&nbsp; M\u00f8belsettet kommer umontert, men du [&hellip;]<\/p>\n","protected":false},"featured_media":53601,"comment_status":"closed","ping_status":"open","template":"","meta":{"_acf_changed":false},"product_brand":[972],"product_cat":[973,85,359],"product_tag":[],"class_list":{"0":"post-53599","1":"product","2":"type-product","3":"status-publish","4":"has-post-thumbnail","6":"product_brand-atmosphera","7":"product_cat-atmosphera","8":"product_cat-bord","9":"product_cat-skrivebord","11":"first","12":"outofstock","13":"taxable","14":"shipping-taxable","15":"purchasable","16":"product-type-simple"},"acf":[],"yoast_head":"<!-- This site is optimized with the Yoast SEO Premium plugin v25.8 (Yoast SEO v27.2) - https:\/\/yoast.com\/product\/yoast-seo-premium-wordpress\/ -->\n<title>Speilbord med krakk til barnerommet, antikkrosa - Babylove Norska<\/title>\n<meta name=\"robots\" content=\"noindex, follow, max-snippet:-1, max-image-preview:large, max-video-preview:-1\" \/>\n<meta property=\"og:locale\" content=\"nb_NO\" \/>\n<meta property=\"og:type\" content=\"article\" \/>\n<meta property=\"og:title\" content=\"Speilbord med krakk til barnerommet, antikkrosa\" \/>\n<meta property=\"og:description\" content=\"Luksuri\u00f8st rosa sminkebord med speil og tilh\u00f8rende krakk i antikk design og sjarmerende gylne detaljer! Perfekt n\u00e5r det er p\u00e5 tide \u00e5 style h\u00e5ret eller sminke seg. Kan ogs\u00e5 brukes som arbeidsbord for lekselesing og pyssel. Speilbordet har en praktisk skuff hvor barnet ditt kan oppbevare smykker, sminke eller penner.&nbsp; M\u00f8belsettet kommer umontert, men du [&hellip;]\" \/>\n<meta property=\"og:url\" content=\"https:\/\/babylove.se\/no\/produkt\/speilbord-med-krakk-til-barnerommet-antikreosa\/\" \/>\n<meta property=\"og:site_name\" content=\"Babylove Norska\" \/>\n<meta property=\"article:modified_time\" content=\"2026-05-11T12:02:40+00:00\" \/>\n<meta property=\"og:image\" content=\"https:\/\/babylove.se\/no\/wp-content\/uploads\/sites\/3\/2025\/07\/64ca241b4ef5a.jpeg\" \/>\n\t<meta property=\"og:image:width\" content=\"1200\" \/>\n\t<meta property=\"og:image:height\" content=\"1200\" \/>\n\t<meta property=\"og:image:type\" content=\"image\/jpeg\" \/>\n<meta name=\"twitter:card\" content=\"summary_large_image\" \/>\n<meta name=\"twitter:label1\" content=\"Price\" \/>\n\t<meta name=\"twitter:data1\" content=\"2 099,00&nbsp;&#107;&#114;\" \/>\n\t<meta name=\"twitter:label2\" content=\"Availability\" \/>\n\t<meta name=\"twitter:data2\" content=\"Out of stock\" \/>\n<script type=\"application\/ld+json\" class=\"yoast-schema-graph\">{\"@context\":\"https:\/\/schema.org\",\"@graph\":[{\"@type\":\"WebPage\",\"@id\":\"https:\/\/babylove.se\/no\/produkt\/speilbord-med-krakk-til-barnerommet-antikreosa\/\",\"url\":\"https:\/\/babylove.se\/no\/produkt\/speilbord-med-krakk-til-barnerommet-antikreosa\/\",\"name\":\"Speilbord med krakk til barnerommet, antikkrosa - Babylove Norska\",\"isPartOf\":{\"@id\":\"https:\/\/babylove.se\/no\/#website\"},\"primaryImageOfPage\":{\"@id\":\"https:\/\/babylove.se\/no\/produkt\/speilbord-med-krakk-til-barnerommet-antikreosa\/#primaryimage\"},\"image\":{\"@id\":\"https:\/\/babylove.se\/no\/produkt\/speilbord-med-krakk-til-barnerommet-antikreosa\/#primaryimage\"},\"thumbnailUrl\":\"https:\/\/babylove.se\/no\/wp-content\/uploads\/sites\/3\/2025\/07\/64ca241b4ef5a.jpeg\",\"datePublished\":\"2025-07-19T11:10:06+00:00\",\"dateModified\":\"2026-05-11T12:02:40+00:00\",\"breadcrumb\":{\"@id\":\"https:\/\/babylove.se\/no\/produkt\/speilbord-med-krakk-til-barnerommet-antikreosa\/#breadcrumb\"},\"inLanguage\":\"nb-NO\",\"potentialAction\":[{\"@type\":\"ReadAction\",\"target\":[\"https:\/\/babylove.se\/no\/produkt\/speilbord-med-krakk-til-barnerommet-antikreosa\/\"]}]},{\"@type\":\"ImageObject\",\"inLanguage\":\"nb-NO\",\"@id\":\"https:\/\/babylove.se\/no\/produkt\/speilbord-med-krakk-til-barnerommet-antikreosa\/#primaryimage\",\"url\":\"https:\/\/babylove.se\/no\/wp-content\/uploads\/sites\/3\/2025\/07\/64ca241b4ef5a.jpeg\",\"contentUrl\":\"https:\/\/babylove.se\/no\/wp-content\/uploads\/sites\/3\/2025\/07\/64ca241b4ef5a.jpeg\",\"width\":1200,\"height\":1200},{\"@type\":\"BreadcrumbList\",\"@id\":\"https:\/\/babylove.se\/no\/produkt\/speilbord-med-krakk-til-barnerommet-antikreosa\/#breadcrumb\",\"itemListElement\":[{\"@type\":\"ListItem\",\"position\":1,\"name\":\"Hem\",\"item\":\"https:\/\/babylove.se\/no\/\"},{\"@type\":\"ListItem\",\"position\":2,\"name\":\"Butik\",\"item\":\"https:\/\/babylove.se\/no\/butik\/\"},{\"@type\":\"ListItem\",\"position\":3,\"name\":\"Speilbord med krakk til barnerommet, antikkrosa\"}]},{\"@type\":\"WebSite\",\"@id\":\"https:\/\/babylove.se\/no\/#website\",\"url\":\"https:\/\/babylove.se\/no\/\",\"name\":\"Babylove Norska\",\"description\":\"\",\"potentialAction\":[{\"@type\":\"SearchAction\",\"target\":{\"@type\":\"EntryPoint\",\"urlTemplate\":\"https:\/\/babylove.se\/no\/?s={search_term_string}\"},\"query-input\":{\"@type\":\"PropertyValueSpecification\",\"valueRequired\":true,\"valueName\":\"search_term_string\"}}],\"inLanguage\":\"nb-NO\"}]}<\/script>\n<meta property=\"product:brand\" content=\"Atmosphera\" \/>\n<meta property=\"product:price:amount\" content=\"2099.00\" \/>\n<meta property=\"product:price:currency\" content=\"NOK\" \/>\n<meta property=\"og:availability\" content=\"out of stock\" \/>\n<meta property=\"product:availability\" content=\"out of stock\" \/>\n<meta property=\"product:retailer_item_id\" content=\"174254\" \/>\n<meta property=\"product:condition\" content=\"new\" \/>\n<!-- \/ Yoast SEO Premium plugin. -->","yoast_head_json":{"title":"Speilbord med krakk til barnerommet, antikkrosa - Babylove Norska","robots":{"index":"noindex","follow":"follow","max-snippet":"max-snippet:-1","max-image-preview":"max-image-preview:large","max-video-preview":"max-video-preview:-1"},"og_locale":"nb_NO","og_type":"article","og_title":"Speilbord med krakk til barnerommet, antikkrosa","og_description":"Luksuri\u00f8st rosa sminkebord med speil og tilh\u00f8rende krakk i antikk design og sjarmerende gylne detaljer! Perfekt n\u00e5r det er p\u00e5 tide \u00e5 style h\u00e5ret eller sminke seg. Kan ogs\u00e5 brukes som arbeidsbord for lekselesing og pyssel. Speilbordet har en praktisk skuff hvor barnet ditt kan oppbevare smykker, sminke eller penner.&nbsp; M\u00f8belsettet kommer umontert, men du [&hellip;]","og_url":"https:\/\/babylove.se\/no\/produkt\/speilbord-med-krakk-til-barnerommet-antikreosa\/","og_site_name":"Babylove Norska","article_modified_time":"2026-05-11T12:02:40+00:00","og_image":[{"width":1200,"height":1200,"url":"https:\/\/babylove.se\/no\/wp-content\/uploads\/sites\/3\/2025\/07\/64ca241b4ef5a.jpeg","type":"image\/jpeg"}],"twitter_card":"summary_large_image","twitter_misc":{"Price":"2 099,00&nbsp;&#107;&#114;","Availability":"Out of stock"},"schema":{"@context":"https:\/\/schema.org","@graph":[{"@type":"WebPage","@id":"https:\/\/babylove.se\/no\/produkt\/speilbord-med-krakk-til-barnerommet-antikreosa\/","url":"https:\/\/babylove.se\/no\/produkt\/speilbord-med-krakk-til-barnerommet-antikreosa\/","name":"Speilbord med krakk til barnerommet, antikkrosa - Babylove Norska","isPartOf":{"@id":"https:\/\/babylove.se\/no\/#website"},"primaryImageOfPage":{"@id":"https:\/\/babylove.se\/no\/produkt\/speilbord-med-krakk-til-barnerommet-antikreosa\/#primaryimage"},"image":{"@id":"https:\/\/babylove.se\/no\/produkt\/speilbord-med-krakk-til-barnerommet-antikreosa\/#primaryimage"},"thumbnailUrl":"https:\/\/babylove.se\/no\/wp-content\/uploads\/sites\/3\/2025\/07\/64ca241b4ef5a.jpeg","datePublished":"2025-07-19T11:10:06+00:00","dateModified":"2026-05-11T12:02:40+00:00","breadcrumb":{"@id":"https:\/\/babylove.se\/no\/produkt\/speilbord-med-krakk-til-barnerommet-antikreosa\/#breadcrumb"},"inLanguage":"nb-NO","potentialAction":[{"@type":"ReadAction","target":["https:\/\/babylove.se\/no\/produkt\/speilbord-med-krakk-til-barnerommet-antikreosa\/"]}]},{"@type":"ImageObject","inLanguage":"nb-NO","@id":"https:\/\/babylove.se\/no\/produkt\/speilbord-med-krakk-til-barnerommet-antikreosa\/#primaryimage","url":"https:\/\/babylove.se\/no\/wp-content\/uploads\/sites\/3\/2025\/07\/64ca241b4ef5a.jpeg","contentUrl":"https:\/\/babylove.se\/no\/wp-content\/uploads\/sites\/3\/2025\/07\/64ca241b4ef5a.jpeg","width":1200,"height":1200},{"@type":"BreadcrumbList","@id":"https:\/\/babylove.se\/no\/produkt\/speilbord-med-krakk-til-barnerommet-antikreosa\/#breadcrumb","itemListElement":[{"@type":"ListItem","position":1,"name":"Hem","item":"https:\/\/babylove.se\/no\/"},{"@type":"ListItem","position":2,"name":"Butik","item":"https:\/\/babylove.se\/no\/butik\/"},{"@type":"ListItem","position":3,"name":"Speilbord med krakk til barnerommet, antikkrosa"}]},{"@type":"WebSite","@id":"https:\/\/babylove.se\/no\/#website","url":"https:\/\/babylove.se\/no\/","name":"Babylove Norska","description":"","potentialAction":[{"@type":"SearchAction","target":{"@type":"EntryPoint","urlTemplate":"https:\/\/babylove.se\/no\/?s={search_term_string}"},"query-input":{"@type":"PropertyValueSpecification","valueRequired":true,"valueName":"search_term_string"}}],"inLanguage":"nb-NO"}]},"product_brand":"Atmosphera","product_price_amount":"2099.00","product_price_currency":"NOK","og_availability":"out of stock","product_availability":"out of stock","product_retailer_item_id":"174254","product_condition":"new"},"_links":{"self":[{"href":"https:\/\/babylove.se\/no\/wp-json\/wp\/v2\/product\/53599","targetHints":{"allow":["GET"]}}],"collection":[{"href":"https:\/\/babylove.se\/no\/wp-json\/wp\/v2\/product"}],"about":[{"href":"https:\/\/babylove.se\/no\/wp-json\/wp\/v2\/types\/product"}],"replies":[{"embeddable":true,"href":"https:\/\/babylove.se\/no\/wp-json\/wp\/v2\/comments?post=53599"}],"wp:featuredmedia":[{"embeddable":true,"href":"https:\/\/babylove.se\/no\/wp-json\/wp\/v2\/media\/53601"}],"wp:attachment":[{"href":"https:\/\/babylove.se\/no\/wp-json\/wp\/v2\/media?parent=53599"}],"wp:term":[{"taxonomy":"product_brand","embeddable":true,"href":"https:\/\/babylove.se\/no\/wp-json\/wp\/v2\/product_brand?post=53599"},{"taxonomy":"product_cat","embeddable":true,"href":"https:\/\/babylove.se\/no\/wp-json\/wp\/v2\/product_cat?post=53599"},{"taxonomy":"product_tag","embeddable":true,"href":"https:\/\/babylove.se\/no\/wp-json\/wp\/v2\/product_tag?post=53599"}],"curies":[{"name":"wp","href":"https:\/\/api.w.org\/{rel}","templated":true}]}}