{"id":53691,"date":"2025-07-19T12:10:53","date_gmt":"2025-07-19T11:10:53","guid":{"rendered":"https:\/\/babylove.se\/produkt\/konges-slojd-haklapp-i-silikon-2-pack-bunny-tokki\/"},"modified":"2026-04-08T13:40:30","modified_gmt":"2026-04-08T12:40:30","slug":"konges-slojd-haklapp-i-silikon-2-pack-bunny-tokki","status":"publish","type":"product","link":"https:\/\/babylove.se\/no\/produkt\/konges-slojd-haklapp-i-silikon-2-pack-bunny-tokki\/","title":{"rendered":"Konges Sl\u00f8jd, smekke i silikon 2-pakk, Bunny Tokki"},"content":{"rendered":"<p>S\u00f8te og praktiske smekker fra det danske selskapet Konges Sl\u00f8jd som gj\u00f8r m\u00e5ltidet til en behagelig stund for b\u00e5de deg og ditt barn.&nbsp;<\/p>\n<p>Forh\u00e5pentligvis blir den ogs\u00e5 noe mindre s\u00f8lete da du enkelt kan rengj\u00f8re smekken med en fuktig klut siden den er helt laget av silikon. Smekkene t\u00e5ler ogs\u00e5 maskinoppvask opp til 100\u00b0C.&nbsp;<\/p>\n<p>Match den gjerne med andre fine produkter i samme type kolleksjon.<\/p>\n<p>F\u00f8lger EU-forskriftene 1935\/2004 og tyske LFGB \u00a730 og 31 ang\u00e5ende materialer som kommer i kontakt med matvarer.<\/p>\n<p>Anbefalt alder: 6+ m\u00e5neder.&nbsp;<\/p>\n<p><strong>M\u00e5l<\/strong>: 25 x 23 x 6 cm<\/p>\n<p><strong>M<\/strong><strong>ateriale<\/strong>: H\u00e5ndtak: 100% silikon med nylonkjerne.&nbsp;<\/p>\n<p>Designer: <a href=\"https:\/\/babylove.se\/varumarken\/konges-slojd\">Konges Sl\u00f8jd<\/a><\/p>\n","protected":false},"excerpt":{"rendered":"<p>S\u00f8te og praktiske smekker fra det danske selskapet Konges Sl\u00f8jd som gj\u00f8r m\u00e5ltidet til en behagelig stund for b\u00e5de deg og ditt barn.&nbsp; Forh\u00e5pentligvis blir den ogs\u00e5 noe mindre s\u00f8lete da du enkelt kan rengj\u00f8re smekken med en fuktig klut siden den er helt laget av silikon. Smekkene t\u00e5ler ogs\u00e5 maskinoppvask opp til 100\u00b0C.&nbsp; Match [&hellip;]<\/p>\n","protected":false},"featured_media":53693,"comment_status":"closed","ping_status":"open","template":"","meta":{"_acf_changed":false},"product_brand":[1544],"product_cat":[1777,1545,206],"product_tag":[],"class_list":{"0":"post-53691","1":"product","2":"type-product","3":"status-publish","4":"has-post-thumbnail","6":"product_brand-konges-slojd","7":"product_cat-ovrige-tekstiler","8":"product_cat-konges-slojd","9":"product_cat-smekker","11":"first","12":"instock","13":"taxable","14":"shipping-taxable","15":"purchasable","16":"product-type-simple"},"acf":[],"yoast_head":"<!-- This site is optimized with the Yoast SEO Premium plugin v25.8 (Yoast SEO v27.2) - https:\/\/yoast.com\/product\/yoast-seo-premium-wordpress\/ -->\n<title>Konges Sl\u00f8jd, smekke i silikon 2-pakk, Bunny Tokki - Babylove Norska<\/title>\n<meta name=\"robots\" content=\"noindex, follow, max-snippet:-1, max-image-preview:large, max-video-preview:-1\" \/>\n<meta property=\"og:locale\" content=\"nb_NO\" \/>\n<meta property=\"og:type\" content=\"article\" \/>\n<meta property=\"og:title\" content=\"Konges Sl\u00f8jd, smekke i silikon 2-pakk, Bunny Tokki\" \/>\n<meta property=\"og:description\" content=\"S\u00f8te og praktiske smekker fra det danske selskapet Konges Sl\u00f8jd som gj\u00f8r m\u00e5ltidet til en behagelig stund for b\u00e5de deg og ditt barn.&nbsp; Forh\u00e5pentligvis blir den ogs\u00e5 noe mindre s\u00f8lete da du enkelt kan rengj\u00f8re smekken med en fuktig klut siden den er helt laget av silikon. Smekkene t\u00e5ler ogs\u00e5 maskinoppvask opp til 100\u00b0C.&nbsp; Match [&hellip;]\" \/>\n<meta property=\"og:url\" content=\"https:\/\/babylove.se\/no\/produkt\/konges-slojd-haklapp-i-silikon-2-pack-bunny-tokki\/\" \/>\n<meta property=\"og:site_name\" content=\"Babylove Norska\" \/>\n<meta property=\"article:modified_time\" content=\"2026-04-08T12:40:30+00:00\" \/>\n<meta property=\"og:image\" content=\"https:\/\/babylove.se\/no\/wp-content\/uploads\/sites\/3\/2025\/07\/64ccc27b3457d.jpeg\" \/>\n\t<meta property=\"og:image:width\" content=\"960\" \/>\n\t<meta property=\"og:image:height\" content=\"960\" \/>\n\t<meta property=\"og:image:type\" content=\"image\/jpeg\" \/>\n<meta name=\"twitter:card\" content=\"summary_large_image\" \/>\n<meta name=\"twitter:label1\" content=\"Price\" \/>\n\t<meta name=\"twitter:data1\" content=\"349,00&nbsp;&#107;&#114;\" \/>\n\t<meta name=\"twitter:label2\" content=\"Availability\" \/>\n\t<meta name=\"twitter:data2\" content=\"In stock\" \/>\n<script type=\"application\/ld+json\" class=\"yoast-schema-graph\">{\"@context\":\"https:\/\/schema.org\",\"@graph\":[{\"@type\":\"WebPage\",\"@id\":\"https:\/\/babylove.se\/no\/produkt\/konges-slojd-haklapp-i-silikon-2-pack-bunny-tokki\/\",\"url\":\"https:\/\/babylove.se\/no\/produkt\/konges-slojd-haklapp-i-silikon-2-pack-bunny-tokki\/\",\"name\":\"Konges Sl\u00f8jd, smekke i silikon 2-pakk, Bunny Tokki - Babylove Norska\",\"isPartOf\":{\"@id\":\"https:\/\/babylove.se\/no\/#website\"},\"primaryImageOfPage\":{\"@id\":\"https:\/\/babylove.se\/no\/produkt\/konges-slojd-haklapp-i-silikon-2-pack-bunny-tokki\/#primaryimage\"},\"image\":{\"@id\":\"https:\/\/babylove.se\/no\/produkt\/konges-slojd-haklapp-i-silikon-2-pack-bunny-tokki\/#primaryimage\"},\"thumbnailUrl\":\"https:\/\/babylove.se\/no\/wp-content\/uploads\/sites\/3\/2025\/07\/64ccc27b3457d.jpeg\",\"datePublished\":\"2025-07-19T11:10:53+00:00\",\"dateModified\":\"2026-04-08T12:40:30+00:00\",\"breadcrumb\":{\"@id\":\"https:\/\/babylove.se\/no\/produkt\/konges-slojd-haklapp-i-silikon-2-pack-bunny-tokki\/#breadcrumb\"},\"inLanguage\":\"nb-NO\",\"potentialAction\":[{\"@type\":\"ReadAction\",\"target\":[\"https:\/\/babylove.se\/no\/produkt\/konges-slojd-haklapp-i-silikon-2-pack-bunny-tokki\/\"]}]},{\"@type\":\"ImageObject\",\"inLanguage\":\"nb-NO\",\"@id\":\"https:\/\/babylove.se\/no\/produkt\/konges-slojd-haklapp-i-silikon-2-pack-bunny-tokki\/#primaryimage\",\"url\":\"https:\/\/babylove.se\/no\/wp-content\/uploads\/sites\/3\/2025\/07\/64ccc27b3457d.jpeg\",\"contentUrl\":\"https:\/\/babylove.se\/no\/wp-content\/uploads\/sites\/3\/2025\/07\/64ccc27b3457d.jpeg\",\"width\":960,\"height\":960},{\"@type\":\"BreadcrumbList\",\"@id\":\"https:\/\/babylove.se\/no\/produkt\/konges-slojd-haklapp-i-silikon-2-pack-bunny-tokki\/#breadcrumb\",\"itemListElement\":[{\"@type\":\"ListItem\",\"position\":1,\"name\":\"Hem\",\"item\":\"https:\/\/babylove.se\/no\/\"},{\"@type\":\"ListItem\",\"position\":2,\"name\":\"Butik\",\"item\":\"https:\/\/babylove.se\/no\/butik\/\"},{\"@type\":\"ListItem\",\"position\":3,\"name\":\"Konges Sl\u00f8jd, smekke i silikon 2-pakk, Bunny Tokki\"}]},{\"@type\":\"WebSite\",\"@id\":\"https:\/\/babylove.se\/no\/#website\",\"url\":\"https:\/\/babylove.se\/no\/\",\"name\":\"Babylove Norska\",\"description\":\"\",\"potentialAction\":[{\"@type\":\"SearchAction\",\"target\":{\"@type\":\"EntryPoint\",\"urlTemplate\":\"https:\/\/babylove.se\/no\/?s={search_term_string}\"},\"query-input\":{\"@type\":\"PropertyValueSpecification\",\"valueRequired\":true,\"valueName\":\"search_term_string\"}}],\"inLanguage\":\"nb-NO\"}]}<\/script>\n<meta property=\"product:brand\" content=\"Konges Sl\u00f8jd\" \/>\n<meta property=\"product:price:amount\" content=\"349.00\" \/>\n<meta property=\"product:price:currency\" content=\"SEK\" \/>\n<meta property=\"og:availability\" content=\"instock\" \/>\n<meta property=\"product:availability\" content=\"instock\" \/>\n<meta property=\"product:retailer_item_id\" content=\"KS5827Bunnytokki\" \/>\n<meta property=\"product:condition\" content=\"new\" \/>\n<!-- \/ Yoast SEO Premium plugin. -->","yoast_head_json":{"title":"Konges Sl\u00f8jd, smekke i silikon 2-pakk, Bunny Tokki - Babylove Norska","robots":{"index":"noindex","follow":"follow","max-snippet":"max-snippet:-1","max-image-preview":"max-image-preview:large","max-video-preview":"max-video-preview:-1"},"og_locale":"nb_NO","og_type":"article","og_title":"Konges Sl\u00f8jd, smekke i silikon 2-pakk, Bunny Tokki","og_description":"S\u00f8te og praktiske smekker fra det danske selskapet Konges Sl\u00f8jd som gj\u00f8r m\u00e5ltidet til en behagelig stund for b\u00e5de deg og ditt barn.&nbsp; Forh\u00e5pentligvis blir den ogs\u00e5 noe mindre s\u00f8lete da du enkelt kan rengj\u00f8re smekken med en fuktig klut siden den er helt laget av silikon. Smekkene t\u00e5ler ogs\u00e5 maskinoppvask opp til 100\u00b0C.&nbsp; Match [&hellip;]","og_url":"https:\/\/babylove.se\/no\/produkt\/konges-slojd-haklapp-i-silikon-2-pack-bunny-tokki\/","og_site_name":"Babylove Norska","article_modified_time":"2026-04-08T12:40:30+00:00","og_image":[{"width":960,"height":960,"url":"https:\/\/babylove.se\/no\/wp-content\/uploads\/sites\/3\/2025\/07\/64ccc27b3457d.jpeg","type":"image\/jpeg"}],"twitter_card":"summary_large_image","twitter_misc":{"Price":"349,00&nbsp;&#107;&#114;","Availability":"In stock"},"schema":{"@context":"https:\/\/schema.org","@graph":[{"@type":"WebPage","@id":"https:\/\/babylove.se\/no\/produkt\/konges-slojd-haklapp-i-silikon-2-pack-bunny-tokki\/","url":"https:\/\/babylove.se\/no\/produkt\/konges-slojd-haklapp-i-silikon-2-pack-bunny-tokki\/","name":"Konges Sl\u00f8jd, smekke i silikon 2-pakk, Bunny Tokki - Babylove Norska","isPartOf":{"@id":"https:\/\/babylove.se\/no\/#website"},"primaryImageOfPage":{"@id":"https:\/\/babylove.se\/no\/produkt\/konges-slojd-haklapp-i-silikon-2-pack-bunny-tokki\/#primaryimage"},"image":{"@id":"https:\/\/babylove.se\/no\/produkt\/konges-slojd-haklapp-i-silikon-2-pack-bunny-tokki\/#primaryimage"},"thumbnailUrl":"https:\/\/babylove.se\/no\/wp-content\/uploads\/sites\/3\/2025\/07\/64ccc27b3457d.jpeg","datePublished":"2025-07-19T11:10:53+00:00","dateModified":"2026-04-08T12:40:30+00:00","breadcrumb":{"@id":"https:\/\/babylove.se\/no\/produkt\/konges-slojd-haklapp-i-silikon-2-pack-bunny-tokki\/#breadcrumb"},"inLanguage":"nb-NO","potentialAction":[{"@type":"ReadAction","target":["https:\/\/babylove.se\/no\/produkt\/konges-slojd-haklapp-i-silikon-2-pack-bunny-tokki\/"]}]},{"@type":"ImageObject","inLanguage":"nb-NO","@id":"https:\/\/babylove.se\/no\/produkt\/konges-slojd-haklapp-i-silikon-2-pack-bunny-tokki\/#primaryimage","url":"https:\/\/babylove.se\/no\/wp-content\/uploads\/sites\/3\/2025\/07\/64ccc27b3457d.jpeg","contentUrl":"https:\/\/babylove.se\/no\/wp-content\/uploads\/sites\/3\/2025\/07\/64ccc27b3457d.jpeg","width":960,"height":960},{"@type":"BreadcrumbList","@id":"https:\/\/babylove.se\/no\/produkt\/konges-slojd-haklapp-i-silikon-2-pack-bunny-tokki\/#breadcrumb","itemListElement":[{"@type":"ListItem","position":1,"name":"Hem","item":"https:\/\/babylove.se\/no\/"},{"@type":"ListItem","position":2,"name":"Butik","item":"https:\/\/babylove.se\/no\/butik\/"},{"@type":"ListItem","position":3,"name":"Konges Sl\u00f8jd, smekke i silikon 2-pakk, Bunny Tokki"}]},{"@type":"WebSite","@id":"https:\/\/babylove.se\/no\/#website","url":"https:\/\/babylove.se\/no\/","name":"Babylove Norska","description":"","potentialAction":[{"@type":"SearchAction","target":{"@type":"EntryPoint","urlTemplate":"https:\/\/babylove.se\/no\/?s={search_term_string}"},"query-input":{"@type":"PropertyValueSpecification","valueRequired":true,"valueName":"search_term_string"}}],"inLanguage":"nb-NO"}]},"product_brand":"Konges Sl\u00f8jd","product_price_amount":"349.00","product_price_currency":"SEK","og_availability":"instock","product_availability":"instock","product_retailer_item_id":"KS5827Bunnytokki","product_condition":"new"},"_links":{"self":[{"href":"https:\/\/babylove.se\/no\/wp-json\/wp\/v2\/product\/53691","targetHints":{"allow":["GET"]}}],"collection":[{"href":"https:\/\/babylove.se\/no\/wp-json\/wp\/v2\/product"}],"about":[{"href":"https:\/\/babylove.se\/no\/wp-json\/wp\/v2\/types\/product"}],"replies":[{"embeddable":true,"href":"https:\/\/babylove.se\/no\/wp-json\/wp\/v2\/comments?post=53691"}],"wp:featuredmedia":[{"embeddable":true,"href":"https:\/\/babylove.se\/no\/wp-json\/wp\/v2\/media\/53693"}],"wp:attachment":[{"href":"https:\/\/babylove.se\/no\/wp-json\/wp\/v2\/media?parent=53691"}],"wp:term":[{"taxonomy":"product_brand","embeddable":true,"href":"https:\/\/babylove.se\/no\/wp-json\/wp\/v2\/product_brand?post=53691"},{"taxonomy":"product_cat","embeddable":true,"href":"https:\/\/babylove.se\/no\/wp-json\/wp\/v2\/product_cat?post=53691"},{"taxonomy":"product_tag","embeddable":true,"href":"https:\/\/babylove.se\/no\/wp-json\/wp\/v2\/product_tag?post=53691"}],"curies":[{"name":"wp","href":"https:\/\/api.w.org\/{rel}","templated":true}]}}