{"id":53710,"date":"2025-07-19T12:11:08","date_gmt":"2025-07-19T11:11:08","guid":{"rendered":"https:\/\/babylove.se\/produkt\/konges-slojd-muslinfilt-3-pack-milk-tank\/"},"modified":"2026-04-08T13:40:45","modified_gmt":"2026-04-08T12:40:45","slug":"konges-slojd-musselinfilt-3-pakning-milk-tank","status":"publish","type":"product","link":"https:\/\/babylove.se\/no\/produkt\/konges-slojd-musselinfilt-3-pakning-milk-tank\/","title":{"rendered":"Konges Sl\u00f8jd, musselinteppe 3-pakk, Milk Tank"},"content":{"rendered":"<p>Ikke g\u00e5 glipp av disse fantastiske muslinfilene med vakkert blomsterm\u00f8nster fra danske Konges Sl\u00f8jd. <\/p>\n<p>Nuttefiltene er perfekte \u00e5 ha p\u00e5 skulderen n\u00e5r du mater babyen din, men har ogs\u00e5 mange andre bruksomr\u00e5der. <\/p>\n<p><strong>M\u00e5l<\/strong>: 65 x 65 cm. Kommer i sett med tre nuttefilter. <\/p>\n<p><strong>M<\/strong><strong>ateriale<\/strong>: 100% GOTS \u00f8kologisk bomull <\/p>\n<p>Designer: <a href=\"https:\/\/babylove.se\/varumarken\/konges-slojd\">Konges Sl\u00f8jd<\/a><\/p>\n","protected":false},"excerpt":{"rendered":"<p>Ikke g\u00e5 glipp av disse fantastiske muslinfilene med vakkert blomsterm\u00f8nster fra danske Konges Sl\u00f8jd. Nuttefiltene er perfekte \u00e5 ha p\u00e5 skulderen n\u00e5r du mater babyen din, men har ogs\u00e5 mange andre bruksomr\u00e5der. M\u00e5l: 65 x 65 cm. Kommer i sett med tre nuttefilter. Materiale: 100% GOTS \u00f8kologisk bomull Designer: Konges Sl\u00f8jd<\/p>\n","protected":false},"featured_media":53712,"comment_status":"closed","ping_status":"closed","template":"","meta":{"_acf_changed":false},"product_brand":[1544],"product_cat":[42,1545,49],"product_tag":[],"class_list":{"0":"post-53710","1":"product","2":"type-product","3":"status-publish","4":"has-post-thumbnail","6":"product_brand-konges-slojd","7":"product_cat-babyteppe","8":"product_cat-konges-slojd","9":"product_cat-snutetepper","11":"first","12":"instock","13":"taxable","14":"shipping-taxable","15":"purchasable","16":"product-type-simple"},"acf":[],"yoast_head":"<!-- This site is optimized with the Yoast SEO Premium plugin v25.8 (Yoast SEO v27.2) - https:\/\/yoast.com\/product\/yoast-seo-premium-wordpress\/ -->\n<title>Konges Sl\u00f8jd, musselinteppe 3-pakk, Milk Tank - Babylove Norska<\/title>\n<meta name=\"robots\" content=\"noindex, follow, max-snippet:-1, max-image-preview:large, max-video-preview:-1\" \/>\n<meta property=\"og:locale\" content=\"nb_NO\" \/>\n<meta property=\"og:type\" content=\"article\" \/>\n<meta property=\"og:title\" content=\"Konges Sl\u00f8jd, musselinteppe 3-pakk, Milk Tank\" \/>\n<meta property=\"og:description\" content=\"Ikke g\u00e5 glipp av disse fantastiske muslinfilene med vakkert blomsterm\u00f8nster fra danske Konges Sl\u00f8jd. Nuttefiltene er perfekte \u00e5 ha p\u00e5 skulderen n\u00e5r du mater babyen din, men har ogs\u00e5 mange andre bruksomr\u00e5der. M\u00e5l: 65 x 65 cm. Kommer i sett med tre nuttefilter. Materiale: 100% GOTS \u00f8kologisk bomull Designer: Konges Sl\u00f8jd\" \/>\n<meta property=\"og:url\" content=\"https:\/\/babylove.se\/no\/produkt\/konges-slojd-musselinfilt-3-pakning-milk-tank\/\" \/>\n<meta property=\"og:site_name\" content=\"Babylove Norska\" \/>\n<meta property=\"article:modified_time\" content=\"2026-04-08T12:40:45+00:00\" \/>\n<meta property=\"og:image\" content=\"https:\/\/babylove.se\/no\/wp-content\/uploads\/sites\/3\/2025\/07\/64ccc9fe39f58.jpeg\" \/>\n\t<meta property=\"og:image:width\" content=\"540\" \/>\n\t<meta property=\"og:image:height\" content=\"540\" \/>\n\t<meta property=\"og:image:type\" content=\"image\/jpeg\" \/>\n<meta name=\"twitter:card\" content=\"summary_large_image\" \/>\n<meta name=\"twitter:label1\" content=\"Price\" \/>\n\t<meta name=\"twitter:data1\" content=\"279,00&nbsp;&#107;&#114;\" \/>\n\t<meta name=\"twitter:label2\" content=\"Availability\" \/>\n\t<meta name=\"twitter:data2\" content=\"In stock\" \/>\n<script type=\"application\/ld+json\" class=\"yoast-schema-graph\">{\"@context\":\"https:\/\/schema.org\",\"@graph\":[{\"@type\":\"WebPage\",\"@id\":\"https:\/\/babylove.se\/no\/produkt\/konges-slojd-musselinfilt-3-pakning-milk-tank\/\",\"url\":\"https:\/\/babylove.se\/no\/produkt\/konges-slojd-musselinfilt-3-pakning-milk-tank\/\",\"name\":\"Konges Sl\u00f8jd, musselinteppe 3-pakk, Milk Tank - Babylove Norska\",\"isPartOf\":{\"@id\":\"https:\/\/babylove.se\/no\/#website\"},\"primaryImageOfPage\":{\"@id\":\"https:\/\/babylove.se\/no\/produkt\/konges-slojd-musselinfilt-3-pakning-milk-tank\/#primaryimage\"},\"image\":{\"@id\":\"https:\/\/babylove.se\/no\/produkt\/konges-slojd-musselinfilt-3-pakning-milk-tank\/#primaryimage\"},\"thumbnailUrl\":\"https:\/\/babylove.se\/no\/wp-content\/uploads\/sites\/3\/2025\/07\/64ccc9fe39f58.jpeg\",\"datePublished\":\"2025-07-19T11:11:08+00:00\",\"dateModified\":\"2026-04-08T12:40:45+00:00\",\"breadcrumb\":{\"@id\":\"https:\/\/babylove.se\/no\/produkt\/konges-slojd-musselinfilt-3-pakning-milk-tank\/#breadcrumb\"},\"inLanguage\":\"nb-NO\",\"potentialAction\":[{\"@type\":\"ReadAction\",\"target\":[\"https:\/\/babylove.se\/no\/produkt\/konges-slojd-musselinfilt-3-pakning-milk-tank\/\"]}]},{\"@type\":\"ImageObject\",\"inLanguage\":\"nb-NO\",\"@id\":\"https:\/\/babylove.se\/no\/produkt\/konges-slojd-musselinfilt-3-pakning-milk-tank\/#primaryimage\",\"url\":\"https:\/\/babylove.se\/no\/wp-content\/uploads\/sites\/3\/2025\/07\/64ccc9fe39f58.jpeg\",\"contentUrl\":\"https:\/\/babylove.se\/no\/wp-content\/uploads\/sites\/3\/2025\/07\/64ccc9fe39f58.jpeg\",\"width\":540,\"height\":540},{\"@type\":\"BreadcrumbList\",\"@id\":\"https:\/\/babylove.se\/no\/produkt\/konges-slojd-musselinfilt-3-pakning-milk-tank\/#breadcrumb\",\"itemListElement\":[{\"@type\":\"ListItem\",\"position\":1,\"name\":\"Hem\",\"item\":\"https:\/\/babylove.se\/no\/\"},{\"@type\":\"ListItem\",\"position\":2,\"name\":\"Butik\",\"item\":\"https:\/\/babylove.se\/no\/butik\/\"},{\"@type\":\"ListItem\",\"position\":3,\"name\":\"Konges Sl\u00f8jd, musselinteppe 3-pakk, Milk Tank\"}]},{\"@type\":\"WebSite\",\"@id\":\"https:\/\/babylove.se\/no\/#website\",\"url\":\"https:\/\/babylove.se\/no\/\",\"name\":\"Babylove Norska\",\"description\":\"\",\"potentialAction\":[{\"@type\":\"SearchAction\",\"target\":{\"@type\":\"EntryPoint\",\"urlTemplate\":\"https:\/\/babylove.se\/no\/?s={search_term_string}\"},\"query-input\":{\"@type\":\"PropertyValueSpecification\",\"valueRequired\":true,\"valueName\":\"search_term_string\"}}],\"inLanguage\":\"nb-NO\"}]}<\/script>\n<meta property=\"product:brand\" content=\"Konges Sl\u00f8jd\" \/>\n<meta property=\"product:price:amount\" content=\"279.00\" \/>\n<meta property=\"product:price:currency\" content=\"SEK\" \/>\n<meta property=\"og:availability\" content=\"instock\" \/>\n<meta property=\"product:availability\" content=\"instock\" \/>\n<meta property=\"product:retailer_item_id\" content=\"KS5843Milktank\" \/>\n<meta property=\"product:condition\" content=\"new\" \/>\n<!-- \/ Yoast SEO Premium plugin. -->","yoast_head_json":{"title":"Konges Sl\u00f8jd, musselinteppe 3-pakk, Milk Tank - Babylove Norska","robots":{"index":"noindex","follow":"follow","max-snippet":"max-snippet:-1","max-image-preview":"max-image-preview:large","max-video-preview":"max-video-preview:-1"},"og_locale":"nb_NO","og_type":"article","og_title":"Konges Sl\u00f8jd, musselinteppe 3-pakk, Milk Tank","og_description":"Ikke g\u00e5 glipp av disse fantastiske muslinfilene med vakkert blomsterm\u00f8nster fra danske Konges Sl\u00f8jd. Nuttefiltene er perfekte \u00e5 ha p\u00e5 skulderen n\u00e5r du mater babyen din, men har ogs\u00e5 mange andre bruksomr\u00e5der. M\u00e5l: 65 x 65 cm. Kommer i sett med tre nuttefilter. Materiale: 100% GOTS \u00f8kologisk bomull Designer: Konges Sl\u00f8jd","og_url":"https:\/\/babylove.se\/no\/produkt\/konges-slojd-musselinfilt-3-pakning-milk-tank\/","og_site_name":"Babylove Norska","article_modified_time":"2026-04-08T12:40:45+00:00","og_image":[{"width":540,"height":540,"url":"https:\/\/babylove.se\/no\/wp-content\/uploads\/sites\/3\/2025\/07\/64ccc9fe39f58.jpeg","type":"image\/jpeg"}],"twitter_card":"summary_large_image","twitter_misc":{"Price":"279,00&nbsp;&#107;&#114;","Availability":"In stock"},"schema":{"@context":"https:\/\/schema.org","@graph":[{"@type":"WebPage","@id":"https:\/\/babylove.se\/no\/produkt\/konges-slojd-musselinfilt-3-pakning-milk-tank\/","url":"https:\/\/babylove.se\/no\/produkt\/konges-slojd-musselinfilt-3-pakning-milk-tank\/","name":"Konges Sl\u00f8jd, musselinteppe 3-pakk, Milk Tank - Babylove Norska","isPartOf":{"@id":"https:\/\/babylove.se\/no\/#website"},"primaryImageOfPage":{"@id":"https:\/\/babylove.se\/no\/produkt\/konges-slojd-musselinfilt-3-pakning-milk-tank\/#primaryimage"},"image":{"@id":"https:\/\/babylove.se\/no\/produkt\/konges-slojd-musselinfilt-3-pakning-milk-tank\/#primaryimage"},"thumbnailUrl":"https:\/\/babylove.se\/no\/wp-content\/uploads\/sites\/3\/2025\/07\/64ccc9fe39f58.jpeg","datePublished":"2025-07-19T11:11:08+00:00","dateModified":"2026-04-08T12:40:45+00:00","breadcrumb":{"@id":"https:\/\/babylove.se\/no\/produkt\/konges-slojd-musselinfilt-3-pakning-milk-tank\/#breadcrumb"},"inLanguage":"nb-NO","potentialAction":[{"@type":"ReadAction","target":["https:\/\/babylove.se\/no\/produkt\/konges-slojd-musselinfilt-3-pakning-milk-tank\/"]}]},{"@type":"ImageObject","inLanguage":"nb-NO","@id":"https:\/\/babylove.se\/no\/produkt\/konges-slojd-musselinfilt-3-pakning-milk-tank\/#primaryimage","url":"https:\/\/babylove.se\/no\/wp-content\/uploads\/sites\/3\/2025\/07\/64ccc9fe39f58.jpeg","contentUrl":"https:\/\/babylove.se\/no\/wp-content\/uploads\/sites\/3\/2025\/07\/64ccc9fe39f58.jpeg","width":540,"height":540},{"@type":"BreadcrumbList","@id":"https:\/\/babylove.se\/no\/produkt\/konges-slojd-musselinfilt-3-pakning-milk-tank\/#breadcrumb","itemListElement":[{"@type":"ListItem","position":1,"name":"Hem","item":"https:\/\/babylove.se\/no\/"},{"@type":"ListItem","position":2,"name":"Butik","item":"https:\/\/babylove.se\/no\/butik\/"},{"@type":"ListItem","position":3,"name":"Konges Sl\u00f8jd, musselinteppe 3-pakk, Milk Tank"}]},{"@type":"WebSite","@id":"https:\/\/babylove.se\/no\/#website","url":"https:\/\/babylove.se\/no\/","name":"Babylove Norska","description":"","potentialAction":[{"@type":"SearchAction","target":{"@type":"EntryPoint","urlTemplate":"https:\/\/babylove.se\/no\/?s={search_term_string}"},"query-input":{"@type":"PropertyValueSpecification","valueRequired":true,"valueName":"search_term_string"}}],"inLanguage":"nb-NO"}]},"product_brand":"Konges Sl\u00f8jd","product_price_amount":"279.00","product_price_currency":"SEK","og_availability":"instock","product_availability":"instock","product_retailer_item_id":"KS5843Milktank","product_condition":"new"},"_links":{"self":[{"href":"https:\/\/babylove.se\/no\/wp-json\/wp\/v2\/product\/53710","targetHints":{"allow":["GET"]}}],"collection":[{"href":"https:\/\/babylove.se\/no\/wp-json\/wp\/v2\/product"}],"about":[{"href":"https:\/\/babylove.se\/no\/wp-json\/wp\/v2\/types\/product"}],"replies":[{"embeddable":true,"href":"https:\/\/babylove.se\/no\/wp-json\/wp\/v2\/comments?post=53710"}],"wp:featuredmedia":[{"embeddable":true,"href":"https:\/\/babylove.se\/no\/wp-json\/wp\/v2\/media\/53712"}],"wp:attachment":[{"href":"https:\/\/babylove.se\/no\/wp-json\/wp\/v2\/media?parent=53710"}],"wp:term":[{"taxonomy":"product_brand","embeddable":true,"href":"https:\/\/babylove.se\/no\/wp-json\/wp\/v2\/product_brand?post=53710"},{"taxonomy":"product_cat","embeddable":true,"href":"https:\/\/babylove.se\/no\/wp-json\/wp\/v2\/product_cat?post=53710"},{"taxonomy":"product_tag","embeddable":true,"href":"https:\/\/babylove.se\/no\/wp-json\/wp\/v2\/product_tag?post=53710"}],"curies":[{"name":"wp","href":"https:\/\/api.w.org\/{rel}","templated":true}]}}