{"id":53714,"date":"2025-07-19T12:11:08","date_gmt":"2025-07-19T11:11:08","guid":{"rendered":"https:\/\/babylove.se\/produkt\/konges-slojd-babynest-elephantastic\/"},"modified":"2026-04-08T13:40:48","modified_gmt":"2026-04-08T12:40:48","slug":"konges-slojd-babynest-elephantastic","status":"publish","type":"product","link":"https:\/\/babylove.se\/no\/produkt\/konges-slojd-babynest-elephantastic\/","title":{"rendered":"Konges Sl\u00f8jd, babynest, Elephantastic"},"content":{"rendered":"<p>Denne fantastiske kombinasjonen av babylift og babynest fra danske Konges Sl\u00f8jd kombinerer det beste fra to verdener. Med det solide h\u00e5ndtaket kan du enkelt flytte den rundt mellom forskjellige rom, og babynestet er som kjent trygt for barn \u00e5 sove i. Et utrolig smart og nyttig produkt som dere vil f\u00e5 mye glede av.&nbsp;<\/p>\n<p>Dette vakre babynestet vil ikke bare v\u00e6re et trygt og koselig sted for din lille baby, men ogs\u00e5 forskj\u00f8nne rommet ditt med noe virkelig vakkert.<\/p>\n<p><strong>M\u00e5l<\/strong>: 83 x 43 cm<\/p>\n<p><strong>M<\/strong><strong>ateriale<\/strong>: 100% \u00f8kologisk bomull. Fyll: resirkulert polyester.&nbsp;<\/p>\n<p>Vaskes p\u00e5 maksimalt 30\u00b0 C. B\u00f8r ikke t\u00f8rketromles.<\/p>\n<p>Designer: <a href=\"https:\/\/babylove.se\/varumarken\/konges-slojd\">Konges Sl\u00f8jd<\/a><\/p>\n","protected":false},"excerpt":{"rendered":"<p>Denne fantastiske kombinasjonen av babylift og babynest fra danske Konges Sl\u00f8jd kombinerer det beste fra to verdener. Med det solide h\u00e5ndtaket kan du enkelt flytte den rundt mellom forskjellige rom, og babynestet er som kjent trygt for barn \u00e5 sove i. Et utrolig smart og nyttig produkt som dere vil f\u00e5 mye glede av.&nbsp; Dette [&hellip;]<\/p>\n","protected":false},"featured_media":53716,"comment_status":"closed","ping_status":"open","template":"","meta":{"_acf_changed":false},"product_brand":[1544],"product_cat":[56,1545],"product_tag":[],"class_list":{"0":"post-53714","1":"product","2":"type-product","3":"status-publish","4":"has-post-thumbnail","6":"product_brand-konges-slojd","7":"product_cat-babynest","8":"product_cat-konges-slojd","10":"first","11":"outofstock","12":"taxable","13":"shipping-taxable","14":"purchasable","15":"product-type-simple"},"acf":[],"yoast_head":"<!-- This site is optimized with the Yoast SEO Premium plugin v25.8 (Yoast SEO v27.2) - https:\/\/yoast.com\/product\/yoast-seo-premium-wordpress\/ -->\n<title>Konges Sl\u00f8jd, babynest, Elephantastic - Babylove Norska<\/title>\n<meta name=\"robots\" content=\"noindex, follow, max-snippet:-1, max-image-preview:large, max-video-preview:-1\" \/>\n<meta property=\"og:locale\" content=\"nb_NO\" \/>\n<meta property=\"og:type\" content=\"article\" \/>\n<meta property=\"og:title\" content=\"Konges Sl\u00f8jd, babynest, Elephantastic\" \/>\n<meta property=\"og:description\" content=\"Denne fantastiske kombinasjonen av babylift og babynest fra danske Konges Sl\u00f8jd kombinerer det beste fra to verdener. Med det solide h\u00e5ndtaket kan du enkelt flytte den rundt mellom forskjellige rom, og babynestet er som kjent trygt for barn \u00e5 sove i. Et utrolig smart og nyttig produkt som dere vil f\u00e5 mye glede av.&nbsp; Dette [&hellip;]\" \/>\n<meta property=\"og:url\" content=\"https:\/\/babylove.se\/no\/produkt\/konges-slojd-babynest-elephantastic\/\" \/>\n<meta property=\"og:site_name\" content=\"Babylove Norska\" \/>\n<meta property=\"article:modified_time\" content=\"2026-04-08T12:40:48+00:00\" \/>\n<meta property=\"og:image\" content=\"https:\/\/babylove.se\/no\/wp-content\/uploads\/sites\/3\/2025\/07\/64cccd7e68b58.jpeg\" \/>\n\t<meta property=\"og:image:width\" content=\"672\" \/>\n\t<meta property=\"og:image:height\" content=\"672\" \/>\n\t<meta property=\"og:image:type\" content=\"image\/jpeg\" \/>\n<meta name=\"twitter:card\" content=\"summary_large_image\" \/>\n<meta name=\"twitter:label1\" content=\"Price\" \/>\n\t<meta name=\"twitter:data1\" content=\"1 299,00&nbsp;&#107;&#114;\" \/>\n\t<meta name=\"twitter:label2\" content=\"Availability\" \/>\n\t<meta name=\"twitter:data2\" content=\"Out of stock\" \/>\n<script type=\"application\/ld+json\" class=\"yoast-schema-graph\">{\"@context\":\"https:\/\/schema.org\",\"@graph\":[{\"@type\":\"WebPage\",\"@id\":\"https:\/\/babylove.se\/no\/produkt\/konges-slojd-babynest-elephantastic\/\",\"url\":\"https:\/\/babylove.se\/no\/produkt\/konges-slojd-babynest-elephantastic\/\",\"name\":\"Konges Sl\u00f8jd, babynest, Elephantastic - Babylove Norska\",\"isPartOf\":{\"@id\":\"https:\/\/babylove.se\/no\/#website\"},\"primaryImageOfPage\":{\"@id\":\"https:\/\/babylove.se\/no\/produkt\/konges-slojd-babynest-elephantastic\/#primaryimage\"},\"image\":{\"@id\":\"https:\/\/babylove.se\/no\/produkt\/konges-slojd-babynest-elephantastic\/#primaryimage\"},\"thumbnailUrl\":\"https:\/\/babylove.se\/no\/wp-content\/uploads\/sites\/3\/2025\/07\/64cccd7e68b58.jpeg\",\"datePublished\":\"2025-07-19T11:11:08+00:00\",\"dateModified\":\"2026-04-08T12:40:48+00:00\",\"breadcrumb\":{\"@id\":\"https:\/\/babylove.se\/no\/produkt\/konges-slojd-babynest-elephantastic\/#breadcrumb\"},\"inLanguage\":\"nb-NO\",\"potentialAction\":[{\"@type\":\"ReadAction\",\"target\":[\"https:\/\/babylove.se\/no\/produkt\/konges-slojd-babynest-elephantastic\/\"]}]},{\"@type\":\"ImageObject\",\"inLanguage\":\"nb-NO\",\"@id\":\"https:\/\/babylove.se\/no\/produkt\/konges-slojd-babynest-elephantastic\/#primaryimage\",\"url\":\"https:\/\/babylove.se\/no\/wp-content\/uploads\/sites\/3\/2025\/07\/64cccd7e68b58.jpeg\",\"contentUrl\":\"https:\/\/babylove.se\/no\/wp-content\/uploads\/sites\/3\/2025\/07\/64cccd7e68b58.jpeg\",\"width\":672,\"height\":672},{\"@type\":\"BreadcrumbList\",\"@id\":\"https:\/\/babylove.se\/no\/produkt\/konges-slojd-babynest-elephantastic\/#breadcrumb\",\"itemListElement\":[{\"@type\":\"ListItem\",\"position\":1,\"name\":\"Hem\",\"item\":\"https:\/\/babylove.se\/no\/\"},{\"@type\":\"ListItem\",\"position\":2,\"name\":\"Butik\",\"item\":\"https:\/\/babylove.se\/no\/butik\/\"},{\"@type\":\"ListItem\",\"position\":3,\"name\":\"Konges Sl\u00f8jd, babynest, Elephantastic\"}]},{\"@type\":\"WebSite\",\"@id\":\"https:\/\/babylove.se\/no\/#website\",\"url\":\"https:\/\/babylove.se\/no\/\",\"name\":\"Babylove Norska\",\"description\":\"\",\"potentialAction\":[{\"@type\":\"SearchAction\",\"target\":{\"@type\":\"EntryPoint\",\"urlTemplate\":\"https:\/\/babylove.se\/no\/?s={search_term_string}\"},\"query-input\":{\"@type\":\"PropertyValueSpecification\",\"valueRequired\":true,\"valueName\":\"search_term_string\"}}],\"inLanguage\":\"nb-NO\"}]}<\/script>\n<meta property=\"product:brand\" content=\"Konges Sl\u00f8jd\" \/>\n<meta property=\"product:price:amount\" content=\"1299.00\" \/>\n<meta property=\"product:price:currency\" content=\"SEK\" \/>\n<meta property=\"og:availability\" content=\"out of stock\" \/>\n<meta property=\"product:availability\" content=\"out of stock\" \/>\n<meta property=\"product:retailer_item_id\" content=\"KS5884Elephantastic\" \/>\n<meta property=\"product:condition\" content=\"new\" \/>\n<!-- \/ Yoast SEO Premium plugin. -->","yoast_head_json":{"title":"Konges Sl\u00f8jd, babynest, Elephantastic - Babylove Norska","robots":{"index":"noindex","follow":"follow","max-snippet":"max-snippet:-1","max-image-preview":"max-image-preview:large","max-video-preview":"max-video-preview:-1"},"og_locale":"nb_NO","og_type":"article","og_title":"Konges Sl\u00f8jd, babynest, Elephantastic","og_description":"Denne fantastiske kombinasjonen av babylift og babynest fra danske Konges Sl\u00f8jd kombinerer det beste fra to verdener. Med det solide h\u00e5ndtaket kan du enkelt flytte den rundt mellom forskjellige rom, og babynestet er som kjent trygt for barn \u00e5 sove i. Et utrolig smart og nyttig produkt som dere vil f\u00e5 mye glede av.&nbsp; Dette [&hellip;]","og_url":"https:\/\/babylove.se\/no\/produkt\/konges-slojd-babynest-elephantastic\/","og_site_name":"Babylove Norska","article_modified_time":"2026-04-08T12:40:48+00:00","og_image":[{"width":672,"height":672,"url":"https:\/\/babylove.se\/no\/wp-content\/uploads\/sites\/3\/2025\/07\/64cccd7e68b58.jpeg","type":"image\/jpeg"}],"twitter_card":"summary_large_image","twitter_misc":{"Price":"1 299,00&nbsp;&#107;&#114;","Availability":"Out of stock"},"schema":{"@context":"https:\/\/schema.org","@graph":[{"@type":"WebPage","@id":"https:\/\/babylove.se\/no\/produkt\/konges-slojd-babynest-elephantastic\/","url":"https:\/\/babylove.se\/no\/produkt\/konges-slojd-babynest-elephantastic\/","name":"Konges Sl\u00f8jd, babynest, Elephantastic - Babylove Norska","isPartOf":{"@id":"https:\/\/babylove.se\/no\/#website"},"primaryImageOfPage":{"@id":"https:\/\/babylove.se\/no\/produkt\/konges-slojd-babynest-elephantastic\/#primaryimage"},"image":{"@id":"https:\/\/babylove.se\/no\/produkt\/konges-slojd-babynest-elephantastic\/#primaryimage"},"thumbnailUrl":"https:\/\/babylove.se\/no\/wp-content\/uploads\/sites\/3\/2025\/07\/64cccd7e68b58.jpeg","datePublished":"2025-07-19T11:11:08+00:00","dateModified":"2026-04-08T12:40:48+00:00","breadcrumb":{"@id":"https:\/\/babylove.se\/no\/produkt\/konges-slojd-babynest-elephantastic\/#breadcrumb"},"inLanguage":"nb-NO","potentialAction":[{"@type":"ReadAction","target":["https:\/\/babylove.se\/no\/produkt\/konges-slojd-babynest-elephantastic\/"]}]},{"@type":"ImageObject","inLanguage":"nb-NO","@id":"https:\/\/babylove.se\/no\/produkt\/konges-slojd-babynest-elephantastic\/#primaryimage","url":"https:\/\/babylove.se\/no\/wp-content\/uploads\/sites\/3\/2025\/07\/64cccd7e68b58.jpeg","contentUrl":"https:\/\/babylove.se\/no\/wp-content\/uploads\/sites\/3\/2025\/07\/64cccd7e68b58.jpeg","width":672,"height":672},{"@type":"BreadcrumbList","@id":"https:\/\/babylove.se\/no\/produkt\/konges-slojd-babynest-elephantastic\/#breadcrumb","itemListElement":[{"@type":"ListItem","position":1,"name":"Hem","item":"https:\/\/babylove.se\/no\/"},{"@type":"ListItem","position":2,"name":"Butik","item":"https:\/\/babylove.se\/no\/butik\/"},{"@type":"ListItem","position":3,"name":"Konges Sl\u00f8jd, babynest, Elephantastic"}]},{"@type":"WebSite","@id":"https:\/\/babylove.se\/no\/#website","url":"https:\/\/babylove.se\/no\/","name":"Babylove Norska","description":"","potentialAction":[{"@type":"SearchAction","target":{"@type":"EntryPoint","urlTemplate":"https:\/\/babylove.se\/no\/?s={search_term_string}"},"query-input":{"@type":"PropertyValueSpecification","valueRequired":true,"valueName":"search_term_string"}}],"inLanguage":"nb-NO"}]},"product_brand":"Konges Sl\u00f8jd","product_price_amount":"1299.00","product_price_currency":"SEK","og_availability":"out of stock","product_availability":"out of stock","product_retailer_item_id":"KS5884Elephantastic","product_condition":"new"},"_links":{"self":[{"href":"https:\/\/babylove.se\/no\/wp-json\/wp\/v2\/product\/53714","targetHints":{"allow":["GET"]}}],"collection":[{"href":"https:\/\/babylove.se\/no\/wp-json\/wp\/v2\/product"}],"about":[{"href":"https:\/\/babylove.se\/no\/wp-json\/wp\/v2\/types\/product"}],"replies":[{"embeddable":true,"href":"https:\/\/babylove.se\/no\/wp-json\/wp\/v2\/comments?post=53714"}],"wp:featuredmedia":[{"embeddable":true,"href":"https:\/\/babylove.se\/no\/wp-json\/wp\/v2\/media\/53716"}],"wp:attachment":[{"href":"https:\/\/babylove.se\/no\/wp-json\/wp\/v2\/media?parent=53714"}],"wp:term":[{"taxonomy":"product_brand","embeddable":true,"href":"https:\/\/babylove.se\/no\/wp-json\/wp\/v2\/product_brand?post=53714"},{"taxonomy":"product_cat","embeddable":true,"href":"https:\/\/babylove.se\/no\/wp-json\/wp\/v2\/product_cat?post=53714"},{"taxonomy":"product_tag","embeddable":true,"href":"https:\/\/babylove.se\/no\/wp-json\/wp\/v2\/product_tag?post=53714"}],"curies":[{"name":"wp","href":"https:\/\/api.w.org\/{rel}","templated":true}]}}