{"id":53732,"date":"2025-07-19T12:11:25","date_gmt":"2025-07-19T11:11:25","guid":{"rendered":"https:\/\/babylove.se\/produkt\/konges-slojd-musikmobil-moon-and-star-sea-mist\/"},"modified":"2026-04-08T13:40:58","modified_gmt":"2026-04-08T12:40:58","slug":"konges-slojd-musikkmobile-moon-and-star-sea-mist","status":"publish","type":"product","link":"https:\/\/babylove.se\/no\/produkt\/konges-slojd-musikkmobile-moon-and-star-sea-mist\/","title":{"rendered":"Konges Sl\u00f8jd, musikkmobil Moon and Star, Sea Mist"},"content":{"rendered":"<p>En meget fin og elegant mobil fra danske Konges Sl\u00f8jd som spiller en beroligende vuggevise <em>Cradle Song<\/em> av Brahms.<\/p>\n<p>Barnet ditt kommer til \u00e5 elske \u00e5 se p\u00e5 de fine figurene rundt omkring, noe som gj\u00f8r barnet ditt trygt n\u00e5r det skal sove. Mobilens farger og m\u00f8nstre kommer til \u00e5 utvikle barnets sanser og motorikk i l\u00f8pet av de f\u00f8rste m\u00e5nedene. S\u00e5 snart barnet ditt kan n\u00e5 mobilen b\u00f8r du imidlertid fjerne den fra sengen.&nbsp;<\/p>\n<p><strong>M\u00e5l<\/strong>: H\u00f8yde 47 cm<\/p>\n<p><strong>M<\/strong><strong>ateriale<\/strong>:&nbsp;<\/p>\n<ul>\n<li>Lille skyen og m\u00e5nen: 80% lammull &amp; 20% nylon<\/li>\n<li>Store skyen og stjernene: 80% \u00f8kologisk bomull &amp; 20% polyester<\/li>\n<\/ul>\n<p>Designer: <a href=\"https:\/\/babylove.se\/varumarken\/konges-slojd\">Konges Sl\u00f8jd<\/a><\/p>\n","protected":false},"excerpt":{"rendered":"<p>En meget fin og elegant mobil fra danske Konges Sl\u00f8jd som spiller en beroligende vuggevise Cradle Song av Brahms. Barnet ditt kommer til \u00e5 elske \u00e5 se p\u00e5 de fine figurene rundt omkring, noe som gj\u00f8r barnet ditt trygt n\u00e5r det skal sove. Mobilens farger og m\u00f8nstre kommer til \u00e5 utvikle barnets sanser og motorikk [&hellip;]<\/p>\n","protected":false},"featured_media":53734,"comment_status":"closed","ping_status":"open","template":"","meta":{"_acf_changed":false},"product_brand":[1544],"product_cat":[1545,145],"product_tag":[],"class_list":{"0":"post-53732","1":"product","2":"type-product","3":"status-publish","4":"has-post-thumbnail","6":"product_brand-konges-slojd","7":"product_cat-konges-slojd","8":"product_cat-sangmobiler","10":"first","11":"instock","12":"taxable","13":"shipping-taxable","14":"purchasable","15":"product-type-simple"},"acf":[],"yoast_head":"<!-- This site is optimized with the Yoast SEO Premium plugin v25.8 (Yoast SEO v27.2) - https:\/\/yoast.com\/product\/yoast-seo-premium-wordpress\/ -->\n<title>Konges Sl\u00f8jd, musikkmobil Moon and Star, Sea Mist - Babylove Norska<\/title>\n<meta name=\"robots\" content=\"noindex, follow, max-snippet:-1, max-image-preview:large, max-video-preview:-1\" \/>\n<meta property=\"og:locale\" content=\"nb_NO\" \/>\n<meta property=\"og:type\" content=\"article\" \/>\n<meta property=\"og:title\" content=\"Konges Sl\u00f8jd, musikkmobil Moon and Star, Sea Mist\" \/>\n<meta property=\"og:description\" content=\"En meget fin og elegant mobil fra danske Konges Sl\u00f8jd som spiller en beroligende vuggevise Cradle Song av Brahms. Barnet ditt kommer til \u00e5 elske \u00e5 se p\u00e5 de fine figurene rundt omkring, noe som gj\u00f8r barnet ditt trygt n\u00e5r det skal sove. Mobilens farger og m\u00f8nstre kommer til \u00e5 utvikle barnets sanser og motorikk [&hellip;]\" \/>\n<meta property=\"og:url\" content=\"https:\/\/babylove.se\/no\/produkt\/konges-slojd-musikkmobile-moon-and-star-sea-mist\/\" \/>\n<meta property=\"og:site_name\" content=\"Babylove Norska\" \/>\n<meta property=\"article:modified_time\" content=\"2026-04-08T12:40:58+00:00\" \/>\n<meta property=\"og:image\" content=\"https:\/\/babylove.se\/no\/wp-content\/uploads\/sites\/3\/2025\/07\/64ccd396d1a5c.jpeg\" \/>\n\t<meta property=\"og:image:width\" content=\"1400\" \/>\n\t<meta property=\"og:image:height\" content=\"1400\" \/>\n\t<meta property=\"og:image:type\" content=\"image\/jpeg\" \/>\n<meta name=\"twitter:card\" content=\"summary_large_image\" \/>\n<meta name=\"twitter:label1\" content=\"Price\" \/>\n\t<meta name=\"twitter:data1\" content=\"749,00&nbsp;&#107;&#114;\" \/>\n\t<meta name=\"twitter:label2\" content=\"Availability\" \/>\n\t<meta name=\"twitter:data2\" content=\"In stock\" \/>\n<script type=\"application\/ld+json\" class=\"yoast-schema-graph\">{\"@context\":\"https:\/\/schema.org\",\"@graph\":[{\"@type\":\"WebPage\",\"@id\":\"https:\/\/babylove.se\/no\/produkt\/konges-slojd-musikkmobile-moon-and-star-sea-mist\/\",\"url\":\"https:\/\/babylove.se\/no\/produkt\/konges-slojd-musikkmobile-moon-and-star-sea-mist\/\",\"name\":\"Konges Sl\u00f8jd, musikkmobil Moon and Star, Sea Mist - Babylove Norska\",\"isPartOf\":{\"@id\":\"https:\/\/babylove.se\/no\/#website\"},\"primaryImageOfPage\":{\"@id\":\"https:\/\/babylove.se\/no\/produkt\/konges-slojd-musikkmobile-moon-and-star-sea-mist\/#primaryimage\"},\"image\":{\"@id\":\"https:\/\/babylove.se\/no\/produkt\/konges-slojd-musikkmobile-moon-and-star-sea-mist\/#primaryimage\"},\"thumbnailUrl\":\"https:\/\/babylove.se\/no\/wp-content\/uploads\/sites\/3\/2025\/07\/64ccd396d1a5c.jpeg\",\"datePublished\":\"2025-07-19T11:11:25+00:00\",\"dateModified\":\"2026-04-08T12:40:58+00:00\",\"breadcrumb\":{\"@id\":\"https:\/\/babylove.se\/no\/produkt\/konges-slojd-musikkmobile-moon-and-star-sea-mist\/#breadcrumb\"},\"inLanguage\":\"nb-NO\",\"potentialAction\":[{\"@type\":\"ReadAction\",\"target\":[\"https:\/\/babylove.se\/no\/produkt\/konges-slojd-musikkmobile-moon-and-star-sea-mist\/\"]}]},{\"@type\":\"ImageObject\",\"inLanguage\":\"nb-NO\",\"@id\":\"https:\/\/babylove.se\/no\/produkt\/konges-slojd-musikkmobile-moon-and-star-sea-mist\/#primaryimage\",\"url\":\"https:\/\/babylove.se\/no\/wp-content\/uploads\/sites\/3\/2025\/07\/64ccd396d1a5c.jpeg\",\"contentUrl\":\"https:\/\/babylove.se\/no\/wp-content\/uploads\/sites\/3\/2025\/07\/64ccd396d1a5c.jpeg\",\"width\":1400,\"height\":1400},{\"@type\":\"BreadcrumbList\",\"@id\":\"https:\/\/babylove.se\/no\/produkt\/konges-slojd-musikkmobile-moon-and-star-sea-mist\/#breadcrumb\",\"itemListElement\":[{\"@type\":\"ListItem\",\"position\":1,\"name\":\"Hem\",\"item\":\"https:\/\/babylove.se\/no\/\"},{\"@type\":\"ListItem\",\"position\":2,\"name\":\"Butik\",\"item\":\"https:\/\/babylove.se\/no\/butik\/\"},{\"@type\":\"ListItem\",\"position\":3,\"name\":\"Konges Sl\u00f8jd, musikkmobil Moon and Star, Sea Mist\"}]},{\"@type\":\"WebSite\",\"@id\":\"https:\/\/babylove.se\/no\/#website\",\"url\":\"https:\/\/babylove.se\/no\/\",\"name\":\"Babylove Norska\",\"description\":\"\",\"potentialAction\":[{\"@type\":\"SearchAction\",\"target\":{\"@type\":\"EntryPoint\",\"urlTemplate\":\"https:\/\/babylove.se\/no\/?s={search_term_string}\"},\"query-input\":{\"@type\":\"PropertyValueSpecification\",\"valueRequired\":true,\"valueName\":\"search_term_string\"}}],\"inLanguage\":\"nb-NO\"}]}<\/script>\n<meta property=\"product:brand\" content=\"Konges Sl\u00f8jd\" \/>\n<meta property=\"product:price:amount\" content=\"749.00\" \/>\n<meta property=\"product:price:currency\" content=\"SEK\" \/>\n<meta property=\"og:availability\" content=\"instock\" \/>\n<meta property=\"product:availability\" content=\"instock\" \/>\n<meta property=\"product:retailer_item_id\" content=\"KS5911Seamist\" \/>\n<meta property=\"product:condition\" content=\"new\" \/>\n<!-- \/ Yoast SEO Premium plugin. -->","yoast_head_json":{"title":"Konges Sl\u00f8jd, musikkmobil Moon and Star, Sea Mist - Babylove Norska","robots":{"index":"noindex","follow":"follow","max-snippet":"max-snippet:-1","max-image-preview":"max-image-preview:large","max-video-preview":"max-video-preview:-1"},"og_locale":"nb_NO","og_type":"article","og_title":"Konges Sl\u00f8jd, musikkmobil Moon and Star, Sea Mist","og_description":"En meget fin og elegant mobil fra danske Konges Sl\u00f8jd som spiller en beroligende vuggevise Cradle Song av Brahms. Barnet ditt kommer til \u00e5 elske \u00e5 se p\u00e5 de fine figurene rundt omkring, noe som gj\u00f8r barnet ditt trygt n\u00e5r det skal sove. Mobilens farger og m\u00f8nstre kommer til \u00e5 utvikle barnets sanser og motorikk [&hellip;]","og_url":"https:\/\/babylove.se\/no\/produkt\/konges-slojd-musikkmobile-moon-and-star-sea-mist\/","og_site_name":"Babylove Norska","article_modified_time":"2026-04-08T12:40:58+00:00","og_image":[{"width":1400,"height":1400,"url":"https:\/\/babylove.se\/no\/wp-content\/uploads\/sites\/3\/2025\/07\/64ccd396d1a5c.jpeg","type":"image\/jpeg"}],"twitter_card":"summary_large_image","twitter_misc":{"Price":"749,00&nbsp;&#107;&#114;","Availability":"In stock"},"schema":{"@context":"https:\/\/schema.org","@graph":[{"@type":"WebPage","@id":"https:\/\/babylove.se\/no\/produkt\/konges-slojd-musikkmobile-moon-and-star-sea-mist\/","url":"https:\/\/babylove.se\/no\/produkt\/konges-slojd-musikkmobile-moon-and-star-sea-mist\/","name":"Konges Sl\u00f8jd, musikkmobil Moon and Star, Sea Mist - Babylove Norska","isPartOf":{"@id":"https:\/\/babylove.se\/no\/#website"},"primaryImageOfPage":{"@id":"https:\/\/babylove.se\/no\/produkt\/konges-slojd-musikkmobile-moon-and-star-sea-mist\/#primaryimage"},"image":{"@id":"https:\/\/babylove.se\/no\/produkt\/konges-slojd-musikkmobile-moon-and-star-sea-mist\/#primaryimage"},"thumbnailUrl":"https:\/\/babylove.se\/no\/wp-content\/uploads\/sites\/3\/2025\/07\/64ccd396d1a5c.jpeg","datePublished":"2025-07-19T11:11:25+00:00","dateModified":"2026-04-08T12:40:58+00:00","breadcrumb":{"@id":"https:\/\/babylove.se\/no\/produkt\/konges-slojd-musikkmobile-moon-and-star-sea-mist\/#breadcrumb"},"inLanguage":"nb-NO","potentialAction":[{"@type":"ReadAction","target":["https:\/\/babylove.se\/no\/produkt\/konges-slojd-musikkmobile-moon-and-star-sea-mist\/"]}]},{"@type":"ImageObject","inLanguage":"nb-NO","@id":"https:\/\/babylove.se\/no\/produkt\/konges-slojd-musikkmobile-moon-and-star-sea-mist\/#primaryimage","url":"https:\/\/babylove.se\/no\/wp-content\/uploads\/sites\/3\/2025\/07\/64ccd396d1a5c.jpeg","contentUrl":"https:\/\/babylove.se\/no\/wp-content\/uploads\/sites\/3\/2025\/07\/64ccd396d1a5c.jpeg","width":1400,"height":1400},{"@type":"BreadcrumbList","@id":"https:\/\/babylove.se\/no\/produkt\/konges-slojd-musikkmobile-moon-and-star-sea-mist\/#breadcrumb","itemListElement":[{"@type":"ListItem","position":1,"name":"Hem","item":"https:\/\/babylove.se\/no\/"},{"@type":"ListItem","position":2,"name":"Butik","item":"https:\/\/babylove.se\/no\/butik\/"},{"@type":"ListItem","position":3,"name":"Konges Sl\u00f8jd, musikkmobil Moon and Star, Sea Mist"}]},{"@type":"WebSite","@id":"https:\/\/babylove.se\/no\/#website","url":"https:\/\/babylove.se\/no\/","name":"Babylove Norska","description":"","potentialAction":[{"@type":"SearchAction","target":{"@type":"EntryPoint","urlTemplate":"https:\/\/babylove.se\/no\/?s={search_term_string}"},"query-input":{"@type":"PropertyValueSpecification","valueRequired":true,"valueName":"search_term_string"}}],"inLanguage":"nb-NO"}]},"product_brand":"Konges Sl\u00f8jd","product_price_amount":"749.00","product_price_currency":"SEK","og_availability":"instock","product_availability":"instock","product_retailer_item_id":"KS5911Seamist","product_condition":"new"},"_links":{"self":[{"href":"https:\/\/babylove.se\/no\/wp-json\/wp\/v2\/product\/53732","targetHints":{"allow":["GET"]}}],"collection":[{"href":"https:\/\/babylove.se\/no\/wp-json\/wp\/v2\/product"}],"about":[{"href":"https:\/\/babylove.se\/no\/wp-json\/wp\/v2\/types\/product"}],"replies":[{"embeddable":true,"href":"https:\/\/babylove.se\/no\/wp-json\/wp\/v2\/comments?post=53732"}],"wp:featuredmedia":[{"embeddable":true,"href":"https:\/\/babylove.se\/no\/wp-json\/wp\/v2\/media\/53734"}],"wp:attachment":[{"href":"https:\/\/babylove.se\/no\/wp-json\/wp\/v2\/media?parent=53732"}],"wp:term":[{"taxonomy":"product_brand","embeddable":true,"href":"https:\/\/babylove.se\/no\/wp-json\/wp\/v2\/product_brand?post=53732"},{"taxonomy":"product_cat","embeddable":true,"href":"https:\/\/babylove.se\/no\/wp-json\/wp\/v2\/product_cat?post=53732"},{"taxonomy":"product_tag","embeddable":true,"href":"https:\/\/babylove.se\/no\/wp-json\/wp\/v2\/product_tag?post=53732"}],"curies":[{"name":"wp","href":"https:\/\/api.w.org\/{rel}","templated":true}]}}