{"id":53761,"date":"2025-07-19T12:11:46","date_gmt":"2025-07-19T11:11:46","guid":{"rendered":"https:\/\/babylove.se\/produkt\/konges-slojd-ljusslinga-bunny-cloud-blush\/"},"modified":"2026-04-08T13:41:15","modified_gmt":"2026-04-08T12:41:15","slug":"konges-slojd-lysslynge-bunny-cloud-blush","status":"publish","type":"product","link":"https:\/\/babylove.se\/no\/produkt\/konges-slojd-lysslynge-bunny-cloud-blush\/","title":{"rendered":"Konges Sl\u00f8jd, lysslynge Bunny &#038; Cloud, blush"},"content":{"rendered":"<p>Utrolig s\u00f8t lysslynge med sm\u00e5 kaniner og skyer fra danske Konges Sl\u00f8jd! Siden figurene har stjerneformede hull skapes en liten stjernehimmel n\u00e5r lampen er tent.<\/p>\n<p>Lampene gir et behagelig og stemningsfullt lys og har flere bruksomr\u00e5der, alt fra nattlampe til dekorasjon ved selskap. Du kan for eksempel legge lysslyngen rundt et speil, eller i en stor glassvase og du har enkelt skapt deg noe unikt. Bare fantasien setter grensene og du har masse muligheter med denne lysslyngen n\u00e5r det kommer til \u00e5 innrede barnerommet.&nbsp;<\/p>\n<p>Lysslyngen drives ved hjelp av 3 AA-batterier (f\u00f8lger ikke med).&nbsp;<\/p>\n<p><strong>M<\/strong><strong>ateriale<\/strong>: 100 % silikon<\/p>\n<p>Designer: <a href=\"https:\/\/babylove.se\/varumarken\/konges-slojd\">Konges Sl\u00f8jd<\/a><\/p>\n","protected":false},"excerpt":{"rendered":"<p>Utrolig s\u00f8t lysslynge med sm\u00e5 kaniner og skyer fra danske Konges Sl\u00f8jd! Siden figurene har stjerneformede hull skapes en liten stjernehimmel n\u00e5r lampen er tent. Lampene gir et behagelig og stemningsfullt lys og har flere bruksomr\u00e5der, alt fra nattlampe til dekorasjon ved selskap. Du kan for eksempel legge lysslyngen rundt et speil, eller i en [&hellip;]<\/p>\n","protected":false},"featured_media":53763,"comment_status":"closed","ping_status":"open","template":"","meta":{"_acf_changed":false},"product_brand":[1544],"product_cat":[166,1545],"product_tag":[],"class_list":{"0":"post-53761","1":"product","2":"type-product","3":"status-publish","4":"has-post-thumbnail","6":"product_brand-konges-slojd","7":"product_cat-lyskuler","8":"product_cat-konges-slojd","10":"first","11":"instock","12":"taxable","13":"shipping-taxable","14":"purchasable","15":"product-type-simple"},"acf":[],"yoast_head":"<!-- This site is optimized with the Yoast SEO Premium plugin v25.8 (Yoast SEO v27.2) - https:\/\/yoast.com\/product\/yoast-seo-premium-wordpress\/ -->\n<title>Konges Sl\u00f8jd, lysslynge Bunny &amp; Cloud, blush - Babylove Norska<\/title>\n<meta name=\"robots\" content=\"noindex, follow, max-snippet:-1, max-image-preview:large, max-video-preview:-1\" \/>\n<meta property=\"og:locale\" content=\"nb_NO\" \/>\n<meta property=\"og:type\" content=\"article\" \/>\n<meta property=\"og:title\" content=\"Konges Sl\u00f8jd, lysslynge Bunny &amp; Cloud, blush\" \/>\n<meta property=\"og:description\" content=\"Utrolig s\u00f8t lysslynge med sm\u00e5 kaniner og skyer fra danske Konges Sl\u00f8jd! Siden figurene har stjerneformede hull skapes en liten stjernehimmel n\u00e5r lampen er tent. Lampene gir et behagelig og stemningsfullt lys og har flere bruksomr\u00e5der, alt fra nattlampe til dekorasjon ved selskap. Du kan for eksempel legge lysslyngen rundt et speil, eller i en [&hellip;]\" \/>\n<meta property=\"og:url\" content=\"https:\/\/babylove.se\/no\/produkt\/konges-slojd-lysslynge-bunny-cloud-blush\/\" \/>\n<meta property=\"og:site_name\" content=\"Babylove Norska\" \/>\n<meta property=\"article:modified_time\" content=\"2026-04-08T12:41:15+00:00\" \/>\n<meta property=\"og:image\" content=\"https:\/\/babylove.se\/no\/wp-content\/uploads\/sites\/3\/2025\/07\/64ce33e4cc592.jpeg\" \/>\n\t<meta property=\"og:image:width\" content=\"1600\" \/>\n\t<meta property=\"og:image:height\" content=\"1600\" \/>\n\t<meta property=\"og:image:type\" content=\"image\/jpeg\" \/>\n<meta name=\"twitter:card\" content=\"summary_large_image\" \/>\n<meta name=\"twitter:label1\" content=\"Price\" \/>\n\t<meta name=\"twitter:data1\" content=\"499,00&nbsp;&#107;&#114;\" \/>\n\t<meta name=\"twitter:label2\" content=\"Availability\" \/>\n\t<meta name=\"twitter:data2\" content=\"In stock\" \/>\n<script type=\"application\/ld+json\" class=\"yoast-schema-graph\">{\"@context\":\"https:\/\/schema.org\",\"@graph\":[{\"@type\":\"WebPage\",\"@id\":\"https:\/\/babylove.se\/no\/produkt\/konges-slojd-lysslynge-bunny-cloud-blush\/\",\"url\":\"https:\/\/babylove.se\/no\/produkt\/konges-slojd-lysslynge-bunny-cloud-blush\/\",\"name\":\"Konges Sl\u00f8jd, lysslynge Bunny & Cloud, blush - Babylove Norska\",\"isPartOf\":{\"@id\":\"https:\/\/babylove.se\/no\/#website\"},\"primaryImageOfPage\":{\"@id\":\"https:\/\/babylove.se\/no\/produkt\/konges-slojd-lysslynge-bunny-cloud-blush\/#primaryimage\"},\"image\":{\"@id\":\"https:\/\/babylove.se\/no\/produkt\/konges-slojd-lysslynge-bunny-cloud-blush\/#primaryimage\"},\"thumbnailUrl\":\"https:\/\/babylove.se\/no\/wp-content\/uploads\/sites\/3\/2025\/07\/64ce33e4cc592.jpeg\",\"datePublished\":\"2025-07-19T11:11:46+00:00\",\"dateModified\":\"2026-04-08T12:41:15+00:00\",\"breadcrumb\":{\"@id\":\"https:\/\/babylove.se\/no\/produkt\/konges-slojd-lysslynge-bunny-cloud-blush\/#breadcrumb\"},\"inLanguage\":\"nb-NO\",\"potentialAction\":[{\"@type\":\"ReadAction\",\"target\":[\"https:\/\/babylove.se\/no\/produkt\/konges-slojd-lysslynge-bunny-cloud-blush\/\"]}]},{\"@type\":\"ImageObject\",\"inLanguage\":\"nb-NO\",\"@id\":\"https:\/\/babylove.se\/no\/produkt\/konges-slojd-lysslynge-bunny-cloud-blush\/#primaryimage\",\"url\":\"https:\/\/babylove.se\/no\/wp-content\/uploads\/sites\/3\/2025\/07\/64ce33e4cc592.jpeg\",\"contentUrl\":\"https:\/\/babylove.se\/no\/wp-content\/uploads\/sites\/3\/2025\/07\/64ce33e4cc592.jpeg\",\"width\":1600,\"height\":1600},{\"@type\":\"BreadcrumbList\",\"@id\":\"https:\/\/babylove.se\/no\/produkt\/konges-slojd-lysslynge-bunny-cloud-blush\/#breadcrumb\",\"itemListElement\":[{\"@type\":\"ListItem\",\"position\":1,\"name\":\"Hem\",\"item\":\"https:\/\/babylove.se\/no\/\"},{\"@type\":\"ListItem\",\"position\":2,\"name\":\"Butik\",\"item\":\"https:\/\/babylove.se\/no\/butik\/\"},{\"@type\":\"ListItem\",\"position\":3,\"name\":\"Konges Sl\u00f8jd, lysslynge Bunny &#038; Cloud, blush\"}]},{\"@type\":\"WebSite\",\"@id\":\"https:\/\/babylove.se\/no\/#website\",\"url\":\"https:\/\/babylove.se\/no\/\",\"name\":\"Babylove Norska\",\"description\":\"\",\"potentialAction\":[{\"@type\":\"SearchAction\",\"target\":{\"@type\":\"EntryPoint\",\"urlTemplate\":\"https:\/\/babylove.se\/no\/?s={search_term_string}\"},\"query-input\":{\"@type\":\"PropertyValueSpecification\",\"valueRequired\":true,\"valueName\":\"search_term_string\"}}],\"inLanguage\":\"nb-NO\"}]}<\/script>\n<meta property=\"product:brand\" content=\"Konges Sl\u00f8jd\" \/>\n<meta property=\"product:price:amount\" content=\"499.00\" \/>\n<meta property=\"product:price:currency\" content=\"SEK\" \/>\n<meta property=\"og:availability\" content=\"instock\" \/>\n<meta property=\"product:availability\" content=\"instock\" \/>\n<meta property=\"product:retailer_item_id\" content=\"KS6084ShellBlush\" \/>\n<meta property=\"product:condition\" content=\"new\" \/>\n<!-- \/ Yoast SEO Premium plugin. -->","yoast_head_json":{"title":"Konges Sl\u00f8jd, lysslynge Bunny & Cloud, blush - Babylove Norska","robots":{"index":"noindex","follow":"follow","max-snippet":"max-snippet:-1","max-image-preview":"max-image-preview:large","max-video-preview":"max-video-preview:-1"},"og_locale":"nb_NO","og_type":"article","og_title":"Konges Sl\u00f8jd, lysslynge Bunny & Cloud, blush","og_description":"Utrolig s\u00f8t lysslynge med sm\u00e5 kaniner og skyer fra danske Konges Sl\u00f8jd! Siden figurene har stjerneformede hull skapes en liten stjernehimmel n\u00e5r lampen er tent. Lampene gir et behagelig og stemningsfullt lys og har flere bruksomr\u00e5der, alt fra nattlampe til dekorasjon ved selskap. Du kan for eksempel legge lysslyngen rundt et speil, eller i en [&hellip;]","og_url":"https:\/\/babylove.se\/no\/produkt\/konges-slojd-lysslynge-bunny-cloud-blush\/","og_site_name":"Babylove Norska","article_modified_time":"2026-04-08T12:41:15+00:00","og_image":[{"width":1600,"height":1600,"url":"https:\/\/babylove.se\/no\/wp-content\/uploads\/sites\/3\/2025\/07\/64ce33e4cc592.jpeg","type":"image\/jpeg"}],"twitter_card":"summary_large_image","twitter_misc":{"Price":"499,00&nbsp;&#107;&#114;","Availability":"In stock"},"schema":{"@context":"https:\/\/schema.org","@graph":[{"@type":"WebPage","@id":"https:\/\/babylove.se\/no\/produkt\/konges-slojd-lysslynge-bunny-cloud-blush\/","url":"https:\/\/babylove.se\/no\/produkt\/konges-slojd-lysslynge-bunny-cloud-blush\/","name":"Konges Sl\u00f8jd, lysslynge Bunny & Cloud, blush - Babylove Norska","isPartOf":{"@id":"https:\/\/babylove.se\/no\/#website"},"primaryImageOfPage":{"@id":"https:\/\/babylove.se\/no\/produkt\/konges-slojd-lysslynge-bunny-cloud-blush\/#primaryimage"},"image":{"@id":"https:\/\/babylove.se\/no\/produkt\/konges-slojd-lysslynge-bunny-cloud-blush\/#primaryimage"},"thumbnailUrl":"https:\/\/babylove.se\/no\/wp-content\/uploads\/sites\/3\/2025\/07\/64ce33e4cc592.jpeg","datePublished":"2025-07-19T11:11:46+00:00","dateModified":"2026-04-08T12:41:15+00:00","breadcrumb":{"@id":"https:\/\/babylove.se\/no\/produkt\/konges-slojd-lysslynge-bunny-cloud-blush\/#breadcrumb"},"inLanguage":"nb-NO","potentialAction":[{"@type":"ReadAction","target":["https:\/\/babylove.se\/no\/produkt\/konges-slojd-lysslynge-bunny-cloud-blush\/"]}]},{"@type":"ImageObject","inLanguage":"nb-NO","@id":"https:\/\/babylove.se\/no\/produkt\/konges-slojd-lysslynge-bunny-cloud-blush\/#primaryimage","url":"https:\/\/babylove.se\/no\/wp-content\/uploads\/sites\/3\/2025\/07\/64ce33e4cc592.jpeg","contentUrl":"https:\/\/babylove.se\/no\/wp-content\/uploads\/sites\/3\/2025\/07\/64ce33e4cc592.jpeg","width":1600,"height":1600},{"@type":"BreadcrumbList","@id":"https:\/\/babylove.se\/no\/produkt\/konges-slojd-lysslynge-bunny-cloud-blush\/#breadcrumb","itemListElement":[{"@type":"ListItem","position":1,"name":"Hem","item":"https:\/\/babylove.se\/no\/"},{"@type":"ListItem","position":2,"name":"Butik","item":"https:\/\/babylove.se\/no\/butik\/"},{"@type":"ListItem","position":3,"name":"Konges Sl\u00f8jd, lysslynge Bunny &#038; Cloud, blush"}]},{"@type":"WebSite","@id":"https:\/\/babylove.se\/no\/#website","url":"https:\/\/babylove.se\/no\/","name":"Babylove Norska","description":"","potentialAction":[{"@type":"SearchAction","target":{"@type":"EntryPoint","urlTemplate":"https:\/\/babylove.se\/no\/?s={search_term_string}"},"query-input":{"@type":"PropertyValueSpecification","valueRequired":true,"valueName":"search_term_string"}}],"inLanguage":"nb-NO"}]},"product_brand":"Konges Sl\u00f8jd","product_price_amount":"499.00","product_price_currency":"SEK","og_availability":"instock","product_availability":"instock","product_retailer_item_id":"KS6084ShellBlush","product_condition":"new"},"_links":{"self":[{"href":"https:\/\/babylove.se\/no\/wp-json\/wp\/v2\/product\/53761","targetHints":{"allow":["GET"]}}],"collection":[{"href":"https:\/\/babylove.se\/no\/wp-json\/wp\/v2\/product"}],"about":[{"href":"https:\/\/babylove.se\/no\/wp-json\/wp\/v2\/types\/product"}],"replies":[{"embeddable":true,"href":"https:\/\/babylove.se\/no\/wp-json\/wp\/v2\/comments?post=53761"}],"wp:featuredmedia":[{"embeddable":true,"href":"https:\/\/babylove.se\/no\/wp-json\/wp\/v2\/media\/53763"}],"wp:attachment":[{"href":"https:\/\/babylove.se\/no\/wp-json\/wp\/v2\/media?parent=53761"}],"wp:term":[{"taxonomy":"product_brand","embeddable":true,"href":"https:\/\/babylove.se\/no\/wp-json\/wp\/v2\/product_brand?post=53761"},{"taxonomy":"product_cat","embeddable":true,"href":"https:\/\/babylove.se\/no\/wp-json\/wp\/v2\/product_cat?post=53761"},{"taxonomy":"product_tag","embeddable":true,"href":"https:\/\/babylove.se\/no\/wp-json\/wp\/v2\/product_tag?post=53761"}],"curies":[{"name":"wp","href":"https:\/\/api.w.org\/{rel}","templated":true}]}}