{"id":53773,"date":"2025-07-19T12:11:46","date_gmt":"2025-07-19T11:11:46","guid":{"rendered":"https:\/\/babylove.se\/produkt\/konges-slojd-vattenflaska-i-silikon-teddy-topanga-beach\/"},"modified":"2026-04-08T13:41:21","modified_gmt":"2026-04-08T12:41:21","slug":"konges-slojd-vannflaske-i-silikon-teddy-topanga-beach","status":"publish","type":"product","link":"https:\/\/babylove.se\/no\/produkt\/konges-slojd-vannflaske-i-silikon-teddy-topanga-beach\/","title":{"rendered":"Konges Sl\u00f8jd, vannflaske i silikon Teddy, Topanga Beach"},"content":{"rendered":"<p>Bj\u00f8rneformet vannflaske med sm\u00e5 \u00f8rer fra danske Konges Sl\u00f8jd er ikke bare utrolig s\u00f8t, men ogs\u00e5 meget funksjonell.<\/p>\n<p dir=\"ltr\">Et suger\u00f8r og en liten rengj\u00f8ringsb\u00f8rste f\u00f8lger med. Lokket har en praktisk tut som man enkelt klapser opp.<\/p>\n<p>F\u00f8lger EU-forskriftene 1935\/2004 og 10\/2011 og tyske LFGB \u00a730 og 31 ang\u00e5ende materialer som kommer i kontakt med n\u00e6ringsmidler.<\/p>\n<p>Anbefalt alder: 18+ m\u00e5neder.&nbsp;<\/p>\n<p><strong>M\u00e5l<\/strong>: Volum: 400 ml<\/p>\n<p><strong>Materiale<\/strong>: 100% silikon. T\u00e5ler maskinoppvask opp til 100\u00b0C og er trygg \u00e5 bruke i mikrob\u00f8lgeovn.&nbsp;<\/p>\n<p>Designer: <a href=\"https:\/\/babylove.se\/varumarken\/konges-slojd\">Konges Sl\u00f8jd<\/a><\/p>\n","protected":false},"excerpt":{"rendered":"<p>Bj\u00f8rneformet vannflaske med sm\u00e5 \u00f8rer fra danske Konges Sl\u00f8jd er ikke bare utrolig s\u00f8t, men ogs\u00e5 meget funksjonell. Et suger\u00f8r og en liten rengj\u00f8ringsb\u00f8rste f\u00f8lger med. Lokket har en praktisk tut som man enkelt klapser opp. F\u00f8lger EU-forskriftene 1935\/2004 og 10\/2011 og tyske LFGB \u00a730 og 31 ang\u00e5ende materialer som kommer i kontakt med n\u00e6ringsmidler. [&hellip;]<\/p>\n","protected":false},"featured_media":53775,"comment_status":"closed","ping_status":"open","template":"","meta":{"_acf_changed":false},"product_brand":[1544],"product_cat":[1545,1778,60,358],"product_tag":[],"class_list":{"0":"post-53773","1":"product","2":"type-product","3":"status-publish","4":"has-post-thumbnail","6":"product_brand-konges-slojd","7":"product_cat-konges-slojd","8":"product_cat-ovrig-innredning","9":"product_cat-sommer","10":"product_cat-termos-og-vannflasker","12":"first","13":"instock","14":"taxable","15":"shipping-taxable","16":"purchasable","17":"product-type-simple"},"acf":[],"yoast_head":"<!-- This site is optimized with the Yoast SEO Premium plugin v25.8 (Yoast SEO v27.2) - https:\/\/yoast.com\/product\/yoast-seo-premium-wordpress\/ -->\n<title>Konges Sl\u00f8jd, vannflaske i silikon Teddy, Topanga Beach - Babylove Norska<\/title>\n<meta name=\"robots\" content=\"noindex, follow, max-snippet:-1, max-image-preview:large, max-video-preview:-1\" \/>\n<meta property=\"og:locale\" content=\"nb_NO\" \/>\n<meta property=\"og:type\" content=\"article\" \/>\n<meta property=\"og:title\" content=\"Konges Sl\u00f8jd, vannflaske i silikon Teddy, Topanga Beach\" \/>\n<meta property=\"og:description\" content=\"Bj\u00f8rneformet vannflaske med sm\u00e5 \u00f8rer fra danske Konges Sl\u00f8jd er ikke bare utrolig s\u00f8t, men ogs\u00e5 meget funksjonell. Et suger\u00f8r og en liten rengj\u00f8ringsb\u00f8rste f\u00f8lger med. Lokket har en praktisk tut som man enkelt klapser opp. F\u00f8lger EU-forskriftene 1935\/2004 og 10\/2011 og tyske LFGB \u00a730 og 31 ang\u00e5ende materialer som kommer i kontakt med n\u00e6ringsmidler. [&hellip;]\" \/>\n<meta property=\"og:url\" content=\"https:\/\/babylove.se\/no\/produkt\/konges-slojd-vannflaske-i-silikon-teddy-topanga-beach\/\" \/>\n<meta property=\"og:site_name\" content=\"Babylove Norska\" \/>\n<meta property=\"article:modified_time\" content=\"2026-04-08T12:41:21+00:00\" \/>\n<meta property=\"og:image\" content=\"https:\/\/babylove.se\/no\/wp-content\/uploads\/sites\/3\/2025\/07\/64ce3a45107a2.jpeg\" \/>\n\t<meta property=\"og:image:width\" content=\"1200\" \/>\n\t<meta property=\"og:image:height\" content=\"1200\" \/>\n\t<meta property=\"og:image:type\" content=\"image\/jpeg\" \/>\n<meta name=\"twitter:card\" content=\"summary_large_image\" \/>\n<meta name=\"twitter:label1\" content=\"Price\" \/>\n\t<meta name=\"twitter:data1\" content=\"379,00&nbsp;&#107;&#114;\" \/>\n\t<meta name=\"twitter:label2\" content=\"Availability\" \/>\n\t<meta name=\"twitter:data2\" content=\"In stock\" \/>\n<script type=\"application\/ld+json\" class=\"yoast-schema-graph\">{\"@context\":\"https:\/\/schema.org\",\"@graph\":[{\"@type\":\"WebPage\",\"@id\":\"https:\/\/babylove.se\/no\/produkt\/konges-slojd-vannflaske-i-silikon-teddy-topanga-beach\/\",\"url\":\"https:\/\/babylove.se\/no\/produkt\/konges-slojd-vannflaske-i-silikon-teddy-topanga-beach\/\",\"name\":\"Konges Sl\u00f8jd, vannflaske i silikon Teddy, Topanga Beach - Babylove Norska\",\"isPartOf\":{\"@id\":\"https:\/\/babylove.se\/no\/#website\"},\"primaryImageOfPage\":{\"@id\":\"https:\/\/babylove.se\/no\/produkt\/konges-slojd-vannflaske-i-silikon-teddy-topanga-beach\/#primaryimage\"},\"image\":{\"@id\":\"https:\/\/babylove.se\/no\/produkt\/konges-slojd-vannflaske-i-silikon-teddy-topanga-beach\/#primaryimage\"},\"thumbnailUrl\":\"https:\/\/babylove.se\/no\/wp-content\/uploads\/sites\/3\/2025\/07\/64ce3a45107a2.jpeg\",\"datePublished\":\"2025-07-19T11:11:46+00:00\",\"dateModified\":\"2026-04-08T12:41:21+00:00\",\"breadcrumb\":{\"@id\":\"https:\/\/babylove.se\/no\/produkt\/konges-slojd-vannflaske-i-silikon-teddy-topanga-beach\/#breadcrumb\"},\"inLanguage\":\"nb-NO\",\"potentialAction\":[{\"@type\":\"ReadAction\",\"target\":[\"https:\/\/babylove.se\/no\/produkt\/konges-slojd-vannflaske-i-silikon-teddy-topanga-beach\/\"]}]},{\"@type\":\"ImageObject\",\"inLanguage\":\"nb-NO\",\"@id\":\"https:\/\/babylove.se\/no\/produkt\/konges-slojd-vannflaske-i-silikon-teddy-topanga-beach\/#primaryimage\",\"url\":\"https:\/\/babylove.se\/no\/wp-content\/uploads\/sites\/3\/2025\/07\/64ce3a45107a2.jpeg\",\"contentUrl\":\"https:\/\/babylove.se\/no\/wp-content\/uploads\/sites\/3\/2025\/07\/64ce3a45107a2.jpeg\",\"width\":1200,\"height\":1200},{\"@type\":\"BreadcrumbList\",\"@id\":\"https:\/\/babylove.se\/no\/produkt\/konges-slojd-vannflaske-i-silikon-teddy-topanga-beach\/#breadcrumb\",\"itemListElement\":[{\"@type\":\"ListItem\",\"position\":1,\"name\":\"Hem\",\"item\":\"https:\/\/babylove.se\/no\/\"},{\"@type\":\"ListItem\",\"position\":2,\"name\":\"Butik\",\"item\":\"https:\/\/babylove.se\/no\/butik\/\"},{\"@type\":\"ListItem\",\"position\":3,\"name\":\"Konges Sl\u00f8jd, vannflaske i silikon Teddy, Topanga Beach\"}]},{\"@type\":\"WebSite\",\"@id\":\"https:\/\/babylove.se\/no\/#website\",\"url\":\"https:\/\/babylove.se\/no\/\",\"name\":\"Babylove Norska\",\"description\":\"\",\"potentialAction\":[{\"@type\":\"SearchAction\",\"target\":{\"@type\":\"EntryPoint\",\"urlTemplate\":\"https:\/\/babylove.se\/no\/?s={search_term_string}\"},\"query-input\":{\"@type\":\"PropertyValueSpecification\",\"valueRequired\":true,\"valueName\":\"search_term_string\"}}],\"inLanguage\":\"nb-NO\"}]}<\/script>\n<meta property=\"product:brand\" content=\"Konges Sl\u00f8jd\" \/>\n<meta property=\"product:price:amount\" content=\"379.00\" \/>\n<meta property=\"product:price:currency\" content=\"SEK\" \/>\n<meta property=\"og:availability\" content=\"instock\" \/>\n<meta property=\"product:availability\" content=\"instock\" \/>\n<meta property=\"product:retailer_item_id\" content=\"KS6108TopangaBeach\" \/>\n<meta property=\"product:condition\" content=\"new\" \/>\n<!-- \/ Yoast SEO Premium plugin. -->","yoast_head_json":{"title":"Konges Sl\u00f8jd, vannflaske i silikon Teddy, Topanga Beach - Babylove Norska","robots":{"index":"noindex","follow":"follow","max-snippet":"max-snippet:-1","max-image-preview":"max-image-preview:large","max-video-preview":"max-video-preview:-1"},"og_locale":"nb_NO","og_type":"article","og_title":"Konges Sl\u00f8jd, vannflaske i silikon Teddy, Topanga Beach","og_description":"Bj\u00f8rneformet vannflaske med sm\u00e5 \u00f8rer fra danske Konges Sl\u00f8jd er ikke bare utrolig s\u00f8t, men ogs\u00e5 meget funksjonell. Et suger\u00f8r og en liten rengj\u00f8ringsb\u00f8rste f\u00f8lger med. Lokket har en praktisk tut som man enkelt klapser opp. F\u00f8lger EU-forskriftene 1935\/2004 og 10\/2011 og tyske LFGB \u00a730 og 31 ang\u00e5ende materialer som kommer i kontakt med n\u00e6ringsmidler. [&hellip;]","og_url":"https:\/\/babylove.se\/no\/produkt\/konges-slojd-vannflaske-i-silikon-teddy-topanga-beach\/","og_site_name":"Babylove Norska","article_modified_time":"2026-04-08T12:41:21+00:00","og_image":[{"width":1200,"height":1200,"url":"https:\/\/babylove.se\/no\/wp-content\/uploads\/sites\/3\/2025\/07\/64ce3a45107a2.jpeg","type":"image\/jpeg"}],"twitter_card":"summary_large_image","twitter_misc":{"Price":"379,00&nbsp;&#107;&#114;","Availability":"In stock"},"schema":{"@context":"https:\/\/schema.org","@graph":[{"@type":"WebPage","@id":"https:\/\/babylove.se\/no\/produkt\/konges-slojd-vannflaske-i-silikon-teddy-topanga-beach\/","url":"https:\/\/babylove.se\/no\/produkt\/konges-slojd-vannflaske-i-silikon-teddy-topanga-beach\/","name":"Konges Sl\u00f8jd, vannflaske i silikon Teddy, Topanga Beach - Babylove Norska","isPartOf":{"@id":"https:\/\/babylove.se\/no\/#website"},"primaryImageOfPage":{"@id":"https:\/\/babylove.se\/no\/produkt\/konges-slojd-vannflaske-i-silikon-teddy-topanga-beach\/#primaryimage"},"image":{"@id":"https:\/\/babylove.se\/no\/produkt\/konges-slojd-vannflaske-i-silikon-teddy-topanga-beach\/#primaryimage"},"thumbnailUrl":"https:\/\/babylove.se\/no\/wp-content\/uploads\/sites\/3\/2025\/07\/64ce3a45107a2.jpeg","datePublished":"2025-07-19T11:11:46+00:00","dateModified":"2026-04-08T12:41:21+00:00","breadcrumb":{"@id":"https:\/\/babylove.se\/no\/produkt\/konges-slojd-vannflaske-i-silikon-teddy-topanga-beach\/#breadcrumb"},"inLanguage":"nb-NO","potentialAction":[{"@type":"ReadAction","target":["https:\/\/babylove.se\/no\/produkt\/konges-slojd-vannflaske-i-silikon-teddy-topanga-beach\/"]}]},{"@type":"ImageObject","inLanguage":"nb-NO","@id":"https:\/\/babylove.se\/no\/produkt\/konges-slojd-vannflaske-i-silikon-teddy-topanga-beach\/#primaryimage","url":"https:\/\/babylove.se\/no\/wp-content\/uploads\/sites\/3\/2025\/07\/64ce3a45107a2.jpeg","contentUrl":"https:\/\/babylove.se\/no\/wp-content\/uploads\/sites\/3\/2025\/07\/64ce3a45107a2.jpeg","width":1200,"height":1200},{"@type":"BreadcrumbList","@id":"https:\/\/babylove.se\/no\/produkt\/konges-slojd-vannflaske-i-silikon-teddy-topanga-beach\/#breadcrumb","itemListElement":[{"@type":"ListItem","position":1,"name":"Hem","item":"https:\/\/babylove.se\/no\/"},{"@type":"ListItem","position":2,"name":"Butik","item":"https:\/\/babylove.se\/no\/butik\/"},{"@type":"ListItem","position":3,"name":"Konges Sl\u00f8jd, vannflaske i silikon Teddy, Topanga Beach"}]},{"@type":"WebSite","@id":"https:\/\/babylove.se\/no\/#website","url":"https:\/\/babylove.se\/no\/","name":"Babylove Norska","description":"","potentialAction":[{"@type":"SearchAction","target":{"@type":"EntryPoint","urlTemplate":"https:\/\/babylove.se\/no\/?s={search_term_string}"},"query-input":{"@type":"PropertyValueSpecification","valueRequired":true,"valueName":"search_term_string"}}],"inLanguage":"nb-NO"}]},"product_brand":"Konges Sl\u00f8jd","product_price_amount":"379.00","product_price_currency":"SEK","og_availability":"instock","product_availability":"instock","product_retailer_item_id":"KS6108TopangaBeach","product_condition":"new"},"_links":{"self":[{"href":"https:\/\/babylove.se\/no\/wp-json\/wp\/v2\/product\/53773","targetHints":{"allow":["GET"]}}],"collection":[{"href":"https:\/\/babylove.se\/no\/wp-json\/wp\/v2\/product"}],"about":[{"href":"https:\/\/babylove.se\/no\/wp-json\/wp\/v2\/types\/product"}],"replies":[{"embeddable":true,"href":"https:\/\/babylove.se\/no\/wp-json\/wp\/v2\/comments?post=53773"}],"wp:featuredmedia":[{"embeddable":true,"href":"https:\/\/babylove.se\/no\/wp-json\/wp\/v2\/media\/53775"}],"wp:attachment":[{"href":"https:\/\/babylove.se\/no\/wp-json\/wp\/v2\/media?parent=53773"}],"wp:term":[{"taxonomy":"product_brand","embeddable":true,"href":"https:\/\/babylove.se\/no\/wp-json\/wp\/v2\/product_brand?post=53773"},{"taxonomy":"product_cat","embeddable":true,"href":"https:\/\/babylove.se\/no\/wp-json\/wp\/v2\/product_cat?post=53773"},{"taxonomy":"product_tag","embeddable":true,"href":"https:\/\/babylove.se\/no\/wp-json\/wp\/v2\/product_tag?post=53773"}],"curies":[{"name":"wp","href":"https:\/\/api.w.org\/{rel}","templated":true}]}}