{"id":53790,"date":"2025-07-19T12:12:03","date_gmt":"2025-07-19T11:12:03","guid":{"rendered":"https:\/\/babylove.se\/produkt\/konges-slojd-bitleksak-blush-peacock\/"},"modified":"2026-04-08T13:41:30","modified_gmt":"2026-04-08T12:41:30","slug":"konges-slojd-biteleke-blush-peacock","status":"publish","type":"product","link":"https:\/\/babylove.se\/no\/produkt\/konges-slojd-biteleke-blush-peacock\/","title":{"rendered":"Konges Sl\u00f8jd, biteleke Blush Peacock"},"content":{"rendered":"<p>Fantastisk biteleke i form av en p\u00e5fugl fra danske Konges Sl\u00f8jd! <\/p>\n<p>Biteleken gir lindring n\u00e5r tennene begynner \u00e5 vokse samt stimulerer barnets syn, h\u00f8rsel, lukt, f\u00f8lelse og smak. Kommer garantert til \u00e5 bli en elsket leke! <\/p>\n<p>Gummileken er h\u00e5ndmalt med matgodkjent farge. T\u00f8rkes forsiktig med en fuktig klut. <\/p>\n<p><strong>M<\/strong><strong>ateriale<\/strong>: 100 % naturgummi <\/p>\n<p>Obs! La aldri barnet v\u00e6re alene med biteleken og uten tilsyn! <\/p>\n<p>Designer: <a href=\"https:\/\/babylove.se\/varumarken\/konges-slojd\">Konges Sl\u00f8jd<\/a><\/p>\n","protected":false},"excerpt":{"rendered":"<p>Fantastisk biteleke i form av en p\u00e5fugl fra danske Konges Sl\u00f8jd! Biteleken gir lindring n\u00e5r tennene begynner \u00e5 vokse samt stimulerer barnets syn, h\u00f8rsel, lukt, f\u00f8lelse og smak. Kommer garantert til \u00e5 bli en elsket leke! Gummileken er h\u00e5ndmalt med matgodkjent farge. T\u00f8rkes forsiktig med en fuktig klut. Materiale: 100 % naturgummi Obs! La aldri [&hellip;]<\/p>\n","protected":false},"featured_media":53792,"comment_status":"closed","ping_status":"closed","template":"","meta":{"_acf_changed":false},"product_brand":[1544],"product_cat":[1773,1545],"product_tag":[1709],"class_list":{"0":"post-53790","1":"product","2":"type-product","3":"status-publish","4":"has-post-thumbnail","6":"product_brand-konges-slojd","7":"product_cat-babyleker","8":"product_cat-konges-slojd","9":"product_tag-utforsalg","11":"first","12":"instock","13":"taxable","14":"shipping-taxable","15":"purchasable","16":"product-type-simple"},"acf":[],"yoast_head":"<!-- This site is optimized with the Yoast SEO Premium plugin v25.8 (Yoast SEO v27.2) - https:\/\/yoast.com\/product\/yoast-seo-premium-wordpress\/ -->\n<title>Konges Sl\u00f8jd, biteleke Blush Peacock - Babylove Norska<\/title>\n<meta name=\"robots\" content=\"noindex, follow, max-snippet:-1, max-image-preview:large, max-video-preview:-1\" \/>\n<meta property=\"og:locale\" content=\"nb_NO\" \/>\n<meta property=\"og:type\" content=\"article\" \/>\n<meta property=\"og:title\" content=\"Konges Sl\u00f8jd, biteleke Blush Peacock\" \/>\n<meta property=\"og:description\" content=\"Fantastisk biteleke i form av en p\u00e5fugl fra danske Konges Sl\u00f8jd! Biteleken gir lindring n\u00e5r tennene begynner \u00e5 vokse samt stimulerer barnets syn, h\u00f8rsel, lukt, f\u00f8lelse og smak. Kommer garantert til \u00e5 bli en elsket leke! Gummileken er h\u00e5ndmalt med matgodkjent farge. T\u00f8rkes forsiktig med en fuktig klut. Materiale: 100 % naturgummi Obs! La aldri [&hellip;]\" \/>\n<meta property=\"og:url\" content=\"https:\/\/babylove.se\/no\/produkt\/konges-slojd-biteleke-blush-peacock\/\" \/>\n<meta property=\"og:site_name\" content=\"Babylove Norska\" \/>\n<meta property=\"article:modified_time\" content=\"2026-04-08T12:41:30+00:00\" \/>\n<meta property=\"og:image\" content=\"https:\/\/babylove.se\/no\/wp-content\/uploads\/sites\/3\/2025\/07\/64ce3ea6aae9f.jpeg\" \/>\n\t<meta property=\"og:image:width\" content=\"960\" \/>\n\t<meta property=\"og:image:height\" content=\"960\" \/>\n\t<meta property=\"og:image:type\" content=\"image\/jpeg\" \/>\n<meta name=\"twitter:card\" content=\"summary_large_image\" \/>\n<meta name=\"twitter:label1\" content=\"Price\" \/>\n\t<meta name=\"twitter:data1\" content=\"229,00&nbsp;&#107;&#114;\" \/>\n\t<meta name=\"twitter:label2\" content=\"Availability\" \/>\n\t<meta name=\"twitter:data2\" content=\"In stock\" \/>\n<script type=\"application\/ld+json\" class=\"yoast-schema-graph\">{\"@context\":\"https:\/\/schema.org\",\"@graph\":[{\"@type\":\"WebPage\",\"@id\":\"https:\/\/babylove.se\/no\/produkt\/konges-slojd-biteleke-blush-peacock\/\",\"url\":\"https:\/\/babylove.se\/no\/produkt\/konges-slojd-biteleke-blush-peacock\/\",\"name\":\"Konges Sl\u00f8jd, biteleke Blush Peacock - Babylove Norska\",\"isPartOf\":{\"@id\":\"https:\/\/babylove.se\/no\/#website\"},\"primaryImageOfPage\":{\"@id\":\"https:\/\/babylove.se\/no\/produkt\/konges-slojd-biteleke-blush-peacock\/#primaryimage\"},\"image\":{\"@id\":\"https:\/\/babylove.se\/no\/produkt\/konges-slojd-biteleke-blush-peacock\/#primaryimage\"},\"thumbnailUrl\":\"https:\/\/babylove.se\/no\/wp-content\/uploads\/sites\/3\/2025\/07\/64ce3ea6aae9f.jpeg\",\"datePublished\":\"2025-07-19T11:12:03+00:00\",\"dateModified\":\"2026-04-08T12:41:30+00:00\",\"breadcrumb\":{\"@id\":\"https:\/\/babylove.se\/no\/produkt\/konges-slojd-biteleke-blush-peacock\/#breadcrumb\"},\"inLanguage\":\"nb-NO\",\"potentialAction\":[{\"@type\":\"ReadAction\",\"target\":[\"https:\/\/babylove.se\/no\/produkt\/konges-slojd-biteleke-blush-peacock\/\"]}]},{\"@type\":\"ImageObject\",\"inLanguage\":\"nb-NO\",\"@id\":\"https:\/\/babylove.se\/no\/produkt\/konges-slojd-biteleke-blush-peacock\/#primaryimage\",\"url\":\"https:\/\/babylove.se\/no\/wp-content\/uploads\/sites\/3\/2025\/07\/64ce3ea6aae9f.jpeg\",\"contentUrl\":\"https:\/\/babylove.se\/no\/wp-content\/uploads\/sites\/3\/2025\/07\/64ce3ea6aae9f.jpeg\",\"width\":960,\"height\":960},{\"@type\":\"BreadcrumbList\",\"@id\":\"https:\/\/babylove.se\/no\/produkt\/konges-slojd-biteleke-blush-peacock\/#breadcrumb\",\"itemListElement\":[{\"@type\":\"ListItem\",\"position\":1,\"name\":\"Hem\",\"item\":\"https:\/\/babylove.se\/no\/\"},{\"@type\":\"ListItem\",\"position\":2,\"name\":\"Butik\",\"item\":\"https:\/\/babylove.se\/no\/butik\/\"},{\"@type\":\"ListItem\",\"position\":3,\"name\":\"Konges Sl\u00f8jd, biteleke Blush Peacock\"}]},{\"@type\":\"WebSite\",\"@id\":\"https:\/\/babylove.se\/no\/#website\",\"url\":\"https:\/\/babylove.se\/no\/\",\"name\":\"Babylove Norska\",\"description\":\"\",\"potentialAction\":[{\"@type\":\"SearchAction\",\"target\":{\"@type\":\"EntryPoint\",\"urlTemplate\":\"https:\/\/babylove.se\/no\/?s={search_term_string}\"},\"query-input\":{\"@type\":\"PropertyValueSpecification\",\"valueRequired\":true,\"valueName\":\"search_term_string\"}}],\"inLanguage\":\"nb-NO\"}]}<\/script>\n<meta property=\"product:brand\" content=\"Konges Sl\u00f8jd\" \/>\n<meta property=\"product:price:amount\" content=\"229.00\" \/>\n<meta property=\"product:price:currency\" content=\"SEK\" \/>\n<meta property=\"og:availability\" content=\"instock\" \/>\n<meta property=\"product:availability\" content=\"instock\" \/>\n<meta property=\"product:retailer_item_id\" content=\"KS6141Blush\" \/>\n<meta property=\"product:condition\" content=\"new\" \/>\n<!-- \/ Yoast SEO Premium plugin. -->","yoast_head_json":{"title":"Konges Sl\u00f8jd, biteleke Blush Peacock - Babylove Norska","robots":{"index":"noindex","follow":"follow","max-snippet":"max-snippet:-1","max-image-preview":"max-image-preview:large","max-video-preview":"max-video-preview:-1"},"og_locale":"nb_NO","og_type":"article","og_title":"Konges Sl\u00f8jd, biteleke Blush Peacock","og_description":"Fantastisk biteleke i form av en p\u00e5fugl fra danske Konges Sl\u00f8jd! Biteleken gir lindring n\u00e5r tennene begynner \u00e5 vokse samt stimulerer barnets syn, h\u00f8rsel, lukt, f\u00f8lelse og smak. Kommer garantert til \u00e5 bli en elsket leke! Gummileken er h\u00e5ndmalt med matgodkjent farge. T\u00f8rkes forsiktig med en fuktig klut. Materiale: 100 % naturgummi Obs! La aldri [&hellip;]","og_url":"https:\/\/babylove.se\/no\/produkt\/konges-slojd-biteleke-blush-peacock\/","og_site_name":"Babylove Norska","article_modified_time":"2026-04-08T12:41:30+00:00","og_image":[{"width":960,"height":960,"url":"https:\/\/babylove.se\/no\/wp-content\/uploads\/sites\/3\/2025\/07\/64ce3ea6aae9f.jpeg","type":"image\/jpeg"}],"twitter_card":"summary_large_image","twitter_misc":{"Price":"229,00&nbsp;&#107;&#114;","Availability":"In stock"},"schema":{"@context":"https:\/\/schema.org","@graph":[{"@type":"WebPage","@id":"https:\/\/babylove.se\/no\/produkt\/konges-slojd-biteleke-blush-peacock\/","url":"https:\/\/babylove.se\/no\/produkt\/konges-slojd-biteleke-blush-peacock\/","name":"Konges Sl\u00f8jd, biteleke Blush Peacock - Babylove Norska","isPartOf":{"@id":"https:\/\/babylove.se\/no\/#website"},"primaryImageOfPage":{"@id":"https:\/\/babylove.se\/no\/produkt\/konges-slojd-biteleke-blush-peacock\/#primaryimage"},"image":{"@id":"https:\/\/babylove.se\/no\/produkt\/konges-slojd-biteleke-blush-peacock\/#primaryimage"},"thumbnailUrl":"https:\/\/babylove.se\/no\/wp-content\/uploads\/sites\/3\/2025\/07\/64ce3ea6aae9f.jpeg","datePublished":"2025-07-19T11:12:03+00:00","dateModified":"2026-04-08T12:41:30+00:00","breadcrumb":{"@id":"https:\/\/babylove.se\/no\/produkt\/konges-slojd-biteleke-blush-peacock\/#breadcrumb"},"inLanguage":"nb-NO","potentialAction":[{"@type":"ReadAction","target":["https:\/\/babylove.se\/no\/produkt\/konges-slojd-biteleke-blush-peacock\/"]}]},{"@type":"ImageObject","inLanguage":"nb-NO","@id":"https:\/\/babylove.se\/no\/produkt\/konges-slojd-biteleke-blush-peacock\/#primaryimage","url":"https:\/\/babylove.se\/no\/wp-content\/uploads\/sites\/3\/2025\/07\/64ce3ea6aae9f.jpeg","contentUrl":"https:\/\/babylove.se\/no\/wp-content\/uploads\/sites\/3\/2025\/07\/64ce3ea6aae9f.jpeg","width":960,"height":960},{"@type":"BreadcrumbList","@id":"https:\/\/babylove.se\/no\/produkt\/konges-slojd-biteleke-blush-peacock\/#breadcrumb","itemListElement":[{"@type":"ListItem","position":1,"name":"Hem","item":"https:\/\/babylove.se\/no\/"},{"@type":"ListItem","position":2,"name":"Butik","item":"https:\/\/babylove.se\/no\/butik\/"},{"@type":"ListItem","position":3,"name":"Konges Sl\u00f8jd, biteleke Blush Peacock"}]},{"@type":"WebSite","@id":"https:\/\/babylove.se\/no\/#website","url":"https:\/\/babylove.se\/no\/","name":"Babylove Norska","description":"","potentialAction":[{"@type":"SearchAction","target":{"@type":"EntryPoint","urlTemplate":"https:\/\/babylove.se\/no\/?s={search_term_string}"},"query-input":{"@type":"PropertyValueSpecification","valueRequired":true,"valueName":"search_term_string"}}],"inLanguage":"nb-NO"}]},"product_brand":"Konges Sl\u00f8jd","product_price_amount":"229.00","product_price_currency":"SEK","og_availability":"instock","product_availability":"instock","product_retailer_item_id":"KS6141Blush","product_condition":"new"},"_links":{"self":[{"href":"https:\/\/babylove.se\/no\/wp-json\/wp\/v2\/product\/53790","targetHints":{"allow":["GET"]}}],"collection":[{"href":"https:\/\/babylove.se\/no\/wp-json\/wp\/v2\/product"}],"about":[{"href":"https:\/\/babylove.se\/no\/wp-json\/wp\/v2\/types\/product"}],"replies":[{"embeddable":true,"href":"https:\/\/babylove.se\/no\/wp-json\/wp\/v2\/comments?post=53790"}],"wp:featuredmedia":[{"embeddable":true,"href":"https:\/\/babylove.se\/no\/wp-json\/wp\/v2\/media\/53792"}],"wp:attachment":[{"href":"https:\/\/babylove.se\/no\/wp-json\/wp\/v2\/media?parent=53790"}],"wp:term":[{"taxonomy":"product_brand","embeddable":true,"href":"https:\/\/babylove.se\/no\/wp-json\/wp\/v2\/product_brand?post=53790"},{"taxonomy":"product_cat","embeddable":true,"href":"https:\/\/babylove.se\/no\/wp-json\/wp\/v2\/product_cat?post=53790"},{"taxonomy":"product_tag","embeddable":true,"href":"https:\/\/babylove.se\/no\/wp-json\/wp\/v2\/product_tag?post=53790"}],"curies":[{"name":"wp","href":"https:\/\/api.w.org\/{rel}","templated":true}]}}