{"id":53876,"date":"2025-07-19T12:13:07","date_gmt":"2025-07-19T11:13:07","guid":{"rendered":"https:\/\/babylove.se\/produkt\/natur-byra-med-fyra-lador-till-barnrummet\/"},"modified":"2026-04-08T13:42:02","modified_gmt":"2026-04-08T12:42:02","slug":"natur-byra-med-fire-skuffer-til-barnerommet","status":"publish","type":"product","link":"https:\/\/babylove.se\/no\/produkt\/natur-byra-med-fire-skuffer-til-barnerommet\/","title":{"rendered":"Natur byr\u00e5 med fire skuffer til barnerommet"},"content":{"rendered":"<p>En fin kommode i klassisk design med mye oppbevaring! <\/p>\n<p>Det er en romslig kommode hvor barnet kan oppbevare sine mest verdifulle eiendeler og sine fineste b\u00f8ker. <\/p>\n<p>Du velger selv om du \u00f8nsker \u00e5 ha skuffene i natur eller i andre farger. P\u00e5 den m\u00e5ten kan du tilpasse kommoden helt etter innredningen i akkurat ditt barnerom. Skuffene har \u00e5pninger og de kan selvf\u00f8lgelig ogs\u00e5 brukes separat som fine oppbevaringsbokser, en meget fleksibel og fin konstruksjon. <\/p>\n<p><strong>M\u00e5l<\/strong>: H\u00f8yde: 54 cm. Bredde: 63 cm. Dybde: 18,5 cm. <\/p>\n<p><span style=\"background-color: initial; text-align: initial;\"><u>Tilgjengelige<\/u><\/span><u> farger finner du p\u00e5 andre bildet.<\/u><\/p>\n","protected":false},"excerpt":{"rendered":"<p>En fin kommode i klassisk design med mye oppbevaring! Det er en romslig kommode hvor barnet kan oppbevare sine mest verdifulle eiendeler og sine fineste b\u00f8ker. Du velger selv om du \u00f8nsker \u00e5 ha skuffene i natur eller i andre farger. P\u00e5 den m\u00e5ten kan du tilpasse kommoden helt etter innredningen i akkurat ditt barnerom. [&hellip;]<\/p>\n","protected":false},"featured_media":53878,"comment_status":"closed","ping_status":"closed","template":"","meta":{"_acf_changed":false},"product_brand":[78],"product_cat":[147,81,595,367],"product_tag":[1689],"class_list":{"0":"post-53876","1":"product","2":"type-product","3":"status-publish","4":"has-post-thumbnail","6":"product_brand-bambooko","7":"product_cat-back-to-school","8":"product_cat-bambooko","9":"product_cat-garderobe","10":"product_cat-byra","11":"product_tag-bestillingsvaror","13":"first","14":"instock","15":"taxable","16":"shipping-taxable","17":"purchasable","18":"product-type-simple"},"acf":[],"yoast_head":"<!-- This site is optimized with the Yoast SEO Premium plugin v25.8 (Yoast SEO v27.2) - https:\/\/yoast.com\/product\/yoast-seo-premium-wordpress\/ -->\n<title>Natur byr\u00e5 med fire skuffer til barnerommet - Babylove Norska<\/title>\n<meta name=\"robots\" content=\"noindex, follow, max-snippet:-1, max-image-preview:large, max-video-preview:-1\" \/>\n<meta property=\"og:locale\" content=\"nb_NO\" \/>\n<meta property=\"og:type\" content=\"article\" \/>\n<meta property=\"og:title\" content=\"Natur byr\u00e5 med fire skuffer til barnerommet\" \/>\n<meta property=\"og:description\" content=\"En fin kommode i klassisk design med mye oppbevaring! Det er en romslig kommode hvor barnet kan oppbevare sine mest verdifulle eiendeler og sine fineste b\u00f8ker. Du velger selv om du \u00f8nsker \u00e5 ha skuffene i natur eller i andre farger. P\u00e5 den m\u00e5ten kan du tilpasse kommoden helt etter innredningen i akkurat ditt barnerom. [&hellip;]\" \/>\n<meta property=\"og:url\" content=\"https:\/\/babylove.se\/no\/produkt\/natur-byra-med-fire-skuffer-til-barnerommet\/\" \/>\n<meta property=\"og:site_name\" content=\"Babylove Norska\" \/>\n<meta property=\"article:modified_time\" content=\"2026-04-08T12:42:02+00:00\" \/>\n<meta property=\"og:image\" content=\"https:\/\/babylove.se\/no\/wp-content\/uploads\/sites\/3\/2025\/07\/64db2d1b4edd5.jpeg\" \/>\n\t<meta property=\"og:image:width\" content=\"436\" \/>\n\t<meta property=\"og:image:height\" content=\"582\" \/>\n\t<meta property=\"og:image:type\" content=\"image\/jpeg\" \/>\n<meta name=\"twitter:card\" content=\"summary_large_image\" \/>\n<meta name=\"twitter:label1\" content=\"Price\" \/>\n\t<meta name=\"twitter:data1\" content=\"3 999,00&nbsp;&#107;&#114;\" \/>\n\t<meta name=\"twitter:label2\" content=\"Availability\" \/>\n\t<meta name=\"twitter:data2\" content=\"In stock\" \/>\n<script type=\"application\/ld+json\" class=\"yoast-schema-graph\">{\"@context\":\"https:\/\/schema.org\",\"@graph\":[{\"@type\":\"WebPage\",\"@id\":\"https:\/\/babylove.se\/no\/produkt\/natur-byra-med-fire-skuffer-til-barnerommet\/\",\"url\":\"https:\/\/babylove.se\/no\/produkt\/natur-byra-med-fire-skuffer-til-barnerommet\/\",\"name\":\"Natur byr\u00e5 med fire skuffer til barnerommet - Babylove Norska\",\"isPartOf\":{\"@id\":\"https:\/\/babylove.se\/no\/#website\"},\"primaryImageOfPage\":{\"@id\":\"https:\/\/babylove.se\/no\/produkt\/natur-byra-med-fire-skuffer-til-barnerommet\/#primaryimage\"},\"image\":{\"@id\":\"https:\/\/babylove.se\/no\/produkt\/natur-byra-med-fire-skuffer-til-barnerommet\/#primaryimage\"},\"thumbnailUrl\":\"https:\/\/babylove.se\/no\/wp-content\/uploads\/sites\/3\/2025\/07\/64db2d1b4edd5.jpeg\",\"datePublished\":\"2025-07-19T11:13:07+00:00\",\"dateModified\":\"2026-04-08T12:42:02+00:00\",\"breadcrumb\":{\"@id\":\"https:\/\/babylove.se\/no\/produkt\/natur-byra-med-fire-skuffer-til-barnerommet\/#breadcrumb\"},\"inLanguage\":\"nb-NO\",\"potentialAction\":[{\"@type\":\"ReadAction\",\"target\":[\"https:\/\/babylove.se\/no\/produkt\/natur-byra-med-fire-skuffer-til-barnerommet\/\"]}]},{\"@type\":\"ImageObject\",\"inLanguage\":\"nb-NO\",\"@id\":\"https:\/\/babylove.se\/no\/produkt\/natur-byra-med-fire-skuffer-til-barnerommet\/#primaryimage\",\"url\":\"https:\/\/babylove.se\/no\/wp-content\/uploads\/sites\/3\/2025\/07\/64db2d1b4edd5.jpeg\",\"contentUrl\":\"https:\/\/babylove.se\/no\/wp-content\/uploads\/sites\/3\/2025\/07\/64db2d1b4edd5.jpeg\",\"width\":436,\"height\":582},{\"@type\":\"BreadcrumbList\",\"@id\":\"https:\/\/babylove.se\/no\/produkt\/natur-byra-med-fire-skuffer-til-barnerommet\/#breadcrumb\",\"itemListElement\":[{\"@type\":\"ListItem\",\"position\":1,\"name\":\"Hem\",\"item\":\"https:\/\/babylove.se\/no\/\"},{\"@type\":\"ListItem\",\"position\":2,\"name\":\"Butik\",\"item\":\"https:\/\/babylove.se\/no\/butik\/\"},{\"@type\":\"ListItem\",\"position\":3,\"name\":\"Natur byr\u00e5 med fire skuffer til barnerommet\"}]},{\"@type\":\"WebSite\",\"@id\":\"https:\/\/babylove.se\/no\/#website\",\"url\":\"https:\/\/babylove.se\/no\/\",\"name\":\"Babylove Norska\",\"description\":\"\",\"potentialAction\":[{\"@type\":\"SearchAction\",\"target\":{\"@type\":\"EntryPoint\",\"urlTemplate\":\"https:\/\/babylove.se\/no\/?s={search_term_string}\"},\"query-input\":{\"@type\":\"PropertyValueSpecification\",\"valueRequired\":true,\"valueName\":\"search_term_string\"}}],\"inLanguage\":\"nb-NO\"}]}<\/script>\n<meta property=\"product:brand\" content=\"Bambooko\" \/>\n<meta property=\"product:price:amount\" content=\"3999.00\" \/>\n<meta property=\"product:price:currency\" content=\"SEK\" \/>\n<meta property=\"og:availability\" content=\"instock\" \/>\n<meta property=\"product:availability\" content=\"instock\" \/>\n<meta property=\"product:retailer_item_id\" content=\"7699\" \/>\n<meta property=\"product:condition\" content=\"new\" \/>\n<!-- \/ Yoast SEO Premium plugin. -->","yoast_head_json":{"title":"Natur byr\u00e5 med fire skuffer til barnerommet - Babylove Norska","robots":{"index":"noindex","follow":"follow","max-snippet":"max-snippet:-1","max-image-preview":"max-image-preview:large","max-video-preview":"max-video-preview:-1"},"og_locale":"nb_NO","og_type":"article","og_title":"Natur byr\u00e5 med fire skuffer til barnerommet","og_description":"En fin kommode i klassisk design med mye oppbevaring! Det er en romslig kommode hvor barnet kan oppbevare sine mest verdifulle eiendeler og sine fineste b\u00f8ker. Du velger selv om du \u00f8nsker \u00e5 ha skuffene i natur eller i andre farger. P\u00e5 den m\u00e5ten kan du tilpasse kommoden helt etter innredningen i akkurat ditt barnerom. [&hellip;]","og_url":"https:\/\/babylove.se\/no\/produkt\/natur-byra-med-fire-skuffer-til-barnerommet\/","og_site_name":"Babylove Norska","article_modified_time":"2026-04-08T12:42:02+00:00","og_image":[{"width":436,"height":582,"url":"https:\/\/babylove.se\/no\/wp-content\/uploads\/sites\/3\/2025\/07\/64db2d1b4edd5.jpeg","type":"image\/jpeg"}],"twitter_card":"summary_large_image","twitter_misc":{"Price":"3 999,00&nbsp;&#107;&#114;","Availability":"In stock"},"schema":{"@context":"https:\/\/schema.org","@graph":[{"@type":"WebPage","@id":"https:\/\/babylove.se\/no\/produkt\/natur-byra-med-fire-skuffer-til-barnerommet\/","url":"https:\/\/babylove.se\/no\/produkt\/natur-byra-med-fire-skuffer-til-barnerommet\/","name":"Natur byr\u00e5 med fire skuffer til barnerommet - Babylove Norska","isPartOf":{"@id":"https:\/\/babylove.se\/no\/#website"},"primaryImageOfPage":{"@id":"https:\/\/babylove.se\/no\/produkt\/natur-byra-med-fire-skuffer-til-barnerommet\/#primaryimage"},"image":{"@id":"https:\/\/babylove.se\/no\/produkt\/natur-byra-med-fire-skuffer-til-barnerommet\/#primaryimage"},"thumbnailUrl":"https:\/\/babylove.se\/no\/wp-content\/uploads\/sites\/3\/2025\/07\/64db2d1b4edd5.jpeg","datePublished":"2025-07-19T11:13:07+00:00","dateModified":"2026-04-08T12:42:02+00:00","breadcrumb":{"@id":"https:\/\/babylove.se\/no\/produkt\/natur-byra-med-fire-skuffer-til-barnerommet\/#breadcrumb"},"inLanguage":"nb-NO","potentialAction":[{"@type":"ReadAction","target":["https:\/\/babylove.se\/no\/produkt\/natur-byra-med-fire-skuffer-til-barnerommet\/"]}]},{"@type":"ImageObject","inLanguage":"nb-NO","@id":"https:\/\/babylove.se\/no\/produkt\/natur-byra-med-fire-skuffer-til-barnerommet\/#primaryimage","url":"https:\/\/babylove.se\/no\/wp-content\/uploads\/sites\/3\/2025\/07\/64db2d1b4edd5.jpeg","contentUrl":"https:\/\/babylove.se\/no\/wp-content\/uploads\/sites\/3\/2025\/07\/64db2d1b4edd5.jpeg","width":436,"height":582},{"@type":"BreadcrumbList","@id":"https:\/\/babylove.se\/no\/produkt\/natur-byra-med-fire-skuffer-til-barnerommet\/#breadcrumb","itemListElement":[{"@type":"ListItem","position":1,"name":"Hem","item":"https:\/\/babylove.se\/no\/"},{"@type":"ListItem","position":2,"name":"Butik","item":"https:\/\/babylove.se\/no\/butik\/"},{"@type":"ListItem","position":3,"name":"Natur byr\u00e5 med fire skuffer til barnerommet"}]},{"@type":"WebSite","@id":"https:\/\/babylove.se\/no\/#website","url":"https:\/\/babylove.se\/no\/","name":"Babylove Norska","description":"","potentialAction":[{"@type":"SearchAction","target":{"@type":"EntryPoint","urlTemplate":"https:\/\/babylove.se\/no\/?s={search_term_string}"},"query-input":{"@type":"PropertyValueSpecification","valueRequired":true,"valueName":"search_term_string"}}],"inLanguage":"nb-NO"}]},"product_brand":"Bambooko","product_price_amount":"3999.00","product_price_currency":"SEK","og_availability":"instock","product_availability":"instock","product_retailer_item_id":"7699","product_condition":"new"},"_links":{"self":[{"href":"https:\/\/babylove.se\/no\/wp-json\/wp\/v2\/product\/53876","targetHints":{"allow":["GET"]}}],"collection":[{"href":"https:\/\/babylove.se\/no\/wp-json\/wp\/v2\/product"}],"about":[{"href":"https:\/\/babylove.se\/no\/wp-json\/wp\/v2\/types\/product"}],"replies":[{"embeddable":true,"href":"https:\/\/babylove.se\/no\/wp-json\/wp\/v2\/comments?post=53876"}],"wp:featuredmedia":[{"embeddable":true,"href":"https:\/\/babylove.se\/no\/wp-json\/wp\/v2\/media\/53878"}],"wp:attachment":[{"href":"https:\/\/babylove.se\/no\/wp-json\/wp\/v2\/media?parent=53876"}],"wp:term":[{"taxonomy":"product_brand","embeddable":true,"href":"https:\/\/babylove.se\/no\/wp-json\/wp\/v2\/product_brand?post=53876"},{"taxonomy":"product_cat","embeddable":true,"href":"https:\/\/babylove.se\/no\/wp-json\/wp\/v2\/product_cat?post=53876"},{"taxonomy":"product_tag","embeddable":true,"href":"https:\/\/babylove.se\/no\/wp-json\/wp\/v2\/product_tag?post=53876"}],"curies":[{"name":"wp","href":"https:\/\/api.w.org\/{rel}","templated":true}]}}