{"id":53882,"date":"2025-07-19T12:13:07","date_gmt":"2025-07-19T11:13:07","guid":{"rendered":"https:\/\/babylove.se\/produkt\/rustikt-sangbord-till-barnrummet\/"},"modified":"2026-04-08T13:42:05","modified_gmt":"2026-04-08T12:42:05","slug":"rustikt-sangbord-til-barnerommet","status":"publish","type":"product","link":"https:\/\/babylove.se\/no\/produkt\/rustikt-sangbord-til-barnerommet\/","title":{"rendered":"Rustikt sengebord til barnerommet"},"content":{"rendered":"<p>Vakkert sengebord i romantisk stil til barnerommet! <\/p>\n<p>Denne vidunderlige m\u00f8belen med rustikk sjarm vil l\u00f8fte barnerommets innredning til himmelske h\u00f8yder. Sengbordet ser superfint ut plassert ved siden av sengen, men fungerer ogs\u00e5 utmerket som en frittst\u00e5ende gulvhylle. <\/p>\n<p>Du velger selv fargen p\u00e5 sengbordet. P\u00e5 den m\u00e5ten kan du tilpasse det helt etter innredningen i akkurat ditt barnerom. Selvf\u00f8lgelig malt med sikre lekesertifiserte farger som er fri for lukt. <\/p>\n<p><strong>M\u00e5l:<\/strong> H\u00f8yde: ca 51 cm. Dybde: ca 30 cm. Bredde: ca 46 cm. <\/p>\n<p><u>Tilgjengelige farger finnes p\u00e5 andre bildet.<\/u><\/p>\n","protected":false},"excerpt":{"rendered":"<p>Vakkert sengebord i romantisk stil til barnerommet! Denne vidunderlige m\u00f8belen med rustikk sjarm vil l\u00f8fte barnerommets innredning til himmelske h\u00f8yder. Sengbordet ser superfint ut plassert ved siden av sengen, men fungerer ogs\u00e5 utmerket som en frittst\u00e5ende gulvhylle. Du velger selv fargen p\u00e5 sengbordet. P\u00e5 den m\u00e5ten kan du tilpasse det helt etter innredningen i akkurat [&hellip;]<\/p>\n","protected":false},"featured_media":53884,"comment_status":"closed","ping_status":"closed","template":"","meta":{"_acf_changed":false},"product_brand":[78],"product_cat":[81,85,104],"product_tag":[1689],"class_list":{"0":"post-53882","1":"product","2":"type-product","3":"status-publish","4":"has-post-thumbnail","6":"product_brand-bambooko","7":"product_cat-bambooko","8":"product_cat-bord","9":"product_cat-sangbord","10":"product_tag-bestillingsvaror","12":"first","13":"instock","14":"taxable","15":"shipping-taxable","16":"purchasable","17":"product-type-simple"},"acf":[],"yoast_head":"<!-- This site is optimized with the Yoast SEO Premium plugin v25.8 (Yoast SEO v27.2) - https:\/\/yoast.com\/product\/yoast-seo-premium-wordpress\/ -->\n<title>Rustikt sengebord til barnerommet - Babylove Norska<\/title>\n<meta name=\"robots\" content=\"noindex, follow, max-snippet:-1, max-image-preview:large, max-video-preview:-1\" \/>\n<meta property=\"og:locale\" content=\"nb_NO\" \/>\n<meta property=\"og:type\" content=\"article\" \/>\n<meta property=\"og:title\" content=\"Rustikt sengebord til barnerommet\" \/>\n<meta property=\"og:description\" content=\"Vakkert sengebord i romantisk stil til barnerommet! Denne vidunderlige m\u00f8belen med rustikk sjarm vil l\u00f8fte barnerommets innredning til himmelske h\u00f8yder. Sengbordet ser superfint ut plassert ved siden av sengen, men fungerer ogs\u00e5 utmerket som en frittst\u00e5ende gulvhylle. Du velger selv fargen p\u00e5 sengbordet. P\u00e5 den m\u00e5ten kan du tilpasse det helt etter innredningen i akkurat [&hellip;]\" \/>\n<meta property=\"og:url\" content=\"https:\/\/babylove.se\/no\/produkt\/rustikt-sangbord-til-barnerommet\/\" \/>\n<meta property=\"og:site_name\" content=\"Babylove Norska\" \/>\n<meta property=\"article:modified_time\" content=\"2026-04-08T12:42:05+00:00\" \/>\n<meta property=\"og:image\" content=\"https:\/\/babylove.se\/no\/wp-content\/uploads\/sites\/3\/2025\/07\/64db3ada7d4c0.jpeg\" \/>\n\t<meta property=\"og:image:width\" content=\"464\" \/>\n\t<meta property=\"og:image:height\" content=\"572\" \/>\n\t<meta property=\"og:image:type\" content=\"image\/jpeg\" \/>\n<meta name=\"twitter:card\" content=\"summary_large_image\" \/>\n<meta name=\"twitter:label1\" content=\"Price\" \/>\n\t<meta name=\"twitter:data1\" content=\"3 499,00&nbsp;&#107;&#114;\" \/>\n\t<meta name=\"twitter:label2\" content=\"Availability\" \/>\n\t<meta name=\"twitter:data2\" content=\"In stock\" \/>\n<script type=\"application\/ld+json\" class=\"yoast-schema-graph\">{\"@context\":\"https:\/\/schema.org\",\"@graph\":[{\"@type\":\"WebPage\",\"@id\":\"https:\/\/babylove.se\/no\/produkt\/rustikt-sangbord-til-barnerommet\/\",\"url\":\"https:\/\/babylove.se\/no\/produkt\/rustikt-sangbord-til-barnerommet\/\",\"name\":\"Rustikt sengebord til barnerommet - Babylove Norska\",\"isPartOf\":{\"@id\":\"https:\/\/babylove.se\/no\/#website\"},\"primaryImageOfPage\":{\"@id\":\"https:\/\/babylove.se\/no\/produkt\/rustikt-sangbord-til-barnerommet\/#primaryimage\"},\"image\":{\"@id\":\"https:\/\/babylove.se\/no\/produkt\/rustikt-sangbord-til-barnerommet\/#primaryimage\"},\"thumbnailUrl\":\"https:\/\/babylove.se\/no\/wp-content\/uploads\/sites\/3\/2025\/07\/64db3ada7d4c0.jpeg\",\"datePublished\":\"2025-07-19T11:13:07+00:00\",\"dateModified\":\"2026-04-08T12:42:05+00:00\",\"breadcrumb\":{\"@id\":\"https:\/\/babylove.se\/no\/produkt\/rustikt-sangbord-til-barnerommet\/#breadcrumb\"},\"inLanguage\":\"nb-NO\",\"potentialAction\":[{\"@type\":\"ReadAction\",\"target\":[\"https:\/\/babylove.se\/no\/produkt\/rustikt-sangbord-til-barnerommet\/\"]}]},{\"@type\":\"ImageObject\",\"inLanguage\":\"nb-NO\",\"@id\":\"https:\/\/babylove.se\/no\/produkt\/rustikt-sangbord-til-barnerommet\/#primaryimage\",\"url\":\"https:\/\/babylove.se\/no\/wp-content\/uploads\/sites\/3\/2025\/07\/64db3ada7d4c0.jpeg\",\"contentUrl\":\"https:\/\/babylove.se\/no\/wp-content\/uploads\/sites\/3\/2025\/07\/64db3ada7d4c0.jpeg\",\"width\":464,\"height\":572},{\"@type\":\"BreadcrumbList\",\"@id\":\"https:\/\/babylove.se\/no\/produkt\/rustikt-sangbord-til-barnerommet\/#breadcrumb\",\"itemListElement\":[{\"@type\":\"ListItem\",\"position\":1,\"name\":\"Hem\",\"item\":\"https:\/\/babylove.se\/no\/\"},{\"@type\":\"ListItem\",\"position\":2,\"name\":\"Butik\",\"item\":\"https:\/\/babylove.se\/no\/butik\/\"},{\"@type\":\"ListItem\",\"position\":3,\"name\":\"Rustikt sengebord til barnerommet\"}]},{\"@type\":\"WebSite\",\"@id\":\"https:\/\/babylove.se\/no\/#website\",\"url\":\"https:\/\/babylove.se\/no\/\",\"name\":\"Babylove Norska\",\"description\":\"\",\"potentialAction\":[{\"@type\":\"SearchAction\",\"target\":{\"@type\":\"EntryPoint\",\"urlTemplate\":\"https:\/\/babylove.se\/no\/?s={search_term_string}\"},\"query-input\":{\"@type\":\"PropertyValueSpecification\",\"valueRequired\":true,\"valueName\":\"search_term_string\"}}],\"inLanguage\":\"nb-NO\"}]}<\/script>\n<meta property=\"product:brand\" content=\"Bambooko\" \/>\n<meta property=\"product:price:amount\" content=\"3499.00\" \/>\n<meta property=\"product:price:currency\" content=\"SEK\" \/>\n<meta property=\"og:availability\" content=\"instock\" \/>\n<meta property=\"product:availability\" content=\"instock\" \/>\n<meta property=\"product:retailer_item_id\" content=\"7700\" \/>\n<meta property=\"product:condition\" content=\"new\" \/>\n<!-- \/ Yoast SEO Premium plugin. -->","yoast_head_json":{"title":"Rustikt sengebord til barnerommet - Babylove Norska","robots":{"index":"noindex","follow":"follow","max-snippet":"max-snippet:-1","max-image-preview":"max-image-preview:large","max-video-preview":"max-video-preview:-1"},"og_locale":"nb_NO","og_type":"article","og_title":"Rustikt sengebord til barnerommet","og_description":"Vakkert sengebord i romantisk stil til barnerommet! Denne vidunderlige m\u00f8belen med rustikk sjarm vil l\u00f8fte barnerommets innredning til himmelske h\u00f8yder. Sengbordet ser superfint ut plassert ved siden av sengen, men fungerer ogs\u00e5 utmerket som en frittst\u00e5ende gulvhylle. Du velger selv fargen p\u00e5 sengbordet. P\u00e5 den m\u00e5ten kan du tilpasse det helt etter innredningen i akkurat [&hellip;]","og_url":"https:\/\/babylove.se\/no\/produkt\/rustikt-sangbord-til-barnerommet\/","og_site_name":"Babylove Norska","article_modified_time":"2026-04-08T12:42:05+00:00","og_image":[{"width":464,"height":572,"url":"https:\/\/babylove.se\/no\/wp-content\/uploads\/sites\/3\/2025\/07\/64db3ada7d4c0.jpeg","type":"image\/jpeg"}],"twitter_card":"summary_large_image","twitter_misc":{"Price":"3 499,00&nbsp;&#107;&#114;","Availability":"In stock"},"schema":{"@context":"https:\/\/schema.org","@graph":[{"@type":"WebPage","@id":"https:\/\/babylove.se\/no\/produkt\/rustikt-sangbord-til-barnerommet\/","url":"https:\/\/babylove.se\/no\/produkt\/rustikt-sangbord-til-barnerommet\/","name":"Rustikt sengebord til barnerommet - Babylove Norska","isPartOf":{"@id":"https:\/\/babylove.se\/no\/#website"},"primaryImageOfPage":{"@id":"https:\/\/babylove.se\/no\/produkt\/rustikt-sangbord-til-barnerommet\/#primaryimage"},"image":{"@id":"https:\/\/babylove.se\/no\/produkt\/rustikt-sangbord-til-barnerommet\/#primaryimage"},"thumbnailUrl":"https:\/\/babylove.se\/no\/wp-content\/uploads\/sites\/3\/2025\/07\/64db3ada7d4c0.jpeg","datePublished":"2025-07-19T11:13:07+00:00","dateModified":"2026-04-08T12:42:05+00:00","breadcrumb":{"@id":"https:\/\/babylove.se\/no\/produkt\/rustikt-sangbord-til-barnerommet\/#breadcrumb"},"inLanguage":"nb-NO","potentialAction":[{"@type":"ReadAction","target":["https:\/\/babylove.se\/no\/produkt\/rustikt-sangbord-til-barnerommet\/"]}]},{"@type":"ImageObject","inLanguage":"nb-NO","@id":"https:\/\/babylove.se\/no\/produkt\/rustikt-sangbord-til-barnerommet\/#primaryimage","url":"https:\/\/babylove.se\/no\/wp-content\/uploads\/sites\/3\/2025\/07\/64db3ada7d4c0.jpeg","contentUrl":"https:\/\/babylove.se\/no\/wp-content\/uploads\/sites\/3\/2025\/07\/64db3ada7d4c0.jpeg","width":464,"height":572},{"@type":"BreadcrumbList","@id":"https:\/\/babylove.se\/no\/produkt\/rustikt-sangbord-til-barnerommet\/#breadcrumb","itemListElement":[{"@type":"ListItem","position":1,"name":"Hem","item":"https:\/\/babylove.se\/no\/"},{"@type":"ListItem","position":2,"name":"Butik","item":"https:\/\/babylove.se\/no\/butik\/"},{"@type":"ListItem","position":3,"name":"Rustikt sengebord til barnerommet"}]},{"@type":"WebSite","@id":"https:\/\/babylove.se\/no\/#website","url":"https:\/\/babylove.se\/no\/","name":"Babylove Norska","description":"","potentialAction":[{"@type":"SearchAction","target":{"@type":"EntryPoint","urlTemplate":"https:\/\/babylove.se\/no\/?s={search_term_string}"},"query-input":{"@type":"PropertyValueSpecification","valueRequired":true,"valueName":"search_term_string"}}],"inLanguage":"nb-NO"}]},"product_brand":"Bambooko","product_price_amount":"3499.00","product_price_currency":"SEK","og_availability":"instock","product_availability":"instock","product_retailer_item_id":"7700","product_condition":"new"},"_links":{"self":[{"href":"https:\/\/babylove.se\/no\/wp-json\/wp\/v2\/product\/53882","targetHints":{"allow":["GET"]}}],"collection":[{"href":"https:\/\/babylove.se\/no\/wp-json\/wp\/v2\/product"}],"about":[{"href":"https:\/\/babylove.se\/no\/wp-json\/wp\/v2\/types\/product"}],"replies":[{"embeddable":true,"href":"https:\/\/babylove.se\/no\/wp-json\/wp\/v2\/comments?post=53882"}],"wp:featuredmedia":[{"embeddable":true,"href":"https:\/\/babylove.se\/no\/wp-json\/wp\/v2\/media\/53884"}],"wp:attachment":[{"href":"https:\/\/babylove.se\/no\/wp-json\/wp\/v2\/media?parent=53882"}],"wp:term":[{"taxonomy":"product_brand","embeddable":true,"href":"https:\/\/babylove.se\/no\/wp-json\/wp\/v2\/product_brand?post=53882"},{"taxonomy":"product_cat","embeddable":true,"href":"https:\/\/babylove.se\/no\/wp-json\/wp\/v2\/product_cat?post=53882"},{"taxonomy":"product_tag","embeddable":true,"href":"https:\/\/babylove.se\/no\/wp-json\/wp\/v2\/product_tag?post=53882"}],"curies":[{"name":"wp","href":"https:\/\/api.w.org\/{rel}","templated":true}]}}