{"id":53893,"date":"2025-07-19T12:13:07","date_gmt":"2025-07-19T11:13:07","guid":{"rendered":"https:\/\/babylove.se\/produkt\/rustikt-sangbord-till-barnrummet-natur\/"},"modified":"2026-04-08T13:42:11","modified_gmt":"2026-04-08T12:42:11","slug":"rustikk-sangbord-til-barnerommet-natur","status":"publish","type":"product","link":"https:\/\/babylove.se\/no\/produkt\/rustikk-sangbord-til-barnerommet-natur\/","title":{"rendered":"Rustikt nattbord til barnerommet, natur"},"content":{"rendered":"<p>Vakkert nattbord i romantisk stil til barnerommet! <\/p>\n<p>Denne fantastiske m\u00f8belen med rustikk sjarm vil l\u00f8fte barneroms-innredningen din til himmelske h\u00f8yder. Sengebordet ser superfint ut plassert ved siden av sengen, men fungerer ogs\u00e5 utmerket som en frittst\u00e5ende gulvhylle. <\/p>\n<p><strong>M\u00e5l:<\/strong> H\u00f8yde: ca 51 cm. Dybde: ca 30 cm. Bredde: ca 46 cm.<\/p>\n","protected":false},"excerpt":{"rendered":"<p>Vakkert nattbord i romantisk stil til barnerommet! Denne fantastiske m\u00f8belen med rustikk sjarm vil l\u00f8fte barneroms-innredningen din til himmelske h\u00f8yder. Sengebordet ser superfint ut plassert ved siden av sengen, men fungerer ogs\u00e5 utmerket som en frittst\u00e5ende gulvhylle. M\u00e5l: H\u00f8yde: ca 51 cm. Dybde: ca 30 cm. Bredde: ca 46 cm.<\/p>\n","protected":false},"featured_media":53895,"comment_status":"closed","ping_status":"closed","template":"","meta":{"_acf_changed":false},"product_brand":[78],"product_cat":[81,85,104],"product_tag":[1689],"class_list":{"0":"post-53893","1":"product","2":"type-product","3":"status-publish","4":"has-post-thumbnail","6":"product_brand-bambooko","7":"product_cat-bambooko","8":"product_cat-bord","9":"product_cat-sangbord","10":"product_tag-bestillingsvaror","12":"first","13":"instock","14":"taxable","15":"shipping-taxable","16":"purchasable","17":"product-type-simple"},"acf":[],"yoast_head":"<!-- This site is optimized with the Yoast SEO Premium plugin v25.8 (Yoast SEO v27.2) - https:\/\/yoast.com\/product\/yoast-seo-premium-wordpress\/ -->\n<title>Rustikt nattbord til barnerommet, natur - Babylove Norska<\/title>\n<meta name=\"robots\" content=\"noindex, follow, max-snippet:-1, max-image-preview:large, max-video-preview:-1\" \/>\n<meta property=\"og:locale\" content=\"nb_NO\" \/>\n<meta property=\"og:type\" content=\"article\" \/>\n<meta property=\"og:title\" content=\"Rustikt nattbord til barnerommet, natur\" \/>\n<meta property=\"og:description\" content=\"Vakkert nattbord i romantisk stil til barnerommet! Denne fantastiske m\u00f8belen med rustikk sjarm vil l\u00f8fte barneroms-innredningen din til himmelske h\u00f8yder. Sengebordet ser superfint ut plassert ved siden av sengen, men fungerer ogs\u00e5 utmerket som en frittst\u00e5ende gulvhylle. M\u00e5l: H\u00f8yde: ca 51 cm. Dybde: ca 30 cm. Bredde: ca 46 cm.\" \/>\n<meta property=\"og:url\" content=\"https:\/\/babylove.se\/no\/produkt\/rustikk-sangbord-til-barnerommet-natur\/\" \/>\n<meta property=\"og:site_name\" content=\"Babylove Norska\" \/>\n<meta property=\"article:modified_time\" content=\"2026-04-08T12:42:11+00:00\" \/>\n<meta property=\"og:image\" content=\"https:\/\/babylove.se\/no\/wp-content\/uploads\/sites\/3\/2025\/07\/64db3edf4a0c9.jpeg\" \/>\n\t<meta property=\"og:image:width\" content=\"441\" \/>\n\t<meta property=\"og:image:height\" content=\"595\" \/>\n\t<meta property=\"og:image:type\" content=\"image\/jpeg\" \/>\n<meta name=\"twitter:card\" content=\"summary_large_image\" \/>\n<meta name=\"twitter:label1\" content=\"Price\" \/>\n\t<meta name=\"twitter:data1\" content=\"3 499,00&nbsp;&#107;&#114;\" \/>\n\t<meta name=\"twitter:label2\" content=\"Availability\" \/>\n\t<meta name=\"twitter:data2\" content=\"In stock\" \/>\n<script type=\"application\/ld+json\" class=\"yoast-schema-graph\">{\"@context\":\"https:\/\/schema.org\",\"@graph\":[{\"@type\":\"WebPage\",\"@id\":\"https:\/\/babylove.se\/no\/produkt\/rustikk-sangbord-til-barnerommet-natur\/\",\"url\":\"https:\/\/babylove.se\/no\/produkt\/rustikk-sangbord-til-barnerommet-natur\/\",\"name\":\"Rustikt nattbord til barnerommet, natur - Babylove Norska\",\"isPartOf\":{\"@id\":\"https:\/\/babylove.se\/no\/#website\"},\"primaryImageOfPage\":{\"@id\":\"https:\/\/babylove.se\/no\/produkt\/rustikk-sangbord-til-barnerommet-natur\/#primaryimage\"},\"image\":{\"@id\":\"https:\/\/babylove.se\/no\/produkt\/rustikk-sangbord-til-barnerommet-natur\/#primaryimage\"},\"thumbnailUrl\":\"https:\/\/babylove.se\/no\/wp-content\/uploads\/sites\/3\/2025\/07\/64db3edf4a0c9.jpeg\",\"datePublished\":\"2025-07-19T11:13:07+00:00\",\"dateModified\":\"2026-04-08T12:42:11+00:00\",\"breadcrumb\":{\"@id\":\"https:\/\/babylove.se\/no\/produkt\/rustikk-sangbord-til-barnerommet-natur\/#breadcrumb\"},\"inLanguage\":\"nb-NO\",\"potentialAction\":[{\"@type\":\"ReadAction\",\"target\":[\"https:\/\/babylove.se\/no\/produkt\/rustikk-sangbord-til-barnerommet-natur\/\"]}]},{\"@type\":\"ImageObject\",\"inLanguage\":\"nb-NO\",\"@id\":\"https:\/\/babylove.se\/no\/produkt\/rustikk-sangbord-til-barnerommet-natur\/#primaryimage\",\"url\":\"https:\/\/babylove.se\/no\/wp-content\/uploads\/sites\/3\/2025\/07\/64db3edf4a0c9.jpeg\",\"contentUrl\":\"https:\/\/babylove.se\/no\/wp-content\/uploads\/sites\/3\/2025\/07\/64db3edf4a0c9.jpeg\",\"width\":441,\"height\":595},{\"@type\":\"BreadcrumbList\",\"@id\":\"https:\/\/babylove.se\/no\/produkt\/rustikk-sangbord-til-barnerommet-natur\/#breadcrumb\",\"itemListElement\":[{\"@type\":\"ListItem\",\"position\":1,\"name\":\"Hem\",\"item\":\"https:\/\/babylove.se\/no\/\"},{\"@type\":\"ListItem\",\"position\":2,\"name\":\"Butik\",\"item\":\"https:\/\/babylove.se\/no\/butik\/\"},{\"@type\":\"ListItem\",\"position\":3,\"name\":\"Rustikt nattbord til barnerommet, natur\"}]},{\"@type\":\"WebSite\",\"@id\":\"https:\/\/babylove.se\/no\/#website\",\"url\":\"https:\/\/babylove.se\/no\/\",\"name\":\"Babylove Norska\",\"description\":\"\",\"potentialAction\":[{\"@type\":\"SearchAction\",\"target\":{\"@type\":\"EntryPoint\",\"urlTemplate\":\"https:\/\/babylove.se\/no\/?s={search_term_string}\"},\"query-input\":{\"@type\":\"PropertyValueSpecification\",\"valueRequired\":true,\"valueName\":\"search_term_string\"}}],\"inLanguage\":\"nb-NO\"}]}<\/script>\n<meta property=\"product:brand\" content=\"Bambooko\" \/>\n<meta property=\"product:price:amount\" content=\"3499.00\" \/>\n<meta property=\"product:price:currency\" content=\"SEK\" \/>\n<meta property=\"og:availability\" content=\"instock\" \/>\n<meta property=\"product:availability\" content=\"instock\" \/>\n<meta property=\"product:retailer_item_id\" content=\"7702\" \/>\n<meta property=\"product:condition\" content=\"new\" \/>\n<!-- \/ Yoast SEO Premium plugin. -->","yoast_head_json":{"title":"Rustikt nattbord til barnerommet, natur - Babylove Norska","robots":{"index":"noindex","follow":"follow","max-snippet":"max-snippet:-1","max-image-preview":"max-image-preview:large","max-video-preview":"max-video-preview:-1"},"og_locale":"nb_NO","og_type":"article","og_title":"Rustikt nattbord til barnerommet, natur","og_description":"Vakkert nattbord i romantisk stil til barnerommet! Denne fantastiske m\u00f8belen med rustikk sjarm vil l\u00f8fte barneroms-innredningen din til himmelske h\u00f8yder. Sengebordet ser superfint ut plassert ved siden av sengen, men fungerer ogs\u00e5 utmerket som en frittst\u00e5ende gulvhylle. M\u00e5l: H\u00f8yde: ca 51 cm. Dybde: ca 30 cm. Bredde: ca 46 cm.","og_url":"https:\/\/babylove.se\/no\/produkt\/rustikk-sangbord-til-barnerommet-natur\/","og_site_name":"Babylove Norska","article_modified_time":"2026-04-08T12:42:11+00:00","og_image":[{"width":441,"height":595,"url":"https:\/\/babylove.se\/no\/wp-content\/uploads\/sites\/3\/2025\/07\/64db3edf4a0c9.jpeg","type":"image\/jpeg"}],"twitter_card":"summary_large_image","twitter_misc":{"Price":"3 499,00&nbsp;&#107;&#114;","Availability":"In stock"},"schema":{"@context":"https:\/\/schema.org","@graph":[{"@type":"WebPage","@id":"https:\/\/babylove.se\/no\/produkt\/rustikk-sangbord-til-barnerommet-natur\/","url":"https:\/\/babylove.se\/no\/produkt\/rustikk-sangbord-til-barnerommet-natur\/","name":"Rustikt nattbord til barnerommet, natur - Babylove Norska","isPartOf":{"@id":"https:\/\/babylove.se\/no\/#website"},"primaryImageOfPage":{"@id":"https:\/\/babylove.se\/no\/produkt\/rustikk-sangbord-til-barnerommet-natur\/#primaryimage"},"image":{"@id":"https:\/\/babylove.se\/no\/produkt\/rustikk-sangbord-til-barnerommet-natur\/#primaryimage"},"thumbnailUrl":"https:\/\/babylove.se\/no\/wp-content\/uploads\/sites\/3\/2025\/07\/64db3edf4a0c9.jpeg","datePublished":"2025-07-19T11:13:07+00:00","dateModified":"2026-04-08T12:42:11+00:00","breadcrumb":{"@id":"https:\/\/babylove.se\/no\/produkt\/rustikk-sangbord-til-barnerommet-natur\/#breadcrumb"},"inLanguage":"nb-NO","potentialAction":[{"@type":"ReadAction","target":["https:\/\/babylove.se\/no\/produkt\/rustikk-sangbord-til-barnerommet-natur\/"]}]},{"@type":"ImageObject","inLanguage":"nb-NO","@id":"https:\/\/babylove.se\/no\/produkt\/rustikk-sangbord-til-barnerommet-natur\/#primaryimage","url":"https:\/\/babylove.se\/no\/wp-content\/uploads\/sites\/3\/2025\/07\/64db3edf4a0c9.jpeg","contentUrl":"https:\/\/babylove.se\/no\/wp-content\/uploads\/sites\/3\/2025\/07\/64db3edf4a0c9.jpeg","width":441,"height":595},{"@type":"BreadcrumbList","@id":"https:\/\/babylove.se\/no\/produkt\/rustikk-sangbord-til-barnerommet-natur\/#breadcrumb","itemListElement":[{"@type":"ListItem","position":1,"name":"Hem","item":"https:\/\/babylove.se\/no\/"},{"@type":"ListItem","position":2,"name":"Butik","item":"https:\/\/babylove.se\/no\/butik\/"},{"@type":"ListItem","position":3,"name":"Rustikt nattbord til barnerommet, natur"}]},{"@type":"WebSite","@id":"https:\/\/babylove.se\/no\/#website","url":"https:\/\/babylove.se\/no\/","name":"Babylove Norska","description":"","potentialAction":[{"@type":"SearchAction","target":{"@type":"EntryPoint","urlTemplate":"https:\/\/babylove.se\/no\/?s={search_term_string}"},"query-input":{"@type":"PropertyValueSpecification","valueRequired":true,"valueName":"search_term_string"}}],"inLanguage":"nb-NO"}]},"product_brand":"Bambooko","product_price_amount":"3499.00","product_price_currency":"SEK","og_availability":"instock","product_availability":"instock","product_retailer_item_id":"7702","product_condition":"new"},"_links":{"self":[{"href":"https:\/\/babylove.se\/no\/wp-json\/wp\/v2\/product\/53893","targetHints":{"allow":["GET"]}}],"collection":[{"href":"https:\/\/babylove.se\/no\/wp-json\/wp\/v2\/product"}],"about":[{"href":"https:\/\/babylove.se\/no\/wp-json\/wp\/v2\/types\/product"}],"replies":[{"embeddable":true,"href":"https:\/\/babylove.se\/no\/wp-json\/wp\/v2\/comments?post=53893"}],"wp:featuredmedia":[{"embeddable":true,"href":"https:\/\/babylove.se\/no\/wp-json\/wp\/v2\/media\/53895"}],"wp:attachment":[{"href":"https:\/\/babylove.se\/no\/wp-json\/wp\/v2\/media?parent=53893"}],"wp:term":[{"taxonomy":"product_brand","embeddable":true,"href":"https:\/\/babylove.se\/no\/wp-json\/wp\/v2\/product_brand?post=53893"},{"taxonomy":"product_cat","embeddable":true,"href":"https:\/\/babylove.se\/no\/wp-json\/wp\/v2\/product_cat?post=53893"},{"taxonomy":"product_tag","embeddable":true,"href":"https:\/\/babylove.se\/no\/wp-json\/wp\/v2\/product_tag?post=53893"}],"curies":[{"name":"wp","href":"https:\/\/api.w.org\/{rel}","templated":true}]}}