{"id":53906,"date":"2025-07-19T12:13:23","date_gmt":"2025-07-19T11:13:23","guid":{"rendered":"https:\/\/babylove.se\/produkt\/liten-rustik-bokhylla-till-barnrummet\/"},"modified":"2026-04-08T13:42:20","modified_gmt":"2026-04-08T12:42:20","slug":"liten-rustikk-bokhylle-til-barnerommet","status":"publish","type":"product","link":"https:\/\/babylove.se\/no\/produkt\/liten-rustikk-bokhylle-til-barnerommet\/","title":{"rendered":"Liten rustikk bokhylle til barnerommet"},"content":{"rendered":"<p>En fantastisk fin bokhylle i romantisk stil til barnerommet! <\/p>\n<p>Denne underfulle m\u00f8belet med rustikk sjarm vil l\u00f8fte barneroms-innredningen din til himmelsk h\u00f8yder. Bokhyllen har to hyller som rommer et stort antall b\u00f8ker og kosedyr. <\/p>\n<p>Du velger selv fargen p\u00e5 bokhyllen. P\u00e5 den m\u00e5ten kan du tilpasse bokhyllen helt etter innredningen i akkurat ditt barnerom. <\/p>\n<p>Bokhyllen kan bestilles som enten en st\u00e5ende gulvhylle eller en hengende vegghylle. <\/p>\n<p><strong>M\u00e5l<\/strong>: H\u00f8yde: 80 cm. Bredde: 65 cm. Dybde: ca 9,5 cm. <\/p>\n<p><u>Tilgjengelige<\/u><u> farger finner du p\u00e5 andre bildet.<\/u><\/p>\n","protected":false},"excerpt":{"rendered":"<p>En fantastisk fin bokhylle i romantisk stil til barnerommet! Denne underfulle m\u00f8belet med rustikk sjarm vil l\u00f8fte barneroms-innredningen din til himmelsk h\u00f8yder. Bokhyllen har to hyller som rommer et stort antall b\u00f8ker og kosedyr. Du velger selv fargen p\u00e5 bokhyllen. P\u00e5 den m\u00e5ten kan du tilpasse bokhyllen helt etter innredningen i akkurat ditt barnerom. Bokhyllen [&hellip;]<\/p>\n","protected":false},"featured_media":53908,"comment_status":"closed","ping_status":"closed","template":"","meta":{"_acf_changed":false},"product_brand":[78],"product_cat":[147,81,146,87,43,88],"product_tag":[1689],"class_list":{"0":"post-53906","1":"product","2":"type-product","3":"status-publish","4":"has-post-thumbnail","6":"product_brand-bambooko","7":"product_cat-back-to-school","8":"product_cat-bambooko","9":"product_cat-bokoppbevaring","10":"product_cat-hyller","11":"product_cat-oppbevaringskurver","12":"product_cat-veggmylle-barnerom","13":"product_tag-bestillingsvaror","14":"pa_modell-golvhylla","15":"pa_modell-vagghylla","17":"first","18":"instock","19":"taxable","20":"shipping-taxable","21":"purchasable","22":"product-type-variable"},"acf":[],"yoast_head":"<!-- This site is optimized with the Yoast SEO Premium plugin v25.8 (Yoast SEO v27.2) - https:\/\/yoast.com\/product\/yoast-seo-premium-wordpress\/ -->\n<title>Liten rustikk bokhylle til barnerommet - Babylove Norska<\/title>\n<meta name=\"robots\" content=\"noindex, follow, max-snippet:-1, max-image-preview:large, max-video-preview:-1\" \/>\n<meta property=\"og:locale\" content=\"nb_NO\" \/>\n<meta property=\"og:type\" content=\"article\" \/>\n<meta property=\"og:title\" content=\"Liten rustikk bokhylle til barnerommet\" \/>\n<meta property=\"og:description\" content=\"En fantastisk fin bokhylle i romantisk stil til barnerommet! Denne underfulle m\u00f8belet med rustikk sjarm vil l\u00f8fte barneroms-innredningen din til himmelsk h\u00f8yder. Bokhyllen har to hyller som rommer et stort antall b\u00f8ker og kosedyr. Du velger selv fargen p\u00e5 bokhyllen. P\u00e5 den m\u00e5ten kan du tilpasse bokhyllen helt etter innredningen i akkurat ditt barnerom. Bokhyllen [&hellip;]\" \/>\n<meta property=\"og:url\" content=\"https:\/\/babylove.se\/no\/produkt\/liten-rustikk-bokhylle-til-barnerommet\/\" \/>\n<meta property=\"og:site_name\" content=\"Babylove Norska\" \/>\n<meta property=\"article:modified_time\" content=\"2026-04-08T12:42:20+00:00\" \/>\n<meta property=\"og:image\" content=\"https:\/\/babylove.se\/no\/wp-content\/uploads\/sites\/3\/2025\/07\/66a8bbb64a63c.png\" \/>\n\t<meta property=\"og:image:width\" content=\"1028\" \/>\n\t<meta property=\"og:image:height\" content=\"1162\" \/>\n\t<meta property=\"og:image:type\" content=\"image\/png\" \/>\n<meta name=\"twitter:card\" content=\"summary_large_image\" \/>\n<meta name=\"twitter:label1\" content=\"Availability\" \/>\n\t<meta name=\"twitter:data1\" content=\"In stock\" \/>\n<script type=\"application\/ld+json\" class=\"yoast-schema-graph\">{\"@context\":\"https:\/\/schema.org\",\"@graph\":[{\"@type\":\"WebPage\",\"@id\":\"https:\/\/babylove.se\/no\/produkt\/liten-rustikk-bokhylle-til-barnerommet\/\",\"url\":\"https:\/\/babylove.se\/no\/produkt\/liten-rustikk-bokhylle-til-barnerommet\/\",\"name\":\"Liten rustikk bokhylle til barnerommet - Babylove Norska\",\"isPartOf\":{\"@id\":\"https:\/\/babylove.se\/no\/#website\"},\"primaryImageOfPage\":{\"@id\":\"https:\/\/babylove.se\/no\/produkt\/liten-rustikk-bokhylle-til-barnerommet\/#primaryimage\"},\"image\":{\"@id\":\"https:\/\/babylove.se\/no\/produkt\/liten-rustikk-bokhylle-til-barnerommet\/#primaryimage\"},\"thumbnailUrl\":\"https:\/\/babylove.se\/no\/wp-content\/uploads\/sites\/3\/2025\/07\/66a8bbb64a63c.png\",\"datePublished\":\"2025-07-19T11:13:23+00:00\",\"dateModified\":\"2026-04-08T12:42:20+00:00\",\"breadcrumb\":{\"@id\":\"https:\/\/babylove.se\/no\/produkt\/liten-rustikk-bokhylle-til-barnerommet\/#breadcrumb\"},\"inLanguage\":\"nb-NO\",\"potentialAction\":[{\"@type\":\"ReadAction\",\"target\":[\"https:\/\/babylove.se\/no\/produkt\/liten-rustikk-bokhylle-til-barnerommet\/\"]}]},{\"@type\":\"ImageObject\",\"inLanguage\":\"nb-NO\",\"@id\":\"https:\/\/babylove.se\/no\/produkt\/liten-rustikk-bokhylle-til-barnerommet\/#primaryimage\",\"url\":\"https:\/\/babylove.se\/no\/wp-content\/uploads\/sites\/3\/2025\/07\/66a8bbb64a63c.png\",\"contentUrl\":\"https:\/\/babylove.se\/no\/wp-content\/uploads\/sites\/3\/2025\/07\/66a8bbb64a63c.png\",\"width\":1028,\"height\":1162},{\"@type\":\"BreadcrumbList\",\"@id\":\"https:\/\/babylove.se\/no\/produkt\/liten-rustikk-bokhylle-til-barnerommet\/#breadcrumb\",\"itemListElement\":[{\"@type\":\"ListItem\",\"position\":1,\"name\":\"Hem\",\"item\":\"https:\/\/babylove.se\/no\/\"},{\"@type\":\"ListItem\",\"position\":2,\"name\":\"Butik\",\"item\":\"https:\/\/babylove.se\/no\/butik\/\"},{\"@type\":\"ListItem\",\"position\":3,\"name\":\"Liten rustikk bokhylle til barnerommet\"}]},{\"@type\":\"WebSite\",\"@id\":\"https:\/\/babylove.se\/no\/#website\",\"url\":\"https:\/\/babylove.se\/no\/\",\"name\":\"Babylove Norska\",\"description\":\"\",\"potentialAction\":[{\"@type\":\"SearchAction\",\"target\":{\"@type\":\"EntryPoint\",\"urlTemplate\":\"https:\/\/babylove.se\/no\/?s={search_term_string}\"},\"query-input\":{\"@type\":\"PropertyValueSpecification\",\"valueRequired\":true,\"valueName\":\"search_term_string\"}}],\"inLanguage\":\"nb-NO\"}]}<\/script>\n<meta property=\"product:brand\" content=\"Bambooko\" \/>\n<meta property=\"og:availability\" content=\"instock\" \/>\n<meta property=\"product:availability\" content=\"instock\" \/>\n<meta property=\"product:retailer_item_id\" content=\"Golvhylla\" \/>\n<meta property=\"product:condition\" content=\"new\" \/>\n<!-- \/ Yoast SEO Premium plugin. -->","yoast_head_json":{"title":"Liten rustikk bokhylle til barnerommet - Babylove Norska","robots":{"index":"noindex","follow":"follow","max-snippet":"max-snippet:-1","max-image-preview":"max-image-preview:large","max-video-preview":"max-video-preview:-1"},"og_locale":"nb_NO","og_type":"article","og_title":"Liten rustikk bokhylle til barnerommet","og_description":"En fantastisk fin bokhylle i romantisk stil til barnerommet! Denne underfulle m\u00f8belet med rustikk sjarm vil l\u00f8fte barneroms-innredningen din til himmelsk h\u00f8yder. Bokhyllen har to hyller som rommer et stort antall b\u00f8ker og kosedyr. Du velger selv fargen p\u00e5 bokhyllen. P\u00e5 den m\u00e5ten kan du tilpasse bokhyllen helt etter innredningen i akkurat ditt barnerom. Bokhyllen [&hellip;]","og_url":"https:\/\/babylove.se\/no\/produkt\/liten-rustikk-bokhylle-til-barnerommet\/","og_site_name":"Babylove Norska","article_modified_time":"2026-04-08T12:42:20+00:00","og_image":[{"width":1028,"height":1162,"url":"https:\/\/babylove.se\/no\/wp-content\/uploads\/sites\/3\/2025\/07\/66a8bbb64a63c.png","type":"image\/png"}],"twitter_card":"summary_large_image","twitter_misc":{"Availability":"In stock"},"schema":{"@context":"https:\/\/schema.org","@graph":[{"@type":"WebPage","@id":"https:\/\/babylove.se\/no\/produkt\/liten-rustikk-bokhylle-til-barnerommet\/","url":"https:\/\/babylove.se\/no\/produkt\/liten-rustikk-bokhylle-til-barnerommet\/","name":"Liten rustikk bokhylle til barnerommet - Babylove Norska","isPartOf":{"@id":"https:\/\/babylove.se\/no\/#website"},"primaryImageOfPage":{"@id":"https:\/\/babylove.se\/no\/produkt\/liten-rustikk-bokhylle-til-barnerommet\/#primaryimage"},"image":{"@id":"https:\/\/babylove.se\/no\/produkt\/liten-rustikk-bokhylle-til-barnerommet\/#primaryimage"},"thumbnailUrl":"https:\/\/babylove.se\/no\/wp-content\/uploads\/sites\/3\/2025\/07\/66a8bbb64a63c.png","datePublished":"2025-07-19T11:13:23+00:00","dateModified":"2026-04-08T12:42:20+00:00","breadcrumb":{"@id":"https:\/\/babylove.se\/no\/produkt\/liten-rustikk-bokhylle-til-barnerommet\/#breadcrumb"},"inLanguage":"nb-NO","potentialAction":[{"@type":"ReadAction","target":["https:\/\/babylove.se\/no\/produkt\/liten-rustikk-bokhylle-til-barnerommet\/"]}]},{"@type":"ImageObject","inLanguage":"nb-NO","@id":"https:\/\/babylove.se\/no\/produkt\/liten-rustikk-bokhylle-til-barnerommet\/#primaryimage","url":"https:\/\/babylove.se\/no\/wp-content\/uploads\/sites\/3\/2025\/07\/66a8bbb64a63c.png","contentUrl":"https:\/\/babylove.se\/no\/wp-content\/uploads\/sites\/3\/2025\/07\/66a8bbb64a63c.png","width":1028,"height":1162},{"@type":"BreadcrumbList","@id":"https:\/\/babylove.se\/no\/produkt\/liten-rustikk-bokhylle-til-barnerommet\/#breadcrumb","itemListElement":[{"@type":"ListItem","position":1,"name":"Hem","item":"https:\/\/babylove.se\/no\/"},{"@type":"ListItem","position":2,"name":"Butik","item":"https:\/\/babylove.se\/no\/butik\/"},{"@type":"ListItem","position":3,"name":"Liten rustikk bokhylle til barnerommet"}]},{"@type":"WebSite","@id":"https:\/\/babylove.se\/no\/#website","url":"https:\/\/babylove.se\/no\/","name":"Babylove Norska","description":"","potentialAction":[{"@type":"SearchAction","target":{"@type":"EntryPoint","urlTemplate":"https:\/\/babylove.se\/no\/?s={search_term_string}"},"query-input":{"@type":"PropertyValueSpecification","valueRequired":true,"valueName":"search_term_string"}}],"inLanguage":"nb-NO"}]},"product_brand":"Bambooko","og_availability":"instock","product_availability":"instock","product_retailer_item_id":"Golvhylla","product_condition":"new"},"_links":{"self":[{"href":"https:\/\/babylove.se\/no\/wp-json\/wp\/v2\/product\/53906","targetHints":{"allow":["GET"]}}],"collection":[{"href":"https:\/\/babylove.se\/no\/wp-json\/wp\/v2\/product"}],"about":[{"href":"https:\/\/babylove.se\/no\/wp-json\/wp\/v2\/types\/product"}],"replies":[{"embeddable":true,"href":"https:\/\/babylove.se\/no\/wp-json\/wp\/v2\/comments?post=53906"}],"wp:featuredmedia":[{"embeddable":true,"href":"https:\/\/babylove.se\/no\/wp-json\/wp\/v2\/media\/53908"}],"wp:attachment":[{"href":"https:\/\/babylove.se\/no\/wp-json\/wp\/v2\/media?parent=53906"}],"wp:term":[{"taxonomy":"product_brand","embeddable":true,"href":"https:\/\/babylove.se\/no\/wp-json\/wp\/v2\/product_brand?post=53906"},{"taxonomy":"product_cat","embeddable":true,"href":"https:\/\/babylove.se\/no\/wp-json\/wp\/v2\/product_cat?post=53906"},{"taxonomy":"product_tag","embeddable":true,"href":"https:\/\/babylove.se\/no\/wp-json\/wp\/v2\/product_tag?post=53906"}],"curies":[{"name":"wp","href":"https:\/\/api.w.org\/{rel}","templated":true}]}}