{"id":53914,"date":"2025-07-19T12:13:23","date_gmt":"2025-07-19T11:13:23","guid":{"rendered":"https:\/\/babylove.se\/produkt\/boho-bokhylla-med-tva-lador-i-rotting\/"},"modified":"2026-04-08T13:42:23","modified_gmt":"2026-04-08T12:42:23","slug":"boho-bokhylle-med-to-skuffer-i-rotting","status":"publish","type":"product","link":"https:\/\/babylove.se\/no\/produkt\/boho-bokhylle-med-to-skuffer-i-rotting\/","title":{"rendered":"Boho bokhylle med to skuffer i rotting"},"content":{"rendered":"<p>En fantastisk vegghylle for barnerommet som du selv kan endre utseende p\u00e5 avhengig av hva som plasseres p\u00e5 den. Det er en romslig bokhylle der barnet kan oppbevare sine mest verdifulle eiendeler og sine fineste b\u00f8ker. Samtidig med to fine skuffer for god oppbevaring. <\/p>\n<p>Du velger selv om du \u00f8nsker \u00e5 ha bokhyllen i natur eller i andre farger. P\u00e5 den m\u00e5ten kan du tilpasse vegghyllen helt etter innredningen i nettopp ditt barnerom. <\/p>\n<p>Skuffene er laget av rottingimitasjon og kommer kun i naturfargen De kan selvf\u00f8lgelig ogs\u00e5 brukes separat som fine oppbevaringsbokser, en meget fleksibel og fin konstruksjon. <\/p>\n<p><strong>M\u00e5l<\/strong>: <\/p>\n<ul>\n<li>H\u00f8yde: 110 cm. Bredde: 66 cm. Dybde: 9,5 cm\/19 cm nederst ved skuffene.<\/li>\n<li>Skuffer: 19x20x29 cm<\/li>\n<\/ul>\n<p><u>Tilgjengelige<\/u><u> farger finner du p\u00e5 andre bildet.<\/u><\/p>\n","protected":false},"excerpt":{"rendered":"<p>En fantastisk vegghylle for barnerommet som du selv kan endre utseende p\u00e5 avhengig av hva som plasseres p\u00e5 den. Det er en romslig bokhylle der barnet kan oppbevare sine mest verdifulle eiendeler og sine fineste b\u00f8ker. Samtidig med to fine skuffer for god oppbevaring. Du velger selv om du \u00f8nsker \u00e5 ha bokhyllen i natur [&hellip;]<\/p>\n","protected":false},"featured_media":53916,"comment_status":"closed","ping_status":"closed","template":"","meta":{"_acf_changed":false},"product_brand":[78],"product_cat":[147,81,146,87,125,43,88],"product_tag":[1689],"class_list":{"0":"post-53914","1":"product","2":"type-product","3":"status-publish","4":"has-post-thumbnail","6":"product_brand-bambooko","7":"product_cat-back-to-school","8":"product_cat-bambooko","9":"product_cat-bokoppbevaring","10":"product_cat-hyller","11":"product_cat-boho","12":"product_cat-oppbevaringskurver","13":"product_cat-veggmylle-barnerom","14":"product_tag-bestillingsvaror","16":"first","17":"instock","18":"taxable","19":"shipping-taxable","20":"purchasable","21":"product-type-simple"},"acf":[],"yoast_head":"<!-- This site is optimized with the Yoast SEO Premium plugin v25.8 (Yoast SEO v27.2) - https:\/\/yoast.com\/product\/yoast-seo-premium-wordpress\/ -->\n<title>Boho bokhylle med to skuffer i rotting - Babylove Norska<\/title>\n<meta name=\"robots\" content=\"noindex, follow, max-snippet:-1, max-image-preview:large, max-video-preview:-1\" \/>\n<meta property=\"og:locale\" content=\"nb_NO\" \/>\n<meta property=\"og:type\" content=\"article\" \/>\n<meta property=\"og:title\" content=\"Boho bokhylle med to skuffer i rotting\" \/>\n<meta property=\"og:description\" content=\"En fantastisk vegghylle for barnerommet som du selv kan endre utseende p\u00e5 avhengig av hva som plasseres p\u00e5 den. Det er en romslig bokhylle der barnet kan oppbevare sine mest verdifulle eiendeler og sine fineste b\u00f8ker. Samtidig med to fine skuffer for god oppbevaring. Du velger selv om du \u00f8nsker \u00e5 ha bokhyllen i natur [&hellip;]\" \/>\n<meta property=\"og:url\" content=\"https:\/\/babylove.se\/no\/produkt\/boho-bokhylle-med-to-skuffer-i-rotting\/\" \/>\n<meta property=\"og:site_name\" content=\"Babylove Norska\" \/>\n<meta property=\"article:modified_time\" content=\"2026-04-08T12:42:23+00:00\" \/>\n<meta property=\"og:image\" content=\"https:\/\/babylove.se\/no\/wp-content\/uploads\/sites\/3\/2025\/07\/64db4d0b59baf.jpeg\" \/>\n\t<meta property=\"og:image:width\" content=\"472\" \/>\n\t<meta property=\"og:image:height\" content=\"629\" \/>\n\t<meta property=\"og:image:type\" content=\"image\/jpeg\" \/>\n<meta name=\"twitter:card\" content=\"summary_large_image\" \/>\n<meta name=\"twitter:label1\" content=\"Price\" \/>\n\t<meta name=\"twitter:data1\" content=\"5 399,00&nbsp;&#107;&#114;\" \/>\n\t<meta name=\"twitter:label2\" content=\"Availability\" \/>\n\t<meta name=\"twitter:data2\" content=\"In stock\" \/>\n<script type=\"application\/ld+json\" class=\"yoast-schema-graph\">{\"@context\":\"https:\/\/schema.org\",\"@graph\":[{\"@type\":\"WebPage\",\"@id\":\"https:\/\/babylove.se\/no\/produkt\/boho-bokhylle-med-to-skuffer-i-rotting\/\",\"url\":\"https:\/\/babylove.se\/no\/produkt\/boho-bokhylle-med-to-skuffer-i-rotting\/\",\"name\":\"Boho bokhylle med to skuffer i rotting - Babylove Norska\",\"isPartOf\":{\"@id\":\"https:\/\/babylove.se\/no\/#website\"},\"primaryImageOfPage\":{\"@id\":\"https:\/\/babylove.se\/no\/produkt\/boho-bokhylle-med-to-skuffer-i-rotting\/#primaryimage\"},\"image\":{\"@id\":\"https:\/\/babylove.se\/no\/produkt\/boho-bokhylle-med-to-skuffer-i-rotting\/#primaryimage\"},\"thumbnailUrl\":\"https:\/\/babylove.se\/no\/wp-content\/uploads\/sites\/3\/2025\/07\/64db4d0b59baf.jpeg\",\"datePublished\":\"2025-07-19T11:13:23+00:00\",\"dateModified\":\"2026-04-08T12:42:23+00:00\",\"breadcrumb\":{\"@id\":\"https:\/\/babylove.se\/no\/produkt\/boho-bokhylle-med-to-skuffer-i-rotting\/#breadcrumb\"},\"inLanguage\":\"nb-NO\",\"potentialAction\":[{\"@type\":\"ReadAction\",\"target\":[\"https:\/\/babylove.se\/no\/produkt\/boho-bokhylle-med-to-skuffer-i-rotting\/\"]}]},{\"@type\":\"ImageObject\",\"inLanguage\":\"nb-NO\",\"@id\":\"https:\/\/babylove.se\/no\/produkt\/boho-bokhylle-med-to-skuffer-i-rotting\/#primaryimage\",\"url\":\"https:\/\/babylove.se\/no\/wp-content\/uploads\/sites\/3\/2025\/07\/64db4d0b59baf.jpeg\",\"contentUrl\":\"https:\/\/babylove.se\/no\/wp-content\/uploads\/sites\/3\/2025\/07\/64db4d0b59baf.jpeg\",\"width\":472,\"height\":629},{\"@type\":\"BreadcrumbList\",\"@id\":\"https:\/\/babylove.se\/no\/produkt\/boho-bokhylle-med-to-skuffer-i-rotting\/#breadcrumb\",\"itemListElement\":[{\"@type\":\"ListItem\",\"position\":1,\"name\":\"Hem\",\"item\":\"https:\/\/babylove.se\/no\/\"},{\"@type\":\"ListItem\",\"position\":2,\"name\":\"Butik\",\"item\":\"https:\/\/babylove.se\/no\/butik\/\"},{\"@type\":\"ListItem\",\"position\":3,\"name\":\"Boho bokhylle med to skuffer i rotting\"}]},{\"@type\":\"WebSite\",\"@id\":\"https:\/\/babylove.se\/no\/#website\",\"url\":\"https:\/\/babylove.se\/no\/\",\"name\":\"Babylove Norska\",\"description\":\"\",\"potentialAction\":[{\"@type\":\"SearchAction\",\"target\":{\"@type\":\"EntryPoint\",\"urlTemplate\":\"https:\/\/babylove.se\/no\/?s={search_term_string}\"},\"query-input\":{\"@type\":\"PropertyValueSpecification\",\"valueRequired\":true,\"valueName\":\"search_term_string\"}}],\"inLanguage\":\"nb-NO\"}]}<\/script>\n<meta property=\"product:brand\" content=\"Bambooko\" \/>\n<meta property=\"product:price:amount\" content=\"5399.00\" \/>\n<meta property=\"product:price:currency\" content=\"SEK\" \/>\n<meta property=\"og:availability\" content=\"instock\" \/>\n<meta property=\"product:availability\" content=\"instock\" \/>\n<meta property=\"product:retailer_item_id\" content=\"7706\" \/>\n<meta property=\"product:condition\" content=\"new\" \/>\n<!-- \/ Yoast SEO Premium plugin. -->","yoast_head_json":{"title":"Boho bokhylle med to skuffer i rotting - Babylove Norska","robots":{"index":"noindex","follow":"follow","max-snippet":"max-snippet:-1","max-image-preview":"max-image-preview:large","max-video-preview":"max-video-preview:-1"},"og_locale":"nb_NO","og_type":"article","og_title":"Boho bokhylle med to skuffer i rotting","og_description":"En fantastisk vegghylle for barnerommet som du selv kan endre utseende p\u00e5 avhengig av hva som plasseres p\u00e5 den. Det er en romslig bokhylle der barnet kan oppbevare sine mest verdifulle eiendeler og sine fineste b\u00f8ker. Samtidig med to fine skuffer for god oppbevaring. Du velger selv om du \u00f8nsker \u00e5 ha bokhyllen i natur [&hellip;]","og_url":"https:\/\/babylove.se\/no\/produkt\/boho-bokhylle-med-to-skuffer-i-rotting\/","og_site_name":"Babylove Norska","article_modified_time":"2026-04-08T12:42:23+00:00","og_image":[{"width":472,"height":629,"url":"https:\/\/babylove.se\/no\/wp-content\/uploads\/sites\/3\/2025\/07\/64db4d0b59baf.jpeg","type":"image\/jpeg"}],"twitter_card":"summary_large_image","twitter_misc":{"Price":"5 399,00&nbsp;&#107;&#114;","Availability":"In stock"},"schema":{"@context":"https:\/\/schema.org","@graph":[{"@type":"WebPage","@id":"https:\/\/babylove.se\/no\/produkt\/boho-bokhylle-med-to-skuffer-i-rotting\/","url":"https:\/\/babylove.se\/no\/produkt\/boho-bokhylle-med-to-skuffer-i-rotting\/","name":"Boho bokhylle med to skuffer i rotting - Babylove Norska","isPartOf":{"@id":"https:\/\/babylove.se\/no\/#website"},"primaryImageOfPage":{"@id":"https:\/\/babylove.se\/no\/produkt\/boho-bokhylle-med-to-skuffer-i-rotting\/#primaryimage"},"image":{"@id":"https:\/\/babylove.se\/no\/produkt\/boho-bokhylle-med-to-skuffer-i-rotting\/#primaryimage"},"thumbnailUrl":"https:\/\/babylove.se\/no\/wp-content\/uploads\/sites\/3\/2025\/07\/64db4d0b59baf.jpeg","datePublished":"2025-07-19T11:13:23+00:00","dateModified":"2026-04-08T12:42:23+00:00","breadcrumb":{"@id":"https:\/\/babylove.se\/no\/produkt\/boho-bokhylle-med-to-skuffer-i-rotting\/#breadcrumb"},"inLanguage":"nb-NO","potentialAction":[{"@type":"ReadAction","target":["https:\/\/babylove.se\/no\/produkt\/boho-bokhylle-med-to-skuffer-i-rotting\/"]}]},{"@type":"ImageObject","inLanguage":"nb-NO","@id":"https:\/\/babylove.se\/no\/produkt\/boho-bokhylle-med-to-skuffer-i-rotting\/#primaryimage","url":"https:\/\/babylove.se\/no\/wp-content\/uploads\/sites\/3\/2025\/07\/64db4d0b59baf.jpeg","contentUrl":"https:\/\/babylove.se\/no\/wp-content\/uploads\/sites\/3\/2025\/07\/64db4d0b59baf.jpeg","width":472,"height":629},{"@type":"BreadcrumbList","@id":"https:\/\/babylove.se\/no\/produkt\/boho-bokhylle-med-to-skuffer-i-rotting\/#breadcrumb","itemListElement":[{"@type":"ListItem","position":1,"name":"Hem","item":"https:\/\/babylove.se\/no\/"},{"@type":"ListItem","position":2,"name":"Butik","item":"https:\/\/babylove.se\/no\/butik\/"},{"@type":"ListItem","position":3,"name":"Boho bokhylle med to skuffer i rotting"}]},{"@type":"WebSite","@id":"https:\/\/babylove.se\/no\/#website","url":"https:\/\/babylove.se\/no\/","name":"Babylove Norska","description":"","potentialAction":[{"@type":"SearchAction","target":{"@type":"EntryPoint","urlTemplate":"https:\/\/babylove.se\/no\/?s={search_term_string}"},"query-input":{"@type":"PropertyValueSpecification","valueRequired":true,"valueName":"search_term_string"}}],"inLanguage":"nb-NO"}]},"product_brand":"Bambooko","product_price_amount":"5399.00","product_price_currency":"SEK","og_availability":"instock","product_availability":"instock","product_retailer_item_id":"7706","product_condition":"new"},"_links":{"self":[{"href":"https:\/\/babylove.se\/no\/wp-json\/wp\/v2\/product\/53914","targetHints":{"allow":["GET"]}}],"collection":[{"href":"https:\/\/babylove.se\/no\/wp-json\/wp\/v2\/product"}],"about":[{"href":"https:\/\/babylove.se\/no\/wp-json\/wp\/v2\/types\/product"}],"replies":[{"embeddable":true,"href":"https:\/\/babylove.se\/no\/wp-json\/wp\/v2\/comments?post=53914"}],"wp:featuredmedia":[{"embeddable":true,"href":"https:\/\/babylove.se\/no\/wp-json\/wp\/v2\/media\/53916"}],"wp:attachment":[{"href":"https:\/\/babylove.se\/no\/wp-json\/wp\/v2\/media?parent=53914"}],"wp:term":[{"taxonomy":"product_brand","embeddable":true,"href":"https:\/\/babylove.se\/no\/wp-json\/wp\/v2\/product_brand?post=53914"},{"taxonomy":"product_cat","embeddable":true,"href":"https:\/\/babylove.se\/no\/wp-json\/wp\/v2\/product_cat?post=53914"},{"taxonomy":"product_tag","embeddable":true,"href":"https:\/\/babylove.se\/no\/wp-json\/wp\/v2\/product_tag?post=53914"}],"curies":[{"name":"wp","href":"https:\/\/api.w.org\/{rel}","templated":true}]}}