{"id":54150,"date":"2025-07-19T12:16:30","date_gmt":"2025-07-19T11:16:30","guid":{"rendered":"https:\/\/babylove.se\/produkt\/lekhage-till-barnrummet-vit\/"},"modified":"2026-04-08T13:43:46","modified_gmt":"2026-04-08T12:43:46","slug":"lekhage-til-barnerommet-hvit","status":"publish","type":"product","link":"https:\/\/babylove.se\/no\/produkt\/lekhage-til-barnerommet-hvit\/","title":{"rendered":"Lekehage til barnerommet, hvit"},"content":{"rendered":"<p>Fantastisk hvit lekegrind i retrostil med mye lekeplass og plass til mange leker!<\/p>\n<p>Perfekt l\u00f8sning for tvillingsforeldre. Barneseng er stabil og motstandsdyktig mot skader. Trinnsportene er smale og flate som gj\u00f8r det lettere for barn \u00e5 reise seg og trene p\u00e5 denne ferdigheten.<\/p>\n<p>Sertifisert i henhold til de europeiske sikkerhetsnormer og standard PN EN 12227.<\/p>\n<p><strong>M\u00e5l<\/strong>:<\/p>\n<ul>\n<li>Madrassm\u00e5l 88 x 88 cm. Madrass kj\u00f8pes separat.<\/li>\n<li>H\u00f8yde 66 cm<\/li>\n<li>Bredde 91 cm<\/li>\n<li>Lengde 91 cm<\/li>\n<\/ul>\n<p><strong>Material<\/strong>: Furu og MDF<\/p>\n<p><em><em><em><em><em>Obs! Sengen leveres umontert og b\u00f8r settes sammen i rommet den skal brukes i.<\/em><\/em><\/em><\/em><\/em><\/p>\n","protected":false},"excerpt":{"rendered":"<p>Fantastisk hvit lekegrind i retrostil med mye lekeplass og plass til mange leker! Perfekt l\u00f8sning for tvillingsforeldre. Barneseng er stabil og motstandsdyktig mot skader. Trinnsportene er smale og flate som gj\u00f8r det lettere for barn \u00e5 reise seg og trene p\u00e5 denne ferdigheten. Sertifisert i henhold til de europeiske sikkerhetsnormer og standard PN EN 12227. [&hellip;]<\/p>\n","protected":false},"featured_media":54152,"comment_status":"closed","ping_status":"open","template":"","meta":{"_acf_changed":false},"product_brand":[1590],"product_cat":[279,40,1591],"product_tag":[1689],"class_list":{"0":"post-54150","1":"product","2":"type-product","3":"status-publish","4":"has-post-thumbnail","6":"product_brand-woodies","7":"product_cat-spjlsngar","8":"product_cat-soverom-barn","9":"product_cat-woodies","10":"product_tag-bestillingsvaror","12":"first","13":"instock","14":"taxable","15":"shipping-taxable","16":"purchasable","17":"product-type-simple"},"acf":[],"yoast_head":"<!-- This site is optimized with the Yoast SEO Premium plugin v25.8 (Yoast SEO v27.2) - https:\/\/yoast.com\/product\/yoast-seo-premium-wordpress\/ -->\n<title>Lekehage til barnerommet, hvit - Babylove Norska<\/title>\n<meta name=\"robots\" content=\"noindex, follow, max-snippet:-1, max-image-preview:large, max-video-preview:-1\" \/>\n<meta property=\"og:locale\" content=\"nb_NO\" \/>\n<meta property=\"og:type\" content=\"article\" \/>\n<meta property=\"og:title\" content=\"Lekehage til barnerommet, hvit\" \/>\n<meta property=\"og:description\" content=\"Fantastisk hvit lekegrind i retrostil med mye lekeplass og plass til mange leker! Perfekt l\u00f8sning for tvillingsforeldre. Barneseng er stabil og motstandsdyktig mot skader. Trinnsportene er smale og flate som gj\u00f8r det lettere for barn \u00e5 reise seg og trene p\u00e5 denne ferdigheten. Sertifisert i henhold til de europeiske sikkerhetsnormer og standard PN EN 12227. [&hellip;]\" \/>\n<meta property=\"og:url\" content=\"https:\/\/babylove.se\/no\/produkt\/lekhage-til-barnerommet-hvit\/\" \/>\n<meta property=\"og:site_name\" content=\"Babylove Norska\" \/>\n<meta property=\"article:modified_time\" content=\"2026-04-08T12:43:46+00:00\" \/>\n<meta property=\"og:image\" content=\"https:\/\/babylove.se\/no\/wp-content\/uploads\/sites\/3\/2025\/07\/6502a8d959e14.png\" \/>\n\t<meta property=\"og:image:width\" content=\"800\" \/>\n\t<meta property=\"og:image:height\" content=\"800\" \/>\n\t<meta property=\"og:image:type\" content=\"image\/png\" \/>\n<meta name=\"twitter:card\" content=\"summary_large_image\" \/>\n<meta name=\"twitter:label1\" content=\"Price\" \/>\n\t<meta name=\"twitter:data1\" content=\"2 199,00&nbsp;&#107;&#114;\" \/>\n\t<meta name=\"twitter:label2\" content=\"Availability\" \/>\n\t<meta name=\"twitter:data2\" content=\"In stock\" \/>\n<script type=\"application\/ld+json\" class=\"yoast-schema-graph\">{\"@context\":\"https:\/\/schema.org\",\"@graph\":[{\"@type\":\"WebPage\",\"@id\":\"https:\/\/babylove.se\/no\/produkt\/lekhage-til-barnerommet-hvit\/\",\"url\":\"https:\/\/babylove.se\/no\/produkt\/lekhage-til-barnerommet-hvit\/\",\"name\":\"Lekehage til barnerommet, hvit - Babylove Norska\",\"isPartOf\":{\"@id\":\"https:\/\/babylove.se\/no\/#website\"},\"primaryImageOfPage\":{\"@id\":\"https:\/\/babylove.se\/no\/produkt\/lekhage-til-barnerommet-hvit\/#primaryimage\"},\"image\":{\"@id\":\"https:\/\/babylove.se\/no\/produkt\/lekhage-til-barnerommet-hvit\/#primaryimage\"},\"thumbnailUrl\":\"https:\/\/babylove.se\/no\/wp-content\/uploads\/sites\/3\/2025\/07\/6502a8d959e14.png\",\"datePublished\":\"2025-07-19T11:16:30+00:00\",\"dateModified\":\"2026-04-08T12:43:46+00:00\",\"breadcrumb\":{\"@id\":\"https:\/\/babylove.se\/no\/produkt\/lekhage-til-barnerommet-hvit\/#breadcrumb\"},\"inLanguage\":\"nb-NO\",\"potentialAction\":[{\"@type\":\"ReadAction\",\"target\":[\"https:\/\/babylove.se\/no\/produkt\/lekhage-til-barnerommet-hvit\/\"]}]},{\"@type\":\"ImageObject\",\"inLanguage\":\"nb-NO\",\"@id\":\"https:\/\/babylove.se\/no\/produkt\/lekhage-til-barnerommet-hvit\/#primaryimage\",\"url\":\"https:\/\/babylove.se\/no\/wp-content\/uploads\/sites\/3\/2025\/07\/6502a8d959e14.png\",\"contentUrl\":\"https:\/\/babylove.se\/no\/wp-content\/uploads\/sites\/3\/2025\/07\/6502a8d959e14.png\",\"width\":800,\"height\":800},{\"@type\":\"BreadcrumbList\",\"@id\":\"https:\/\/babylove.se\/no\/produkt\/lekhage-til-barnerommet-hvit\/#breadcrumb\",\"itemListElement\":[{\"@type\":\"ListItem\",\"position\":1,\"name\":\"Hem\",\"item\":\"https:\/\/babylove.se\/no\/\"},{\"@type\":\"ListItem\",\"position\":2,\"name\":\"Butik\",\"item\":\"https:\/\/babylove.se\/no\/butik\/\"},{\"@type\":\"ListItem\",\"position\":3,\"name\":\"Lekehage til barnerommet, hvit\"}]},{\"@type\":\"WebSite\",\"@id\":\"https:\/\/babylove.se\/no\/#website\",\"url\":\"https:\/\/babylove.se\/no\/\",\"name\":\"Babylove Norska\",\"description\":\"\",\"potentialAction\":[{\"@type\":\"SearchAction\",\"target\":{\"@type\":\"EntryPoint\",\"urlTemplate\":\"https:\/\/babylove.se\/no\/?s={search_term_string}\"},\"query-input\":{\"@type\":\"PropertyValueSpecification\",\"valueRequired\":true,\"valueName\":\"search_term_string\"}}],\"inLanguage\":\"nb-NO\"}]}<\/script>\n<meta property=\"product:brand\" content=\"Woodies\" \/>\n<meta property=\"product:price:amount\" content=\"2199.00\" \/>\n<meta property=\"product:price:currency\" content=\"SEK\" \/>\n<meta property=\"og:availability\" content=\"instock\" \/>\n<meta property=\"product:availability\" content=\"instock\" \/>\n<meta property=\"product:retailer_item_id\" content=\"W-CLA-KO-WH\" \/>\n<meta property=\"product:condition\" content=\"new\" \/>\n<!-- \/ Yoast SEO Premium plugin. -->","yoast_head_json":{"title":"Lekehage til barnerommet, hvit - Babylove Norska","robots":{"index":"noindex","follow":"follow","max-snippet":"max-snippet:-1","max-image-preview":"max-image-preview:large","max-video-preview":"max-video-preview:-1"},"og_locale":"nb_NO","og_type":"article","og_title":"Lekehage til barnerommet, hvit","og_description":"Fantastisk hvit lekegrind i retrostil med mye lekeplass og plass til mange leker! Perfekt l\u00f8sning for tvillingsforeldre. Barneseng er stabil og motstandsdyktig mot skader. Trinnsportene er smale og flate som gj\u00f8r det lettere for barn \u00e5 reise seg og trene p\u00e5 denne ferdigheten. Sertifisert i henhold til de europeiske sikkerhetsnormer og standard PN EN 12227. [&hellip;]","og_url":"https:\/\/babylove.se\/no\/produkt\/lekhage-til-barnerommet-hvit\/","og_site_name":"Babylove Norska","article_modified_time":"2026-04-08T12:43:46+00:00","og_image":[{"width":800,"height":800,"url":"https:\/\/babylove.se\/no\/wp-content\/uploads\/sites\/3\/2025\/07\/6502a8d959e14.png","type":"image\/png"}],"twitter_card":"summary_large_image","twitter_misc":{"Price":"2 199,00&nbsp;&#107;&#114;","Availability":"In stock"},"schema":{"@context":"https:\/\/schema.org","@graph":[{"@type":"WebPage","@id":"https:\/\/babylove.se\/no\/produkt\/lekhage-til-barnerommet-hvit\/","url":"https:\/\/babylove.se\/no\/produkt\/lekhage-til-barnerommet-hvit\/","name":"Lekehage til barnerommet, hvit - Babylove Norska","isPartOf":{"@id":"https:\/\/babylove.se\/no\/#website"},"primaryImageOfPage":{"@id":"https:\/\/babylove.se\/no\/produkt\/lekhage-til-barnerommet-hvit\/#primaryimage"},"image":{"@id":"https:\/\/babylove.se\/no\/produkt\/lekhage-til-barnerommet-hvit\/#primaryimage"},"thumbnailUrl":"https:\/\/babylove.se\/no\/wp-content\/uploads\/sites\/3\/2025\/07\/6502a8d959e14.png","datePublished":"2025-07-19T11:16:30+00:00","dateModified":"2026-04-08T12:43:46+00:00","breadcrumb":{"@id":"https:\/\/babylove.se\/no\/produkt\/lekhage-til-barnerommet-hvit\/#breadcrumb"},"inLanguage":"nb-NO","potentialAction":[{"@type":"ReadAction","target":["https:\/\/babylove.se\/no\/produkt\/lekhage-til-barnerommet-hvit\/"]}]},{"@type":"ImageObject","inLanguage":"nb-NO","@id":"https:\/\/babylove.se\/no\/produkt\/lekhage-til-barnerommet-hvit\/#primaryimage","url":"https:\/\/babylove.se\/no\/wp-content\/uploads\/sites\/3\/2025\/07\/6502a8d959e14.png","contentUrl":"https:\/\/babylove.se\/no\/wp-content\/uploads\/sites\/3\/2025\/07\/6502a8d959e14.png","width":800,"height":800},{"@type":"BreadcrumbList","@id":"https:\/\/babylove.se\/no\/produkt\/lekhage-til-barnerommet-hvit\/#breadcrumb","itemListElement":[{"@type":"ListItem","position":1,"name":"Hem","item":"https:\/\/babylove.se\/no\/"},{"@type":"ListItem","position":2,"name":"Butik","item":"https:\/\/babylove.se\/no\/butik\/"},{"@type":"ListItem","position":3,"name":"Lekehage til barnerommet, hvit"}]},{"@type":"WebSite","@id":"https:\/\/babylove.se\/no\/#website","url":"https:\/\/babylove.se\/no\/","name":"Babylove Norska","description":"","potentialAction":[{"@type":"SearchAction","target":{"@type":"EntryPoint","urlTemplate":"https:\/\/babylove.se\/no\/?s={search_term_string}"},"query-input":{"@type":"PropertyValueSpecification","valueRequired":true,"valueName":"search_term_string"}}],"inLanguage":"nb-NO"}]},"product_brand":"Woodies","product_price_amount":"2199.00","product_price_currency":"SEK","og_availability":"instock","product_availability":"instock","product_retailer_item_id":"W-CLA-KO-WH","product_condition":"new"},"_links":{"self":[{"href":"https:\/\/babylove.se\/no\/wp-json\/wp\/v2\/product\/54150","targetHints":{"allow":["GET"]}}],"collection":[{"href":"https:\/\/babylove.se\/no\/wp-json\/wp\/v2\/product"}],"about":[{"href":"https:\/\/babylove.se\/no\/wp-json\/wp\/v2\/types\/product"}],"replies":[{"embeddable":true,"href":"https:\/\/babylove.se\/no\/wp-json\/wp\/v2\/comments?post=54150"}],"wp:featuredmedia":[{"embeddable":true,"href":"https:\/\/babylove.se\/no\/wp-json\/wp\/v2\/media\/54152"}],"wp:attachment":[{"href":"https:\/\/babylove.se\/no\/wp-json\/wp\/v2\/media?parent=54150"}],"wp:term":[{"taxonomy":"product_brand","embeddable":true,"href":"https:\/\/babylove.se\/no\/wp-json\/wp\/v2\/product_brand?post=54150"},{"taxonomy":"product_cat","embeddable":true,"href":"https:\/\/babylove.se\/no\/wp-json\/wp\/v2\/product_cat?post=54150"},{"taxonomy":"product_tag","embeddable":true,"href":"https:\/\/babylove.se\/no\/wp-json\/wp\/v2\/product_tag?post=54150"}],"curies":[{"name":"wp","href":"https:\/\/api.w.org\/{rel}","templated":true}]}}