{"id":54175,"date":"2025-07-19T12:16:30","date_gmt":"2025-07-19T11:16:30","guid":{"rendered":"https:\/\/babylove.se\/produkt\/spjalsang-starry-night-antracit\/"},"modified":"2026-04-08T13:43:55","modified_gmt":"2026-04-08T12:43:55","slug":"spjelseng-starry-night-antrasitt","status":"publish","type":"product","link":"https:\/\/babylove.se\/no\/produkt\/spjelseng-starry-night-antrasitt\/","title":{"rendered":"Sprinkelseng Starry Night, antrasitt"},"content":{"rendered":"<p>Klassisk antrasitt spedbarnsseng som har tidl\u00f8st design og vil passe i hvert barnerom.&nbsp;<\/p>\n<p>Denne fine gittersen kan tilpasses etter barnets utviklingsfaser, blant annet gjennom fire niv\u00e5er p\u00e5 sengbunnen. N\u00e5r barnet er stort nok til \u00e5 klatre inn og ut av sengen selv, kan man ogs\u00e5 fjerne tre gitterstaver. Unikt og praktisk!<\/p>\n<p>Anbefalt alder 0-3 \u00e5r.<\/p>\n<p>Utviklet i henhold til europeiske sikkerhetsnormer og standard EN716.&nbsp;<\/p>\n<p><strong>M\u00e5l<\/strong>:<\/p>\n<ul>\n<li>Madrassm\u00e5l 120 x 60 cm<\/li>\n<li>Bredde 65 cm<\/li>\n<li>Lengde 127 cm<\/li>\n<li>H\u00f8yde 85 cm<\/li>\n<li>H\u00f8yde sengbunn- ca 17 cm, 27 cm, 36 cm og 46 cm fra gulvet<\/li>\n<li>Madrass inng\u00e5r ikke, men ta gjerne en titt p\u00e5 v\u00e5rt store madrassutvalg. Vi anbefaler en skummadrass med tykkelse p\u00e5 maks 10 cm.<\/li>\n<\/ul>\n<p><strong>Materiale<\/strong>: Massiv furu<\/p>\n<p><em><em><em><em><em>Obs! Sengen leveres umontert og b\u00f8r settes sammen i rommet den skal brukes i.<\/em><\/em><\/em><\/em><\/em><\/p>\n","protected":false},"excerpt":{"rendered":"<p>Klassisk antrasitt spedbarnsseng som har tidl\u00f8st design og vil passe i hvert barnerom.&nbsp; Denne fine gittersen kan tilpasses etter barnets utviklingsfaser, blant annet gjennom fire niv\u00e5er p\u00e5 sengbunnen. N\u00e5r barnet er stort nok til \u00e5 klatre inn og ut av sengen selv, kan man ogs\u00e5 fjerne tre gitterstaver. Unikt og praktisk! Anbefalt alder 0-3 \u00e5r. [&hellip;]<\/p>\n","protected":false},"featured_media":54177,"comment_status":"closed","ping_status":"open","template":"","meta":{"_acf_changed":false},"product_brand":[1590],"product_cat":[279,40,1591],"product_tag":[1689],"class_list":{"0":"post-54175","1":"product","2":"type-product","3":"status-publish","4":"has-post-thumbnail","6":"product_brand-woodies","7":"product_cat-spjlsngar","8":"product_cat-soverom-barn","9":"product_cat-woodies","10":"product_tag-bestillingsvaror","12":"first","13":"instock","14":"taxable","15":"shipping-taxable","16":"purchasable","17":"product-type-simple"},"acf":[],"yoast_head":"<!-- This site is optimized with the Yoast SEO Premium plugin v25.8 (Yoast SEO v27.2) - https:\/\/yoast.com\/product\/yoast-seo-premium-wordpress\/ -->\n<title>Sprinkelseng Starry Night, antrasitt - Babylove Norska<\/title>\n<meta name=\"robots\" content=\"noindex, follow, max-snippet:-1, max-image-preview:large, max-video-preview:-1\" \/>\n<meta property=\"og:locale\" content=\"nb_NO\" \/>\n<meta property=\"og:type\" content=\"article\" \/>\n<meta property=\"og:title\" content=\"Sprinkelseng Starry Night, antrasitt\" \/>\n<meta property=\"og:description\" content=\"Klassisk antrasitt spedbarnsseng som har tidl\u00f8st design og vil passe i hvert barnerom.&nbsp; Denne fine gittersen kan tilpasses etter barnets utviklingsfaser, blant annet gjennom fire niv\u00e5er p\u00e5 sengbunnen. N\u00e5r barnet er stort nok til \u00e5 klatre inn og ut av sengen selv, kan man ogs\u00e5 fjerne tre gitterstaver. Unikt og praktisk! Anbefalt alder 0-3 \u00e5r. [&hellip;]\" \/>\n<meta property=\"og:url\" content=\"https:\/\/babylove.se\/no\/produkt\/spjelseng-starry-night-antrasitt\/\" \/>\n<meta property=\"og:site_name\" content=\"Babylove Norska\" \/>\n<meta property=\"article:modified_time\" content=\"2026-04-08T12:43:55+00:00\" \/>\n<meta property=\"og:image\" content=\"https:\/\/babylove.se\/no\/wp-content\/uploads\/sites\/3\/2025\/07\/64f6d4eaf2a4f.jpeg\" \/>\n\t<meta property=\"og:image:width\" content=\"600\" \/>\n\t<meta property=\"og:image:height\" content=\"600\" \/>\n\t<meta property=\"og:image:type\" content=\"image\/jpeg\" \/>\n<meta name=\"twitter:card\" content=\"summary_large_image\" \/>\n<meta name=\"twitter:label1\" content=\"Price\" \/>\n\t<meta name=\"twitter:data1\" content=\"4 099,00&nbsp;&#107;&#114;\" \/>\n\t<meta name=\"twitter:label2\" content=\"Availability\" \/>\n\t<meta name=\"twitter:data2\" content=\"In stock\" \/>\n<script type=\"application\/ld+json\" class=\"yoast-schema-graph\">{\"@context\":\"https:\/\/schema.org\",\"@graph\":[{\"@type\":\"WebPage\",\"@id\":\"https:\/\/babylove.se\/no\/produkt\/spjelseng-starry-night-antrasitt\/\",\"url\":\"https:\/\/babylove.se\/no\/produkt\/spjelseng-starry-night-antrasitt\/\",\"name\":\"Sprinkelseng Starry Night, antrasitt - Babylove Norska\",\"isPartOf\":{\"@id\":\"https:\/\/babylove.se\/no\/#website\"},\"primaryImageOfPage\":{\"@id\":\"https:\/\/babylove.se\/no\/produkt\/spjelseng-starry-night-antrasitt\/#primaryimage\"},\"image\":{\"@id\":\"https:\/\/babylove.se\/no\/produkt\/spjelseng-starry-night-antrasitt\/#primaryimage\"},\"thumbnailUrl\":\"https:\/\/babylove.se\/no\/wp-content\/uploads\/sites\/3\/2025\/07\/64f6d4eaf2a4f.jpeg\",\"datePublished\":\"2025-07-19T11:16:30+00:00\",\"dateModified\":\"2026-04-08T12:43:55+00:00\",\"breadcrumb\":{\"@id\":\"https:\/\/babylove.se\/no\/produkt\/spjelseng-starry-night-antrasitt\/#breadcrumb\"},\"inLanguage\":\"nb-NO\",\"potentialAction\":[{\"@type\":\"ReadAction\",\"target\":[\"https:\/\/babylove.se\/no\/produkt\/spjelseng-starry-night-antrasitt\/\"]}]},{\"@type\":\"ImageObject\",\"inLanguage\":\"nb-NO\",\"@id\":\"https:\/\/babylove.se\/no\/produkt\/spjelseng-starry-night-antrasitt\/#primaryimage\",\"url\":\"https:\/\/babylove.se\/no\/wp-content\/uploads\/sites\/3\/2025\/07\/64f6d4eaf2a4f.jpeg\",\"contentUrl\":\"https:\/\/babylove.se\/no\/wp-content\/uploads\/sites\/3\/2025\/07\/64f6d4eaf2a4f.jpeg\",\"width\":600,\"height\":600},{\"@type\":\"BreadcrumbList\",\"@id\":\"https:\/\/babylove.se\/no\/produkt\/spjelseng-starry-night-antrasitt\/#breadcrumb\",\"itemListElement\":[{\"@type\":\"ListItem\",\"position\":1,\"name\":\"Hem\",\"item\":\"https:\/\/babylove.se\/no\/\"},{\"@type\":\"ListItem\",\"position\":2,\"name\":\"Butik\",\"item\":\"https:\/\/babylove.se\/no\/butik\/\"},{\"@type\":\"ListItem\",\"position\":3,\"name\":\"Sprinkelseng Starry Night, antrasitt\"}]},{\"@type\":\"WebSite\",\"@id\":\"https:\/\/babylove.se\/no\/#website\",\"url\":\"https:\/\/babylove.se\/no\/\",\"name\":\"Babylove Norska\",\"description\":\"\",\"potentialAction\":[{\"@type\":\"SearchAction\",\"target\":{\"@type\":\"EntryPoint\",\"urlTemplate\":\"https:\/\/babylove.se\/no\/?s={search_term_string}\"},\"query-input\":{\"@type\":\"PropertyValueSpecification\",\"valueRequired\":true,\"valueName\":\"search_term_string\"}}],\"inLanguage\":\"nb-NO\"}]}<\/script>\n<meta property=\"product:brand\" content=\"Woodies\" \/>\n<meta property=\"product:price:amount\" content=\"4099.00\" \/>\n<meta property=\"product:price:currency\" content=\"SEK\" \/>\n<meta property=\"og:availability\" content=\"instock\" \/>\n<meta property=\"product:availability\" content=\"instock\" \/>\n<meta property=\"product:retailer_item_id\" content=\"W-STD-CO-AN\" \/>\n<meta property=\"product:condition\" content=\"new\" \/>\n<!-- \/ Yoast SEO Premium plugin. -->","yoast_head_json":{"title":"Sprinkelseng Starry Night, antrasitt - Babylove Norska","robots":{"index":"noindex","follow":"follow","max-snippet":"max-snippet:-1","max-image-preview":"max-image-preview:large","max-video-preview":"max-video-preview:-1"},"og_locale":"nb_NO","og_type":"article","og_title":"Sprinkelseng Starry Night, antrasitt","og_description":"Klassisk antrasitt spedbarnsseng som har tidl\u00f8st design og vil passe i hvert barnerom.&nbsp; Denne fine gittersen kan tilpasses etter barnets utviklingsfaser, blant annet gjennom fire niv\u00e5er p\u00e5 sengbunnen. N\u00e5r barnet er stort nok til \u00e5 klatre inn og ut av sengen selv, kan man ogs\u00e5 fjerne tre gitterstaver. Unikt og praktisk! Anbefalt alder 0-3 \u00e5r. [&hellip;]","og_url":"https:\/\/babylove.se\/no\/produkt\/spjelseng-starry-night-antrasitt\/","og_site_name":"Babylove Norska","article_modified_time":"2026-04-08T12:43:55+00:00","og_image":[{"width":600,"height":600,"url":"https:\/\/babylove.se\/no\/wp-content\/uploads\/sites\/3\/2025\/07\/64f6d4eaf2a4f.jpeg","type":"image\/jpeg"}],"twitter_card":"summary_large_image","twitter_misc":{"Price":"4 099,00&nbsp;&#107;&#114;","Availability":"In stock"},"schema":{"@context":"https:\/\/schema.org","@graph":[{"@type":"WebPage","@id":"https:\/\/babylove.se\/no\/produkt\/spjelseng-starry-night-antrasitt\/","url":"https:\/\/babylove.se\/no\/produkt\/spjelseng-starry-night-antrasitt\/","name":"Sprinkelseng Starry Night, antrasitt - Babylove Norska","isPartOf":{"@id":"https:\/\/babylove.se\/no\/#website"},"primaryImageOfPage":{"@id":"https:\/\/babylove.se\/no\/produkt\/spjelseng-starry-night-antrasitt\/#primaryimage"},"image":{"@id":"https:\/\/babylove.se\/no\/produkt\/spjelseng-starry-night-antrasitt\/#primaryimage"},"thumbnailUrl":"https:\/\/babylove.se\/no\/wp-content\/uploads\/sites\/3\/2025\/07\/64f6d4eaf2a4f.jpeg","datePublished":"2025-07-19T11:16:30+00:00","dateModified":"2026-04-08T12:43:55+00:00","breadcrumb":{"@id":"https:\/\/babylove.se\/no\/produkt\/spjelseng-starry-night-antrasitt\/#breadcrumb"},"inLanguage":"nb-NO","potentialAction":[{"@type":"ReadAction","target":["https:\/\/babylove.se\/no\/produkt\/spjelseng-starry-night-antrasitt\/"]}]},{"@type":"ImageObject","inLanguage":"nb-NO","@id":"https:\/\/babylove.se\/no\/produkt\/spjelseng-starry-night-antrasitt\/#primaryimage","url":"https:\/\/babylove.se\/no\/wp-content\/uploads\/sites\/3\/2025\/07\/64f6d4eaf2a4f.jpeg","contentUrl":"https:\/\/babylove.se\/no\/wp-content\/uploads\/sites\/3\/2025\/07\/64f6d4eaf2a4f.jpeg","width":600,"height":600},{"@type":"BreadcrumbList","@id":"https:\/\/babylove.se\/no\/produkt\/spjelseng-starry-night-antrasitt\/#breadcrumb","itemListElement":[{"@type":"ListItem","position":1,"name":"Hem","item":"https:\/\/babylove.se\/no\/"},{"@type":"ListItem","position":2,"name":"Butik","item":"https:\/\/babylove.se\/no\/butik\/"},{"@type":"ListItem","position":3,"name":"Sprinkelseng Starry Night, antrasitt"}]},{"@type":"WebSite","@id":"https:\/\/babylove.se\/no\/#website","url":"https:\/\/babylove.se\/no\/","name":"Babylove Norska","description":"","potentialAction":[{"@type":"SearchAction","target":{"@type":"EntryPoint","urlTemplate":"https:\/\/babylove.se\/no\/?s={search_term_string}"},"query-input":{"@type":"PropertyValueSpecification","valueRequired":true,"valueName":"search_term_string"}}],"inLanguage":"nb-NO"}]},"product_brand":"Woodies","product_price_amount":"4099.00","product_price_currency":"SEK","og_availability":"instock","product_availability":"instock","product_retailer_item_id":"W-STD-CO-AN","product_condition":"new"},"_links":{"self":[{"href":"https:\/\/babylove.se\/no\/wp-json\/wp\/v2\/product\/54175","targetHints":{"allow":["GET"]}}],"collection":[{"href":"https:\/\/babylove.se\/no\/wp-json\/wp\/v2\/product"}],"about":[{"href":"https:\/\/babylove.se\/no\/wp-json\/wp\/v2\/types\/product"}],"replies":[{"embeddable":true,"href":"https:\/\/babylove.se\/no\/wp-json\/wp\/v2\/comments?post=54175"}],"wp:featuredmedia":[{"embeddable":true,"href":"https:\/\/babylove.se\/no\/wp-json\/wp\/v2\/media\/54177"}],"wp:attachment":[{"href":"https:\/\/babylove.se\/no\/wp-json\/wp\/v2\/media?parent=54175"}],"wp:term":[{"taxonomy":"product_brand","embeddable":true,"href":"https:\/\/babylove.se\/no\/wp-json\/wp\/v2\/product_brand?post=54175"},{"taxonomy":"product_cat","embeddable":true,"href":"https:\/\/babylove.se\/no\/wp-json\/wp\/v2\/product_cat?post=54175"},{"taxonomy":"product_tag","embeddable":true,"href":"https:\/\/babylove.se\/no\/wp-json\/wp\/v2\/product_tag?post=54175"}],"curies":[{"name":"wp","href":"https:\/\/api.w.org\/{rel}","templated":true}]}}