{"id":54244,"date":"2025-07-19T12:17:35","date_gmt":"2025-07-19T11:17:35","guid":{"rendered":"https:\/\/babylove.se\/produkt\/klassisk-spjalsang-vit\/"},"modified":"2026-04-08T13:44:16","modified_gmt":"2026-04-08T12:44:16","slug":"klassisk-spjaeleseng-hvit","status":"publish","type":"product","link":"https:\/\/babylove.se\/no\/produkt\/klassisk-spjaeleseng-hvit\/","title":{"rendered":"Klassisk sprinkelseng, hvit"},"content":{"rendered":"<p>Klassisk hvit spedbarnsseng som har tidl\u00f8st design og vil passe i ethvert barnerom.&nbsp;<\/p>\n<p>Denne fine spjelseng kan tilpasses barnets utviklingsfaser, blant annet gjennom tre niv\u00e5er p\u00e5 sengbunnen. N\u00e5r barnet er stort nok til \u00e5 klatre inn og ut av sengen selv, kan man ogs\u00e5 ta bort tre spiler. Unikt og praktisk!&nbsp;<\/p>\n<p>Til denne sengen kan du kj\u00f8pe til en oppbevaringskasse og en avtakbar juniorside. Med denne juniorsiden gj\u00f8r du lett om spjelsengen til en dagseng eller kj\u00f8kkensofa n\u00e5r barnet har blitt st\u00f8rre.<\/p>\n<p>Anbefalt alder 0-3 \u00e5r.<\/p>\n<p>Utviklet i henhold til europeiske sikkerhetsnormer og standard EN716.&nbsp;<\/p>\n<p><strong>Tilvalg<\/strong>:<\/p>\n<ul>\n<li>Juniorside\/dagseng: velg mellom uten eller med<\/li>\n<li>Oppbevaringskasse: velg mellom uten eller med<\/li>\n<\/ul>\n<p><strong>M\u00e5l<\/strong>:<\/p>\n<ul>\n<li>Madrassm\u00e5l 120 x 60 cm<\/li>\n<li>Bredde 65 cm<\/li>\n<li>Lengde 125 cm<\/li>\n<li>H\u00f8yde 90 cm<\/li>\n<li>H\u00f8yde sengbunn- ca 23 cm, 34 cm og 50 cm fra gulvet<\/li>\n<li>Avstand mellom spiler 5,4 cm<\/li>\n<li>Tykkelse spiler 2,2 cm<\/li>\n<li>M\u00e5l oppbevaringskasse 119 x 61 x 17 cm<\/li>\n<li>Madrass inng\u00e5r ikke, men ta gjerne en titt p\u00e5 v\u00e5rt store madrassutvalg. Vi anbefaler en skummadrass med tykkelse p\u00e5 maks 10 cm.<\/li>\n<\/ul>\n<p><strong>Materiale<\/strong>: Furu<\/p>\n<p><em><em><em><em><em>Obs! Sengen leveres umontert og b\u00f8r settes sammen i rommet den skal brukes i.<\/em><\/em><\/em><\/em><\/em><\/p>\n","protected":false},"excerpt":{"rendered":"<p>Klassisk hvit spedbarnsseng som har tidl\u00f8st design og vil passe i ethvert barnerom.&nbsp; Denne fine spjelseng kan tilpasses barnets utviklingsfaser, blant annet gjennom tre niv\u00e5er p\u00e5 sengbunnen. N\u00e5r barnet er stort nok til \u00e5 klatre inn og ut av sengen selv, kan man ogs\u00e5 ta bort tre spiler. Unikt og praktisk!&nbsp; Til denne sengen kan [&hellip;]<\/p>\n","protected":false},"featured_media":54246,"comment_status":"closed","ping_status":"open","template":"","meta":{"_acf_changed":false},"product_brand":[1590],"product_cat":[279,40,1591],"product_tag":[1689],"class_list":{"0":"post-54244","1":"product","2":"type-product","3":"status-publish","4":"has-post-thumbnail","6":"product_brand-woodies","7":"product_cat-spjlsngar","8":"product_cat-soverom-barn","9":"product_cat-woodies","10":"product_tag-bestillingsvaror","11":"pa_forvaringslada-med","12":"pa_forvaringslada-utan","13":"pa_juniorsida-dagbadd-med","14":"pa_juniorsida-dagbadd-utan","16":"first","17":"instock","18":"taxable","19":"shipping-taxable","20":"purchasable","21":"product-type-variable"},"acf":[],"yoast_head":"<!-- This site is optimized with the Yoast SEO Premium plugin v25.8 (Yoast SEO v27.2) - https:\/\/yoast.com\/product\/yoast-seo-premium-wordpress\/ -->\n<title>Klassisk sprinkelseng, hvit - Babylove Norska<\/title>\n<meta name=\"robots\" content=\"noindex, follow, max-snippet:-1, max-image-preview:large, max-video-preview:-1\" \/>\n<meta property=\"og:locale\" content=\"nb_NO\" \/>\n<meta property=\"og:type\" content=\"article\" \/>\n<meta property=\"og:title\" content=\"Klassisk sprinkelseng, hvit\" \/>\n<meta property=\"og:description\" content=\"Klassisk hvit spedbarnsseng som har tidl\u00f8st design og vil passe i ethvert barnerom.&nbsp; Denne fine spjelseng kan tilpasses barnets utviklingsfaser, blant annet gjennom tre niv\u00e5er p\u00e5 sengbunnen. N\u00e5r barnet er stort nok til \u00e5 klatre inn og ut av sengen selv, kan man ogs\u00e5 ta bort tre spiler. Unikt og praktisk!&nbsp; Til denne sengen kan [&hellip;]\" \/>\n<meta property=\"og:url\" content=\"https:\/\/babylove.se\/no\/produkt\/klassisk-spjaeleseng-hvit\/\" \/>\n<meta property=\"og:site_name\" content=\"Babylove Norska\" \/>\n<meta property=\"article:modified_time\" content=\"2026-04-08T12:44:16+00:00\" \/>\n<meta property=\"og:image\" content=\"https:\/\/babylove.se\/no\/wp-content\/uploads\/sites\/3\/2025\/07\/6502aa07c8e49.png\" \/>\n\t<meta property=\"og:image:width\" content=\"800\" \/>\n\t<meta property=\"og:image:height\" content=\"800\" \/>\n\t<meta property=\"og:image:type\" content=\"image\/png\" \/>\n<meta name=\"twitter:card\" content=\"summary_large_image\" \/>\n<meta name=\"twitter:label1\" content=\"Availability\" \/>\n\t<meta name=\"twitter:data1\" content=\"In stock\" \/>\n<script type=\"application\/ld+json\" class=\"yoast-schema-graph\">{\"@context\":\"https:\/\/schema.org\",\"@graph\":[{\"@type\":\"WebPage\",\"@id\":\"https:\/\/babylove.se\/no\/produkt\/klassisk-spjaeleseng-hvit\/\",\"url\":\"https:\/\/babylove.se\/no\/produkt\/klassisk-spjaeleseng-hvit\/\",\"name\":\"Klassisk sprinkelseng, hvit - Babylove Norska\",\"isPartOf\":{\"@id\":\"https:\/\/babylove.se\/no\/#website\"},\"primaryImageOfPage\":{\"@id\":\"https:\/\/babylove.se\/no\/produkt\/klassisk-spjaeleseng-hvit\/#primaryimage\"},\"image\":{\"@id\":\"https:\/\/babylove.se\/no\/produkt\/klassisk-spjaeleseng-hvit\/#primaryimage\"},\"thumbnailUrl\":\"https:\/\/babylove.se\/no\/wp-content\/uploads\/sites\/3\/2025\/07\/6502aa07c8e49.png\",\"datePublished\":\"2025-07-19T11:17:35+00:00\",\"dateModified\":\"2026-04-08T12:44:16+00:00\",\"breadcrumb\":{\"@id\":\"https:\/\/babylove.se\/no\/produkt\/klassisk-spjaeleseng-hvit\/#breadcrumb\"},\"inLanguage\":\"nb-NO\",\"potentialAction\":[{\"@type\":\"ReadAction\",\"target\":[\"https:\/\/babylove.se\/no\/produkt\/klassisk-spjaeleseng-hvit\/\"]}]},{\"@type\":\"ImageObject\",\"inLanguage\":\"nb-NO\",\"@id\":\"https:\/\/babylove.se\/no\/produkt\/klassisk-spjaeleseng-hvit\/#primaryimage\",\"url\":\"https:\/\/babylove.se\/no\/wp-content\/uploads\/sites\/3\/2025\/07\/6502aa07c8e49.png\",\"contentUrl\":\"https:\/\/babylove.se\/no\/wp-content\/uploads\/sites\/3\/2025\/07\/6502aa07c8e49.png\",\"width\":800,\"height\":800},{\"@type\":\"BreadcrumbList\",\"@id\":\"https:\/\/babylove.se\/no\/produkt\/klassisk-spjaeleseng-hvit\/#breadcrumb\",\"itemListElement\":[{\"@type\":\"ListItem\",\"position\":1,\"name\":\"Hem\",\"item\":\"https:\/\/babylove.se\/no\/\"},{\"@type\":\"ListItem\",\"position\":2,\"name\":\"Butik\",\"item\":\"https:\/\/babylove.se\/no\/butik\/\"},{\"@type\":\"ListItem\",\"position\":3,\"name\":\"Klassisk sprinkelseng, hvit\"}]},{\"@type\":\"WebSite\",\"@id\":\"https:\/\/babylove.se\/no\/#website\",\"url\":\"https:\/\/babylove.se\/no\/\",\"name\":\"Babylove Norska\",\"description\":\"\",\"potentialAction\":[{\"@type\":\"SearchAction\",\"target\":{\"@type\":\"EntryPoint\",\"urlTemplate\":\"https:\/\/babylove.se\/no\/?s={search_term_string}\"},\"query-input\":{\"@type\":\"PropertyValueSpecification\",\"valueRequired\":true,\"valueName\":\"search_term_string\"}}],\"inLanguage\":\"nb-NO\"}]}<\/script>\n<meta property=\"product:brand\" content=\"Woodies\" \/>\n<meta property=\"og:availability\" content=\"instock\" \/>\n<meta property=\"product:availability\" content=\"instock\" \/>\n<meta property=\"product:retailer_item_id\" content=\"W-CLA-CO-WH\" \/>\n<meta property=\"product:condition\" content=\"new\" \/>\n<!-- \/ Yoast SEO Premium plugin. -->","yoast_head_json":{"title":"Klassisk sprinkelseng, hvit - Babylove Norska","robots":{"index":"noindex","follow":"follow","max-snippet":"max-snippet:-1","max-image-preview":"max-image-preview:large","max-video-preview":"max-video-preview:-1"},"og_locale":"nb_NO","og_type":"article","og_title":"Klassisk sprinkelseng, hvit","og_description":"Klassisk hvit spedbarnsseng som har tidl\u00f8st design og vil passe i ethvert barnerom.&nbsp; Denne fine spjelseng kan tilpasses barnets utviklingsfaser, blant annet gjennom tre niv\u00e5er p\u00e5 sengbunnen. N\u00e5r barnet er stort nok til \u00e5 klatre inn og ut av sengen selv, kan man ogs\u00e5 ta bort tre spiler. Unikt og praktisk!&nbsp; Til denne sengen kan [&hellip;]","og_url":"https:\/\/babylove.se\/no\/produkt\/klassisk-spjaeleseng-hvit\/","og_site_name":"Babylove Norska","article_modified_time":"2026-04-08T12:44:16+00:00","og_image":[{"width":800,"height":800,"url":"https:\/\/babylove.se\/no\/wp-content\/uploads\/sites\/3\/2025\/07\/6502aa07c8e49.png","type":"image\/png"}],"twitter_card":"summary_large_image","twitter_misc":{"Availability":"In stock"},"schema":{"@context":"https:\/\/schema.org","@graph":[{"@type":"WebPage","@id":"https:\/\/babylove.se\/no\/produkt\/klassisk-spjaeleseng-hvit\/","url":"https:\/\/babylove.se\/no\/produkt\/klassisk-spjaeleseng-hvit\/","name":"Klassisk sprinkelseng, hvit - Babylove Norska","isPartOf":{"@id":"https:\/\/babylove.se\/no\/#website"},"primaryImageOfPage":{"@id":"https:\/\/babylove.se\/no\/produkt\/klassisk-spjaeleseng-hvit\/#primaryimage"},"image":{"@id":"https:\/\/babylove.se\/no\/produkt\/klassisk-spjaeleseng-hvit\/#primaryimage"},"thumbnailUrl":"https:\/\/babylove.se\/no\/wp-content\/uploads\/sites\/3\/2025\/07\/6502aa07c8e49.png","datePublished":"2025-07-19T11:17:35+00:00","dateModified":"2026-04-08T12:44:16+00:00","breadcrumb":{"@id":"https:\/\/babylove.se\/no\/produkt\/klassisk-spjaeleseng-hvit\/#breadcrumb"},"inLanguage":"nb-NO","potentialAction":[{"@type":"ReadAction","target":["https:\/\/babylove.se\/no\/produkt\/klassisk-spjaeleseng-hvit\/"]}]},{"@type":"ImageObject","inLanguage":"nb-NO","@id":"https:\/\/babylove.se\/no\/produkt\/klassisk-spjaeleseng-hvit\/#primaryimage","url":"https:\/\/babylove.se\/no\/wp-content\/uploads\/sites\/3\/2025\/07\/6502aa07c8e49.png","contentUrl":"https:\/\/babylove.se\/no\/wp-content\/uploads\/sites\/3\/2025\/07\/6502aa07c8e49.png","width":800,"height":800},{"@type":"BreadcrumbList","@id":"https:\/\/babylove.se\/no\/produkt\/klassisk-spjaeleseng-hvit\/#breadcrumb","itemListElement":[{"@type":"ListItem","position":1,"name":"Hem","item":"https:\/\/babylove.se\/no\/"},{"@type":"ListItem","position":2,"name":"Butik","item":"https:\/\/babylove.se\/no\/butik\/"},{"@type":"ListItem","position":3,"name":"Klassisk sprinkelseng, hvit"}]},{"@type":"WebSite","@id":"https:\/\/babylove.se\/no\/#website","url":"https:\/\/babylove.se\/no\/","name":"Babylove Norska","description":"","potentialAction":[{"@type":"SearchAction","target":{"@type":"EntryPoint","urlTemplate":"https:\/\/babylove.se\/no\/?s={search_term_string}"},"query-input":{"@type":"PropertyValueSpecification","valueRequired":true,"valueName":"search_term_string"}}],"inLanguage":"nb-NO"}]},"product_brand":"Woodies","og_availability":"instock","product_availability":"instock","product_retailer_item_id":"W-CLA-CO-WH","product_condition":"new"},"_links":{"self":[{"href":"https:\/\/babylove.se\/no\/wp-json\/wp\/v2\/product\/54244","targetHints":{"allow":["GET"]}}],"collection":[{"href":"https:\/\/babylove.se\/no\/wp-json\/wp\/v2\/product"}],"about":[{"href":"https:\/\/babylove.se\/no\/wp-json\/wp\/v2\/types\/product"}],"replies":[{"embeddable":true,"href":"https:\/\/babylove.se\/no\/wp-json\/wp\/v2\/comments?post=54244"}],"wp:featuredmedia":[{"embeddable":true,"href":"https:\/\/babylove.se\/no\/wp-json\/wp\/v2\/media\/54246"}],"wp:attachment":[{"href":"https:\/\/babylove.se\/no\/wp-json\/wp\/v2\/media?parent=54244"}],"wp:term":[{"taxonomy":"product_brand","embeddable":true,"href":"https:\/\/babylove.se\/no\/wp-json\/wp\/v2\/product_brand?post=54244"},{"taxonomy":"product_cat","embeddable":true,"href":"https:\/\/babylove.se\/no\/wp-json\/wp\/v2\/product_cat?post=54244"},{"taxonomy":"product_tag","embeddable":true,"href":"https:\/\/babylove.se\/no\/wp-json\/wp\/v2\/product_tag?post=54244"}],"curies":[{"name":"wp","href":"https:\/\/api.w.org\/{rel}","templated":true}]}}