{"id":5433,"date":"2025-07-18T20:29:17","date_gmt":"2025-07-18T19:29:17","guid":{"rendered":"https:\/\/babylove.se\/produkt\/form-living-vagglampa-ballong-nattlampa-rosa\/"},"modified":"2026-04-08T08:17:53","modified_gmt":"2026-04-08T07:17:53","slug":"form-living-vegglampe-ballong-nattlampe-rosa","status":"publish","type":"product","link":"https:\/\/babylove.se\/no\/produkt\/form-living-vegglampe-ballong-nattlampe-rosa\/","title":{"rendered":"FORM Living Vegglampe Ballong nattlampe, Rosa"},"content":{"rendered":"<p>Denne fine og rimelige vegglampen laget av metall vil passe godt inn i \u00f8vrig barneroms innredning. Lampen har form som en ballong og skaper et moderne og koselig inntrykk i barnerommet. De 10 sm\u00e5 LED lampene gir et varmhvitt og koselig skj\u00e6r, perfekt for barnet! Du henger enkelt opp lampen ved \u00e5 sette en spiker eller skrue i veggen og deretter henge den opp i hullet p\u00e5 baksiden. Lampen kan selvf\u00f8lgelig ogs\u00e5 stilles i en hylle eller p\u00e5 et skrivebord. Det f\u00f8lger med en 1,8 meter lang ledning samt transformator.<\/p>\n<p> M\u00e5l: H\u00f8yde 35 cm x Bredde 25 cm x Dybde 5 cm.<\/p>\n<p>Designer: <a href=\"https:\/\/babylove.se\/varumarken\/form-living\"><u>Form Living<\/u><\/a><\/p>\n","protected":false},"excerpt":{"rendered":"<p>Denne fine og rimelige vegglampen laget av metall vil passe godt inn i \u00f8vrig barneroms innredning. Lampen har form som en ballong og skaper et moderne og koselig inntrykk i barnerommet. De 10 sm\u00e5 LED lampene gir et varmhvitt og koselig skj\u00e6r, perfekt for barnet! Du henger enkelt opp lampen ved \u00e5 sette en spiker [&hellip;]<\/p>\n","protected":false},"featured_media":5435,"comment_status":"closed","ping_status":"open","template":"","meta":{"_acf_changed":false},"product_brand":[251],"product_cat":[138,252,31,179,48,37],"product_tag":[],"class_list":{"0":"post-5433","1":"product","2":"type-product","3":"status-publish","4":"has-post-thumbnail","6":"product_brand-form-living","7":"product_cat-ballonger","8":"product_cat-form-living","9":"product_cat-lamper","10":"product_cat-nattlamper","11":"product_cat-startside","12":"product_cat-vegglamper","14":"first","15":"outofstock","16":"taxable","17":"shipping-taxable","18":"purchasable","19":"product-type-simple"},"acf":[],"yoast_head":"<!-- This site is optimized with the Yoast SEO Premium plugin v25.8 (Yoast SEO v27.2) - https:\/\/yoast.com\/product\/yoast-seo-premium-wordpress\/ -->\n<title>FORM Living Vegglampe Ballong nattlampe, Rosa - Babylove Norska<\/title>\n<meta name=\"robots\" content=\"noindex, follow, max-snippet:-1, max-image-preview:large, max-video-preview:-1\" \/>\n<meta property=\"og:locale\" content=\"nb_NO\" \/>\n<meta property=\"og:type\" content=\"article\" \/>\n<meta property=\"og:title\" content=\"FORM Living Vegglampe Ballong nattlampe, Rosa\" \/>\n<meta property=\"og:description\" content=\"Denne fine og rimelige vegglampen laget av metall vil passe godt inn i \u00f8vrig barneroms innredning. Lampen har form som en ballong og skaper et moderne og koselig inntrykk i barnerommet. De 10 sm\u00e5 LED lampene gir et varmhvitt og koselig skj\u00e6r, perfekt for barnet! Du henger enkelt opp lampen ved \u00e5 sette en spiker [&hellip;]\" \/>\n<meta property=\"og:url\" content=\"https:\/\/babylove.se\/no\/produkt\/form-living-vegglampe-ballong-nattlampe-rosa\/\" \/>\n<meta property=\"og:site_name\" content=\"Babylove Norska\" \/>\n<meta property=\"article:modified_time\" content=\"2026-04-08T07:17:53+00:00\" \/>\n<meta property=\"og:image\" content=\"https:\/\/babylove.se\/no\/wp-content\/uploads\/sites\/3\/2025\/07\/610941ef2f58a.png\" \/>\n\t<meta property=\"og:image:width\" content=\"750\" \/>\n\t<meta property=\"og:image:height\" content=\"648\" \/>\n\t<meta property=\"og:image:type\" content=\"image\/png\" \/>\n<meta name=\"twitter:card\" content=\"summary_large_image\" \/>\n<meta name=\"twitter:label1\" content=\"Price\" \/>\n\t<meta name=\"twitter:data1\" content=\"129,00&nbsp;&#107;&#114;\" \/>\n\t<meta name=\"twitter:label2\" content=\"Availability\" \/>\n\t<meta name=\"twitter:data2\" content=\"Out of stock\" \/>\n<script type=\"application\/ld+json\" class=\"yoast-schema-graph\">{\"@context\":\"https:\/\/schema.org\",\"@graph\":[{\"@type\":\"WebPage\",\"@id\":\"https:\/\/babylove.se\/no\/produkt\/form-living-vegglampe-ballong-nattlampe-rosa\/\",\"url\":\"https:\/\/babylove.se\/no\/produkt\/form-living-vegglampe-ballong-nattlampe-rosa\/\",\"name\":\"FORM Living Vegglampe Ballong nattlampe, Rosa - Babylove Norska\",\"isPartOf\":{\"@id\":\"https:\/\/babylove.se\/no\/#website\"},\"primaryImageOfPage\":{\"@id\":\"https:\/\/babylove.se\/no\/produkt\/form-living-vegglampe-ballong-nattlampe-rosa\/#primaryimage\"},\"image\":{\"@id\":\"https:\/\/babylove.se\/no\/produkt\/form-living-vegglampe-ballong-nattlampe-rosa\/#primaryimage\"},\"thumbnailUrl\":\"https:\/\/babylove.se\/no\/wp-content\/uploads\/sites\/3\/2025\/07\/610941ef2f58a.png\",\"datePublished\":\"2025-07-18T19:29:17+00:00\",\"dateModified\":\"2026-04-08T07:17:53+00:00\",\"breadcrumb\":{\"@id\":\"https:\/\/babylove.se\/no\/produkt\/form-living-vegglampe-ballong-nattlampe-rosa\/#breadcrumb\"},\"inLanguage\":\"nb-NO\",\"potentialAction\":[{\"@type\":\"ReadAction\",\"target\":[\"https:\/\/babylove.se\/no\/produkt\/form-living-vegglampe-ballong-nattlampe-rosa\/\"]}]},{\"@type\":\"ImageObject\",\"inLanguage\":\"nb-NO\",\"@id\":\"https:\/\/babylove.se\/no\/produkt\/form-living-vegglampe-ballong-nattlampe-rosa\/#primaryimage\",\"url\":\"https:\/\/babylove.se\/no\/wp-content\/uploads\/sites\/3\/2025\/07\/610941ef2f58a.png\",\"contentUrl\":\"https:\/\/babylove.se\/no\/wp-content\/uploads\/sites\/3\/2025\/07\/610941ef2f58a.png\",\"width\":750,\"height\":648},{\"@type\":\"BreadcrumbList\",\"@id\":\"https:\/\/babylove.se\/no\/produkt\/form-living-vegglampe-ballong-nattlampe-rosa\/#breadcrumb\",\"itemListElement\":[{\"@type\":\"ListItem\",\"position\":1,\"name\":\"Hem\",\"item\":\"https:\/\/babylove.se\/no\/\"},{\"@type\":\"ListItem\",\"position\":2,\"name\":\"Butik\",\"item\":\"https:\/\/babylove.se\/no\/butik\/\"},{\"@type\":\"ListItem\",\"position\":3,\"name\":\"FORM Living Vegglampe Ballong nattlampe, Rosa\"}]},{\"@type\":\"WebSite\",\"@id\":\"https:\/\/babylove.se\/no\/#website\",\"url\":\"https:\/\/babylove.se\/no\/\",\"name\":\"Babylove Norska\",\"description\":\"\",\"potentialAction\":[{\"@type\":\"SearchAction\",\"target\":{\"@type\":\"EntryPoint\",\"urlTemplate\":\"https:\/\/babylove.se\/no\/?s={search_term_string}\"},\"query-input\":{\"@type\":\"PropertyValueSpecification\",\"valueRequired\":true,\"valueName\":\"search_term_string\"}}],\"inLanguage\":\"nb-NO\"}]}<\/script>\n<meta property=\"product:brand\" content=\"Form Living\" \/>\n<meta property=\"product:price:amount\" content=\"129.00\" \/>\n<meta property=\"product:price:currency\" content=\"SEK\" \/>\n<meta property=\"og:availability\" content=\"out of stock\" \/>\n<meta property=\"product:availability\" content=\"out of stock\" \/>\n<meta property=\"product:retailer_item_id\" content=\"8590\" \/>\n<meta property=\"product:condition\" content=\"new\" \/>\n<!-- \/ Yoast SEO Premium plugin. -->","yoast_head_json":{"title":"FORM Living Vegglampe Ballong nattlampe, Rosa - Babylove Norska","robots":{"index":"noindex","follow":"follow","max-snippet":"max-snippet:-1","max-image-preview":"max-image-preview:large","max-video-preview":"max-video-preview:-1"},"og_locale":"nb_NO","og_type":"article","og_title":"FORM Living Vegglampe Ballong nattlampe, Rosa","og_description":"Denne fine og rimelige vegglampen laget av metall vil passe godt inn i \u00f8vrig barneroms innredning. Lampen har form som en ballong og skaper et moderne og koselig inntrykk i barnerommet. De 10 sm\u00e5 LED lampene gir et varmhvitt og koselig skj\u00e6r, perfekt for barnet! Du henger enkelt opp lampen ved \u00e5 sette en spiker [&hellip;]","og_url":"https:\/\/babylove.se\/no\/produkt\/form-living-vegglampe-ballong-nattlampe-rosa\/","og_site_name":"Babylove Norska","article_modified_time":"2026-04-08T07:17:53+00:00","og_image":[{"width":750,"height":648,"url":"https:\/\/babylove.se\/no\/wp-content\/uploads\/sites\/3\/2025\/07\/610941ef2f58a.png","type":"image\/png"}],"twitter_card":"summary_large_image","twitter_misc":{"Price":"129,00&nbsp;&#107;&#114;","Availability":"Out of stock"},"schema":{"@context":"https:\/\/schema.org","@graph":[{"@type":"WebPage","@id":"https:\/\/babylove.se\/no\/produkt\/form-living-vegglampe-ballong-nattlampe-rosa\/","url":"https:\/\/babylove.se\/no\/produkt\/form-living-vegglampe-ballong-nattlampe-rosa\/","name":"FORM Living Vegglampe Ballong nattlampe, Rosa - Babylove Norska","isPartOf":{"@id":"https:\/\/babylove.se\/no\/#website"},"primaryImageOfPage":{"@id":"https:\/\/babylove.se\/no\/produkt\/form-living-vegglampe-ballong-nattlampe-rosa\/#primaryimage"},"image":{"@id":"https:\/\/babylove.se\/no\/produkt\/form-living-vegglampe-ballong-nattlampe-rosa\/#primaryimage"},"thumbnailUrl":"https:\/\/babylove.se\/no\/wp-content\/uploads\/sites\/3\/2025\/07\/610941ef2f58a.png","datePublished":"2025-07-18T19:29:17+00:00","dateModified":"2026-04-08T07:17:53+00:00","breadcrumb":{"@id":"https:\/\/babylove.se\/no\/produkt\/form-living-vegglampe-ballong-nattlampe-rosa\/#breadcrumb"},"inLanguage":"nb-NO","potentialAction":[{"@type":"ReadAction","target":["https:\/\/babylove.se\/no\/produkt\/form-living-vegglampe-ballong-nattlampe-rosa\/"]}]},{"@type":"ImageObject","inLanguage":"nb-NO","@id":"https:\/\/babylove.se\/no\/produkt\/form-living-vegglampe-ballong-nattlampe-rosa\/#primaryimage","url":"https:\/\/babylove.se\/no\/wp-content\/uploads\/sites\/3\/2025\/07\/610941ef2f58a.png","contentUrl":"https:\/\/babylove.se\/no\/wp-content\/uploads\/sites\/3\/2025\/07\/610941ef2f58a.png","width":750,"height":648},{"@type":"BreadcrumbList","@id":"https:\/\/babylove.se\/no\/produkt\/form-living-vegglampe-ballong-nattlampe-rosa\/#breadcrumb","itemListElement":[{"@type":"ListItem","position":1,"name":"Hem","item":"https:\/\/babylove.se\/no\/"},{"@type":"ListItem","position":2,"name":"Butik","item":"https:\/\/babylove.se\/no\/butik\/"},{"@type":"ListItem","position":3,"name":"FORM Living Vegglampe Ballong nattlampe, Rosa"}]},{"@type":"WebSite","@id":"https:\/\/babylove.se\/no\/#website","url":"https:\/\/babylove.se\/no\/","name":"Babylove Norska","description":"","potentialAction":[{"@type":"SearchAction","target":{"@type":"EntryPoint","urlTemplate":"https:\/\/babylove.se\/no\/?s={search_term_string}"},"query-input":{"@type":"PropertyValueSpecification","valueRequired":true,"valueName":"search_term_string"}}],"inLanguage":"nb-NO"}]},"product_brand":"Form Living","product_price_amount":"129.00","product_price_currency":"SEK","og_availability":"out of stock","product_availability":"out of stock","product_retailer_item_id":"8590","product_condition":"new"},"_links":{"self":[{"href":"https:\/\/babylove.se\/no\/wp-json\/wp\/v2\/product\/5433","targetHints":{"allow":["GET"]}}],"collection":[{"href":"https:\/\/babylove.se\/no\/wp-json\/wp\/v2\/product"}],"about":[{"href":"https:\/\/babylove.se\/no\/wp-json\/wp\/v2\/types\/product"}],"replies":[{"embeddable":true,"href":"https:\/\/babylove.se\/no\/wp-json\/wp\/v2\/comments?post=5433"}],"wp:featuredmedia":[{"embeddable":true,"href":"https:\/\/babylove.se\/no\/wp-json\/wp\/v2\/media\/5435"}],"wp:attachment":[{"href":"https:\/\/babylove.se\/no\/wp-json\/wp\/v2\/media?parent=5433"}],"wp:term":[{"taxonomy":"product_brand","embeddable":true,"href":"https:\/\/babylove.se\/no\/wp-json\/wp\/v2\/product_brand?post=5433"},{"taxonomy":"product_cat","embeddable":true,"href":"https:\/\/babylove.se\/no\/wp-json\/wp\/v2\/product_cat?post=5433"},{"taxonomy":"product_tag","embeddable":true,"href":"https:\/\/babylove.se\/no\/wp-json\/wp\/v2\/product_tag?post=5433"}],"curies":[{"name":"wp","href":"https:\/\/api.w.org\/{rel}","templated":true}]}}