{"id":54396,"date":"2025-07-19T12:19:53","date_gmt":"2025-07-19T11:19:53","guid":{"rendered":"https:\/\/babylove.se\/produkt\/klassisk-vaxasang-juniorsang-vit\/"},"modified":"2026-04-08T13:44:48","modified_gmt":"2026-04-08T12:44:48","slug":"klassisk-voksseng-juniorseng-hvit","status":"publish","type":"product","link":"https:\/\/babylove.se\/no\/produkt\/klassisk-voksseng-juniorseng-hvit\/","title":{"rendered":"Klassisk vokseneseng juniorseng, hvit"},"content":{"rendered":"<p>Her er sengen med alt i ett!<\/p>\n<p>Denne fine vokseseng f\u00f8lger ditt barns utvikling fra f\u00f8dsel opp til skole\u00e5rene og er en perfekt investering for deg som ikke vil m\u00e5tte lete etter nye senger n\u00e5r barna blir st\u00f8rre.<\/p>\n<p>Sprinkelseng kan tilpasses etter barnets utviklingsfaser, blant annet gjennom tre niv\u00e5er p\u00e5 sengbunnen. N\u00e5r barnet er stort nok til \u00e5 klatre inn og ut av sengen selv, kan man ogs\u00e5 ta bort tre sprinkel. Unikt og praktisk!&nbsp;<\/p>\n<p>Til denne sengen kan du ogs\u00e5 kj\u00f8pe til en oppbevaringsboks og en avtagbar st\u00f8ttebrett. Oppbevaringsboksen passer kun til sprinkelseng. Etter at sengen er gjort om til juniorseng vil boksen ikke lenger passe.<\/p>\n<p>Anbefalt alder 0-6 \u00e5r.<\/p>\n<p>Utviklet i henhold til de europeiske sikkerhetsnormer og standard EN716.&nbsp;<\/p>\n<p><strong>Tilvalg<\/strong>:<\/p>\n<ul>\n<li>St\u00f8ttebrett: velg mellom uten eller med<\/li>\n<li>Oppbevaringsboks: velg mellom uten eller med<\/li>\n<\/ul>\n<p><strong>M\u00e5l<\/strong>:<\/p>\n<ul>\n<li>Madrassm\u00e5l 140 x 70 cm<\/li>\n<li>Sprinkelseng 144 x 77 x 91 cm<\/li>\n<li>Juniorseng 144 x 77 x 56 cm<\/li>\n<li>H\u00f8yde sengbunn sprinkelseng ca 22 cm, 34 cm og 47 cm fra gulvet<\/li>\n<li>H\u00f8yde sengbunn juniorseng 14 cm fra gulvet<\/li>\n<li>Oppbevaringsboks 139 x 71 x 17 cm<\/li>\n<li>H\u00f8yde st\u00f8ttebrett 19 cm<\/li>\n<li>Lengde st\u00f8ttebrett 86 cm<\/li>\n<li>Madrass inng\u00e5r ikke, men ta gjerne en titt i v\u00e5rt store madrassutvalg. Vi anbefaler en skummadrass med tykkelse p\u00e5 maks 10 cm.<\/li>\n<\/ul>\n<p><strong>Material<\/strong>: Furu og MDF. \u00d8kologisk h\u00f8stet trevirke.<\/p>\n<p><em><em><em><em><em>Obs! Sengen leveres umontert og b\u00f8r settes sammen i rommet den skal brukes i.<\/em><\/em><\/em><\/em><\/em><\/p>\n","protected":false},"excerpt":{"rendered":"<p>Her er sengen med alt i ett! Denne fine vokseseng f\u00f8lger ditt barns utvikling fra f\u00f8dsel opp til skole\u00e5rene og er en perfekt investering for deg som ikke vil m\u00e5tte lete etter nye senger n\u00e5r barna blir st\u00f8rre. Sprinkelseng kan tilpasses etter barnets utviklingsfaser, blant annet gjennom tre niv\u00e5er p\u00e5 sengbunnen. N\u00e5r barnet er stort [&hellip;]<\/p>\n","protected":false},"featured_media":54398,"comment_status":"closed","ping_status":"open","template":"","meta":{"_acf_changed":false},"product_brand":[1590],"product_cat":[279,269,922,40,1591],"product_tag":[1689],"class_list":{"0":"post-54396","1":"product","2":"type-product","3":"status-publish","4":"has-post-thumbnail","6":"product_brand-woodies","7":"product_cat-spjlsngar","8":"product_cat-juniorsenger","9":"product_cat-nyheter","10":"product_cat-soverom-barn","11":"product_cat-woodies","12":"product_tag-bestillingsvaror","13":"pa_forvaringslada-med","14":"pa_forvaringslada-utan","15":"pa_stodbrada-med","16":"pa_stodbrada-utan","18":"first","19":"instock","20":"taxable","21":"shipping-taxable","22":"purchasable","23":"product-type-variable"},"acf":[],"yoast_head":"<!-- This site is optimized with the Yoast SEO Premium plugin v25.8 (Yoast SEO v27.2) - https:\/\/yoast.com\/product\/yoast-seo-premium-wordpress\/ -->\n<title>Klassisk vokseneseng juniorseng, hvit - Babylove Norska<\/title>\n<meta name=\"robots\" content=\"noindex, follow, max-snippet:-1, max-image-preview:large, max-video-preview:-1\" \/>\n<meta property=\"og:locale\" content=\"nb_NO\" \/>\n<meta property=\"og:type\" content=\"article\" \/>\n<meta property=\"og:title\" content=\"Klassisk vokseneseng juniorseng, hvit\" \/>\n<meta property=\"og:description\" content=\"Her er sengen med alt i ett! Denne fine vokseseng f\u00f8lger ditt barns utvikling fra f\u00f8dsel opp til skole\u00e5rene og er en perfekt investering for deg som ikke vil m\u00e5tte lete etter nye senger n\u00e5r barna blir st\u00f8rre. Sprinkelseng kan tilpasses etter barnets utviklingsfaser, blant annet gjennom tre niv\u00e5er p\u00e5 sengbunnen. N\u00e5r barnet er stort [&hellip;]\" \/>\n<meta property=\"og:url\" content=\"https:\/\/babylove.se\/no\/produkt\/klassisk-voksseng-juniorseng-hvit\/\" \/>\n<meta property=\"og:site_name\" content=\"Babylove Norska\" \/>\n<meta property=\"article:modified_time\" content=\"2026-04-08T12:44:48+00:00\" \/>\n<meta property=\"og:image\" content=\"https:\/\/babylove.se\/no\/wp-content\/uploads\/sites\/3\/2025\/07\/64fecff0bde8f.jpeg\" \/>\n\t<meta property=\"og:image:width\" content=\"1000\" \/>\n\t<meta property=\"og:image:height\" content=\"1000\" \/>\n\t<meta property=\"og:image:type\" content=\"image\/jpeg\" \/>\n<meta name=\"twitter:card\" content=\"summary_large_image\" \/>\n<meta name=\"twitter:label1\" content=\"Availability\" \/>\n\t<meta name=\"twitter:data1\" content=\"In stock\" \/>\n<script type=\"application\/ld+json\" class=\"yoast-schema-graph\">{\"@context\":\"https:\/\/schema.org\",\"@graph\":[{\"@type\":\"WebPage\",\"@id\":\"https:\/\/babylove.se\/no\/produkt\/klassisk-voksseng-juniorseng-hvit\/\",\"url\":\"https:\/\/babylove.se\/no\/produkt\/klassisk-voksseng-juniorseng-hvit\/\",\"name\":\"Klassisk vokseneseng juniorseng, hvit - Babylove Norska\",\"isPartOf\":{\"@id\":\"https:\/\/babylove.se\/no\/#website\"},\"primaryImageOfPage\":{\"@id\":\"https:\/\/babylove.se\/no\/produkt\/klassisk-voksseng-juniorseng-hvit\/#primaryimage\"},\"image\":{\"@id\":\"https:\/\/babylove.se\/no\/produkt\/klassisk-voksseng-juniorseng-hvit\/#primaryimage\"},\"thumbnailUrl\":\"https:\/\/babylove.se\/no\/wp-content\/uploads\/sites\/3\/2025\/07\/64fecff0bde8f.jpeg\",\"datePublished\":\"2025-07-19T11:19:53+00:00\",\"dateModified\":\"2026-04-08T12:44:48+00:00\",\"breadcrumb\":{\"@id\":\"https:\/\/babylove.se\/no\/produkt\/klassisk-voksseng-juniorseng-hvit\/#breadcrumb\"},\"inLanguage\":\"nb-NO\",\"potentialAction\":[{\"@type\":\"ReadAction\",\"target\":[\"https:\/\/babylove.se\/no\/produkt\/klassisk-voksseng-juniorseng-hvit\/\"]}]},{\"@type\":\"ImageObject\",\"inLanguage\":\"nb-NO\",\"@id\":\"https:\/\/babylove.se\/no\/produkt\/klassisk-voksseng-juniorseng-hvit\/#primaryimage\",\"url\":\"https:\/\/babylove.se\/no\/wp-content\/uploads\/sites\/3\/2025\/07\/64fecff0bde8f.jpeg\",\"contentUrl\":\"https:\/\/babylove.se\/no\/wp-content\/uploads\/sites\/3\/2025\/07\/64fecff0bde8f.jpeg\",\"width\":1000,\"height\":1000},{\"@type\":\"BreadcrumbList\",\"@id\":\"https:\/\/babylove.se\/no\/produkt\/klassisk-voksseng-juniorseng-hvit\/#breadcrumb\",\"itemListElement\":[{\"@type\":\"ListItem\",\"position\":1,\"name\":\"Hem\",\"item\":\"https:\/\/babylove.se\/no\/\"},{\"@type\":\"ListItem\",\"position\":2,\"name\":\"Butik\",\"item\":\"https:\/\/babylove.se\/no\/butik\/\"},{\"@type\":\"ListItem\",\"position\":3,\"name\":\"Klassisk vokseneseng juniorseng, hvit\"}]},{\"@type\":\"WebSite\",\"@id\":\"https:\/\/babylove.se\/no\/#website\",\"url\":\"https:\/\/babylove.se\/no\/\",\"name\":\"Babylove Norska\",\"description\":\"\",\"potentialAction\":[{\"@type\":\"SearchAction\",\"target\":{\"@type\":\"EntryPoint\",\"urlTemplate\":\"https:\/\/babylove.se\/no\/?s={search_term_string}\"},\"query-input\":{\"@type\":\"PropertyValueSpecification\",\"valueRequired\":true,\"valueName\":\"search_term_string\"}}],\"inLanguage\":\"nb-NO\"}]}<\/script>\n<meta property=\"product:brand\" content=\"Woodies\" \/>\n<meta property=\"og:availability\" content=\"instock\" \/>\n<meta property=\"product:availability\" content=\"instock\" \/>\n<meta property=\"product:retailer_item_id\" content=\"W-CLA-CB-WH\" \/>\n<meta property=\"product:condition\" content=\"new\" \/>\n<!-- \/ Yoast SEO Premium plugin. -->","yoast_head_json":{"title":"Klassisk vokseneseng juniorseng, hvit - Babylove Norska","robots":{"index":"noindex","follow":"follow","max-snippet":"max-snippet:-1","max-image-preview":"max-image-preview:large","max-video-preview":"max-video-preview:-1"},"og_locale":"nb_NO","og_type":"article","og_title":"Klassisk vokseneseng juniorseng, hvit","og_description":"Her er sengen med alt i ett! Denne fine vokseseng f\u00f8lger ditt barns utvikling fra f\u00f8dsel opp til skole\u00e5rene og er en perfekt investering for deg som ikke vil m\u00e5tte lete etter nye senger n\u00e5r barna blir st\u00f8rre. Sprinkelseng kan tilpasses etter barnets utviklingsfaser, blant annet gjennom tre niv\u00e5er p\u00e5 sengbunnen. N\u00e5r barnet er stort [&hellip;]","og_url":"https:\/\/babylove.se\/no\/produkt\/klassisk-voksseng-juniorseng-hvit\/","og_site_name":"Babylove Norska","article_modified_time":"2026-04-08T12:44:48+00:00","og_image":[{"width":1000,"height":1000,"url":"https:\/\/babylove.se\/no\/wp-content\/uploads\/sites\/3\/2025\/07\/64fecff0bde8f.jpeg","type":"image\/jpeg"}],"twitter_card":"summary_large_image","twitter_misc":{"Availability":"In stock"},"schema":{"@context":"https:\/\/schema.org","@graph":[{"@type":"WebPage","@id":"https:\/\/babylove.se\/no\/produkt\/klassisk-voksseng-juniorseng-hvit\/","url":"https:\/\/babylove.se\/no\/produkt\/klassisk-voksseng-juniorseng-hvit\/","name":"Klassisk vokseneseng juniorseng, hvit - Babylove Norska","isPartOf":{"@id":"https:\/\/babylove.se\/no\/#website"},"primaryImageOfPage":{"@id":"https:\/\/babylove.se\/no\/produkt\/klassisk-voksseng-juniorseng-hvit\/#primaryimage"},"image":{"@id":"https:\/\/babylove.se\/no\/produkt\/klassisk-voksseng-juniorseng-hvit\/#primaryimage"},"thumbnailUrl":"https:\/\/babylove.se\/no\/wp-content\/uploads\/sites\/3\/2025\/07\/64fecff0bde8f.jpeg","datePublished":"2025-07-19T11:19:53+00:00","dateModified":"2026-04-08T12:44:48+00:00","breadcrumb":{"@id":"https:\/\/babylove.se\/no\/produkt\/klassisk-voksseng-juniorseng-hvit\/#breadcrumb"},"inLanguage":"nb-NO","potentialAction":[{"@type":"ReadAction","target":["https:\/\/babylove.se\/no\/produkt\/klassisk-voksseng-juniorseng-hvit\/"]}]},{"@type":"ImageObject","inLanguage":"nb-NO","@id":"https:\/\/babylove.se\/no\/produkt\/klassisk-voksseng-juniorseng-hvit\/#primaryimage","url":"https:\/\/babylove.se\/no\/wp-content\/uploads\/sites\/3\/2025\/07\/64fecff0bde8f.jpeg","contentUrl":"https:\/\/babylove.se\/no\/wp-content\/uploads\/sites\/3\/2025\/07\/64fecff0bde8f.jpeg","width":1000,"height":1000},{"@type":"BreadcrumbList","@id":"https:\/\/babylove.se\/no\/produkt\/klassisk-voksseng-juniorseng-hvit\/#breadcrumb","itemListElement":[{"@type":"ListItem","position":1,"name":"Hem","item":"https:\/\/babylove.se\/no\/"},{"@type":"ListItem","position":2,"name":"Butik","item":"https:\/\/babylove.se\/no\/butik\/"},{"@type":"ListItem","position":3,"name":"Klassisk vokseneseng juniorseng, hvit"}]},{"@type":"WebSite","@id":"https:\/\/babylove.se\/no\/#website","url":"https:\/\/babylove.se\/no\/","name":"Babylove Norska","description":"","potentialAction":[{"@type":"SearchAction","target":{"@type":"EntryPoint","urlTemplate":"https:\/\/babylove.se\/no\/?s={search_term_string}"},"query-input":{"@type":"PropertyValueSpecification","valueRequired":true,"valueName":"search_term_string"}}],"inLanguage":"nb-NO"}]},"product_brand":"Woodies","og_availability":"instock","product_availability":"instock","product_retailer_item_id":"W-CLA-CB-WH","product_condition":"new"},"_links":{"self":[{"href":"https:\/\/babylove.se\/no\/wp-json\/wp\/v2\/product\/54396","targetHints":{"allow":["GET"]}}],"collection":[{"href":"https:\/\/babylove.se\/no\/wp-json\/wp\/v2\/product"}],"about":[{"href":"https:\/\/babylove.se\/no\/wp-json\/wp\/v2\/types\/product"}],"replies":[{"embeddable":true,"href":"https:\/\/babylove.se\/no\/wp-json\/wp\/v2\/comments?post=54396"}],"wp:featuredmedia":[{"embeddable":true,"href":"https:\/\/babylove.se\/no\/wp-json\/wp\/v2\/media\/54398"}],"wp:attachment":[{"href":"https:\/\/babylove.se\/no\/wp-json\/wp\/v2\/media?parent=54396"}],"wp:term":[{"taxonomy":"product_brand","embeddable":true,"href":"https:\/\/babylove.se\/no\/wp-json\/wp\/v2\/product_brand?post=54396"},{"taxonomy":"product_cat","embeddable":true,"href":"https:\/\/babylove.se\/no\/wp-json\/wp\/v2\/product_cat?post=54396"},{"taxonomy":"product_tag","embeddable":true,"href":"https:\/\/babylove.se\/no\/wp-json\/wp\/v2\/product_tag?post=54396"}],"curies":[{"name":"wp","href":"https:\/\/api.w.org\/{rel}","templated":true}]}}