{"id":54413,"date":"2025-07-19T12:20:16","date_gmt":"2025-07-19T11:20:16","guid":{"rendered":"https:\/\/babylove.se\/produkt\/vaxasang-juniorsang-stjarna-vit\/"},"modified":"2026-04-08T13:44:51","modified_gmt":"2026-04-08T12:44:51","slug":"vokssang-juniorsang-stjerne-hvit","status":"publish","type":"product","link":"https:\/\/babylove.se\/no\/produkt\/vokssang-juniorsang-stjerne-hvit\/","title":{"rendered":"Vokseseng juniorseng Stjerne, hvit"},"content":{"rendered":"<p>Her er sengen med alt i ett!<\/p>\n<p>Denne fine voksesengen f\u00f8lger barnets utvikling fra f\u00f8dsel opp til skolealderen og er en perfekt investering for deg som ikke vil m\u00e5tte lete etter nye senger n\u00e5r barna blir st\u00f8rre.<\/p>\n<p>Barnesengen kan tilpasses etter barnets utviklingsfaser, blant annet gjennom tre niv\u00e5er p\u00e5 sengbunnen. N\u00e5r barnet er stort nok til \u00e5 klatre inn og ut av sengen selv, kan man ogs\u00e5 ta bort tre spiler. Unikt og praktisk!&nbsp;<\/p>\n<p>Til denne sengen kan du ogs\u00e5 kj\u00f8pe til en oppbevaringsboks og et avtakbart st\u00f8ttebrett. Oppbevaringsboksen passer kun til barnesengen. Etter at sengen er gjort om til juniorsseng vil ikke boksen lenger passe.<\/p>\n<p>Anbefalt alder 0-6 \u00e5r.<\/p>\n<p>Utviklet i henhold til de europeiske sikkerhetsnormene og standard EN716.&nbsp;<\/p>\n<p><strong>Tilvalg<\/strong>:<\/p>\n<ul>\n<li>St\u00f8ttebrett: velg mellom uten eller med<\/li>\n<li>Oppbevaringsboks: velg mellom uten eller med<\/li>\n<\/ul>\n<p><strong>M\u00e5l<\/strong>:<\/p>\n<ul>\n<li>Madrassm\u00e5l 140 x 70 cm<\/li>\n<li>Barneseng 144 x 77 x 91 cm<\/li>\n<li>Juniorsseng 144 x 77 x 56 cm<\/li>\n<li>H\u00f8yde sengbunn barneseng ca 22 cm, 34 cm og 47 cm fra gulvet<\/li>\n<li>H\u00f8yde sengbunn juniorsseng 14 cm fra gulvet<\/li>\n<li>Oppbevaringsboks 139 x 71 x 17 cm<\/li>\n<li>H\u00f8yde st\u00f8ttebrett 19 cm<\/li>\n<li>Lengde st\u00f8ttebrett 86 cm<\/li>\n<li>Madrass er ikke inkludert, men ta gjerne en titt p\u00e5 v\u00e5rt store madrassutvalg. Vi anbefaler en skummadrass med tykkelse p\u00e5 maks 10 cm.<\/li>\n<\/ul>\n<p><strong>Materiale<\/strong>: Furu og MDF. \u00d8kologisk h\u00f8stet t\u00f8mmer.<\/p>\n<p><em><em><em><em><em>Obs! Sengen leveres umontert og b\u00f8r settes sammen i rommet den skal brukes i.<\/em><\/em><\/em><\/em><\/em><\/p>\n","protected":false},"excerpt":{"rendered":"<p>Her er sengen med alt i ett! Denne fine voksesengen f\u00f8lger barnets utvikling fra f\u00f8dsel opp til skolealderen og er en perfekt investering for deg som ikke vil m\u00e5tte lete etter nye senger n\u00e5r barna blir st\u00f8rre. Barnesengen kan tilpasses etter barnets utviklingsfaser, blant annet gjennom tre niv\u00e5er p\u00e5 sengbunnen. N\u00e5r barnet er stort nok [&hellip;]<\/p>\n","protected":false},"featured_media":54415,"comment_status":"closed","ping_status":"open","template":"","meta":{"_acf_changed":false},"product_brand":[1590],"product_cat":[279,269,40,1591],"product_tag":[1689],"class_list":{"0":"post-54413","1":"product","2":"type-product","3":"status-publish","4":"has-post-thumbnail","6":"product_brand-woodies","7":"product_cat-spjlsngar","8":"product_cat-juniorsenger","9":"product_cat-soverom-barn","10":"product_cat-woodies","11":"product_tag-bestillingsvaror","12":"pa_forvaringslada-med","13":"pa_forvaringslada-utan","14":"pa_stodbrada-med","15":"pa_stodbrada-utan","17":"first","18":"instock","19":"taxable","20":"shipping-taxable","21":"purchasable","22":"product-type-variable"},"acf":[],"yoast_head":"<!-- This site is optimized with the Yoast SEO Premium plugin v25.8 (Yoast SEO v27.2) - https:\/\/yoast.com\/product\/yoast-seo-premium-wordpress\/ -->\n<title>Vokseseng juniorseng Stjerne, hvit - Babylove Norska<\/title>\n<meta name=\"robots\" content=\"noindex, follow, max-snippet:-1, max-image-preview:large, max-video-preview:-1\" \/>\n<meta property=\"og:locale\" content=\"nb_NO\" \/>\n<meta property=\"og:type\" content=\"article\" \/>\n<meta property=\"og:title\" content=\"Vokseseng juniorseng Stjerne, hvit\" \/>\n<meta property=\"og:description\" content=\"Her er sengen med alt i ett! Denne fine voksesengen f\u00f8lger barnets utvikling fra f\u00f8dsel opp til skolealderen og er en perfekt investering for deg som ikke vil m\u00e5tte lete etter nye senger n\u00e5r barna blir st\u00f8rre. Barnesengen kan tilpasses etter barnets utviklingsfaser, blant annet gjennom tre niv\u00e5er p\u00e5 sengbunnen. N\u00e5r barnet er stort nok [&hellip;]\" \/>\n<meta property=\"og:url\" content=\"https:\/\/babylove.se\/no\/produkt\/vokssang-juniorsang-stjerne-hvit\/\" \/>\n<meta property=\"og:site_name\" content=\"Babylove Norska\" \/>\n<meta property=\"article:modified_time\" content=\"2026-04-08T12:44:51+00:00\" \/>\n<meta property=\"og:image\" content=\"https:\/\/babylove.se\/no\/wp-content\/uploads\/sites\/3\/2025\/07\/64fedbaaf3128.jpeg\" \/>\n\t<meta property=\"og:image:width\" content=\"1000\" \/>\n\t<meta property=\"og:image:height\" content=\"1000\" \/>\n\t<meta property=\"og:image:type\" content=\"image\/jpeg\" \/>\n<meta name=\"twitter:card\" content=\"summary_large_image\" \/>\n<meta name=\"twitter:label1\" content=\"Availability\" \/>\n\t<meta name=\"twitter:data1\" content=\"In stock\" \/>\n<script type=\"application\/ld+json\" class=\"yoast-schema-graph\">{\"@context\":\"https:\/\/schema.org\",\"@graph\":[{\"@type\":\"WebPage\",\"@id\":\"https:\/\/babylove.se\/no\/produkt\/vokssang-juniorsang-stjerne-hvit\/\",\"url\":\"https:\/\/babylove.se\/no\/produkt\/vokssang-juniorsang-stjerne-hvit\/\",\"name\":\"Vokseseng juniorseng Stjerne, hvit - Babylove Norska\",\"isPartOf\":{\"@id\":\"https:\/\/babylove.se\/no\/#website\"},\"primaryImageOfPage\":{\"@id\":\"https:\/\/babylove.se\/no\/produkt\/vokssang-juniorsang-stjerne-hvit\/#primaryimage\"},\"image\":{\"@id\":\"https:\/\/babylove.se\/no\/produkt\/vokssang-juniorsang-stjerne-hvit\/#primaryimage\"},\"thumbnailUrl\":\"https:\/\/babylove.se\/no\/wp-content\/uploads\/sites\/3\/2025\/07\/64fedbaaf3128.jpeg\",\"datePublished\":\"2025-07-19T11:20:16+00:00\",\"dateModified\":\"2026-04-08T12:44:51+00:00\",\"breadcrumb\":{\"@id\":\"https:\/\/babylove.se\/no\/produkt\/vokssang-juniorsang-stjerne-hvit\/#breadcrumb\"},\"inLanguage\":\"nb-NO\",\"potentialAction\":[{\"@type\":\"ReadAction\",\"target\":[\"https:\/\/babylove.se\/no\/produkt\/vokssang-juniorsang-stjerne-hvit\/\"]}]},{\"@type\":\"ImageObject\",\"inLanguage\":\"nb-NO\",\"@id\":\"https:\/\/babylove.se\/no\/produkt\/vokssang-juniorsang-stjerne-hvit\/#primaryimage\",\"url\":\"https:\/\/babylove.se\/no\/wp-content\/uploads\/sites\/3\/2025\/07\/64fedbaaf3128.jpeg\",\"contentUrl\":\"https:\/\/babylove.se\/no\/wp-content\/uploads\/sites\/3\/2025\/07\/64fedbaaf3128.jpeg\",\"width\":1000,\"height\":1000},{\"@type\":\"BreadcrumbList\",\"@id\":\"https:\/\/babylove.se\/no\/produkt\/vokssang-juniorsang-stjerne-hvit\/#breadcrumb\",\"itemListElement\":[{\"@type\":\"ListItem\",\"position\":1,\"name\":\"Hem\",\"item\":\"https:\/\/babylove.se\/no\/\"},{\"@type\":\"ListItem\",\"position\":2,\"name\":\"Butik\",\"item\":\"https:\/\/babylove.se\/no\/butik\/\"},{\"@type\":\"ListItem\",\"position\":3,\"name\":\"Vokseseng juniorseng Stjerne, hvit\"}]},{\"@type\":\"WebSite\",\"@id\":\"https:\/\/babylove.se\/no\/#website\",\"url\":\"https:\/\/babylove.se\/no\/\",\"name\":\"Babylove Norska\",\"description\":\"\",\"potentialAction\":[{\"@type\":\"SearchAction\",\"target\":{\"@type\":\"EntryPoint\",\"urlTemplate\":\"https:\/\/babylove.se\/no\/?s={search_term_string}\"},\"query-input\":{\"@type\":\"PropertyValueSpecification\",\"valueRequired\":true,\"valueName\":\"search_term_string\"}}],\"inLanguage\":\"nb-NO\"}]}<\/script>\n<meta property=\"product:brand\" content=\"Woodies\" \/>\n<meta property=\"og:availability\" content=\"instock\" \/>\n<meta property=\"product:availability\" content=\"instock\" \/>\n<meta property=\"product:retailer_item_id\" content=\"W-STA-CB-WH\" \/>\n<meta property=\"product:condition\" content=\"new\" \/>\n<!-- \/ Yoast SEO Premium plugin. -->","yoast_head_json":{"title":"Vokseseng juniorseng Stjerne, hvit - Babylove Norska","robots":{"index":"noindex","follow":"follow","max-snippet":"max-snippet:-1","max-image-preview":"max-image-preview:large","max-video-preview":"max-video-preview:-1"},"og_locale":"nb_NO","og_type":"article","og_title":"Vokseseng juniorseng Stjerne, hvit","og_description":"Her er sengen med alt i ett! Denne fine voksesengen f\u00f8lger barnets utvikling fra f\u00f8dsel opp til skolealderen og er en perfekt investering for deg som ikke vil m\u00e5tte lete etter nye senger n\u00e5r barna blir st\u00f8rre. Barnesengen kan tilpasses etter barnets utviklingsfaser, blant annet gjennom tre niv\u00e5er p\u00e5 sengbunnen. N\u00e5r barnet er stort nok [&hellip;]","og_url":"https:\/\/babylove.se\/no\/produkt\/vokssang-juniorsang-stjerne-hvit\/","og_site_name":"Babylove Norska","article_modified_time":"2026-04-08T12:44:51+00:00","og_image":[{"width":1000,"height":1000,"url":"https:\/\/babylove.se\/no\/wp-content\/uploads\/sites\/3\/2025\/07\/64fedbaaf3128.jpeg","type":"image\/jpeg"}],"twitter_card":"summary_large_image","twitter_misc":{"Availability":"In stock"},"schema":{"@context":"https:\/\/schema.org","@graph":[{"@type":"WebPage","@id":"https:\/\/babylove.se\/no\/produkt\/vokssang-juniorsang-stjerne-hvit\/","url":"https:\/\/babylove.se\/no\/produkt\/vokssang-juniorsang-stjerne-hvit\/","name":"Vokseseng juniorseng Stjerne, hvit - Babylove Norska","isPartOf":{"@id":"https:\/\/babylove.se\/no\/#website"},"primaryImageOfPage":{"@id":"https:\/\/babylove.se\/no\/produkt\/vokssang-juniorsang-stjerne-hvit\/#primaryimage"},"image":{"@id":"https:\/\/babylove.se\/no\/produkt\/vokssang-juniorsang-stjerne-hvit\/#primaryimage"},"thumbnailUrl":"https:\/\/babylove.se\/no\/wp-content\/uploads\/sites\/3\/2025\/07\/64fedbaaf3128.jpeg","datePublished":"2025-07-19T11:20:16+00:00","dateModified":"2026-04-08T12:44:51+00:00","breadcrumb":{"@id":"https:\/\/babylove.se\/no\/produkt\/vokssang-juniorsang-stjerne-hvit\/#breadcrumb"},"inLanguage":"nb-NO","potentialAction":[{"@type":"ReadAction","target":["https:\/\/babylove.se\/no\/produkt\/vokssang-juniorsang-stjerne-hvit\/"]}]},{"@type":"ImageObject","inLanguage":"nb-NO","@id":"https:\/\/babylove.se\/no\/produkt\/vokssang-juniorsang-stjerne-hvit\/#primaryimage","url":"https:\/\/babylove.se\/no\/wp-content\/uploads\/sites\/3\/2025\/07\/64fedbaaf3128.jpeg","contentUrl":"https:\/\/babylove.se\/no\/wp-content\/uploads\/sites\/3\/2025\/07\/64fedbaaf3128.jpeg","width":1000,"height":1000},{"@type":"BreadcrumbList","@id":"https:\/\/babylove.se\/no\/produkt\/vokssang-juniorsang-stjerne-hvit\/#breadcrumb","itemListElement":[{"@type":"ListItem","position":1,"name":"Hem","item":"https:\/\/babylove.se\/no\/"},{"@type":"ListItem","position":2,"name":"Butik","item":"https:\/\/babylove.se\/no\/butik\/"},{"@type":"ListItem","position":3,"name":"Vokseseng juniorseng Stjerne, hvit"}]},{"@type":"WebSite","@id":"https:\/\/babylove.se\/no\/#website","url":"https:\/\/babylove.se\/no\/","name":"Babylove Norska","description":"","potentialAction":[{"@type":"SearchAction","target":{"@type":"EntryPoint","urlTemplate":"https:\/\/babylove.se\/no\/?s={search_term_string}"},"query-input":{"@type":"PropertyValueSpecification","valueRequired":true,"valueName":"search_term_string"}}],"inLanguage":"nb-NO"}]},"product_brand":"Woodies","og_availability":"instock","product_availability":"instock","product_retailer_item_id":"W-STA-CB-WH","product_condition":"new"},"_links":{"self":[{"href":"https:\/\/babylove.se\/no\/wp-json\/wp\/v2\/product\/54413","targetHints":{"allow":["GET"]}}],"collection":[{"href":"https:\/\/babylove.se\/no\/wp-json\/wp\/v2\/product"}],"about":[{"href":"https:\/\/babylove.se\/no\/wp-json\/wp\/v2\/types\/product"}],"replies":[{"embeddable":true,"href":"https:\/\/babylove.se\/no\/wp-json\/wp\/v2\/comments?post=54413"}],"wp:featuredmedia":[{"embeddable":true,"href":"https:\/\/babylove.se\/no\/wp-json\/wp\/v2\/media\/54415"}],"wp:attachment":[{"href":"https:\/\/babylove.se\/no\/wp-json\/wp\/v2\/media?parent=54413"}],"wp:term":[{"taxonomy":"product_brand","embeddable":true,"href":"https:\/\/babylove.se\/no\/wp-json\/wp\/v2\/product_brand?post=54413"},{"taxonomy":"product_cat","embeddable":true,"href":"https:\/\/babylove.se\/no\/wp-json\/wp\/v2\/product_cat?post=54413"},{"taxonomy":"product_tag","embeddable":true,"href":"https:\/\/babylove.se\/no\/wp-json\/wp\/v2\/product_tag?post=54413"}],"curies":[{"name":"wp","href":"https:\/\/api.w.org\/{rel}","templated":true}]}}