{"id":5451,"date":"2025-07-18T20:29:33","date_gmt":"2025-07-18T19:29:33","guid":{"rendered":"https:\/\/babylove.se\/produkt\/ng-baby-linneskotbadd-med-volang-grafitgra\/"},"modified":"2026-04-08T08:18:05","modified_gmt":"2026-04-08T07:18:05","slug":"ng-baby-linenskottseng-med-volang-grafittgra","status":"publish","type":"product","link":"https:\/\/babylove.se\/no\/produkt\/ng-baby-linenskottseng-med-volang-grafittgra\/","title":{"rendered":"NG Baby Linnskiftepute med volang, Grafittgr\u00e5"},"content":{"rendered":"<p>En bed\u00e5rende stellepute laget 100 % av lin og med en vakker detalj i form av vakkert sydde volanger som g\u00e5r langs begge sidene. Stelleputen har forh\u00f8yede kanter, som gj\u00f8r at barnet ditt ligger trygt. Sydd i svenske Emmaljunga av NG Baby.<\/p>\n<p>Stelleputen er b\u00e5de vakker og koselig for barnet \u00e5 ligge p\u00e5 og kommer i seks forskjellige, diskrete, nyanser som du enkelt kan matche med \u00f8vrig innredning.<\/p>\n<p>Trekket p\u00e5 stelleputen er enkelt \u00e5 ta av og vaske (maks 40 grader), ved hjelp av en smidig glidel\u00e5s.<\/p>\n<p><strong>M\u00e5l<\/strong>: Bredde 50 cm, Lengde 67 cm, maksh\u00f8yde 9 cm og 7cm bred volangen er 7 cm bred.<\/p>\n<p>Materiale: Yttert\u00f8yet best\u00e5r av 100 % steinvasket lin som er ubehandlet. Foret er laget av plastert frott\u00e9 som holder fuktigheten borte. Fyllingen er laget av fibervatt.<\/p>\n<p><u>Vasker\u00e5d : <\/u>Trekket maskinvaskes i 40 grader. Fyllingen skylles av i dusj (bruk ikke vaskemiddel) og klem ut vannet. OBS! Vri ikke stelleputen<\/p>\n<p>Designer: <a href=\"https:\/\/babylove.se\/varumarken\/ng-baby\"><u>Ng Baby<\/u><\/a><\/p>\n","protected":false},"excerpt":{"rendered":"<p>En bed\u00e5rende stellepute laget 100 % av lin og med en vakker detalj i form av vakkert sydde volanger som g\u00e5r langs begge sidene. Stelleputen har forh\u00f8yede kanter, som gj\u00f8r at barnet ditt ligger trygt. Sydd i svenske Emmaljunga av NG Baby. Stelleputen er b\u00e5de vakker og koselig for barnet \u00e5 ligge p\u00e5 og kommer [&hellip;]<\/p>\n","protected":false},"featured_media":5453,"comment_status":"closed","ping_status":"open","template":"","meta":{"_acf_changed":false},"product_brand":[107],"product_cat":[109,48,57],"product_tag":[1689],"class_list":{"0":"post-5451","1":"product","2":"type-product","3":"status-publish","4":"has-post-thumbnail","6":"product_brand-ng-baby","7":"product_cat-ng-baby","8":"product_cat-startside","9":"product_cat-skobadder","10":"product_tag-bestillingsvaror","12":"first","13":"outofstock","14":"taxable","15":"shipping-taxable","16":"purchasable","17":"product-type-simple"},"acf":[],"yoast_head":"<!-- This site is optimized with the Yoast SEO Premium plugin v25.8 (Yoast SEO v27.2) - https:\/\/yoast.com\/product\/yoast-seo-premium-wordpress\/ -->\n<title>NG Baby Linnskiftepute med volang, Grafittgr\u00e5 - Babylove Norska<\/title>\n<meta name=\"robots\" content=\"noindex, follow, max-snippet:-1, max-image-preview:large, max-video-preview:-1\" \/>\n<meta property=\"og:locale\" content=\"nb_NO\" \/>\n<meta property=\"og:type\" content=\"article\" \/>\n<meta property=\"og:title\" content=\"NG Baby Linnskiftepute med volang, Grafittgr\u00e5\" \/>\n<meta property=\"og:description\" content=\"En bed\u00e5rende stellepute laget 100 % av lin og med en vakker detalj i form av vakkert sydde volanger som g\u00e5r langs begge sidene. Stelleputen har forh\u00f8yede kanter, som gj\u00f8r at barnet ditt ligger trygt. Sydd i svenske Emmaljunga av NG Baby. Stelleputen er b\u00e5de vakker og koselig for barnet \u00e5 ligge p\u00e5 og kommer [&hellip;]\" \/>\n<meta property=\"og:url\" content=\"https:\/\/babylove.se\/no\/produkt\/ng-baby-linenskottseng-med-volang-grafittgra\/\" \/>\n<meta property=\"og:site_name\" content=\"Babylove Norska\" \/>\n<meta property=\"article:modified_time\" content=\"2026-04-08T07:18:05+00:00\" \/>\n<meta property=\"og:image\" content=\"https:\/\/babylove.se\/no\/wp-content\/uploads\/sites\/3\/2025\/07\/5a606e2bbe6eb.jpeg\" \/>\n\t<meta property=\"og:image:width\" content=\"750\" \/>\n\t<meta property=\"og:image:height\" content=\"750\" \/>\n\t<meta property=\"og:image:type\" content=\"image\/jpeg\" \/>\n<meta name=\"twitter:card\" content=\"summary_large_image\" \/>\n<meta name=\"twitter:label1\" content=\"Price\" \/>\n\t<meta name=\"twitter:data1\" content=\"499,00&nbsp;&#107;&#114;\" \/>\n\t<meta name=\"twitter:label2\" content=\"Availability\" \/>\n\t<meta name=\"twitter:data2\" content=\"Out of stock\" \/>\n<script type=\"application\/ld+json\" class=\"yoast-schema-graph\">{\"@context\":\"https:\/\/schema.org\",\"@graph\":[{\"@type\":\"WebPage\",\"@id\":\"https:\/\/babylove.se\/no\/produkt\/ng-baby-linenskottseng-med-volang-grafittgra\/\",\"url\":\"https:\/\/babylove.se\/no\/produkt\/ng-baby-linenskottseng-med-volang-grafittgra\/\",\"name\":\"NG Baby Linnskiftepute med volang, Grafittgr\u00e5 - Babylove Norska\",\"isPartOf\":{\"@id\":\"https:\/\/babylove.se\/no\/#website\"},\"primaryImageOfPage\":{\"@id\":\"https:\/\/babylove.se\/no\/produkt\/ng-baby-linenskottseng-med-volang-grafittgra\/#primaryimage\"},\"image\":{\"@id\":\"https:\/\/babylove.se\/no\/produkt\/ng-baby-linenskottseng-med-volang-grafittgra\/#primaryimage\"},\"thumbnailUrl\":\"https:\/\/babylove.se\/no\/wp-content\/uploads\/sites\/3\/2025\/07\/5a606e2bbe6eb.jpeg\",\"datePublished\":\"2025-07-18T19:29:33+00:00\",\"dateModified\":\"2026-04-08T07:18:05+00:00\",\"breadcrumb\":{\"@id\":\"https:\/\/babylove.se\/no\/produkt\/ng-baby-linenskottseng-med-volang-grafittgra\/#breadcrumb\"},\"inLanguage\":\"nb-NO\",\"potentialAction\":[{\"@type\":\"ReadAction\",\"target\":[\"https:\/\/babylove.se\/no\/produkt\/ng-baby-linenskottseng-med-volang-grafittgra\/\"]}]},{\"@type\":\"ImageObject\",\"inLanguage\":\"nb-NO\",\"@id\":\"https:\/\/babylove.se\/no\/produkt\/ng-baby-linenskottseng-med-volang-grafittgra\/#primaryimage\",\"url\":\"https:\/\/babylove.se\/no\/wp-content\/uploads\/sites\/3\/2025\/07\/5a606e2bbe6eb.jpeg\",\"contentUrl\":\"https:\/\/babylove.se\/no\/wp-content\/uploads\/sites\/3\/2025\/07\/5a606e2bbe6eb.jpeg\",\"width\":750,\"height\":750},{\"@type\":\"BreadcrumbList\",\"@id\":\"https:\/\/babylove.se\/no\/produkt\/ng-baby-linenskottseng-med-volang-grafittgra\/#breadcrumb\",\"itemListElement\":[{\"@type\":\"ListItem\",\"position\":1,\"name\":\"Hem\",\"item\":\"https:\/\/babylove.se\/no\/\"},{\"@type\":\"ListItem\",\"position\":2,\"name\":\"Butik\",\"item\":\"https:\/\/babylove.se\/no\/butik\/\"},{\"@type\":\"ListItem\",\"position\":3,\"name\":\"NG Baby Linnskiftepute med volang, Grafittgr\u00e5\"}]},{\"@type\":\"WebSite\",\"@id\":\"https:\/\/babylove.se\/no\/#website\",\"url\":\"https:\/\/babylove.se\/no\/\",\"name\":\"Babylove Norska\",\"description\":\"\",\"potentialAction\":[{\"@type\":\"SearchAction\",\"target\":{\"@type\":\"EntryPoint\",\"urlTemplate\":\"https:\/\/babylove.se\/no\/?s={search_term_string}\"},\"query-input\":{\"@type\":\"PropertyValueSpecification\",\"valueRequired\":true,\"valueName\":\"search_term_string\"}}],\"inLanguage\":\"nb-NO\"}]}<\/script>\n<meta property=\"product:brand\" content=\"Ng Baby\" \/>\n<meta property=\"product:price:amount\" content=\"499.00\" \/>\n<meta property=\"product:price:currency\" content=\"SEK\" \/>\n<meta property=\"og:availability\" content=\"out of stock\" \/>\n<meta property=\"product:availability\" content=\"out of stock\" \/>\n<meta property=\"product:retailer_item_id\" content=\"70710-035\" \/>\n<meta property=\"product:condition\" content=\"new\" \/>\n<!-- \/ Yoast SEO Premium plugin. -->","yoast_head_json":{"title":"NG Baby Linnskiftepute med volang, Grafittgr\u00e5 - Babylove Norska","robots":{"index":"noindex","follow":"follow","max-snippet":"max-snippet:-1","max-image-preview":"max-image-preview:large","max-video-preview":"max-video-preview:-1"},"og_locale":"nb_NO","og_type":"article","og_title":"NG Baby Linnskiftepute med volang, Grafittgr\u00e5","og_description":"En bed\u00e5rende stellepute laget 100 % av lin og med en vakker detalj i form av vakkert sydde volanger som g\u00e5r langs begge sidene. Stelleputen har forh\u00f8yede kanter, som gj\u00f8r at barnet ditt ligger trygt. Sydd i svenske Emmaljunga av NG Baby. Stelleputen er b\u00e5de vakker og koselig for barnet \u00e5 ligge p\u00e5 og kommer [&hellip;]","og_url":"https:\/\/babylove.se\/no\/produkt\/ng-baby-linenskottseng-med-volang-grafittgra\/","og_site_name":"Babylove Norska","article_modified_time":"2026-04-08T07:18:05+00:00","og_image":[{"width":750,"height":750,"url":"https:\/\/babylove.se\/no\/wp-content\/uploads\/sites\/3\/2025\/07\/5a606e2bbe6eb.jpeg","type":"image\/jpeg"}],"twitter_card":"summary_large_image","twitter_misc":{"Price":"499,00&nbsp;&#107;&#114;","Availability":"Out of stock"},"schema":{"@context":"https:\/\/schema.org","@graph":[{"@type":"WebPage","@id":"https:\/\/babylove.se\/no\/produkt\/ng-baby-linenskottseng-med-volang-grafittgra\/","url":"https:\/\/babylove.se\/no\/produkt\/ng-baby-linenskottseng-med-volang-grafittgra\/","name":"NG Baby Linnskiftepute med volang, Grafittgr\u00e5 - Babylove Norska","isPartOf":{"@id":"https:\/\/babylove.se\/no\/#website"},"primaryImageOfPage":{"@id":"https:\/\/babylove.se\/no\/produkt\/ng-baby-linenskottseng-med-volang-grafittgra\/#primaryimage"},"image":{"@id":"https:\/\/babylove.se\/no\/produkt\/ng-baby-linenskottseng-med-volang-grafittgra\/#primaryimage"},"thumbnailUrl":"https:\/\/babylove.se\/no\/wp-content\/uploads\/sites\/3\/2025\/07\/5a606e2bbe6eb.jpeg","datePublished":"2025-07-18T19:29:33+00:00","dateModified":"2026-04-08T07:18:05+00:00","breadcrumb":{"@id":"https:\/\/babylove.se\/no\/produkt\/ng-baby-linenskottseng-med-volang-grafittgra\/#breadcrumb"},"inLanguage":"nb-NO","potentialAction":[{"@type":"ReadAction","target":["https:\/\/babylove.se\/no\/produkt\/ng-baby-linenskottseng-med-volang-grafittgra\/"]}]},{"@type":"ImageObject","inLanguage":"nb-NO","@id":"https:\/\/babylove.se\/no\/produkt\/ng-baby-linenskottseng-med-volang-grafittgra\/#primaryimage","url":"https:\/\/babylove.se\/no\/wp-content\/uploads\/sites\/3\/2025\/07\/5a606e2bbe6eb.jpeg","contentUrl":"https:\/\/babylove.se\/no\/wp-content\/uploads\/sites\/3\/2025\/07\/5a606e2bbe6eb.jpeg","width":750,"height":750},{"@type":"BreadcrumbList","@id":"https:\/\/babylove.se\/no\/produkt\/ng-baby-linenskottseng-med-volang-grafittgra\/#breadcrumb","itemListElement":[{"@type":"ListItem","position":1,"name":"Hem","item":"https:\/\/babylove.se\/no\/"},{"@type":"ListItem","position":2,"name":"Butik","item":"https:\/\/babylove.se\/no\/butik\/"},{"@type":"ListItem","position":3,"name":"NG Baby Linnskiftepute med volang, Grafittgr\u00e5"}]},{"@type":"WebSite","@id":"https:\/\/babylove.se\/no\/#website","url":"https:\/\/babylove.se\/no\/","name":"Babylove Norska","description":"","potentialAction":[{"@type":"SearchAction","target":{"@type":"EntryPoint","urlTemplate":"https:\/\/babylove.se\/no\/?s={search_term_string}"},"query-input":{"@type":"PropertyValueSpecification","valueRequired":true,"valueName":"search_term_string"}}],"inLanguage":"nb-NO"}]},"product_brand":"Ng Baby","product_price_amount":"499.00","product_price_currency":"SEK","og_availability":"out of stock","product_availability":"out of stock","product_retailer_item_id":"70710-035","product_condition":"new"},"_links":{"self":[{"href":"https:\/\/babylove.se\/no\/wp-json\/wp\/v2\/product\/5451","targetHints":{"allow":["GET"]}}],"collection":[{"href":"https:\/\/babylove.se\/no\/wp-json\/wp\/v2\/product"}],"about":[{"href":"https:\/\/babylove.se\/no\/wp-json\/wp\/v2\/types\/product"}],"replies":[{"embeddable":true,"href":"https:\/\/babylove.se\/no\/wp-json\/wp\/v2\/comments?post=5451"}],"wp:featuredmedia":[{"embeddable":true,"href":"https:\/\/babylove.se\/no\/wp-json\/wp\/v2\/media\/5453"}],"wp:attachment":[{"href":"https:\/\/babylove.se\/no\/wp-json\/wp\/v2\/media?parent=5451"}],"wp:term":[{"taxonomy":"product_brand","embeddable":true,"href":"https:\/\/babylove.se\/no\/wp-json\/wp\/v2\/product_brand?post=5451"},{"taxonomy":"product_cat","embeddable":true,"href":"https:\/\/babylove.se\/no\/wp-json\/wp\/v2\/product_cat?post=5451"},{"taxonomy":"product_tag","embeddable":true,"href":"https:\/\/babylove.se\/no\/wp-json\/wp\/v2\/product_tag?post=5451"}],"curies":[{"name":"wp","href":"https:\/\/api.w.org\/{rel}","templated":true}]}}