{"id":5455,"date":"2025-07-18T20:29:33","date_gmt":"2025-07-18T19:29:33","guid":{"rendered":"https:\/\/babylove.se\/produkt\/vit-vimpel-basic-cotton-sweets\/"},"modified":"2026-04-08T08:18:08","modified_gmt":"2026-04-08T07:18:08","slug":"hvit-vimpel-basic-cotton-sweets","status":"publish","type":"product","link":"https:\/\/babylove.se\/no\/produkt\/hvit-vimpel-basic-cotton-sweets\/","title":{"rendered":"Hvit Vimpel basic Cotton &#038; Sweets"},"content":{"rendered":"<p>Denne enkle, men samtidig s\u00e5 fine vimpelen vil appellere til alle dine sanser og bidra til at barneromminnredningen din l\u00f8ftes til nye niv\u00e5er. <\/p>\n<p>Vimpelen best\u00e5r av en tr\u00e5d som er utformet for minst mulig synlighet, samt \u00e5tte flagg som enkelt kan henges opp i taket eller i vinduet og vil forvandle barnets rom til noe unikt. <\/p>\n<p>Kantene p\u00e5 hver vimpel kan f\u00e5s med enten gullfargede, rosafargede eller s\u00f8lvfargede tr\u00e5der.<\/p>\n<p><strong>M\u00e5l<\/strong>: Total lengde p\u00e5 vimpelen er 250 cm. , hver vimpel 10,5 cm x 13 cm <\/p>\n<p><strong>Materiale<\/strong>: 100 % polyester.<\/p>\n<p>Designer: <a href=\"https:\/\/babylove.se\/varumarken\/cottonsweets\"><u>Cotton &#038; Sweets<\/u><\/a><\/p>\n","protected":false},"excerpt":{"rendered":"<p>Denne enkle, men samtidig s\u00e5 fine vimpelen vil appellere til alle dine sanser og bidra til at barneromminnredningen din l\u00f8ftes til nye niv\u00e5er. Vimpelen best\u00e5r av en tr\u00e5d som er utformet for minst mulig synlighet, samt \u00e5tte flagg som enkelt kan henges opp i taket eller i vinduet og vil forvandle barnets rom til noe [&hellip;]<\/p>\n","protected":false},"featured_media":5457,"comment_status":"closed","ping_status":"open","template":"","meta":{"_acf_changed":false},"product_brand":[143],"product_cat":[144,48,58],"product_tag":[1689],"class_list":{"0":"post-5455","1":"product","2":"type-product","3":"status-publish","4":"has-post-thumbnail","6":"product_brand-cotton-sweets","7":"product_cat-cottonsweets","8":"product_cat-startside","9":"product_cat-vimpler","10":"product_tag-bestillingsvaror","11":"pa_tradfarg-kant-guld","12":"pa_tradfarg-kant-rosa","13":"pa_tradfarg-kant-silver","15":"first","16":"instock","17":"taxable","18":"shipping-taxable","19":"purchasable","20":"product-type-variable"},"acf":[],"yoast_head":"<!-- This site is optimized with the Yoast SEO Premium plugin v25.8 (Yoast SEO v27.2) - https:\/\/yoast.com\/product\/yoast-seo-premium-wordpress\/ -->\n<title>Hvit Vimpel basic Cotton &amp; Sweets - Babylove Norska<\/title>\n<meta name=\"description\" content=\"Denna enkla, men samtidigt s\u00e5 fina vimpel kommer att tilltala alla dina sinnen och bidra till att din barnrumsinredning lyfter till nya niv\u00e5er.\" \/>\n<meta name=\"robots\" content=\"noindex, follow, max-snippet:-1, max-image-preview:large, max-video-preview:-1\" \/>\n<meta property=\"og:locale\" content=\"nb_NO\" \/>\n<meta property=\"og:type\" content=\"article\" \/>\n<meta property=\"og:title\" content=\"Hvit Vimpel basic Cotton &amp; Sweets\" \/>\n<meta property=\"og:description\" content=\"Denna enkla, men samtidigt s\u00e5 fina vimpel kommer att tilltala alla dina sinnen och bidra till att din barnrumsinredning lyfter till nya niv\u00e5er.\" \/>\n<meta property=\"og:url\" content=\"https:\/\/babylove.se\/no\/produkt\/hvit-vimpel-basic-cotton-sweets\/\" \/>\n<meta property=\"og:site_name\" content=\"Babylove Norska\" \/>\n<meta property=\"article:modified_time\" content=\"2026-04-08T07:18:08+00:00\" \/>\n<meta property=\"og:image\" content=\"https:\/\/babylove.se\/no\/wp-content\/uploads\/sites\/3\/2025\/07\/5e58d913e3e5c.jpeg\" \/>\n\t<meta property=\"og:image:width\" content=\"750\" \/>\n\t<meta property=\"og:image:height\" content=\"750\" \/>\n\t<meta property=\"og:image:type\" content=\"image\/jpeg\" \/>\n<meta name=\"twitter:card\" content=\"summary_large_image\" \/>\n<meta name=\"twitter:label1\" content=\"Availability\" \/>\n\t<meta name=\"twitter:data1\" content=\"In stock\" \/>\n<script type=\"application\/ld+json\" class=\"yoast-schema-graph\">{\"@context\":\"https:\/\/schema.org\",\"@graph\":[{\"@type\":\"WebPage\",\"@id\":\"https:\/\/babylove.se\/no\/produkt\/hvit-vimpel-basic-cotton-sweets\/\",\"url\":\"https:\/\/babylove.se\/no\/produkt\/hvit-vimpel-basic-cotton-sweets\/\",\"name\":\"Hvit Vimpel basic Cotton & Sweets - Babylove Norska\",\"isPartOf\":{\"@id\":\"https:\/\/babylove.se\/no\/#website\"},\"primaryImageOfPage\":{\"@id\":\"https:\/\/babylove.se\/no\/produkt\/hvit-vimpel-basic-cotton-sweets\/#primaryimage\"},\"image\":{\"@id\":\"https:\/\/babylove.se\/no\/produkt\/hvit-vimpel-basic-cotton-sweets\/#primaryimage\"},\"thumbnailUrl\":\"https:\/\/babylove.se\/no\/wp-content\/uploads\/sites\/3\/2025\/07\/5e58d913e3e5c.jpeg\",\"datePublished\":\"2025-07-18T19:29:33+00:00\",\"dateModified\":\"2026-04-08T07:18:08+00:00\",\"description\":\"Denna enkla, men samtidigt s\u00e5 fina vimpel kommer att tilltala alla dina sinnen och bidra till att din barnrumsinredning lyfter till nya niv\u00e5er.\",\"breadcrumb\":{\"@id\":\"https:\/\/babylove.se\/no\/produkt\/hvit-vimpel-basic-cotton-sweets\/#breadcrumb\"},\"inLanguage\":\"nb-NO\",\"potentialAction\":[{\"@type\":\"ReadAction\",\"target\":[\"https:\/\/babylove.se\/no\/produkt\/hvit-vimpel-basic-cotton-sweets\/\"]}]},{\"@type\":\"ImageObject\",\"inLanguage\":\"nb-NO\",\"@id\":\"https:\/\/babylove.se\/no\/produkt\/hvit-vimpel-basic-cotton-sweets\/#primaryimage\",\"url\":\"https:\/\/babylove.se\/no\/wp-content\/uploads\/sites\/3\/2025\/07\/5e58d913e3e5c.jpeg\",\"contentUrl\":\"https:\/\/babylove.se\/no\/wp-content\/uploads\/sites\/3\/2025\/07\/5e58d913e3e5c.jpeg\",\"width\":750,\"height\":750},{\"@type\":\"BreadcrumbList\",\"@id\":\"https:\/\/babylove.se\/no\/produkt\/hvit-vimpel-basic-cotton-sweets\/#breadcrumb\",\"itemListElement\":[{\"@type\":\"ListItem\",\"position\":1,\"name\":\"Hem\",\"item\":\"https:\/\/babylove.se\/no\/\"},{\"@type\":\"ListItem\",\"position\":2,\"name\":\"Butik\",\"item\":\"https:\/\/babylove.se\/no\/butik\/\"},{\"@type\":\"ListItem\",\"position\":3,\"name\":\"Hvit Vimpel basic Cotton &#038; Sweets\"}]},{\"@type\":\"WebSite\",\"@id\":\"https:\/\/babylove.se\/no\/#website\",\"url\":\"https:\/\/babylove.se\/no\/\",\"name\":\"Babylove Norska\",\"description\":\"\",\"potentialAction\":[{\"@type\":\"SearchAction\",\"target\":{\"@type\":\"EntryPoint\",\"urlTemplate\":\"https:\/\/babylove.se\/no\/?s={search_term_string}\"},\"query-input\":{\"@type\":\"PropertyValueSpecification\",\"valueRequired\":true,\"valueName\":\"search_term_string\"}}],\"inLanguage\":\"nb-NO\"}]}<\/script>\n<meta property=\"product:brand\" content=\"Cotton &amp; Sweets\" \/>\n<meta property=\"og:availability\" content=\"instock\" \/>\n<meta property=\"product:availability\" content=\"instock\" \/>\n<meta property=\"product:retailer_item_id\" content=\"BC15102\" \/>\n<meta property=\"product:condition\" content=\"new\" \/>\n<!-- \/ Yoast SEO Premium plugin. -->","yoast_head_json":{"title":"Hvit Vimpel basic Cotton & Sweets - Babylove Norska","description":"Denna enkla, men samtidigt s\u00e5 fina vimpel kommer att tilltala alla dina sinnen och bidra till att din barnrumsinredning lyfter till nya niv\u00e5er.","robots":{"index":"noindex","follow":"follow","max-snippet":"max-snippet:-1","max-image-preview":"max-image-preview:large","max-video-preview":"max-video-preview:-1"},"og_locale":"nb_NO","og_type":"article","og_title":"Hvit Vimpel basic Cotton & Sweets","og_description":"Denna enkla, men samtidigt s\u00e5 fina vimpel kommer att tilltala alla dina sinnen och bidra till att din barnrumsinredning lyfter till nya niv\u00e5er.","og_url":"https:\/\/babylove.se\/no\/produkt\/hvit-vimpel-basic-cotton-sweets\/","og_site_name":"Babylove Norska","article_modified_time":"2026-04-08T07:18:08+00:00","og_image":[{"width":750,"height":750,"url":"https:\/\/babylove.se\/no\/wp-content\/uploads\/sites\/3\/2025\/07\/5e58d913e3e5c.jpeg","type":"image\/jpeg"}],"twitter_card":"summary_large_image","twitter_misc":{"Availability":"In stock"},"schema":{"@context":"https:\/\/schema.org","@graph":[{"@type":"WebPage","@id":"https:\/\/babylove.se\/no\/produkt\/hvit-vimpel-basic-cotton-sweets\/","url":"https:\/\/babylove.se\/no\/produkt\/hvit-vimpel-basic-cotton-sweets\/","name":"Hvit Vimpel basic Cotton & Sweets - Babylove Norska","isPartOf":{"@id":"https:\/\/babylove.se\/no\/#website"},"primaryImageOfPage":{"@id":"https:\/\/babylove.se\/no\/produkt\/hvit-vimpel-basic-cotton-sweets\/#primaryimage"},"image":{"@id":"https:\/\/babylove.se\/no\/produkt\/hvit-vimpel-basic-cotton-sweets\/#primaryimage"},"thumbnailUrl":"https:\/\/babylove.se\/no\/wp-content\/uploads\/sites\/3\/2025\/07\/5e58d913e3e5c.jpeg","datePublished":"2025-07-18T19:29:33+00:00","dateModified":"2026-04-08T07:18:08+00:00","description":"Denna enkla, men samtidigt s\u00e5 fina vimpel kommer att tilltala alla dina sinnen och bidra till att din barnrumsinredning lyfter till nya niv\u00e5er.","breadcrumb":{"@id":"https:\/\/babylove.se\/no\/produkt\/hvit-vimpel-basic-cotton-sweets\/#breadcrumb"},"inLanguage":"nb-NO","potentialAction":[{"@type":"ReadAction","target":["https:\/\/babylove.se\/no\/produkt\/hvit-vimpel-basic-cotton-sweets\/"]}]},{"@type":"ImageObject","inLanguage":"nb-NO","@id":"https:\/\/babylove.se\/no\/produkt\/hvit-vimpel-basic-cotton-sweets\/#primaryimage","url":"https:\/\/babylove.se\/no\/wp-content\/uploads\/sites\/3\/2025\/07\/5e58d913e3e5c.jpeg","contentUrl":"https:\/\/babylove.se\/no\/wp-content\/uploads\/sites\/3\/2025\/07\/5e58d913e3e5c.jpeg","width":750,"height":750},{"@type":"BreadcrumbList","@id":"https:\/\/babylove.se\/no\/produkt\/hvit-vimpel-basic-cotton-sweets\/#breadcrumb","itemListElement":[{"@type":"ListItem","position":1,"name":"Hem","item":"https:\/\/babylove.se\/no\/"},{"@type":"ListItem","position":2,"name":"Butik","item":"https:\/\/babylove.se\/no\/butik\/"},{"@type":"ListItem","position":3,"name":"Hvit Vimpel basic Cotton &#038; Sweets"}]},{"@type":"WebSite","@id":"https:\/\/babylove.se\/no\/#website","url":"https:\/\/babylove.se\/no\/","name":"Babylove Norska","description":"","potentialAction":[{"@type":"SearchAction","target":{"@type":"EntryPoint","urlTemplate":"https:\/\/babylove.se\/no\/?s={search_term_string}"},"query-input":{"@type":"PropertyValueSpecification","valueRequired":true,"valueName":"search_term_string"}}],"inLanguage":"nb-NO"}]},"product_brand":"Cotton &amp; Sweets","og_availability":"instock","product_availability":"instock","product_retailer_item_id":"BC15102","product_condition":"new"},"_links":{"self":[{"href":"https:\/\/babylove.se\/no\/wp-json\/wp\/v2\/product\/5455","targetHints":{"allow":["GET"]}}],"collection":[{"href":"https:\/\/babylove.se\/no\/wp-json\/wp\/v2\/product"}],"about":[{"href":"https:\/\/babylove.se\/no\/wp-json\/wp\/v2\/types\/product"}],"replies":[{"embeddable":true,"href":"https:\/\/babylove.se\/no\/wp-json\/wp\/v2\/comments?post=5455"}],"wp:featuredmedia":[{"embeddable":true,"href":"https:\/\/babylove.se\/no\/wp-json\/wp\/v2\/media\/5457"}],"wp:attachment":[{"href":"https:\/\/babylove.se\/no\/wp-json\/wp\/v2\/media?parent=5455"}],"wp:term":[{"taxonomy":"product_brand","embeddable":true,"href":"https:\/\/babylove.se\/no\/wp-json\/wp\/v2\/product_brand?post=5455"},{"taxonomy":"product_cat","embeddable":true,"href":"https:\/\/babylove.se\/no\/wp-json\/wp\/v2\/product_cat?post=5455"},{"taxonomy":"product_tag","embeddable":true,"href":"https:\/\/babylove.se\/no\/wp-json\/wp\/v2\/product_tag?post=5455"}],"curies":[{"name":"wp","href":"https:\/\/api.w.org\/{rel}","templated":true}]}}