{"id":54636,"date":"2025-07-19T12:23:00","date_gmt":"2025-07-19T11:23:00","guid":{"rendered":"https:\/\/babylove.se\/produkt\/sminkbord-krona-med-kaninstol-rosanatur\/"},"modified":"2026-04-08T13:46:06","modified_gmt":"2026-04-08T12:46:06","slug":"sminkbord-krone-med-kaninstol-rosanatur","status":"publish","type":"product","link":"https:\/\/babylove.se\/no\/produkt\/sminkbord-krone-med-kaninstol-rosanatur\/","title":{"rendered":"Sminkebord krona med kaninestol, rosa\/natur"},"content":{"rendered":"<p>Opplev en verden av fantasi og glamour med dette fortryllende m\u00f8belsettet. Settet best\u00e5r av<span>&nbsp;en stol med kanine\u00f8rer samt et vakkert sminkebord med et speil i form av en krone.&nbsp;<\/span><\/p>\n<p><span>M\u00f8blene gir en fantastisk sjarm til barnerommet, men fyller selvf\u00f8lgelig ogs\u00e5 et praktisk form\u00e5l. Perfekt n\u00e5r det er p\u00e5 tide \u00e5 style h\u00e5ret eller sminke seg. Kan ogs\u00e5 brukes som arbeidsbord for lekselesing og pyssel. Speilbordet har to skuffer med s\u00f8te knotter hvor ditt barn kan oppbevare smykker, sminke eller penner.&nbsp;<\/span><\/p>\n<p><strong>M\u00e5l:&nbsp;<\/strong><\/p>\n<ul>\n<li>Speil 72x40x15 cm<\/li>\n<li>Bord 51x60x50 cm<\/li>\n<li>Stol 31x35x31 cm<\/li>\n<\/ul>\n","protected":false},"excerpt":{"rendered":"<p>Opplev en verden av fantasi og glamour med dette fortryllende m\u00f8belsettet. Settet best\u00e5r av&nbsp;en stol med kanine\u00f8rer samt et vakkert sminkebord med et speil i form av en krone.&nbsp; M\u00f8blene gir en fantastisk sjarm til barnerommet, men fyller selvf\u00f8lgelig ogs\u00e5 et praktisk form\u00e5l. Perfekt n\u00e5r det er p\u00e5 tide \u00e5 style h\u00e5ret eller sminke seg. [&hellip;]<\/p>\n","protected":false},"featured_media":54638,"comment_status":"closed","ping_status":"open","template":"","meta":{"_acf_changed":false},"product_brand":[1380],"product_cat":[85,922,359,80,1381],"product_tag":[1689],"class_list":{"0":"post-54636","1":"product","2":"type-product","3":"status-publish","4":"has-post-thumbnail","6":"product_brand-toddler-family","7":"product_cat-bord","8":"product_cat-nyheter","9":"product_cat-skrivebord","10":"product_cat-stoler","11":"product_cat-toddler-family","12":"product_tag-bestillingsvaror","14":"first","15":"instock","16":"taxable","17":"shipping-taxable","18":"purchasable","19":"product-type-simple"},"acf":[],"yoast_head":"<!-- This site is optimized with the Yoast SEO Premium plugin v25.8 (Yoast SEO v27.2) - https:\/\/yoast.com\/product\/yoast-seo-premium-wordpress\/ -->\n<title>Sminkebord krona med kaninestol, rosa\/natur - Babylove Norska<\/title>\n<meta name=\"robots\" content=\"noindex, follow, max-snippet:-1, max-image-preview:large, max-video-preview:-1\" \/>\n<meta property=\"og:locale\" content=\"nb_NO\" \/>\n<meta property=\"og:type\" content=\"article\" \/>\n<meta property=\"og:title\" content=\"Sminkebord krona med kaninestol, rosa\/natur\" \/>\n<meta property=\"og:description\" content=\"Opplev en verden av fantasi og glamour med dette fortryllende m\u00f8belsettet. Settet best\u00e5r av&nbsp;en stol med kanine\u00f8rer samt et vakkert sminkebord med et speil i form av en krone.&nbsp; M\u00f8blene gir en fantastisk sjarm til barnerommet, men fyller selvf\u00f8lgelig ogs\u00e5 et praktisk form\u00e5l. Perfekt n\u00e5r det er p\u00e5 tide \u00e5 style h\u00e5ret eller sminke seg. [&hellip;]\" \/>\n<meta property=\"og:url\" content=\"https:\/\/babylove.se\/no\/produkt\/sminkbord-krone-med-kaninstol-rosanatur\/\" \/>\n<meta property=\"og:site_name\" content=\"Babylove Norska\" \/>\n<meta property=\"article:modified_time\" content=\"2026-04-08T12:46:06+00:00\" \/>\n<meta property=\"og:image\" content=\"https:\/\/babylove.se\/no\/wp-content\/uploads\/sites\/3\/2025\/07\/65015a4da1bc2.jpeg\" \/>\n\t<meta property=\"og:image:width\" content=\"998\" \/>\n\t<meta property=\"og:image:height\" content=\"1500\" \/>\n\t<meta property=\"og:image:type\" content=\"image\/jpeg\" \/>\n<meta name=\"twitter:card\" content=\"summary_large_image\" \/>\n<meta name=\"twitter:label1\" content=\"Price\" \/>\n\t<meta name=\"twitter:data1\" content=\"3 999,00&nbsp;&#107;&#114;\" \/>\n\t<meta name=\"twitter:label2\" content=\"Availability\" \/>\n\t<meta name=\"twitter:data2\" content=\"In stock\" \/>\n<script type=\"application\/ld+json\" class=\"yoast-schema-graph\">{\"@context\":\"https:\/\/schema.org\",\"@graph\":[{\"@type\":\"WebPage\",\"@id\":\"https:\/\/babylove.se\/no\/produkt\/sminkbord-krone-med-kaninstol-rosanatur\/\",\"url\":\"https:\/\/babylove.se\/no\/produkt\/sminkbord-krone-med-kaninstol-rosanatur\/\",\"name\":\"Sminkebord krona med kaninestol, rosa\/natur - Babylove Norska\",\"isPartOf\":{\"@id\":\"https:\/\/babylove.se\/no\/#website\"},\"primaryImageOfPage\":{\"@id\":\"https:\/\/babylove.se\/no\/produkt\/sminkbord-krone-med-kaninstol-rosanatur\/#primaryimage\"},\"image\":{\"@id\":\"https:\/\/babylove.se\/no\/produkt\/sminkbord-krone-med-kaninstol-rosanatur\/#primaryimage\"},\"thumbnailUrl\":\"https:\/\/babylove.se\/no\/wp-content\/uploads\/sites\/3\/2025\/07\/65015a4da1bc2.jpeg\",\"datePublished\":\"2025-07-19T11:23:00+00:00\",\"dateModified\":\"2026-04-08T12:46:06+00:00\",\"breadcrumb\":{\"@id\":\"https:\/\/babylove.se\/no\/produkt\/sminkbord-krone-med-kaninstol-rosanatur\/#breadcrumb\"},\"inLanguage\":\"nb-NO\",\"potentialAction\":[{\"@type\":\"ReadAction\",\"target\":[\"https:\/\/babylove.se\/no\/produkt\/sminkbord-krone-med-kaninstol-rosanatur\/\"]}]},{\"@type\":\"ImageObject\",\"inLanguage\":\"nb-NO\",\"@id\":\"https:\/\/babylove.se\/no\/produkt\/sminkbord-krone-med-kaninstol-rosanatur\/#primaryimage\",\"url\":\"https:\/\/babylove.se\/no\/wp-content\/uploads\/sites\/3\/2025\/07\/65015a4da1bc2.jpeg\",\"contentUrl\":\"https:\/\/babylove.se\/no\/wp-content\/uploads\/sites\/3\/2025\/07\/65015a4da1bc2.jpeg\",\"width\":998,\"height\":1500},{\"@type\":\"BreadcrumbList\",\"@id\":\"https:\/\/babylove.se\/no\/produkt\/sminkbord-krone-med-kaninstol-rosanatur\/#breadcrumb\",\"itemListElement\":[{\"@type\":\"ListItem\",\"position\":1,\"name\":\"Hem\",\"item\":\"https:\/\/babylove.se\/no\/\"},{\"@type\":\"ListItem\",\"position\":2,\"name\":\"Butik\",\"item\":\"https:\/\/babylove.se\/no\/butik\/\"},{\"@type\":\"ListItem\",\"position\":3,\"name\":\"Sminkebord krona med kaninestol, rosa\/natur\"}]},{\"@type\":\"WebSite\",\"@id\":\"https:\/\/babylove.se\/no\/#website\",\"url\":\"https:\/\/babylove.se\/no\/\",\"name\":\"Babylove Norska\",\"description\":\"\",\"potentialAction\":[{\"@type\":\"SearchAction\",\"target\":{\"@type\":\"EntryPoint\",\"urlTemplate\":\"https:\/\/babylove.se\/no\/?s={search_term_string}\"},\"query-input\":{\"@type\":\"PropertyValueSpecification\",\"valueRequired\":true,\"valueName\":\"search_term_string\"}}],\"inLanguage\":\"nb-NO\"}]}<\/script>\n<meta property=\"product:brand\" content=\"Toddler Family\" \/>\n<meta property=\"product:price:amount\" content=\"3999.00\" \/>\n<meta property=\"product:price:currency\" content=\"SEK\" \/>\n<meta property=\"og:availability\" content=\"instock\" \/>\n<meta property=\"product:availability\" content=\"instock\" \/>\n<meta property=\"product:retailer_item_id\" content=\"Kronasminkbord-rosa\" \/>\n<meta property=\"product:condition\" content=\"new\" \/>\n<!-- \/ Yoast SEO Premium plugin. -->","yoast_head_json":{"title":"Sminkebord krona med kaninestol, rosa\/natur - Babylove Norska","robots":{"index":"noindex","follow":"follow","max-snippet":"max-snippet:-1","max-image-preview":"max-image-preview:large","max-video-preview":"max-video-preview:-1"},"og_locale":"nb_NO","og_type":"article","og_title":"Sminkebord krona med kaninestol, rosa\/natur","og_description":"Opplev en verden av fantasi og glamour med dette fortryllende m\u00f8belsettet. Settet best\u00e5r av&nbsp;en stol med kanine\u00f8rer samt et vakkert sminkebord med et speil i form av en krone.&nbsp; M\u00f8blene gir en fantastisk sjarm til barnerommet, men fyller selvf\u00f8lgelig ogs\u00e5 et praktisk form\u00e5l. Perfekt n\u00e5r det er p\u00e5 tide \u00e5 style h\u00e5ret eller sminke seg. [&hellip;]","og_url":"https:\/\/babylove.se\/no\/produkt\/sminkbord-krone-med-kaninstol-rosanatur\/","og_site_name":"Babylove Norska","article_modified_time":"2026-04-08T12:46:06+00:00","og_image":[{"width":998,"height":1500,"url":"https:\/\/babylove.se\/no\/wp-content\/uploads\/sites\/3\/2025\/07\/65015a4da1bc2.jpeg","type":"image\/jpeg"}],"twitter_card":"summary_large_image","twitter_misc":{"Price":"3 999,00&nbsp;&#107;&#114;","Availability":"In stock"},"schema":{"@context":"https:\/\/schema.org","@graph":[{"@type":"WebPage","@id":"https:\/\/babylove.se\/no\/produkt\/sminkbord-krone-med-kaninstol-rosanatur\/","url":"https:\/\/babylove.se\/no\/produkt\/sminkbord-krone-med-kaninstol-rosanatur\/","name":"Sminkebord krona med kaninestol, rosa\/natur - Babylove Norska","isPartOf":{"@id":"https:\/\/babylove.se\/no\/#website"},"primaryImageOfPage":{"@id":"https:\/\/babylove.se\/no\/produkt\/sminkbord-krone-med-kaninstol-rosanatur\/#primaryimage"},"image":{"@id":"https:\/\/babylove.se\/no\/produkt\/sminkbord-krone-med-kaninstol-rosanatur\/#primaryimage"},"thumbnailUrl":"https:\/\/babylove.se\/no\/wp-content\/uploads\/sites\/3\/2025\/07\/65015a4da1bc2.jpeg","datePublished":"2025-07-19T11:23:00+00:00","dateModified":"2026-04-08T12:46:06+00:00","breadcrumb":{"@id":"https:\/\/babylove.se\/no\/produkt\/sminkbord-krone-med-kaninstol-rosanatur\/#breadcrumb"},"inLanguage":"nb-NO","potentialAction":[{"@type":"ReadAction","target":["https:\/\/babylove.se\/no\/produkt\/sminkbord-krone-med-kaninstol-rosanatur\/"]}]},{"@type":"ImageObject","inLanguage":"nb-NO","@id":"https:\/\/babylove.se\/no\/produkt\/sminkbord-krone-med-kaninstol-rosanatur\/#primaryimage","url":"https:\/\/babylove.se\/no\/wp-content\/uploads\/sites\/3\/2025\/07\/65015a4da1bc2.jpeg","contentUrl":"https:\/\/babylove.se\/no\/wp-content\/uploads\/sites\/3\/2025\/07\/65015a4da1bc2.jpeg","width":998,"height":1500},{"@type":"BreadcrumbList","@id":"https:\/\/babylove.se\/no\/produkt\/sminkbord-krone-med-kaninstol-rosanatur\/#breadcrumb","itemListElement":[{"@type":"ListItem","position":1,"name":"Hem","item":"https:\/\/babylove.se\/no\/"},{"@type":"ListItem","position":2,"name":"Butik","item":"https:\/\/babylove.se\/no\/butik\/"},{"@type":"ListItem","position":3,"name":"Sminkebord krona med kaninestol, rosa\/natur"}]},{"@type":"WebSite","@id":"https:\/\/babylove.se\/no\/#website","url":"https:\/\/babylove.se\/no\/","name":"Babylove Norska","description":"","potentialAction":[{"@type":"SearchAction","target":{"@type":"EntryPoint","urlTemplate":"https:\/\/babylove.se\/no\/?s={search_term_string}"},"query-input":{"@type":"PropertyValueSpecification","valueRequired":true,"valueName":"search_term_string"}}],"inLanguage":"nb-NO"}]},"product_brand":"Toddler Family","product_price_amount":"3999.00","product_price_currency":"SEK","og_availability":"instock","product_availability":"instock","product_retailer_item_id":"Kronasminkbord-rosa","product_condition":"new"},"_links":{"self":[{"href":"https:\/\/babylove.se\/no\/wp-json\/wp\/v2\/product\/54636","targetHints":{"allow":["GET"]}}],"collection":[{"href":"https:\/\/babylove.se\/no\/wp-json\/wp\/v2\/product"}],"about":[{"href":"https:\/\/babylove.se\/no\/wp-json\/wp\/v2\/types\/product"}],"replies":[{"embeddable":true,"href":"https:\/\/babylove.se\/no\/wp-json\/wp\/v2\/comments?post=54636"}],"wp:featuredmedia":[{"embeddable":true,"href":"https:\/\/babylove.se\/no\/wp-json\/wp\/v2\/media\/54638"}],"wp:attachment":[{"href":"https:\/\/babylove.se\/no\/wp-json\/wp\/v2\/media?parent=54636"}],"wp:term":[{"taxonomy":"product_brand","embeddable":true,"href":"https:\/\/babylove.se\/no\/wp-json\/wp\/v2\/product_brand?post=54636"},{"taxonomy":"product_cat","embeddable":true,"href":"https:\/\/babylove.se\/no\/wp-json\/wp\/v2\/product_cat?post=54636"},{"taxonomy":"product_tag","embeddable":true,"href":"https:\/\/babylove.se\/no\/wp-json\/wp\/v2\/product_tag?post=54636"}],"curies":[{"name":"wp","href":"https:\/\/api.w.org\/{rel}","templated":true}]}}