{"id":5464,"date":"2025-07-18T20:29:33","date_gmt":"2025-07-18T19:29:33","guid":{"rendered":"https:\/\/babylove.se\/produkt\/liewood-lekmatta-wilfred-classic-dot-dumbo-grey\/"},"modified":"2026-04-08T08:18:14","modified_gmt":"2026-04-08T07:18:14","slug":"liewood-lekeunderlag-wilfred-classic-dot-dumbo-gra","status":"publish","type":"product","link":"https:\/\/babylove.se\/no\/produkt\/liewood-lekeunderlag-wilfred-classic-dot-dumbo-gra\/","title":{"rendered":"Liewood Lekeunderlag wilfred Classic Dot Dumbo Grey"},"content":{"rendered":"<p><strong>Liewood Leketeppe wilfred Classic Dot Dumbo Grey &#8211; sendes innen 24 timer ! <\/strong> <\/p>\n<p>Et s\u00f8tt og smart leketeppe som barnet ditt kan tumle rundt p\u00e5 uten problemer. Det unike med teppet er tykkelsen som gir barnet en deilig f\u00f8lelse og samtidig et stabilt grunnlag \u00e5 leke p\u00e5. Leketeppets st\u00f8rrelse gj\u00f8r at barnet ditt med letthet kan ha favorittlekene sine p\u00e5 det, eller hvorfor ikke baby-gymet. Overtrekket er vaskbart p\u00e5 lav temperatur, men ikke vask fyllet! <\/p>\n<p>Materiale: 100 % organisk bomull og skum av h\u00f8yeste kvalitet. <\/p>\n<p>M\u00e5l: Diameter 100 cm <\/p>\n<p>Designer: <a href=\"https:\/\/babylove.se\/varumarken\/liewood\"><u>Liewood<\/u><\/a><\/p>\n","protected":false},"excerpt":{"rendered":"<p>Liewood Leketeppe wilfred Classic Dot Dumbo Grey &#8211; sendes innen 24 timer ! Et s\u00f8tt og smart leketeppe som barnet ditt kan tumle rundt p\u00e5 uten problemer. Det unike med teppet er tykkelsen som gir barnet en deilig f\u00f8lelse og samtidig et stabilt grunnlag \u00e5 leke p\u00e5. Leketeppets st\u00f8rrelse gj\u00f8r at barnet ditt med letthet [&hellip;]<\/p>\n","protected":false},"featured_media":5466,"comment_status":"closed","ping_status":"closed","template":"","meta":{"_acf_changed":false},"product_brand":[282],"product_cat":[52,283,48],"product_tag":[],"class_list":{"0":"post-5464","1":"product","2":"type-product","3":"status-publish","4":"has-post-thumbnail","6":"product_brand-liewood","7":"product_cat-lekematter","8":"product_cat-liewood","9":"product_cat-startside","11":"first","12":"outofstock","13":"taxable","14":"shipping-taxable","15":"purchasable","16":"product-type-simple"},"acf":[],"yoast_head":"<!-- This site is optimized with the Yoast SEO Premium plugin v25.8 (Yoast SEO v27.2) - https:\/\/yoast.com\/product\/yoast-seo-premium-wordpress\/ -->\n<title>Liewood Lekeunderlag wilfred Classic Dot Dumbo Grey - Babylove Norska<\/title>\n<meta name=\"robots\" content=\"noindex, follow, max-snippet:-1, max-image-preview:large, max-video-preview:-1\" \/>\n<meta property=\"og:locale\" content=\"nb_NO\" \/>\n<meta property=\"og:type\" content=\"article\" \/>\n<meta property=\"og:title\" content=\"Liewood Lekeunderlag wilfred Classic Dot Dumbo Grey\" \/>\n<meta property=\"og:description\" content=\"Liewood Leketeppe wilfred Classic Dot Dumbo Grey &#8211; sendes innen 24 timer ! Et s\u00f8tt og smart leketeppe som barnet ditt kan tumle rundt p\u00e5 uten problemer. Det unike med teppet er tykkelsen som gir barnet en deilig f\u00f8lelse og samtidig et stabilt grunnlag \u00e5 leke p\u00e5. Leketeppets st\u00f8rrelse gj\u00f8r at barnet ditt med letthet [&hellip;]\" \/>\n<meta property=\"og:url\" content=\"https:\/\/babylove.se\/no\/produkt\/liewood-lekeunderlag-wilfred-classic-dot-dumbo-gra\/\" \/>\n<meta property=\"og:site_name\" content=\"Babylove Norska\" \/>\n<meta property=\"article:modified_time\" content=\"2026-04-08T07:18:14+00:00\" \/>\n<meta property=\"og:image\" content=\"https:\/\/babylove.se\/no\/wp-content\/uploads\/sites\/3\/2025\/07\/5a2fd3b76e37e.jpeg\" \/>\n\t<meta property=\"og:image:width\" content=\"600\" \/>\n\t<meta property=\"og:image:height\" content=\"600\" \/>\n\t<meta property=\"og:image:type\" content=\"image\/jpeg\" \/>\n<meta name=\"twitter:card\" content=\"summary_large_image\" \/>\n<meta name=\"twitter:label1\" content=\"Price\" \/>\n\t<meta name=\"twitter:data1\" content=\"739,00&nbsp;&#107;&#114;\" \/>\n\t<meta name=\"twitter:label2\" content=\"Availability\" \/>\n\t<meta name=\"twitter:data2\" content=\"Out of stock\" \/>\n<script type=\"application\/ld+json\" class=\"yoast-schema-graph\">{\"@context\":\"https:\/\/schema.org\",\"@graph\":[{\"@type\":\"WebPage\",\"@id\":\"https:\/\/babylove.se\/no\/produkt\/liewood-lekeunderlag-wilfred-classic-dot-dumbo-gra\/\",\"url\":\"https:\/\/babylove.se\/no\/produkt\/liewood-lekeunderlag-wilfred-classic-dot-dumbo-gra\/\",\"name\":\"Liewood Lekeunderlag wilfred Classic Dot Dumbo Grey - Babylove Norska\",\"isPartOf\":{\"@id\":\"https:\/\/babylove.se\/no\/#website\"},\"primaryImageOfPage\":{\"@id\":\"https:\/\/babylove.se\/no\/produkt\/liewood-lekeunderlag-wilfred-classic-dot-dumbo-gra\/#primaryimage\"},\"image\":{\"@id\":\"https:\/\/babylove.se\/no\/produkt\/liewood-lekeunderlag-wilfred-classic-dot-dumbo-gra\/#primaryimage\"},\"thumbnailUrl\":\"https:\/\/babylove.se\/no\/wp-content\/uploads\/sites\/3\/2025\/07\/5a2fd3b76e37e.jpeg\",\"datePublished\":\"2025-07-18T19:29:33+00:00\",\"dateModified\":\"2026-04-08T07:18:14+00:00\",\"breadcrumb\":{\"@id\":\"https:\/\/babylove.se\/no\/produkt\/liewood-lekeunderlag-wilfred-classic-dot-dumbo-gra\/#breadcrumb\"},\"inLanguage\":\"nb-NO\",\"potentialAction\":[{\"@type\":\"ReadAction\",\"target\":[\"https:\/\/babylove.se\/no\/produkt\/liewood-lekeunderlag-wilfred-classic-dot-dumbo-gra\/\"]}]},{\"@type\":\"ImageObject\",\"inLanguage\":\"nb-NO\",\"@id\":\"https:\/\/babylove.se\/no\/produkt\/liewood-lekeunderlag-wilfred-classic-dot-dumbo-gra\/#primaryimage\",\"url\":\"https:\/\/babylove.se\/no\/wp-content\/uploads\/sites\/3\/2025\/07\/5a2fd3b76e37e.jpeg\",\"contentUrl\":\"https:\/\/babylove.se\/no\/wp-content\/uploads\/sites\/3\/2025\/07\/5a2fd3b76e37e.jpeg\",\"width\":600,\"height\":600},{\"@type\":\"BreadcrumbList\",\"@id\":\"https:\/\/babylove.se\/no\/produkt\/liewood-lekeunderlag-wilfred-classic-dot-dumbo-gra\/#breadcrumb\",\"itemListElement\":[{\"@type\":\"ListItem\",\"position\":1,\"name\":\"Hem\",\"item\":\"https:\/\/babylove.se\/no\/\"},{\"@type\":\"ListItem\",\"position\":2,\"name\":\"Butik\",\"item\":\"https:\/\/babylove.se\/no\/butik\/\"},{\"@type\":\"ListItem\",\"position\":3,\"name\":\"Liewood Lekeunderlag wilfred Classic Dot Dumbo Grey\"}]},{\"@type\":\"WebSite\",\"@id\":\"https:\/\/babylove.se\/no\/#website\",\"url\":\"https:\/\/babylove.se\/no\/\",\"name\":\"Babylove Norska\",\"description\":\"\",\"potentialAction\":[{\"@type\":\"SearchAction\",\"target\":{\"@type\":\"EntryPoint\",\"urlTemplate\":\"https:\/\/babylove.se\/no\/?s={search_term_string}\"},\"query-input\":{\"@type\":\"PropertyValueSpecification\",\"valueRequired\":true,\"valueName\":\"search_term_string\"}}],\"inLanguage\":\"nb-NO\"}]}<\/script>\n<meta property=\"product:brand\" content=\"Liewood\" \/>\n<meta property=\"product:price:amount\" content=\"739.00\" \/>\n<meta property=\"product:price:currency\" content=\"SEK\" \/>\n<meta property=\"og:availability\" content=\"out of stock\" \/>\n<meta property=\"product:availability\" content=\"out of stock\" \/>\n<meta property=\"product:retailer_item_id\" content=\"1671\" \/>\n<meta property=\"product:condition\" content=\"new\" \/>\n<!-- \/ Yoast SEO Premium plugin. -->","yoast_head_json":{"title":"Liewood Lekeunderlag wilfred Classic Dot Dumbo Grey - Babylove Norska","robots":{"index":"noindex","follow":"follow","max-snippet":"max-snippet:-1","max-image-preview":"max-image-preview:large","max-video-preview":"max-video-preview:-1"},"og_locale":"nb_NO","og_type":"article","og_title":"Liewood Lekeunderlag wilfred Classic Dot Dumbo Grey","og_description":"Liewood Leketeppe wilfred Classic Dot Dumbo Grey &#8211; sendes innen 24 timer ! Et s\u00f8tt og smart leketeppe som barnet ditt kan tumle rundt p\u00e5 uten problemer. Det unike med teppet er tykkelsen som gir barnet en deilig f\u00f8lelse og samtidig et stabilt grunnlag \u00e5 leke p\u00e5. Leketeppets st\u00f8rrelse gj\u00f8r at barnet ditt med letthet [&hellip;]","og_url":"https:\/\/babylove.se\/no\/produkt\/liewood-lekeunderlag-wilfred-classic-dot-dumbo-gra\/","og_site_name":"Babylove Norska","article_modified_time":"2026-04-08T07:18:14+00:00","og_image":[{"width":600,"height":600,"url":"https:\/\/babylove.se\/no\/wp-content\/uploads\/sites\/3\/2025\/07\/5a2fd3b76e37e.jpeg","type":"image\/jpeg"}],"twitter_card":"summary_large_image","twitter_misc":{"Price":"739,00&nbsp;&#107;&#114;","Availability":"Out of stock"},"schema":{"@context":"https:\/\/schema.org","@graph":[{"@type":"WebPage","@id":"https:\/\/babylove.se\/no\/produkt\/liewood-lekeunderlag-wilfred-classic-dot-dumbo-gra\/","url":"https:\/\/babylove.se\/no\/produkt\/liewood-lekeunderlag-wilfred-classic-dot-dumbo-gra\/","name":"Liewood Lekeunderlag wilfred Classic Dot Dumbo Grey - Babylove Norska","isPartOf":{"@id":"https:\/\/babylove.se\/no\/#website"},"primaryImageOfPage":{"@id":"https:\/\/babylove.se\/no\/produkt\/liewood-lekeunderlag-wilfred-classic-dot-dumbo-gra\/#primaryimage"},"image":{"@id":"https:\/\/babylove.se\/no\/produkt\/liewood-lekeunderlag-wilfred-classic-dot-dumbo-gra\/#primaryimage"},"thumbnailUrl":"https:\/\/babylove.se\/no\/wp-content\/uploads\/sites\/3\/2025\/07\/5a2fd3b76e37e.jpeg","datePublished":"2025-07-18T19:29:33+00:00","dateModified":"2026-04-08T07:18:14+00:00","breadcrumb":{"@id":"https:\/\/babylove.se\/no\/produkt\/liewood-lekeunderlag-wilfred-classic-dot-dumbo-gra\/#breadcrumb"},"inLanguage":"nb-NO","potentialAction":[{"@type":"ReadAction","target":["https:\/\/babylove.se\/no\/produkt\/liewood-lekeunderlag-wilfred-classic-dot-dumbo-gra\/"]}]},{"@type":"ImageObject","inLanguage":"nb-NO","@id":"https:\/\/babylove.se\/no\/produkt\/liewood-lekeunderlag-wilfred-classic-dot-dumbo-gra\/#primaryimage","url":"https:\/\/babylove.se\/no\/wp-content\/uploads\/sites\/3\/2025\/07\/5a2fd3b76e37e.jpeg","contentUrl":"https:\/\/babylove.se\/no\/wp-content\/uploads\/sites\/3\/2025\/07\/5a2fd3b76e37e.jpeg","width":600,"height":600},{"@type":"BreadcrumbList","@id":"https:\/\/babylove.se\/no\/produkt\/liewood-lekeunderlag-wilfred-classic-dot-dumbo-gra\/#breadcrumb","itemListElement":[{"@type":"ListItem","position":1,"name":"Hem","item":"https:\/\/babylove.se\/no\/"},{"@type":"ListItem","position":2,"name":"Butik","item":"https:\/\/babylove.se\/no\/butik\/"},{"@type":"ListItem","position":3,"name":"Liewood Lekeunderlag wilfred Classic Dot Dumbo Grey"}]},{"@type":"WebSite","@id":"https:\/\/babylove.se\/no\/#website","url":"https:\/\/babylove.se\/no\/","name":"Babylove Norska","description":"","potentialAction":[{"@type":"SearchAction","target":{"@type":"EntryPoint","urlTemplate":"https:\/\/babylove.se\/no\/?s={search_term_string}"},"query-input":{"@type":"PropertyValueSpecification","valueRequired":true,"valueName":"search_term_string"}}],"inLanguage":"nb-NO"}]},"product_brand":"Liewood","product_price_amount":"739.00","product_price_currency":"SEK","og_availability":"out of stock","product_availability":"out of stock","product_retailer_item_id":"1671","product_condition":"new"},"_links":{"self":[{"href":"https:\/\/babylove.se\/no\/wp-json\/wp\/v2\/product\/5464","targetHints":{"allow":["GET"]}}],"collection":[{"href":"https:\/\/babylove.se\/no\/wp-json\/wp\/v2\/product"}],"about":[{"href":"https:\/\/babylove.se\/no\/wp-json\/wp\/v2\/types\/product"}],"replies":[{"embeddable":true,"href":"https:\/\/babylove.se\/no\/wp-json\/wp\/v2\/comments?post=5464"}],"wp:featuredmedia":[{"embeddable":true,"href":"https:\/\/babylove.se\/no\/wp-json\/wp\/v2\/media\/5466"}],"wp:attachment":[{"href":"https:\/\/babylove.se\/no\/wp-json\/wp\/v2\/media?parent=5464"}],"wp:term":[{"taxonomy":"product_brand","embeddable":true,"href":"https:\/\/babylove.se\/no\/wp-json\/wp\/v2\/product_brand?post=5464"},{"taxonomy":"product_cat","embeddable":true,"href":"https:\/\/babylove.se\/no\/wp-json\/wp\/v2\/product_cat?post=5464"},{"taxonomy":"product_tag","embeddable":true,"href":"https:\/\/babylove.se\/no\/wp-json\/wp\/v2\/product_tag?post=5464"}],"curies":[{"name":"wp","href":"https:\/\/api.w.org\/{rel}","templated":true}]}}