{"id":54699,"date":"2025-07-19T12:24:34","date_gmt":"2025-07-19T11:24:34","guid":{"rendered":"https:\/\/babylove.se\/produkt\/barnsang-classic-med-forvaringslada\/"},"modified":"2026-04-08T13:46:21","modified_gmt":"2026-04-08T12:46:21","slug":"barneseng-classic-med-oppbevaringsskuff","status":"publish","type":"product","link":"https:\/\/babylove.se\/no\/produkt\/barneseng-classic-med-oppbevaringsskuff\/","title":{"rendered":"Barneseng Classic (ulike st\u00f8rrelser) med oppbevaringskasse\/ekstraseng"},"content":{"rendered":"<p>Denne fantastiske juniorseng er helt h\u00e5ndlaget med stor lidenskap<em>, <\/em>av h\u00f8ykvalitets limtre.<br \/>\nLimtre har fordelen, sammenlignet med massivt tre, at de ikke sprekker og at det ikke finnes noen kvister som p\u00e5virker utseendet. <\/p>\n<p>En stabil og vakker seng av h\u00f8y kvalitet! <\/p>\n<p><strong>Tilvalg<\/strong>: <\/p>\n<ul>\n<li>Farge: velg mellom natur (ubehandlet), lakkert, hvit og gr\u00e5<\/li>\n<li>Oppbevaringsboks med sovefunksjon (ekstra ribbbunn inng\u00e5r) (Madrassm\u00e5l til ekstraseng skal v\u00e6re 10 cm kortere enn sengens lengde og ha tykkelse p\u00e5 maks 9 cm. Til seng Classic 80&#215;160 = 1 stk madrass 80&#215;150)<\/li>\n<\/ul>\n<p>Madrass inng\u00e5r ikke, men ta gjerne en titt i v\u00e5rt store madrassutvalg. Vi anbefaler en skummadrass med tykkelse p\u00e5 ca 10-12 cm. <\/p>\n<p>Sengen kan f\u00e5s i flere m\u00e5l, se nedenfor for mer info. <\/p>\n<p><strong>Info:<\/strong> <\/p>\n<ul>\n<li>Oppbevaringsboks og ribbbunn inng\u00e5r.<\/li>\n<li>Hvis funksjonen ekstraseng <em>ikke <\/em>velges inng\u00e5r 1 st\u00f8rre oppbevaringsboks p\u00e5 senger opp til 160 cm og 2 oppbevaringsbokser p\u00e5 senger st\u00f8rre enn 160 cm.<\/li>\n<li>Hvis funksjonen ekstraseng velges inng\u00e5r <u>alltid<\/u> 1 boks sammen med en ekstra ribbbunn uavhengig av st\u00f8rrelse p\u00e5 sengen.<\/li>\n<li>M\u00e5lene er angitt i madrassst\u00f8rrelse. Legg til 9 cm p\u00e5 bredde+lengde for total dimensjon p\u00e5 sengens m\u00e5l.<\/li>\n<li>H\u00f8yde p\u00e5 rekkverk er 30 cm. 5 cm mellom spilene.<\/li>\n<li>Avtakbare st\u00f8ttebrett<\/li>\n<li>H\u00f8yde: 58,5 cm<\/li>\n<li>Benh\u00f8yde 19 cm<\/li>\n<li>Maksvekt. 100 kg<\/li>\n<\/ul>\n<p>&nbsp; <\/p>\n<p><em><em><em><em><em><em>Sengen leveres umontert og b\u00f8r settes sammen i rommet den skal brukes i.<\/em><\/em><\/em><\/em><\/em><\/em><\/p>\n","protected":false},"excerpt":{"rendered":"<p>Denne fantastiske juniorseng er helt h\u00e5ndlaget med stor lidenskap, av h\u00f8ykvalitets limtre. Limtre har fordelen, sammenlignet med massivt tre, at de ikke sprekker og at det ikke finnes noen kvister som p\u00e5virker utseendet. En stabil og vakker seng av h\u00f8y kvalitet! Tilvalg: Farge: velg mellom natur (ubehandlet), lakkert, hvit og gr\u00e5 Oppbevaringsboks med sovefunksjon (ekstra [&hellip;]<\/p>\n","protected":false},"featured_media":54701,"comment_status":"open","ping_status":"closed","template":"","meta":{"_acf_changed":false},"product_brand":[600],"product_cat":[602,372,269,601,40],"product_tag":[1689],"class_list":{"0":"post-54699","1":"product","2":"type-product","3":"status-publish","4":"has-post-thumbnail","6":"product_brand-luletto","7":"product_cat-babylove-lul","8":"product_cat-barnesenger","9":"product_cat-juniorsenger","10":"product_cat-baby","11":"product_cat-soverom-barn","12":"product_tag-bestillingsvaror","13":"pa_farg-gra","14":"pa_farg-vit","15":"pa_farg-lackad","16":"pa_farg-natur","17":"pa_forvaringslada-med-sovfunkt-ja","18":"pa_forvaringslada-med-sovfunkt-nej","19":"pa_storlek-100x200-cm-b109-l209","20":"pa_storlek-80x160-cm-b89-l169","21":"pa_storlek-80x180-cm-b89-l189","22":"pa_storlek-90x160-cm-b99-l169","23":"pa_storlek-90x180-cm-b99-l189","24":"pa_storlek-90x190-cm-b99-l199","25":"pa_storlek-90x200-cm-b99-l209","27":"first","28":"instock","29":"taxable","30":"shipping-taxable","31":"purchasable","32":"product-type-variable"},"acf":[],"yoast_head":"<!-- This site is optimized with the Yoast SEO Premium plugin v25.8 (Yoast SEO v27.2) - https:\/\/yoast.com\/product\/yoast-seo-premium-wordpress\/ -->\n<title>Barneseng Classic (ulike st\u00f8rrelser) med oppbevaringskasse\/ekstraseng - Babylove Norska<\/title>\n<meta name=\"robots\" content=\"noindex, follow, max-snippet:-1, max-image-preview:large, max-video-preview:-1\" \/>\n<meta property=\"og:locale\" content=\"nb_NO\" \/>\n<meta property=\"og:type\" content=\"article\" \/>\n<meta property=\"og:title\" content=\"Barneseng Classic (ulike st\u00f8rrelser) med oppbevaringskasse\/ekstraseng\" \/>\n<meta property=\"og:description\" content=\"Denne fantastiske juniorseng er helt h\u00e5ndlaget med stor lidenskap, av h\u00f8ykvalitets limtre. Limtre har fordelen, sammenlignet med massivt tre, at de ikke sprekker og at det ikke finnes noen kvister som p\u00e5virker utseendet. En stabil og vakker seng av h\u00f8y kvalitet! Tilvalg: Farge: velg mellom natur (ubehandlet), lakkert, hvit og gr\u00e5 Oppbevaringsboks med sovefunksjon (ekstra [&hellip;]\" \/>\n<meta property=\"og:url\" content=\"https:\/\/babylove.se\/no\/produkt\/barneseng-classic-med-oppbevaringsskuff\/\" \/>\n<meta property=\"og:site_name\" content=\"Babylove Norska\" \/>\n<meta property=\"article:modified_time\" content=\"2026-04-08T12:46:21+00:00\" \/>\n<meta property=\"og:image\" content=\"https:\/\/babylove.se\/no\/wp-content\/uploads\/sites\/3\/2025\/07\/65032d2bce30b.jpeg\" \/>\n\t<meta property=\"og:image:width\" content=\"1280\" \/>\n\t<meta property=\"og:image:height\" content=\"1280\" \/>\n\t<meta property=\"og:image:type\" content=\"image\/jpeg\" \/>\n<meta name=\"twitter:card\" content=\"summary_large_image\" \/>\n<meta name=\"twitter:label1\" content=\"Availability\" \/>\n\t<meta name=\"twitter:data1\" content=\"In stock\" \/>\n<script type=\"application\/ld+json\" class=\"yoast-schema-graph\">{\"@context\":\"https:\/\/schema.org\",\"@graph\":[{\"@type\":\"WebPage\",\"@id\":\"https:\/\/babylove.se\/no\/produkt\/barneseng-classic-med-oppbevaringsskuff\/\",\"url\":\"https:\/\/babylove.se\/no\/produkt\/barneseng-classic-med-oppbevaringsskuff\/\",\"name\":\"Barneseng Classic (ulike st\u00f8rrelser) med oppbevaringskasse\/ekstraseng - Babylove Norska\",\"isPartOf\":{\"@id\":\"https:\/\/babylove.se\/no\/#website\"},\"primaryImageOfPage\":{\"@id\":\"https:\/\/babylove.se\/no\/produkt\/barneseng-classic-med-oppbevaringsskuff\/#primaryimage\"},\"image\":{\"@id\":\"https:\/\/babylove.se\/no\/produkt\/barneseng-classic-med-oppbevaringsskuff\/#primaryimage\"},\"thumbnailUrl\":\"https:\/\/babylove.se\/no\/wp-content\/uploads\/sites\/3\/2025\/07\/65032d2bce30b.jpeg\",\"datePublished\":\"2025-07-19T11:24:34+00:00\",\"dateModified\":\"2026-04-08T12:46:21+00:00\",\"breadcrumb\":{\"@id\":\"https:\/\/babylove.se\/no\/produkt\/barneseng-classic-med-oppbevaringsskuff\/#breadcrumb\"},\"inLanguage\":\"nb-NO\",\"potentialAction\":[{\"@type\":\"ReadAction\",\"target\":[\"https:\/\/babylove.se\/no\/produkt\/barneseng-classic-med-oppbevaringsskuff\/\"]}]},{\"@type\":\"ImageObject\",\"inLanguage\":\"nb-NO\",\"@id\":\"https:\/\/babylove.se\/no\/produkt\/barneseng-classic-med-oppbevaringsskuff\/#primaryimage\",\"url\":\"https:\/\/babylove.se\/no\/wp-content\/uploads\/sites\/3\/2025\/07\/65032d2bce30b.jpeg\",\"contentUrl\":\"https:\/\/babylove.se\/no\/wp-content\/uploads\/sites\/3\/2025\/07\/65032d2bce30b.jpeg\",\"width\":1280,\"height\":1280},{\"@type\":\"BreadcrumbList\",\"@id\":\"https:\/\/babylove.se\/no\/produkt\/barneseng-classic-med-oppbevaringsskuff\/#breadcrumb\",\"itemListElement\":[{\"@type\":\"ListItem\",\"position\":1,\"name\":\"Hem\",\"item\":\"https:\/\/babylove.se\/no\/\"},{\"@type\":\"ListItem\",\"position\":2,\"name\":\"Butik\",\"item\":\"https:\/\/babylove.se\/no\/butik\/\"},{\"@type\":\"ListItem\",\"position\":3,\"name\":\"Barneseng Classic (ulike st\u00f8rrelser) med oppbevaringskasse\/ekstraseng\"}]},{\"@type\":\"WebSite\",\"@id\":\"https:\/\/babylove.se\/no\/#website\",\"url\":\"https:\/\/babylove.se\/no\/\",\"name\":\"Babylove Norska\",\"description\":\"\",\"potentialAction\":[{\"@type\":\"SearchAction\",\"target\":{\"@type\":\"EntryPoint\",\"urlTemplate\":\"https:\/\/babylove.se\/no\/?s={search_term_string}\"},\"query-input\":{\"@type\":\"PropertyValueSpecification\",\"valueRequired\":true,\"valueName\":\"search_term_string\"}}],\"inLanguage\":\"nb-NO\"}]}<\/script>\n<meta property=\"product:brand\" content=\"Luletto\" \/>\n<meta property=\"og:availability\" content=\"instock\" \/>\n<meta property=\"product:availability\" content=\"instock\" \/>\n<meta property=\"product:retailer_item_id\" content=\"barns\u00e4ng-classic-80x160-natur-l\u00e5da-nej\" \/>\n<meta property=\"product:condition\" content=\"new\" \/>\n<!-- \/ Yoast SEO Premium plugin. -->","yoast_head_json":{"title":"Barneseng Classic (ulike st\u00f8rrelser) med oppbevaringskasse\/ekstraseng - Babylove Norska","robots":{"index":"noindex","follow":"follow","max-snippet":"max-snippet:-1","max-image-preview":"max-image-preview:large","max-video-preview":"max-video-preview:-1"},"og_locale":"nb_NO","og_type":"article","og_title":"Barneseng Classic (ulike st\u00f8rrelser) med oppbevaringskasse\/ekstraseng","og_description":"Denne fantastiske juniorseng er helt h\u00e5ndlaget med stor lidenskap, av h\u00f8ykvalitets limtre. Limtre har fordelen, sammenlignet med massivt tre, at de ikke sprekker og at det ikke finnes noen kvister som p\u00e5virker utseendet. En stabil og vakker seng av h\u00f8y kvalitet! Tilvalg: Farge: velg mellom natur (ubehandlet), lakkert, hvit og gr\u00e5 Oppbevaringsboks med sovefunksjon (ekstra [&hellip;]","og_url":"https:\/\/babylove.se\/no\/produkt\/barneseng-classic-med-oppbevaringsskuff\/","og_site_name":"Babylove Norska","article_modified_time":"2026-04-08T12:46:21+00:00","og_image":[{"width":1280,"height":1280,"url":"https:\/\/babylove.se\/no\/wp-content\/uploads\/sites\/3\/2025\/07\/65032d2bce30b.jpeg","type":"image\/jpeg"}],"twitter_card":"summary_large_image","twitter_misc":{"Availability":"In stock"},"schema":{"@context":"https:\/\/schema.org","@graph":[{"@type":"WebPage","@id":"https:\/\/babylove.se\/no\/produkt\/barneseng-classic-med-oppbevaringsskuff\/","url":"https:\/\/babylove.se\/no\/produkt\/barneseng-classic-med-oppbevaringsskuff\/","name":"Barneseng Classic (ulike st\u00f8rrelser) med oppbevaringskasse\/ekstraseng - Babylove Norska","isPartOf":{"@id":"https:\/\/babylove.se\/no\/#website"},"primaryImageOfPage":{"@id":"https:\/\/babylove.se\/no\/produkt\/barneseng-classic-med-oppbevaringsskuff\/#primaryimage"},"image":{"@id":"https:\/\/babylove.se\/no\/produkt\/barneseng-classic-med-oppbevaringsskuff\/#primaryimage"},"thumbnailUrl":"https:\/\/babylove.se\/no\/wp-content\/uploads\/sites\/3\/2025\/07\/65032d2bce30b.jpeg","datePublished":"2025-07-19T11:24:34+00:00","dateModified":"2026-04-08T12:46:21+00:00","breadcrumb":{"@id":"https:\/\/babylove.se\/no\/produkt\/barneseng-classic-med-oppbevaringsskuff\/#breadcrumb"},"inLanguage":"nb-NO","potentialAction":[{"@type":"ReadAction","target":["https:\/\/babylove.se\/no\/produkt\/barneseng-classic-med-oppbevaringsskuff\/"]}]},{"@type":"ImageObject","inLanguage":"nb-NO","@id":"https:\/\/babylove.se\/no\/produkt\/barneseng-classic-med-oppbevaringsskuff\/#primaryimage","url":"https:\/\/babylove.se\/no\/wp-content\/uploads\/sites\/3\/2025\/07\/65032d2bce30b.jpeg","contentUrl":"https:\/\/babylove.se\/no\/wp-content\/uploads\/sites\/3\/2025\/07\/65032d2bce30b.jpeg","width":1280,"height":1280},{"@type":"BreadcrumbList","@id":"https:\/\/babylove.se\/no\/produkt\/barneseng-classic-med-oppbevaringsskuff\/#breadcrumb","itemListElement":[{"@type":"ListItem","position":1,"name":"Hem","item":"https:\/\/babylove.se\/no\/"},{"@type":"ListItem","position":2,"name":"Butik","item":"https:\/\/babylove.se\/no\/butik\/"},{"@type":"ListItem","position":3,"name":"Barneseng Classic (ulike st\u00f8rrelser) med oppbevaringskasse\/ekstraseng"}]},{"@type":"WebSite","@id":"https:\/\/babylove.se\/no\/#website","url":"https:\/\/babylove.se\/no\/","name":"Babylove Norska","description":"","potentialAction":[{"@type":"SearchAction","target":{"@type":"EntryPoint","urlTemplate":"https:\/\/babylove.se\/no\/?s={search_term_string}"},"query-input":{"@type":"PropertyValueSpecification","valueRequired":true,"valueName":"search_term_string"}}],"inLanguage":"nb-NO"}]},"product_brand":"Luletto","og_availability":"instock","product_availability":"instock","product_retailer_item_id":"barns\u00e4ng-classic-80x160-natur-l\u00e5da-nej","product_condition":"new"},"_links":{"self":[{"href":"https:\/\/babylove.se\/no\/wp-json\/wp\/v2\/product\/54699","targetHints":{"allow":["GET"]}}],"collection":[{"href":"https:\/\/babylove.se\/no\/wp-json\/wp\/v2\/product"}],"about":[{"href":"https:\/\/babylove.se\/no\/wp-json\/wp\/v2\/types\/product"}],"replies":[{"embeddable":true,"href":"https:\/\/babylove.se\/no\/wp-json\/wp\/v2\/comments?post=54699"}],"wp:featuredmedia":[{"embeddable":true,"href":"https:\/\/babylove.se\/no\/wp-json\/wp\/v2\/media\/54701"}],"wp:attachment":[{"href":"https:\/\/babylove.se\/no\/wp-json\/wp\/v2\/media?parent=54699"}],"wp:term":[{"taxonomy":"product_brand","embeddable":true,"href":"https:\/\/babylove.se\/no\/wp-json\/wp\/v2\/product_brand?post=54699"},{"taxonomy":"product_cat","embeddable":true,"href":"https:\/\/babylove.se\/no\/wp-json\/wp\/v2\/product_cat?post=54699"},{"taxonomy":"product_tag","embeddable":true,"href":"https:\/\/babylove.se\/no\/wp-json\/wp\/v2\/product_tag?post=54699"}],"curies":[{"name":"wp","href":"https:\/\/api.w.org\/{rel}","templated":true}]}}