{"id":54811,"date":"2025-07-19T12:27:37","date_gmt":"2025-07-19T11:27:37","guid":{"rendered":"https:\/\/babylove.se\/produkt\/velourkladda-vaggpaneler-vit-olika-matt\/"},"modified":"2026-04-08T13:46:38","modified_gmt":"2026-04-08T12:46:38","slug":"floyelskledd-veggpaneler-hvit-ulike-matt","status":"publish","type":"product","link":"https:\/\/babylove.se\/no\/produkt\/floyelskledd-veggpaneler-hvit-ulike-matt\/","title":{"rendered":"Velourkledde veggpaneler, hvit (ulike m\u00e5l)"},"content":{"rendered":"<p>Disse velourtrukne veggpanelene vil forvandle den kjedelige tomme veggen til din nye favorittvegg!<\/p>\n<p>Passer perfekt p\u00e5 barnerommet som i resten av hjemmet. Kan posisjoneres b\u00e5de vertikalt og horisontalt for \u00e5 skape en vakker fondvegg, sengegavl eller en helt unik veggdekorasjon. Panelene festes enkelt p\u00e5 veggen ved hjelp av monteringslim.&nbsp;<\/p>\n<p>I tillegg til \u00e5 v\u00e6re estetisk tiltalende er stoppede veggpaneler ogs\u00e5 praktiske og fremfor alt holdbare. En bonus er at veggpanelene har akustiske egenskaper som demper u\u00f8nskede lyder.<\/p>\n<p>Veggpanelene er laget av fl\u00f8yelsmykt og luftig materiale som samtidig er slitesterkt og motstandsdyktig mot slitasje.&nbsp;<\/p>\n<p><strong>M\u00e5l<\/strong>:&nbsp;<\/p>\n<ul>\n<li>Finnes i ulike m\u00e5l<\/li>\n<li>For \u00e5 bestille riktig antall paneler begynn med \u00e5 m\u00e5le bredde og lengden av overflaten du \u00f8nsker \u00e5 dekorere. Reflekter deretter over hvordan panelene kommer til \u00e5 plasseres, hvilken panelst\u00f8rrelse du \u00f8nsker og hvor mange du trenger. Panelene bestilles per stykk.&nbsp;<\/li>\n<\/ul>\n<p><strong>Materiale<\/strong>: H\u00f8ykvalitets HDF-plate. Stoff: 100 % velourpolyester. Vekt: 355 g\/m\u00b2<\/p>\n<p><em><strong>Obs! Spesialprodusert bestillingsvare. Angrerett gjelder ikke.&nbsp;<\/strong><\/em><em><strong>Prisen gjelder ett enkelt panel.<\/strong><\/em><\/p>\n","protected":false},"excerpt":{"rendered":"<p>Disse velourtrukne veggpanelene vil forvandle den kjedelige tomme veggen til din nye favorittvegg! Passer perfekt p\u00e5 barnerommet som i resten av hjemmet. Kan posisjoneres b\u00e5de vertikalt og horisontalt for \u00e5 skape en vakker fondvegg, sengegavl eller en helt unik veggdekorasjon. Panelene festes enkelt p\u00e5 veggen ved hjelp av monteringslim.&nbsp; I tillegg til \u00e5 v\u00e6re estetisk [&hellip;]<\/p>\n","protected":false},"featured_media":54813,"comment_status":"closed","ping_status":"open","template":"","meta":{"_acf_changed":false},"product_brand":[378],"product_cat":[590,1171,1583],"product_tag":[1689],"class_list":{"0":"post-54811","1":"product","2":"type-product","3":"status-publish","4":"has-post-thumbnail","6":"product_brand-fdm","7":"product_cat-fdm","8":"product_cat-senggavler","9":"product_cat-veggpaneler","10":"product_tag-bestillingsvaror","11":"pa_matt-25x45-cm","12":"pa_matt-25x90-cm","13":"pa_matt-30x60-cm","14":"pa_matt-30x70-cm","15":"pa_matt-40x50-cm","17":"first","18":"instock","19":"taxable","20":"shipping-taxable","21":"purchasable","22":"product-type-variable"},"acf":[],"yoast_head":"<!-- This site is optimized with the Yoast SEO Premium plugin v25.8 (Yoast SEO v27.2) - https:\/\/yoast.com\/product\/yoast-seo-premium-wordpress\/ -->\n<title>Velourkledde veggpaneler, hvit (ulike m\u00e5l) - Babylove Norska<\/title>\n<meta name=\"robots\" content=\"noindex, follow, max-snippet:-1, max-image-preview:large, max-video-preview:-1\" \/>\n<meta property=\"og:locale\" content=\"nb_NO\" \/>\n<meta property=\"og:type\" content=\"article\" \/>\n<meta property=\"og:title\" content=\"Velourkledde veggpaneler, hvit (ulike m\u00e5l)\" \/>\n<meta property=\"og:description\" content=\"Disse velourtrukne veggpanelene vil forvandle den kjedelige tomme veggen til din nye favorittvegg! Passer perfekt p\u00e5 barnerommet som i resten av hjemmet. Kan posisjoneres b\u00e5de vertikalt og horisontalt for \u00e5 skape en vakker fondvegg, sengegavl eller en helt unik veggdekorasjon. Panelene festes enkelt p\u00e5 veggen ved hjelp av monteringslim.&nbsp; I tillegg til \u00e5 v\u00e6re estetisk [&hellip;]\" \/>\n<meta property=\"og:url\" content=\"https:\/\/babylove.se\/no\/produkt\/floyelskledd-veggpaneler-hvit-ulike-matt\/\" \/>\n<meta property=\"og:site_name\" content=\"Babylove Norska\" \/>\n<meta property=\"article:modified_time\" content=\"2026-04-08T12:46:38+00:00\" \/>\n<meta property=\"og:image\" content=\"https:\/\/babylove.se\/no\/wp-content\/uploads\/sites\/3\/2025\/07\/65095c11efc53.jpeg\" \/>\n\t<meta property=\"og:image:width\" content=\"800\" \/>\n\t<meta property=\"og:image:height\" content=\"800\" \/>\n\t<meta property=\"og:image:type\" content=\"image\/jpeg\" \/>\n<meta name=\"twitter:card\" content=\"summary_large_image\" \/>\n<meta name=\"twitter:label1\" content=\"Availability\" \/>\n\t<meta name=\"twitter:data1\" content=\"In stock\" \/>\n<script type=\"application\/ld+json\" class=\"yoast-schema-graph\">{\"@context\":\"https:\/\/schema.org\",\"@graph\":[{\"@type\":\"WebPage\",\"@id\":\"https:\/\/babylove.se\/no\/produkt\/floyelskledd-veggpaneler-hvit-ulike-matt\/\",\"url\":\"https:\/\/babylove.se\/no\/produkt\/floyelskledd-veggpaneler-hvit-ulike-matt\/\",\"name\":\"Velourkledde veggpaneler, hvit (ulike m\u00e5l) - Babylove Norska\",\"isPartOf\":{\"@id\":\"https:\/\/babylove.se\/no\/#website\"},\"primaryImageOfPage\":{\"@id\":\"https:\/\/babylove.se\/no\/produkt\/floyelskledd-veggpaneler-hvit-ulike-matt\/#primaryimage\"},\"image\":{\"@id\":\"https:\/\/babylove.se\/no\/produkt\/floyelskledd-veggpaneler-hvit-ulike-matt\/#primaryimage\"},\"thumbnailUrl\":\"https:\/\/babylove.se\/no\/wp-content\/uploads\/sites\/3\/2025\/07\/65095c11efc53.jpeg\",\"datePublished\":\"2025-07-19T11:27:37+00:00\",\"dateModified\":\"2026-04-08T12:46:38+00:00\",\"breadcrumb\":{\"@id\":\"https:\/\/babylove.se\/no\/produkt\/floyelskledd-veggpaneler-hvit-ulike-matt\/#breadcrumb\"},\"inLanguage\":\"nb-NO\",\"potentialAction\":[{\"@type\":\"ReadAction\",\"target\":[\"https:\/\/babylove.se\/no\/produkt\/floyelskledd-veggpaneler-hvit-ulike-matt\/\"]}]},{\"@type\":\"ImageObject\",\"inLanguage\":\"nb-NO\",\"@id\":\"https:\/\/babylove.se\/no\/produkt\/floyelskledd-veggpaneler-hvit-ulike-matt\/#primaryimage\",\"url\":\"https:\/\/babylove.se\/no\/wp-content\/uploads\/sites\/3\/2025\/07\/65095c11efc53.jpeg\",\"contentUrl\":\"https:\/\/babylove.se\/no\/wp-content\/uploads\/sites\/3\/2025\/07\/65095c11efc53.jpeg\",\"width\":800,\"height\":800},{\"@type\":\"BreadcrumbList\",\"@id\":\"https:\/\/babylove.se\/no\/produkt\/floyelskledd-veggpaneler-hvit-ulike-matt\/#breadcrumb\",\"itemListElement\":[{\"@type\":\"ListItem\",\"position\":1,\"name\":\"Hem\",\"item\":\"https:\/\/babylove.se\/no\/\"},{\"@type\":\"ListItem\",\"position\":2,\"name\":\"Butik\",\"item\":\"https:\/\/babylove.se\/no\/butik\/\"},{\"@type\":\"ListItem\",\"position\":3,\"name\":\"Velourkledde veggpaneler, hvit (ulike m\u00e5l)\"}]},{\"@type\":\"WebSite\",\"@id\":\"https:\/\/babylove.se\/no\/#website\",\"url\":\"https:\/\/babylove.se\/no\/\",\"name\":\"Babylove Norska\",\"description\":\"\",\"potentialAction\":[{\"@type\":\"SearchAction\",\"target\":{\"@type\":\"EntryPoint\",\"urlTemplate\":\"https:\/\/babylove.se\/no\/?s={search_term_string}\"},\"query-input\":{\"@type\":\"PropertyValueSpecification\",\"valueRequired\":true,\"valueName\":\"search_term_string\"}}],\"inLanguage\":\"nb-NO\"}]}<\/script>\n<meta property=\"product:brand\" content=\"FDM\" \/>\n<meta property=\"og:availability\" content=\"instock\" \/>\n<meta property=\"product:availability\" content=\"instock\" \/>\n<meta property=\"product:retailer_item_id\" content=\"Vit-250x450\" \/>\n<meta property=\"product:condition\" content=\"new\" \/>\n<!-- \/ Yoast SEO Premium plugin. -->","yoast_head_json":{"title":"Velourkledde veggpaneler, hvit (ulike m\u00e5l) - Babylove Norska","robots":{"index":"noindex","follow":"follow","max-snippet":"max-snippet:-1","max-image-preview":"max-image-preview:large","max-video-preview":"max-video-preview:-1"},"og_locale":"nb_NO","og_type":"article","og_title":"Velourkledde veggpaneler, hvit (ulike m\u00e5l)","og_description":"Disse velourtrukne veggpanelene vil forvandle den kjedelige tomme veggen til din nye favorittvegg! Passer perfekt p\u00e5 barnerommet som i resten av hjemmet. Kan posisjoneres b\u00e5de vertikalt og horisontalt for \u00e5 skape en vakker fondvegg, sengegavl eller en helt unik veggdekorasjon. Panelene festes enkelt p\u00e5 veggen ved hjelp av monteringslim.&nbsp; I tillegg til \u00e5 v\u00e6re estetisk [&hellip;]","og_url":"https:\/\/babylove.se\/no\/produkt\/floyelskledd-veggpaneler-hvit-ulike-matt\/","og_site_name":"Babylove Norska","article_modified_time":"2026-04-08T12:46:38+00:00","og_image":[{"width":800,"height":800,"url":"https:\/\/babylove.se\/no\/wp-content\/uploads\/sites\/3\/2025\/07\/65095c11efc53.jpeg","type":"image\/jpeg"}],"twitter_card":"summary_large_image","twitter_misc":{"Availability":"In stock"},"schema":{"@context":"https:\/\/schema.org","@graph":[{"@type":"WebPage","@id":"https:\/\/babylove.se\/no\/produkt\/floyelskledd-veggpaneler-hvit-ulike-matt\/","url":"https:\/\/babylove.se\/no\/produkt\/floyelskledd-veggpaneler-hvit-ulike-matt\/","name":"Velourkledde veggpaneler, hvit (ulike m\u00e5l) - Babylove Norska","isPartOf":{"@id":"https:\/\/babylove.se\/no\/#website"},"primaryImageOfPage":{"@id":"https:\/\/babylove.se\/no\/produkt\/floyelskledd-veggpaneler-hvit-ulike-matt\/#primaryimage"},"image":{"@id":"https:\/\/babylove.se\/no\/produkt\/floyelskledd-veggpaneler-hvit-ulike-matt\/#primaryimage"},"thumbnailUrl":"https:\/\/babylove.se\/no\/wp-content\/uploads\/sites\/3\/2025\/07\/65095c11efc53.jpeg","datePublished":"2025-07-19T11:27:37+00:00","dateModified":"2026-04-08T12:46:38+00:00","breadcrumb":{"@id":"https:\/\/babylove.se\/no\/produkt\/floyelskledd-veggpaneler-hvit-ulike-matt\/#breadcrumb"},"inLanguage":"nb-NO","potentialAction":[{"@type":"ReadAction","target":["https:\/\/babylove.se\/no\/produkt\/floyelskledd-veggpaneler-hvit-ulike-matt\/"]}]},{"@type":"ImageObject","inLanguage":"nb-NO","@id":"https:\/\/babylove.se\/no\/produkt\/floyelskledd-veggpaneler-hvit-ulike-matt\/#primaryimage","url":"https:\/\/babylove.se\/no\/wp-content\/uploads\/sites\/3\/2025\/07\/65095c11efc53.jpeg","contentUrl":"https:\/\/babylove.se\/no\/wp-content\/uploads\/sites\/3\/2025\/07\/65095c11efc53.jpeg","width":800,"height":800},{"@type":"BreadcrumbList","@id":"https:\/\/babylove.se\/no\/produkt\/floyelskledd-veggpaneler-hvit-ulike-matt\/#breadcrumb","itemListElement":[{"@type":"ListItem","position":1,"name":"Hem","item":"https:\/\/babylove.se\/no\/"},{"@type":"ListItem","position":2,"name":"Butik","item":"https:\/\/babylove.se\/no\/butik\/"},{"@type":"ListItem","position":3,"name":"Velourkledde veggpaneler, hvit (ulike m\u00e5l)"}]},{"@type":"WebSite","@id":"https:\/\/babylove.se\/no\/#website","url":"https:\/\/babylove.se\/no\/","name":"Babylove Norska","description":"","potentialAction":[{"@type":"SearchAction","target":{"@type":"EntryPoint","urlTemplate":"https:\/\/babylove.se\/no\/?s={search_term_string}"},"query-input":{"@type":"PropertyValueSpecification","valueRequired":true,"valueName":"search_term_string"}}],"inLanguage":"nb-NO"}]},"product_brand":"FDM","og_availability":"instock","product_availability":"instock","product_retailer_item_id":"Vit-250x450","product_condition":"new"},"_links":{"self":[{"href":"https:\/\/babylove.se\/no\/wp-json\/wp\/v2\/product\/54811","targetHints":{"allow":["GET"]}}],"collection":[{"href":"https:\/\/babylove.se\/no\/wp-json\/wp\/v2\/product"}],"about":[{"href":"https:\/\/babylove.se\/no\/wp-json\/wp\/v2\/types\/product"}],"replies":[{"embeddable":true,"href":"https:\/\/babylove.se\/no\/wp-json\/wp\/v2\/comments?post=54811"}],"wp:featuredmedia":[{"embeddable":true,"href":"https:\/\/babylove.se\/no\/wp-json\/wp\/v2\/media\/54813"}],"wp:attachment":[{"href":"https:\/\/babylove.se\/no\/wp-json\/wp\/v2\/media?parent=54811"}],"wp:term":[{"taxonomy":"product_brand","embeddable":true,"href":"https:\/\/babylove.se\/no\/wp-json\/wp\/v2\/product_brand?post=54811"},{"taxonomy":"product_cat","embeddable":true,"href":"https:\/\/babylove.se\/no\/wp-json\/wp\/v2\/product_cat?post=54811"},{"taxonomy":"product_tag","embeddable":true,"href":"https:\/\/babylove.se\/no\/wp-json\/wp\/v2\/product_tag?post=54811"}],"curies":[{"name":"wp","href":"https:\/\/api.w.org\/{rel}","templated":true}]}}