{"id":54841,"date":"2025-07-19T12:28:06","date_gmt":"2025-07-19T11:28:06","guid":{"rendered":"https:\/\/babylove.se\/produkt\/meow-byggbar-barnsoffa-fatolj-madrass-rosa\/"},"modified":"2026-04-08T13:46:46","modified_gmt":"2026-04-08T12:46:46","slug":"mjau-byggbar-barnesofa-lenestol-madrass-rosa","status":"publish","type":"product","link":"https:\/\/babylove.se\/no\/produkt\/mjau-byggbar-barnesofa-lenestol-madrass-rosa\/","title":{"rendered":"Meow, Byggbar barnesofa lenestol madrass, rosa"},"content":{"rendered":"<p>Det finnes ingen grenser for hva du kan skape med dette multifunksjonelle m\u00f8belet fra Meow!<\/p>\n<p>M\u00f8belsettet er bygget opp av en byggbar sofa med to sm\u00e5 puter. Barnesofaen kan foldes ut for \u00e5 skape en stor seng n\u00e5r barnet ditt vil ta seg en lur eller n\u00e5r vennene overnatter. Hvis du skiller de store puffene f\u00e5r du plutselig to komfortable lenestoler! Eller hvorfor ikke bygge en koselig hytte?<\/p>\n<p>Takket v\u00e6re det myke skummet er sofaen et komfortabelt og trygt sted for barnet ditt \u00e5 leke p\u00e5. <span style=\"background-color: initial; text-align: initial;\">Trekket er laget i deilig materiale som er herlig \u00e5 sitte p\u00e5, men ogs\u00e5 enkelt \u00e5 rengj\u00f8re.<\/span><span style=\"background-color: initial; text-align: initial;\">&nbsp;<\/span><\/p>\n<p data-empty=\"true\"><strong>M\u00e5l&nbsp;<\/strong>:&nbsp;<\/p>\n<ul>\n<li>Lengde 160 cm<\/li>\n<li>Bredde 80 cm<\/li>\n<\/ul>\n<p><strong>Materiale<\/strong>: 100% OEKO-TEX fl\u00f8yel. Kan vaskes i 30 grader.&nbsp;<\/p>\n<p data-empty=\"true\">Designer: <a href=\"https:\/\/babylove.se\/varumarken\/meow\">Meow<\/a><\/p>\n","protected":false},"excerpt":{"rendered":"<p>Det finnes ingen grenser for hva du kan skape med dette multifunksjonelle m\u00f8belet fra Meow! M\u00f8belsettet er bygget opp av en byggbar sofa med to sm\u00e5 puter. Barnesofaen kan foldes ut for \u00e5 skape en stor seng n\u00e5r barnet ditt vil ta seg en lur eller n\u00e5r vennene overnatter. Hvis du skiller de store puffene [&hellip;]<\/p>\n","protected":false},"featured_media":54843,"comment_status":"closed","ping_status":"open","template":"","meta":{"_acf_changed":false},"product_brand":[774],"product_cat":[79,775,80],"product_tag":[1689],"class_list":{"0":"post-54841","1":"product","2":"type-product","3":"status-publish","4":"has-post-thumbnail","6":"product_brand-meow","7":"product_cat-barnemobler","8":"product_cat-meow","9":"product_cat-stoler","10":"product_tag-bestillingsvaror","12":"first","13":"outofstock","14":"taxable","15":"shipping-taxable","16":"purchasable","17":"product-type-simple"},"acf":[],"yoast_head":"<!-- This site is optimized with the Yoast SEO Premium plugin v25.8 (Yoast SEO v27.2) - https:\/\/yoast.com\/product\/yoast-seo-premium-wordpress\/ -->\n<title>Meow, Byggbar barnesofa lenestol madrass, rosa - Babylove Norska<\/title>\n<meta name=\"robots\" content=\"noindex, follow, max-snippet:-1, max-image-preview:large, max-video-preview:-1\" \/>\n<meta property=\"og:locale\" content=\"nb_NO\" \/>\n<meta property=\"og:type\" content=\"article\" \/>\n<meta property=\"og:title\" content=\"Meow, Byggbar barnesofa lenestol madrass, rosa\" \/>\n<meta property=\"og:description\" content=\"Det finnes ingen grenser for hva du kan skape med dette multifunksjonelle m\u00f8belet fra Meow! M\u00f8belsettet er bygget opp av en byggbar sofa med to sm\u00e5 puter. Barnesofaen kan foldes ut for \u00e5 skape en stor seng n\u00e5r barnet ditt vil ta seg en lur eller n\u00e5r vennene overnatter. Hvis du skiller de store puffene [&hellip;]\" \/>\n<meta property=\"og:url\" content=\"https:\/\/babylove.se\/no\/produkt\/mjau-byggbar-barnesofa-lenestol-madrass-rosa\/\" \/>\n<meta property=\"og:site_name\" content=\"Babylove Norska\" \/>\n<meta property=\"article:modified_time\" content=\"2026-04-08T12:46:46+00:00\" \/>\n<meta property=\"og:image\" content=\"https:\/\/babylove.se\/no\/wp-content\/uploads\/sites\/3\/2025\/07\/650967ddcd9eb.jpeg\" \/>\n\t<meta property=\"og:image:width\" content=\"1200\" \/>\n\t<meta property=\"og:image:height\" content=\"1200\" \/>\n\t<meta property=\"og:image:type\" content=\"image\/jpeg\" \/>\n<meta name=\"twitter:card\" content=\"summary_large_image\" \/>\n<meta name=\"twitter:label1\" content=\"Price\" \/>\n\t<meta name=\"twitter:data1\" content=\"3 999,00&nbsp;&#107;&#114;\" \/>\n\t<meta name=\"twitter:label2\" content=\"Availability\" \/>\n\t<meta name=\"twitter:data2\" content=\"Out of stock\" \/>\n<script type=\"application\/ld+json\" class=\"yoast-schema-graph\">{\"@context\":\"https:\/\/schema.org\",\"@graph\":[{\"@type\":\"WebPage\",\"@id\":\"https:\/\/babylove.se\/no\/produkt\/mjau-byggbar-barnesofa-lenestol-madrass-rosa\/\",\"url\":\"https:\/\/babylove.se\/no\/produkt\/mjau-byggbar-barnesofa-lenestol-madrass-rosa\/\",\"name\":\"Meow, Byggbar barnesofa lenestol madrass, rosa - Babylove Norska\",\"isPartOf\":{\"@id\":\"https:\/\/babylove.se\/no\/#website\"},\"primaryImageOfPage\":{\"@id\":\"https:\/\/babylove.se\/no\/produkt\/mjau-byggbar-barnesofa-lenestol-madrass-rosa\/#primaryimage\"},\"image\":{\"@id\":\"https:\/\/babylove.se\/no\/produkt\/mjau-byggbar-barnesofa-lenestol-madrass-rosa\/#primaryimage\"},\"thumbnailUrl\":\"https:\/\/babylove.se\/no\/wp-content\/uploads\/sites\/3\/2025\/07\/650967ddcd9eb.jpeg\",\"datePublished\":\"2025-07-19T11:28:06+00:00\",\"dateModified\":\"2026-04-08T12:46:46+00:00\",\"breadcrumb\":{\"@id\":\"https:\/\/babylove.se\/no\/produkt\/mjau-byggbar-barnesofa-lenestol-madrass-rosa\/#breadcrumb\"},\"inLanguage\":\"nb-NO\",\"potentialAction\":[{\"@type\":\"ReadAction\",\"target\":[\"https:\/\/babylove.se\/no\/produkt\/mjau-byggbar-barnesofa-lenestol-madrass-rosa\/\"]}]},{\"@type\":\"ImageObject\",\"inLanguage\":\"nb-NO\",\"@id\":\"https:\/\/babylove.se\/no\/produkt\/mjau-byggbar-barnesofa-lenestol-madrass-rosa\/#primaryimage\",\"url\":\"https:\/\/babylove.se\/no\/wp-content\/uploads\/sites\/3\/2025\/07\/650967ddcd9eb.jpeg\",\"contentUrl\":\"https:\/\/babylove.se\/no\/wp-content\/uploads\/sites\/3\/2025\/07\/650967ddcd9eb.jpeg\",\"width\":1200,\"height\":1200},{\"@type\":\"BreadcrumbList\",\"@id\":\"https:\/\/babylove.se\/no\/produkt\/mjau-byggbar-barnesofa-lenestol-madrass-rosa\/#breadcrumb\",\"itemListElement\":[{\"@type\":\"ListItem\",\"position\":1,\"name\":\"Hem\",\"item\":\"https:\/\/babylove.se\/no\/\"},{\"@type\":\"ListItem\",\"position\":2,\"name\":\"Butik\",\"item\":\"https:\/\/babylove.se\/no\/butik\/\"},{\"@type\":\"ListItem\",\"position\":3,\"name\":\"Meow, Byggbar barnesofa lenestol madrass, rosa\"}]},{\"@type\":\"WebSite\",\"@id\":\"https:\/\/babylove.se\/no\/#website\",\"url\":\"https:\/\/babylove.se\/no\/\",\"name\":\"Babylove Norska\",\"description\":\"\",\"potentialAction\":[{\"@type\":\"SearchAction\",\"target\":{\"@type\":\"EntryPoint\",\"urlTemplate\":\"https:\/\/babylove.se\/no\/?s={search_term_string}\"},\"query-input\":{\"@type\":\"PropertyValueSpecification\",\"valueRequired\":true,\"valueName\":\"search_term_string\"}}],\"inLanguage\":\"nb-NO\"}]}<\/script>\n<meta property=\"product:brand\" content=\"Meow\" \/>\n<meta property=\"product:price:amount\" content=\"3999.00\" \/>\n<meta property=\"product:price:currency\" content=\"SEK\" \/>\n<meta property=\"og:availability\" content=\"out of stock\" \/>\n<meta property=\"product:availability\" content=\"out of stock\" \/>\n<meta property=\"product:retailer_item_id\" content=\"SDP02IE\" \/>\n<meta property=\"product:condition\" content=\"new\" \/>\n<!-- \/ Yoast SEO Premium plugin. -->","yoast_head_json":{"title":"Meow, Byggbar barnesofa lenestol madrass, rosa - Babylove Norska","robots":{"index":"noindex","follow":"follow","max-snippet":"max-snippet:-1","max-image-preview":"max-image-preview:large","max-video-preview":"max-video-preview:-1"},"og_locale":"nb_NO","og_type":"article","og_title":"Meow, Byggbar barnesofa lenestol madrass, rosa","og_description":"Det finnes ingen grenser for hva du kan skape med dette multifunksjonelle m\u00f8belet fra Meow! M\u00f8belsettet er bygget opp av en byggbar sofa med to sm\u00e5 puter. Barnesofaen kan foldes ut for \u00e5 skape en stor seng n\u00e5r barnet ditt vil ta seg en lur eller n\u00e5r vennene overnatter. Hvis du skiller de store puffene [&hellip;]","og_url":"https:\/\/babylove.se\/no\/produkt\/mjau-byggbar-barnesofa-lenestol-madrass-rosa\/","og_site_name":"Babylove Norska","article_modified_time":"2026-04-08T12:46:46+00:00","og_image":[{"width":1200,"height":1200,"url":"https:\/\/babylove.se\/no\/wp-content\/uploads\/sites\/3\/2025\/07\/650967ddcd9eb.jpeg","type":"image\/jpeg"}],"twitter_card":"summary_large_image","twitter_misc":{"Price":"3 999,00&nbsp;&#107;&#114;","Availability":"Out of stock"},"schema":{"@context":"https:\/\/schema.org","@graph":[{"@type":"WebPage","@id":"https:\/\/babylove.se\/no\/produkt\/mjau-byggbar-barnesofa-lenestol-madrass-rosa\/","url":"https:\/\/babylove.se\/no\/produkt\/mjau-byggbar-barnesofa-lenestol-madrass-rosa\/","name":"Meow, Byggbar barnesofa lenestol madrass, rosa - Babylove Norska","isPartOf":{"@id":"https:\/\/babylove.se\/no\/#website"},"primaryImageOfPage":{"@id":"https:\/\/babylove.se\/no\/produkt\/mjau-byggbar-barnesofa-lenestol-madrass-rosa\/#primaryimage"},"image":{"@id":"https:\/\/babylove.se\/no\/produkt\/mjau-byggbar-barnesofa-lenestol-madrass-rosa\/#primaryimage"},"thumbnailUrl":"https:\/\/babylove.se\/no\/wp-content\/uploads\/sites\/3\/2025\/07\/650967ddcd9eb.jpeg","datePublished":"2025-07-19T11:28:06+00:00","dateModified":"2026-04-08T12:46:46+00:00","breadcrumb":{"@id":"https:\/\/babylove.se\/no\/produkt\/mjau-byggbar-barnesofa-lenestol-madrass-rosa\/#breadcrumb"},"inLanguage":"nb-NO","potentialAction":[{"@type":"ReadAction","target":["https:\/\/babylove.se\/no\/produkt\/mjau-byggbar-barnesofa-lenestol-madrass-rosa\/"]}]},{"@type":"ImageObject","inLanguage":"nb-NO","@id":"https:\/\/babylove.se\/no\/produkt\/mjau-byggbar-barnesofa-lenestol-madrass-rosa\/#primaryimage","url":"https:\/\/babylove.se\/no\/wp-content\/uploads\/sites\/3\/2025\/07\/650967ddcd9eb.jpeg","contentUrl":"https:\/\/babylove.se\/no\/wp-content\/uploads\/sites\/3\/2025\/07\/650967ddcd9eb.jpeg","width":1200,"height":1200},{"@type":"BreadcrumbList","@id":"https:\/\/babylove.se\/no\/produkt\/mjau-byggbar-barnesofa-lenestol-madrass-rosa\/#breadcrumb","itemListElement":[{"@type":"ListItem","position":1,"name":"Hem","item":"https:\/\/babylove.se\/no\/"},{"@type":"ListItem","position":2,"name":"Butik","item":"https:\/\/babylove.se\/no\/butik\/"},{"@type":"ListItem","position":3,"name":"Meow, Byggbar barnesofa lenestol madrass, rosa"}]},{"@type":"WebSite","@id":"https:\/\/babylove.se\/no\/#website","url":"https:\/\/babylove.se\/no\/","name":"Babylove Norska","description":"","potentialAction":[{"@type":"SearchAction","target":{"@type":"EntryPoint","urlTemplate":"https:\/\/babylove.se\/no\/?s={search_term_string}"},"query-input":{"@type":"PropertyValueSpecification","valueRequired":true,"valueName":"search_term_string"}}],"inLanguage":"nb-NO"}]},"product_brand":"Meow","product_price_amount":"3999.00","product_price_currency":"SEK","og_availability":"out of stock","product_availability":"out of stock","product_retailer_item_id":"SDP02IE","product_condition":"new"},"_links":{"self":[{"href":"https:\/\/babylove.se\/no\/wp-json\/wp\/v2\/product\/54841","targetHints":{"allow":["GET"]}}],"collection":[{"href":"https:\/\/babylove.se\/no\/wp-json\/wp\/v2\/product"}],"about":[{"href":"https:\/\/babylove.se\/no\/wp-json\/wp\/v2\/types\/product"}],"replies":[{"embeddable":true,"href":"https:\/\/babylove.se\/no\/wp-json\/wp\/v2\/comments?post=54841"}],"wp:featuredmedia":[{"embeddable":true,"href":"https:\/\/babylove.se\/no\/wp-json\/wp\/v2\/media\/54843"}],"wp:attachment":[{"href":"https:\/\/babylove.se\/no\/wp-json\/wp\/v2\/media?parent=54841"}],"wp:term":[{"taxonomy":"product_brand","embeddable":true,"href":"https:\/\/babylove.se\/no\/wp-json\/wp\/v2\/product_brand?post=54841"},{"taxonomy":"product_cat","embeddable":true,"href":"https:\/\/babylove.se\/no\/wp-json\/wp\/v2\/product_cat?post=54841"},{"taxonomy":"product_tag","embeddable":true,"href":"https:\/\/babylove.se\/no\/wp-json\/wp\/v2\/product_tag?post=54841"}],"curies":[{"name":"wp","href":"https:\/\/api.w.org\/{rel}","templated":true}]}}