{"id":5489,"date":"2025-07-18T20:29:44","date_gmt":"2025-07-18T19:29:44","guid":{"rendered":"https:\/\/babylove.se\/produkt\/liewood-stickad-filt-willie-rabbit-dumbo-grey\/"},"modified":"2026-04-08T08:18:34","modified_gmt":"2026-04-08T07:18:34","slug":"liewood-strikket-teppe-willie-rabbit-dumbo-grey","status":"publish","type":"product","link":"https:\/\/babylove.se\/no\/produkt\/liewood-strikket-teppe-willie-rabbit-dumbo-grey\/","title":{"rendered":"Liewood strikket pledd, Willie rabbit dumbo grey"},"content":{"rendered":"<p><strong>Liewood strikket teppe, Willie rabbit dumbo grey<\/strong><strong> &#8211; sendes innen 24 timer!<\/strong> <\/p>\n<p>Et fantastisk fint og vakkert teppe fra det danske selskapet Liewood. Dette myke og koselige teppet vil bli ditt barns nye favoritt. Perfekt for \u00e5 holde barnet varmt. Teppet er laget av utvalgt \u00f8kologisk bomull av h\u00f8yeste kvalitet og kasjmir. Kan med fordel matches med andre produkter fra samme kolleksjon. <\/p>\n<p>St\u00f8rrelse: 80 x 80 cm <\/p>\n<p>Materiale: 95 % \u00f8kologisk bomull og 5 % kasjmir <\/p>\n<p>Designer: <a href=\"https:\/\/babylove.se\/varumarken\/liewood\"><u>Liewood<\/u><\/a><\/p>\n","protected":false},"excerpt":{"rendered":"<p>Liewood strikket teppe, Willie rabbit dumbo grey &#8211; sendes innen 24 timer! Et fantastisk fint og vakkert teppe fra det danske selskapet Liewood. Dette myke og koselige teppet vil bli ditt barns nye favoritt. Perfekt for \u00e5 holde barnet varmt. Teppet er laget av utvalgt \u00f8kologisk bomull av h\u00f8yeste kvalitet og kasjmir. Kan med fordel [&hellip;]<\/p>\n","protected":false},"featured_media":5491,"comment_status":"closed","ping_status":"closed","template":"","meta":{"_acf_changed":false},"product_brand":[282],"product_cat":[117,116,283,48],"product_tag":[],"class_list":{"0":"post-5489","1":"product","2":"type-product","3":"status-publish","4":"has-post-thumbnail","6":"product_brand-liewood","7":"product_cat-babybadhandkle-med-hette","8":"product_cat-handkle-med-hette","9":"product_cat-liewood","10":"product_cat-startside","12":"first","13":"outofstock","14":"taxable","15":"shipping-taxable","16":"purchasable","17":"product-type-simple"},"acf":[],"yoast_head":"<!-- This site is optimized with the Yoast SEO Premium plugin v25.8 (Yoast SEO v27.2) - https:\/\/yoast.com\/product\/yoast-seo-premium-wordpress\/ -->\n<title>Liewood stickad filt, Willie rabbit dumbo grey<\/title>\n<meta name=\"description\" content=\"En fantastiskt fin och vacker filt fr\u00e5n det danska f\u00f6retaget Liewood. Denna mjuka och mysiga filt kommer bli ditt barns nya favorit.\" \/>\n<meta name=\"robots\" content=\"noindex, follow, max-snippet:-1, max-image-preview:large, max-video-preview:-1\" \/>\n<meta property=\"og:locale\" content=\"nb_NO\" \/>\n<meta property=\"og:type\" content=\"article\" \/>\n<meta property=\"og:title\" content=\"Liewood strikket pledd, Willie rabbit dumbo grey\" \/>\n<meta property=\"og:description\" content=\"En fantastiskt fin och vacker filt fr\u00e5n det danska f\u00f6retaget Liewood. Denna mjuka och mysiga filt kommer bli ditt barns nya favorit.\" \/>\n<meta property=\"og:url\" content=\"https:\/\/babylove.se\/no\/produkt\/liewood-strikket-teppe-willie-rabbit-dumbo-grey\/\" \/>\n<meta property=\"og:site_name\" content=\"Babylove Norska\" \/>\n<meta property=\"article:modified_time\" content=\"2026-04-08T07:18:34+00:00\" \/>\n<meta property=\"og:image\" content=\"https:\/\/babylove.se\/no\/wp-content\/uploads\/sites\/3\/2025\/07\/5a5368932adc2.jpeg\" \/>\n\t<meta property=\"og:image:width\" content=\"750\" \/>\n\t<meta property=\"og:image:height\" content=\"750\" \/>\n\t<meta property=\"og:image:type\" content=\"image\/jpeg\" \/>\n<meta name=\"twitter:card\" content=\"summary_large_image\" \/>\n<meta name=\"twitter:label1\" content=\"Price\" \/>\n\t<meta name=\"twitter:data1\" content=\"699,00&nbsp;&#107;&#114;\" \/>\n\t<meta name=\"twitter:label2\" content=\"Availability\" \/>\n\t<meta name=\"twitter:data2\" content=\"Out of stock\" \/>\n<script type=\"application\/ld+json\" class=\"yoast-schema-graph\">{\"@context\":\"https:\/\/schema.org\",\"@graph\":[{\"@type\":\"WebPage\",\"@id\":\"https:\/\/babylove.se\/no\/produkt\/liewood-strikket-teppe-willie-rabbit-dumbo-grey\/\",\"url\":\"https:\/\/babylove.se\/no\/produkt\/liewood-strikket-teppe-willie-rabbit-dumbo-grey\/\",\"name\":\"Liewood stickad filt, Willie rabbit dumbo grey\",\"isPartOf\":{\"@id\":\"https:\/\/babylove.se\/no\/#website\"},\"primaryImageOfPage\":{\"@id\":\"https:\/\/babylove.se\/no\/produkt\/liewood-strikket-teppe-willie-rabbit-dumbo-grey\/#primaryimage\"},\"image\":{\"@id\":\"https:\/\/babylove.se\/no\/produkt\/liewood-strikket-teppe-willie-rabbit-dumbo-grey\/#primaryimage\"},\"thumbnailUrl\":\"https:\/\/babylove.se\/no\/wp-content\/uploads\/sites\/3\/2025\/07\/5a5368932adc2.jpeg\",\"datePublished\":\"2025-07-18T19:29:44+00:00\",\"dateModified\":\"2026-04-08T07:18:34+00:00\",\"description\":\"En fantastiskt fin och vacker filt fr\u00e5n det danska f\u00f6retaget Liewood. Denna mjuka och mysiga filt kommer bli ditt barns nya favorit.\",\"breadcrumb\":{\"@id\":\"https:\/\/babylove.se\/no\/produkt\/liewood-strikket-teppe-willie-rabbit-dumbo-grey\/#breadcrumb\"},\"inLanguage\":\"nb-NO\",\"potentialAction\":[{\"@type\":\"ReadAction\",\"target\":[\"https:\/\/babylove.se\/no\/produkt\/liewood-strikket-teppe-willie-rabbit-dumbo-grey\/\"]}]},{\"@type\":\"ImageObject\",\"inLanguage\":\"nb-NO\",\"@id\":\"https:\/\/babylove.se\/no\/produkt\/liewood-strikket-teppe-willie-rabbit-dumbo-grey\/#primaryimage\",\"url\":\"https:\/\/babylove.se\/no\/wp-content\/uploads\/sites\/3\/2025\/07\/5a5368932adc2.jpeg\",\"contentUrl\":\"https:\/\/babylove.se\/no\/wp-content\/uploads\/sites\/3\/2025\/07\/5a5368932adc2.jpeg\",\"width\":750,\"height\":750},{\"@type\":\"BreadcrumbList\",\"@id\":\"https:\/\/babylove.se\/no\/produkt\/liewood-strikket-teppe-willie-rabbit-dumbo-grey\/#breadcrumb\",\"itemListElement\":[{\"@type\":\"ListItem\",\"position\":1,\"name\":\"Hem\",\"item\":\"https:\/\/babylove.se\/no\/\"},{\"@type\":\"ListItem\",\"position\":2,\"name\":\"Butik\",\"item\":\"https:\/\/babylove.se\/no\/butik\/\"},{\"@type\":\"ListItem\",\"position\":3,\"name\":\"Liewood strikket pledd, Willie rabbit dumbo grey\"}]},{\"@type\":\"WebSite\",\"@id\":\"https:\/\/babylove.se\/no\/#website\",\"url\":\"https:\/\/babylove.se\/no\/\",\"name\":\"Babylove Norska\",\"description\":\"\",\"potentialAction\":[{\"@type\":\"SearchAction\",\"target\":{\"@type\":\"EntryPoint\",\"urlTemplate\":\"https:\/\/babylove.se\/no\/?s={search_term_string}\"},\"query-input\":{\"@type\":\"PropertyValueSpecification\",\"valueRequired\":true,\"valueName\":\"search_term_string\"}}],\"inLanguage\":\"nb-NO\"}]}<\/script>\n<meta property=\"product:brand\" content=\"Liewood\" \/>\n<meta property=\"product:price:amount\" content=\"699.00\" \/>\n<meta property=\"product:price:currency\" content=\"SEK\" \/>\n<meta property=\"og:availability\" content=\"out of stock\" \/>\n<meta property=\"product:availability\" content=\"out of stock\" \/>\n<meta property=\"product:retailer_item_id\" content=\"1678\" \/>\n<meta property=\"product:condition\" content=\"new\" \/>\n<!-- \/ Yoast SEO Premium plugin. -->","yoast_head_json":{"title":"Liewood stickad filt, Willie rabbit dumbo grey","description":"En fantastiskt fin och vacker filt fr\u00e5n det danska f\u00f6retaget Liewood. Denna mjuka och mysiga filt kommer bli ditt barns nya favorit.","robots":{"index":"noindex","follow":"follow","max-snippet":"max-snippet:-1","max-image-preview":"max-image-preview:large","max-video-preview":"max-video-preview:-1"},"og_locale":"nb_NO","og_type":"article","og_title":"Liewood strikket pledd, Willie rabbit dumbo grey","og_description":"En fantastiskt fin och vacker filt fr\u00e5n det danska f\u00f6retaget Liewood. Denna mjuka och mysiga filt kommer bli ditt barns nya favorit.","og_url":"https:\/\/babylove.se\/no\/produkt\/liewood-strikket-teppe-willie-rabbit-dumbo-grey\/","og_site_name":"Babylove Norska","article_modified_time":"2026-04-08T07:18:34+00:00","og_image":[{"width":750,"height":750,"url":"https:\/\/babylove.se\/no\/wp-content\/uploads\/sites\/3\/2025\/07\/5a5368932adc2.jpeg","type":"image\/jpeg"}],"twitter_card":"summary_large_image","twitter_misc":{"Price":"699,00&nbsp;&#107;&#114;","Availability":"Out of stock"},"schema":{"@context":"https:\/\/schema.org","@graph":[{"@type":"WebPage","@id":"https:\/\/babylove.se\/no\/produkt\/liewood-strikket-teppe-willie-rabbit-dumbo-grey\/","url":"https:\/\/babylove.se\/no\/produkt\/liewood-strikket-teppe-willie-rabbit-dumbo-grey\/","name":"Liewood stickad filt, Willie rabbit dumbo grey","isPartOf":{"@id":"https:\/\/babylove.se\/no\/#website"},"primaryImageOfPage":{"@id":"https:\/\/babylove.se\/no\/produkt\/liewood-strikket-teppe-willie-rabbit-dumbo-grey\/#primaryimage"},"image":{"@id":"https:\/\/babylove.se\/no\/produkt\/liewood-strikket-teppe-willie-rabbit-dumbo-grey\/#primaryimage"},"thumbnailUrl":"https:\/\/babylove.se\/no\/wp-content\/uploads\/sites\/3\/2025\/07\/5a5368932adc2.jpeg","datePublished":"2025-07-18T19:29:44+00:00","dateModified":"2026-04-08T07:18:34+00:00","description":"En fantastiskt fin och vacker filt fr\u00e5n det danska f\u00f6retaget Liewood. Denna mjuka och mysiga filt kommer bli ditt barns nya favorit.","breadcrumb":{"@id":"https:\/\/babylove.se\/no\/produkt\/liewood-strikket-teppe-willie-rabbit-dumbo-grey\/#breadcrumb"},"inLanguage":"nb-NO","potentialAction":[{"@type":"ReadAction","target":["https:\/\/babylove.se\/no\/produkt\/liewood-strikket-teppe-willie-rabbit-dumbo-grey\/"]}]},{"@type":"ImageObject","inLanguage":"nb-NO","@id":"https:\/\/babylove.se\/no\/produkt\/liewood-strikket-teppe-willie-rabbit-dumbo-grey\/#primaryimage","url":"https:\/\/babylove.se\/no\/wp-content\/uploads\/sites\/3\/2025\/07\/5a5368932adc2.jpeg","contentUrl":"https:\/\/babylove.se\/no\/wp-content\/uploads\/sites\/3\/2025\/07\/5a5368932adc2.jpeg","width":750,"height":750},{"@type":"BreadcrumbList","@id":"https:\/\/babylove.se\/no\/produkt\/liewood-strikket-teppe-willie-rabbit-dumbo-grey\/#breadcrumb","itemListElement":[{"@type":"ListItem","position":1,"name":"Hem","item":"https:\/\/babylove.se\/no\/"},{"@type":"ListItem","position":2,"name":"Butik","item":"https:\/\/babylove.se\/no\/butik\/"},{"@type":"ListItem","position":3,"name":"Liewood strikket pledd, Willie rabbit dumbo grey"}]},{"@type":"WebSite","@id":"https:\/\/babylove.se\/no\/#website","url":"https:\/\/babylove.se\/no\/","name":"Babylove Norska","description":"","potentialAction":[{"@type":"SearchAction","target":{"@type":"EntryPoint","urlTemplate":"https:\/\/babylove.se\/no\/?s={search_term_string}"},"query-input":{"@type":"PropertyValueSpecification","valueRequired":true,"valueName":"search_term_string"}}],"inLanguage":"nb-NO"}]},"product_brand":"Liewood","product_price_amount":"699.00","product_price_currency":"SEK","og_availability":"out of stock","product_availability":"out of stock","product_retailer_item_id":"1678","product_condition":"new"},"_links":{"self":[{"href":"https:\/\/babylove.se\/no\/wp-json\/wp\/v2\/product\/5489","targetHints":{"allow":["GET"]}}],"collection":[{"href":"https:\/\/babylove.se\/no\/wp-json\/wp\/v2\/product"}],"about":[{"href":"https:\/\/babylove.se\/no\/wp-json\/wp\/v2\/types\/product"}],"replies":[{"embeddable":true,"href":"https:\/\/babylove.se\/no\/wp-json\/wp\/v2\/comments?post=5489"}],"wp:featuredmedia":[{"embeddable":true,"href":"https:\/\/babylove.se\/no\/wp-json\/wp\/v2\/media\/5491"}],"wp:attachment":[{"href":"https:\/\/babylove.se\/no\/wp-json\/wp\/v2\/media?parent=5489"}],"wp:term":[{"taxonomy":"product_brand","embeddable":true,"href":"https:\/\/babylove.se\/no\/wp-json\/wp\/v2\/product_brand?post=5489"},{"taxonomy":"product_cat","embeddable":true,"href":"https:\/\/babylove.se\/no\/wp-json\/wp\/v2\/product_cat?post=5489"},{"taxonomy":"product_tag","embeddable":true,"href":"https:\/\/babylove.se\/no\/wp-json\/wp\/v2\/product_tag?post=5489"}],"curies":[{"name":"wp","href":"https:\/\/api.w.org\/{rel}","templated":true}]}}